{"id":11783,"date":"2025-09-28T09:30:05","date_gmt":"2025-09-28T07:30:05","guid":{"rendered":"http:\/\/astehshop.com\/?post_type=product&#038;p=11783"},"modified":"2025-09-28T09:30:07","modified_gmt":"2025-09-28T07:30:07","slug":"5mp-ip-camera-ipo-5sp-thermal-sh-termalna-kamera","status":"publish","type":"product","link":"http:\/\/astehshop.com\/index.php\/product\/5mp-ip-camera-ipo-5sp-thermal-sh-termalna-kamera\/","title":{"rendered":"5Mp IP camera IPO-5SP Thermal SH &#8211; termalna kamera"},"content":{"rendered":"<p>IPO-5SP Thermal SH je mo\u0107na vanjska kamera koja kombinira opti\u010dko snimanje visoke rezolucije s naprednom termalnom tehnologijom, pru\u017eaju\u0107i izuzetnu sigurnost 24\/7. Ova kamera ima opti\u010dki modul od 5 megapiksela sa 1\/2,8&#8243; CMOS senzorom sa progresivnim skeniranjem, koji pru\u017ea o\u0161tre, detaljne slike u Super HD formatu slike, \u0161to omogu\u0107ava prepoznavanje malih predmeta i nov\u010danica. Ure\u0111aj ima \u0161irok ugao gledanja, \u0161to olak\u0161ava pra\u0107enje velikog podru\u010dja. Kamera je opremljena infracrvenim osvjetljenjem za pra\u0107enje na udaljenosti do 30 metara no\u0107u. Me\u0111utim, prava snaga kamere le\u017ei u njenim mogu\u0107nostima termalnog snimanja. Sa termalnim modulom visoke rezolucije (256&#215;192), kamera mo\u017ee detektovati toplotne potpise kroz dim, maglu i potpuni mrak, osiguravaju\u0107i da nikada ne propustite kriti\u010dan doga\u0111aj. Ova kamera ide dalje od jednostavnog snimanja slike. Mo\u0107ni algoritmi dubokog u\u010denja omogu\u0107avaju niz inteligentnih funkcija, uklju\u010duju\u0107i detekciju upada u perimetar, detekciju prelaska linije, detekciju po\u017eara i alarme za izuzetke temperature.<\/p>\n<p>Napredne funkcije za pobolj\u0161anu sigurnost koje izdvajaju kameru:<\/p>\n<p>Alarm za izuzetak temperature: Prati potencijalne opasnosti od po\u017eara sa detekcijom temperaturnog raspona od -15\u00b0C do 150\u00b0C, sa ta\u010dno\u0161\u0107u od \u00b18\u00b0C.<br \/>\nBi-Spectrum Image Fusion: Preklapanje termalnih podataka na vrh vidljive slike za sveobuhvatan prikaz koji kombinira toplinske potpise sa stvarnim detaljima.<\/p>\n<p>Mo\u0107an no\u0107ni vid: Ugra\u0111eni IR iluminator pru\u017ea no\u0107ni vid do 30 metara, osiguravaju\u0107i jasnu sliku \u010dak i u uvjetima slabog osvjetljenja.<\/p>\n<p>Kamera je smje\u0161tena u robusno, vodootporno (IP66 za\u0161tita) metalno ku\u0107i\u0161te, \u0161to je \u010dini idealnom za unutarnju i vanjsku instalaciju. Tako\u0111er se lako instalira i konfigurira, zahvaljuju\u0107i podr\u0161ci za PoE (Power over Ethernet) za napajanje i podatkovnu vezu jednim kabelom. Ako tra\u017eite sveobuhvatno sigurnosno rje\u0161enje koje pru\u017ea izuzetne performanse u svim uvjetima osvjetljenja, IPO-5SP termalna SH sigurnosna kamera je odli\u010dan izbor.<br \/>\nGlavne karakteristike<br \/>\nSenzor slike:<br \/>\n1\/2.8&#8243; Progressive Scan CMOS<br \/>\nRezolucija:<br \/>\n5Mp (Super HD). Vrlo visok kvalitet slike, sitni predmeti i nov\u010danice su jasno prepoznatljivi<br \/>\nObjektiv:<br \/>\nFiksni fokus, f=3.6 mm. \u0160iroki ugao gledanja<br \/>\nNo\u0107ni vid:<br \/>\nDo 30 metara<br \/>\nDimenzije:<br \/>\n91x86x169 mm<br \/>\nTe\u017eina:<br \/>\n1500 g<br \/>\nNapajanje:<br \/>\nPOE (prijenos video signala i napajanja jednim kablom) ili DC 12V, 1.0A<br \/>\nMaterijal ku\u0107i\u0161ta:<br \/>\nMetal<br \/>\nZa\u0161tita ku\u0107i\u0161ta:<br \/>\nIP66. Potpuna za\u0161tita od pra\u0161ine i vlage. Za vanjsku ili industrijsku upotrebu<br \/>\nRadna temperatura:<br \/>\n-30 &#8211; 60 \u00b0C<br \/>\nDodatne prednosti:<br \/>\n\u2014 Visokoosjetljivi termalni modul rezolucije 256 \u00d7 192 \u2014 Visokokvalitetni opti\u010dki modul rezolucije 5 MP \u2014 Sna\u017ene funkcije analize pona\u0161anja, zasnovane na algoritmu dubokog u\u010denja: Detekcija upada u perimetar, Detekcija prelaska linije, Detekcija po\u017eara, Alarm za izuzetak temperature \u2014 Alarm za izuzetak temperature za sprje\u010davanje po\u017eara, -15\u00b0C do 150\u00b0C, \u00b1 8\u00b0C \u2014 IR domet do 30m \u2014 Podr\u0161ka za Bi-Spectrum Image Fusion \u2014 IP66 ocjena \u2014 3 godine garancije<\/p>\n","protected":false},"excerpt":{"rendered":"<p>IPO-5SP Thermal SH je mo\u0107na vanjska kamera koja kombinira opti\u010dko snimanje visoke rezolucije s naprednom termalnom tehnologijom, pru\u017eaju\u0107i izuzetnu sigurnost 24\/7. Ova kamera ima opti\u010dki modul od 5 megapiksela sa 1\/2,8&#8243; CMOS senzorom sa progresivnim skeniranjem, koji pru\u017ea o\u0161tre, detaljne slike u Super HD formatu slike, \u0161to omogu\u0107ava prepoznavanje malih predmeta i nov\u010danica. Ure\u0111aj ima \u0161irok ugao gledanja, \u0161to olak\u0161ava pra\u0107enje velikog podru\u010dja. Kamera je opremljena infracrvenim osvjetljenjem za pra\u0107enje na udaljenosti do 30 metara no\u0107u. Me\u0111utim, prava snaga kamere le\u017ei u njenim mogu\u0107nostima termalnog snimanja. Sa termalnim modulom visoke rezolucije (256&#215;192), kamera mo\u017ee detektovati toplotne potpise kroz dim, maglu i potpuni mrak, osiguravaju\u0107i da nikada ne propustite kriti\u010dan doga\u0111aj. Ova kamera ide dalje od jednostavnog snimanja slike. Mo\u0107ni algoritmi dubokog u\u010denja omogu\u0107avaju niz inteligentnih funkcija, uklju\u010duju\u0107i detekciju upada u perimetar, detekciju prelaska linije, detekciju po\u017eara i alarme za izuzetke temperature.<\/p>\n<p>Napredne funkcije za pobolj\u0161anu sigurnost koje izdvajaju kameru:<\/p>\n<p>Alarm za izuzetak temperature: Prati potencijalne opasnosti od po\u017eara sa detekcijom temperaturnog raspona od -15\u00b0C do 150\u00b0C, sa ta\u010dno\u0161\u0107u od \u00b18\u00b0C.<br \/>\nBi-Spectrum Image Fusion: Preklapanje termalnih podataka na vrh vidljive slike za sveobuhvatan prikaz koji kombinira toplinske potpise sa stvarnim detaljima.<\/p>\n<p>Mo\u0107an no\u0107ni vid: Ugra\u0111eni IR iluminator pru\u017ea no\u0107ni vid do 30 metara, osiguravaju\u0107i jasnu sliku \u010dak i u uvjetima slabog osvjetljenja.<\/p>\n<p>Kamera je smje\u0161tena u robusno, vodootporno (IP66 za\u0161tita) metalno ku\u0107i\u0161te, \u0161to je \u010dini idealnom za unutarnju i vanjsku instalaciju. Tako\u0111er se lako instalira i konfigurira, zahvaljuju\u0107i podr\u0161ci za PoE (Power over Ethernet) za napajanje i podatkovnu vezu jednim kabelom. Ako tra\u017eite sveobuhvatno sigurnosno rje\u0161enje koje pru\u017ea izuzetne performanse u svim uvjetima osvjetljenja, IPO-5SP termalna SH sigurnosna kamera je odli\u010dan izbor.<br \/>\nGlavne karakteristike<br \/>\nSenzor slike:<br \/>\n1\/2.8&#8243; Progressive Scan CMOS<br \/>\nRezolucija:<br \/>\n5Mp (Super HD). Vrlo visok kvalitet slike, sitni predmeti i nov\u010danice su jasno prepoznatljivi<br \/>\nObjektiv:<br \/>\nFiksni fokus, f=3.6 mm. \u0160iroki ugao gledanja<br \/>\nNo\u0107ni vid:<br \/>\nDo 30 metara<br \/>\nDimenzije:<br \/>\n91x86x169 mm<br \/>\nTe\u017eina:<br \/>\n1500 g<br \/>\nNapajanje:<br \/>\nPOE (prijenos video signala i napajanja jednim kablom) ili DC 12V, 1.0A<br \/>\nMaterijal ku\u0107i\u0161ta:<br \/>\nMetal<br \/>\nZa\u0161tita ku\u0107i\u0161ta:<br \/>\nIP66. Potpuna za\u0161tita od pra\u0161ine i vlage. Za vanjsku ili industrijsku upotrebu<br \/>\nRadna temperatura:<br \/>\n-30 &#8211; 60 \u00b0C<br \/>\nDodatne prednosti:<br \/>\n\u2014 Visokoosjetljivi termalni modul rezolucije 256 \u00d7 192 \u2014 Visokokvalitetni opti\u010dki modul rezolucije 5 MP \u2014 Sna\u017ene funkcije analize pona\u0161anja, zasnovane na algoritmu dubokog u\u010denja: Detekcija upada u perimetar, Detekcija prelaska linije, Detekcija po\u017eara, Alarm za izuzetak temperature \u2014 Alarm za izuzetak temperature za sprje\u010davanje po\u017eara, -15\u00b0C do 150\u00b0C, \u00b1 8\u00b0C \u2014 IR domet do 30m \u2014 Podr\u0161ka za Bi-Spectrum Image Fusion \u2014 IP66 ocjena \u2014 3 godine garancije<\/p>\n","protected":false},"featured_media":11784,"comment_status":"open","ping_status":"closed","template":"","meta":{"_mi_skip_tracking":false,"_exactmetrics_sitenote_active":false,"_exactmetrics_sitenote_note":"","_exactmetrics_sitenote_category":0,"spay_email":""},"product_cat":[1043],"product_tag":[8384,1549,8383,471,2568,2197,8385,7214,461,462,4028],"brands":[{"id":5157,"name":"Myers","slug":"myers"}],"df_price":"","df_sale_price":"","df_regular_price":"","df_image_link":"https:\/\/i2.wp.com\/astehshop.com\/wp-content\/uploads\/2025\/09\/bullet-termalna-kamera-5-mpx.png?fit=450%2C377","jetpack_publicize_connections":[],"jetpack_sharing_enabled":true,"jetpack_likes_enabled":true,"jetpack-related-posts":[{"id":11781,"url":"http:\/\/astehshop.com\/index.php\/product\/5mp-ip-camera-ipd-5sp-ir-thermal-sh\/","url_meta":{"origin":11783,"position":0},"title":"5Mp IP camera IPD-5SP-IR Thermal SH","date":"28. rujna 2025.","format":false,"excerpt":"IPD-5SP-IR Thermal SH je mo\u0107na kupolasta kamera koja kombinuje opti\u010dko snimanje visoke rezolucije sa naprednom termalnom tehnologijom, pru\u017eaju\u0107i izuzetnu sigurnost 24\/7. Ova kamera ima opti\u010dki modul od 5 megapiksela sa 1\/2,8-in\u010dnim CMOS senzorom sa progresivnim skeniranjem, koji pru\u017ea o\u0161tre, detaljne slike u Super HD formatu slike, \u0161to omogu\u0107ava prepoznavanje malih\u2026","rel":"","context":"Srodne objave","img":{"alt_text":"","src":"https:\/\/i1.wp.com\/astehshop.com\/wp-content\/uploads\/2025\/09\/5Mp-IP-camera-IPD-5SP-IR-Thermal-SH.png?fit=980%2C800&resize=350%2C200","width":350,"height":200},"classes":[]},{"id":7120,"url":"http:\/\/astehshop.com\/index.php\/product\/partizan-security-8-mpx-ip-kamera-ipo-5sp-4k-sh-2-0\/","url_meta":{"origin":11783,"position":1},"title":"Partizan Security 8 MPX IP kamera IPO-5SP 4K SH 2.0","date":"27. prosinca 2022.","format":false,"excerpt":"Ovo je pobolj\u0161ana verzija kamere sa 1\/2,8\u2033 CMOS matricom i rezolucijom od 8,0 megapiksela (4K). Takvo a\u017euriranje vam omogu\u0107ava da pru\u017eite kvalitativni pregled podru\u010dja s visokim detaljima malih predmeta, pa \u010dak i nov\u010danica. Ure\u0111aj ima \u0161irok ugao gledanja. Kamera je opremljena infracrvenim osvjetljenjem za pra\u0107enje na udaljenosti do 30 metara\u2026","rel":"","context":"Srodne objave","img":{"alt_text":"","src":"https:\/\/i1.wp.com\/astehshop.com\/wp-content\/uploads\/2022\/12\/IPO-5SP-4K-2.0.jpg?fit=1174%2C1200&resize=350%2C200","width":350,"height":200},"classes":[]},{"id":12377,"url":"http:\/\/astehshop.com\/index.php\/product\/ipo-5sp-fada-cloud-myers\/","url_meta":{"origin":11783,"position":2},"title":"IPO-5SP FADA Cloud Myers","date":"6. o\u017eujka 2026.","format":false,"excerpt":"Novi model je opremljen 1\/2,8\" CMOS matricom rezolucije od 5,0 megapiksela. Ova vanjska kamera generira pobolj\u0161ani Super HD format slike, koji omogu\u0107ava prepoznavanje malih predmeta i nov\u010danica. Ure\u0111aj ima \u0161irok ugao gledanja. Ovaj ure\u0111aj je opremljen revolucionarnom hibridnom IR bijelom LED diodom i sposoban je pru\u017eiti zapanjuju\u0107u i jasnu sliku\u2026","rel":"","context":"Srodne objave","img":{"alt_text":"","src":"https:\/\/i1.wp.com\/astehshop.com\/wp-content\/uploads\/2026\/03\/IPO-5SP-FADA-Cloud.jpg?fit=1000%2C1000&resize=350%2C200","width":350,"height":200},"classes":[]},{"id":12184,"url":"http:\/\/astehshop.com\/index.php\/product\/ptz-tiandy-vanjska-wifi-ip-camera-tc-h333n-color-maker\/","url_meta":{"origin":11783,"position":3},"title":"PTZ Tiandy Vanjska WIFI IP CAMERA TC-H333N Color Maker","date":"19. sije\u010dnja 2026.","format":false,"excerpt":"Kamera serije Color Maker omogu\u0107ava dobijanje jasne, \u0161arene slike \u010dak i u uslovima vrlo lo\u0161eg osvjetljenja. Kada je Color Maker aktivan, bijelo svjetlo \u0107e se automatski uklju\u010diti samo kada se detektuje objekat u posmatranom podru\u010dju, \u0161to efikasno pobolj\u0161ava kvalitet slike. Ugra\u0111eni infracrveni iluminator omogu\u0107ava no\u0107no pra\u0107enje. Domet IR osvjetljenja, prema\u2026","rel":"","context":"Srodne objave","img":{"alt_text":"","src":"https:\/\/i2.wp.com\/astehshop.com\/wp-content\/uploads\/2026\/01\/TC-H333N-3.jpg?fit=338%2C450&resize=350%2C200","width":350,"height":200},"classes":[]},{"id":7127,"url":"http:\/\/astehshop.com\/index.php\/product\/partizan-security-ip-kamera-5-mpx-ipo-5sp-full-colour-1-1-cloud\/","url_meta":{"origin":11783,"position":4},"title":"Partizan Security IP kamera 5 MPX IPO-5SP Full Colour 1.1 Cloud","date":"27. prosinca 2022.","format":false,"excerpt":"Model je opremljen 1\/2.8\u2033 CMOS matricom sa rezolucijom od 5.0 megapiksela. Ova vanjska kamera generi\u0161e pobolj\u0161ani Super HD format slike, koji omogu\u0107ava prepoznavanje malih predmeta i nov\u010danica. Ure\u0111aj ima \u0161irok ugao gledanja. Ovaj ure\u0111aj je opremljen revolucionarnim hibridnim IR + bijelim LED diodama i sposoban je pru\u017eiti zadivljuju\u0107u i jasnu\u2026","rel":"","context":"Srodne objave","img":{"alt_text":"","src":"https:\/\/i0.wp.com\/astehshop.com\/wp-content\/uploads\/2022\/12\/IPO-5SP-Full-Colour-Cloud.jpg?fit=1155%2C1200&resize=350%2C200","width":350,"height":200},"classes":[]},{"id":9968,"url":"http:\/\/astehshop.com\/index.php\/product\/ipc-k7fp-5h0we-wifi-roto-kamera-imou\/","url_meta":{"origin":11783,"position":5},"title":"IPC-K7FP-5H0WE WIFI roto kamera IMOU","date":"16. o\u017eujka 2025.","format":false,"excerpt":"IMOU Cruiser SC 5MP IPC-K7FP-5H0WE-EU je napredna IP kamera dizajnirana za sigurnosni nadzor unutra\u0161njih i vanjskih prostora. Sa rezolucijom od 5MP (2880x1620) i 3.6mm fiksnim objektivom, omogu\u0107ava visoku jasno\u0107u slike i \u0161iroki ugao gledanja.Kamera je opremljena inteligentnim funkcijama kao \u0161to su detekcija ljudi, pametan no\u0107ni vid u \u010detiri moda, AI\u2026","rel":"","context":"Srodne objave","img":{"alt_text":"","src":"https:\/\/i0.wp.com\/astehshop.com\/wp-content\/uploads\/2025\/03\/IPC-K7FP-5H0WE-WIFI-roto-kamera-IMOU-1.jpg?fit=1200%2C1200&resize=350%2C200","width":350,"height":200},"classes":[]}],"_links":{"self":[{"href":"http:\/\/astehshop.com\/index.php\/wp-json\/wp\/v2\/product\/11783"}],"collection":[{"href":"http:\/\/astehshop.com\/index.php\/wp-json\/wp\/v2\/product"}],"about":[{"href":"http:\/\/astehshop.com\/index.php\/wp-json\/wp\/v2\/types\/product"}],"replies":[{"embeddable":true,"href":"http:\/\/astehshop.com\/index.php\/wp-json\/wp\/v2\/comments?post=11783"}],"wp:featuredmedia":[{"embeddable":true,"href":"http:\/\/astehshop.com\/index.php\/wp-json\/wp\/v2\/media\/11784"}],"wp:attachment":[{"href":"http:\/\/astehshop.com\/index.php\/wp-json\/wp\/v2\/media?parent=11783"}],"wp:term":[{"taxonomy":"product_cat","embeddable":true,"href":"http:\/\/astehshop.com\/index.php\/wp-json\/wp\/v2\/product_cat?post=11783"},{"taxonomy":"product_tag","embeddable":true,"href":"http:\/\/astehshop.com\/index.php\/wp-json\/wp\/v2\/product_tag?post=11783"}],"curies":[{"name":"wp","href":"https:\/\/api.w.org\/{rel}","templated":true}]}}