{"id":11768,"date":"2025-09-28T08:52:16","date_gmt":"2025-09-28T06:52:16","guid":{"rendered":"http:\/\/astehshop.com\/?post_type=product&#038;p=11768"},"modified":"2026-01-14T17:57:08","modified_gmt":"2026-01-14T16:57:08","slug":"kamin-elektricni-2000w-daljinski-upravljac","status":"publish","type":"product","link":"http:\/\/astehshop.com\/index.php\/product\/kamin-elektricni-2000w-daljinski-upravljac\/","title":{"rendered":"Kamin, elektri\u010dni, 2000W, daljinski upravlja\u010d"},"content":{"rendered":"","protected":false},"excerpt":{"rendered":"<p>Elekti\u010dni kamin (grijalica) sa ventilatorom, ugradbeni, snaga grija\u010da 1000W \/ 2000W, realan efekt sagorijevanja drveta, efekt plamena i grijanje se mo\u017ee koristiti odvojeno, ru\u010dno i upravljanje preko daljinskog upravlja\u010da, LED izvor svjetlosti, 5 brzina svjetlosnih efekata, tjedni program, detekcija otvorenog prozora, dimenzije 600 x 440 x 200 mm, ugradbene dimenzije 595 x 435 mm, napajanje 230 VAC \/ 50Hz<\/p>\n<p>https:\/\/www.youtube.com\/watch?v=OdVh2E3lg0g<\/p>\n<p>&nbsp;<\/p>\n","protected":false},"featured_media":11769,"comment_status":"open","ping_status":"closed","template":"","meta":{"_mi_skip_tracking":false,"_exactmetrics_sitenote_active":false,"_exactmetrics_sitenote_note":"","_exactmetrics_sitenote_category":0,"spay_email":""},"product_cat":[8325],"product_tag":[1865,268,8346,8351,8352,8353,4274,8345,5956,1855,8332,8348,8347,8349,8350],"brands":[],"df_price":399,"df_sale_price":"","df_regular_price":399,"df_image_link":"https:\/\/i2.wp.com\/astehshop.com\/wp-content\/uploads\/2025\/09\/fki03.jpg?fit=450%2C402","jetpack_publicize_connections":[],"jetpack_sharing_enabled":true,"jetpack_likes_enabled":true,"jetpack-related-posts":[{"id":11774,"url":"http:\/\/astehshop.com\/index.php\/product\/kamin-elektricni-2000w-fkk15\/","url_meta":{"origin":11768,"position":0},"title":"Kamin, elektri\u010dni, 2000W FKK15","date":"28. rujna 2025.","format":false,"excerpt":"Elektri\u010dni kamin ( grijalica ), samostoje\u0107a, podesiva snaga 1000W \/ 2000W, ugra\u0111en izvor svjetlost 10W, podesiva svjetlina, realan efekt plamena, termostat, za\u0161tita od pregrijavanja, du\u017eina napojnog kabela 1.6 met., nivo buke 50dB, napajanje 230VAC \/ 50Hz","rel":"","context":"Srodne objave","img":{"alt_text":"","src":"https:\/\/i1.wp.com\/astehshop.com\/wp-content\/uploads\/2025\/09\/elektricni-kamin-fkk15.png?fit=1200%2C1156&resize=350%2C200","width":350,"height":200},"classes":[]},{"id":11764,"url":"http:\/\/astehshop.com\/index.php\/product\/kamin-elektricni-2000w-led-svjetlost-wifi\/","url_meta":{"origin":11768,"position":1},"title":"Kamin, elektri\u010dni, 2000W, LED svjetlost, WiFi","date":"28. rujna 2025.","format":false,"excerpt":"Elektri\u010dni kamin je odli\u010dan izvor primarnog grijanja domova. Smanjuje pritisak po\u010detkom sezone grijanja, kada jo\u0161 nije toliko hladno i uz pomo\u0107 termostata odr\u017eat \u0107e Va\u0161 dom ugodno toplim. Elektri\u010dni kamin mo\u017eda nema \u0161arm tradicionalnog kamina, ali je puno zahvalniji za odr\u017eavanje i jednostavniji za upotrebu. Elektri\u010dni kamin se mo\u017ee postaviti\u2026","rel":"","context":"Srodne objave","img":{"alt_text":"","src":"https:\/\/i1.wp.com\/astehshop.com\/wp-content\/uploads\/2025\/09\/Kamin-elektricni-2000W-LED-svjetlost-WiFi.jpg?fit=1200%2C1071&resize=350%2C200","width":350,"height":200},"classes":[]},{"id":11766,"url":"http:\/\/astehshop.com\/index.php\/product\/kamin-elektricni-2000w-led-svjetlo-daljinski-upravljac\/","url_meta":{"origin":11768,"position":2},"title":"Kamin, elektri\u010dni, 2000W, LED svjetlo, daljinski upravlja\u010d","date":"28. rujna 2025.","format":false,"excerpt":"Elektri\u010dni kamin je odli\u010dan izvor primarnog grijanja domova. Smanjuje pritisak po\u010detkom sezone grijanja, kada jo\u0161 nije toliko hladno i uz pomo\u0107 termostata odr\u017eat \u0107e Va\u0161 dom ugodno toplim. Elektri\u010dni kamin mo\u017eda nema \u0161arm tradicionalnog kamina, ali je puno zahvalniji za odr\u017eavanje i jednostavniji za upotrebu. U usporedbi s tradicionalnim kaminima\u2026","rel":"","context":"Srodne objave","img":{"alt_text":"","src":"https:\/\/i1.wp.com\/astehshop.com\/wp-content\/uploads\/2025\/09\/kamin-fk10.png?fit=1200%2C1059&resize=350%2C200","width":350,"height":200},"classes":[]},{"id":6504,"url":"http:\/\/astehshop.com\/index.php\/product\/kamin-elektricni-2000w-led-svjetlo-daljinski-upravljac-fkk-10\/","url_meta":{"origin":11768,"position":3},"title":"Kamin, elektri\u010dni, 2000W, LED svjetlo, daljinski upravlja\u010d FKK 10","date":"12. studenoga 2022.","format":false,"excerpt":"Elektri\u010dni kamin je odli\u010dan izvor primarnog grijanja domova. Smanjuje pritisak po\u010detkom sezone grijanja, kada jo\u0161 nije toliko hladno i uz pomo\u0107 termostata odr\u017eat \u0107e Va\u0161 dom ugodno toplim. Elektri\u010dni kamin mo\u017eda nema \u0161arm tradicionalnog kamina, ali je puno zahvalniji za odr\u017eavanje i jednostavniji za upotrebu. U usporedbi s tradicionalnim kaminima\u2026","rel":"","context":"Srodne objave","img":{"alt_text":"","src":"https:\/\/i2.wp.com\/astehshop.com\/wp-content\/uploads\/2022\/11\/FKK-10.png?fit=1200%2C1138&resize=350%2C200","width":350,"height":200},"classes":[]},{"id":11762,"url":"http:\/\/astehshop.com\/index.php\/product\/kamin-elektricni-2000w-2\/","url_meta":{"origin":11768,"position":4},"title":"Kamin, elektri\u010dni, 2000W","date":"28. rujna 2025.","format":false,"excerpt":"U ovom elektri\u010dnom kaminu moderni dizajnerski trendovi skladno se isprepli\u0107u s jedinstvenim autorskim stilom. Zrcalna prednja plo\u010da trendovski je naglasak koji izgleda luksuzno u svakom interijeru, a zahvaljuju\u0107i ukrasnom gorivu - \"kamenju\" - posti\u017ee se maksimalna razina udobnosti. Dvije razine toplinske snage stvorit \u0107e za vas optimalnu klimu. Kamin je\u2026","rel":"","context":"Srodne objave","img":{"alt_text":"","src":"https:\/\/i2.wp.com\/astehshop.com\/wp-content\/uploads\/2025\/09\/Kamin-elektricni-2000W.png?fit=1200%2C1097&resize=350%2C200","width":350,"height":200},"classes":[]},{"id":11771,"url":"http:\/\/astehshop.com\/index.php\/product\/samostojeci-kamin-elektricni-2000-w\/","url_meta":{"origin":11768,"position":5},"title":"Samostoje\u0107i Kamin, elektri\u010dni, 2000 W","date":"28. rujna 2025.","format":false,"excerpt":"Panoramski samostoje\u0107i elektri\u010dni kamin ( grijalica ) sa \u0161irokim prozorima pru\u017ea savr\u0161en pogled na unutra\u0161njost koja tijekom hladnih no\u0107i mo\u017ee stvroti spektakl istinske intimne trenutke. Dodatna prednost je realisti\u010dan plamen koje stvara LED svjetlo. Podesiva snaga grija\u010da 1000 W \/ 2000 W, mehani\u010dki termostat, automatsko isklju\u010divanje u slu\u010daju pregrijavanja, napajanje\u2026","rel":"","context":"Srodne objave","img":{"alt_text":"","src":"https:\/\/i1.wp.com\/astehshop.com\/wp-content\/uploads\/2025\/09\/panoramski-elektricni-kamin.jpg?fit=1080%2C1200&resize=350%2C200","width":350,"height":200},"classes":[]}],"_links":{"self":[{"href":"http:\/\/astehshop.com\/index.php\/wp-json\/wp\/v2\/product\/11768"}],"collection":[{"href":"http:\/\/astehshop.com\/index.php\/wp-json\/wp\/v2\/product"}],"about":[{"href":"http:\/\/astehshop.com\/index.php\/wp-json\/wp\/v2\/types\/product"}],"replies":[{"embeddable":true,"href":"http:\/\/astehshop.com\/index.php\/wp-json\/wp\/v2\/comments?post=11768"}],"wp:featuredmedia":[{"embeddable":true,"href":"http:\/\/astehshop.com\/index.php\/wp-json\/wp\/v2\/media\/11769"}],"wp:attachment":[{"href":"http:\/\/astehshop.com\/index.php\/wp-json\/wp\/v2\/media?parent=11768"}],"wp:term":[{"taxonomy":"product_cat","embeddable":true,"href":"http:\/\/astehshop.com\/index.php\/wp-json\/wp\/v2\/product_cat?post=11768"},{"taxonomy":"product_tag","embeddable":true,"href":"http:\/\/astehshop.com\/index.php\/wp-json\/wp\/v2\/product_tag?post=11768"}],"curies":[{"name":"wp","href":"https:\/\/api.w.org\/{rel}","templated":true}]}}