{"id":11766,"date":"2025-09-28T08:49:23","date_gmt":"2025-09-28T06:49:23","guid":{"rendered":"http:\/\/astehshop.com\/?post_type=product&#038;p=11766"},"modified":"2026-01-14T18:00:48","modified_gmt":"2026-01-14T17:00:48","slug":"kamin-elektricni-2000w-led-svjetlo-daljinski-upravljac","status":"publish","type":"product","link":"http:\/\/astehshop.com\/index.php\/product\/kamin-elektricni-2000w-led-svjetlo-daljinski-upravljac\/","title":{"rendered":"Kamin, elektri\u010dni, 2000W, LED svjetlo, daljinski upravlja\u010d"},"content":{"rendered":"<p>Elektri\u010dni kamin je odli\u010dan izvor primarnog grijanja domova. Smanjuje pritisak po\u010detkom sezone grijanja, kada jo\u0161 nije toliko hladno i uz pomo\u0107 termostata odr\u017eat \u0107e Va\u0161 dom ugodno toplim.<br \/>\nElektri\u010dni kamin mo\u017eda nema \u0161arm tradicionalnog kamina, ali je puno zahvalniji za odr\u017eavanje i jednostavniji za upotrebu.<\/p>\n<p>U usporedbi s tradicionalnim kaminima na drva, karakteriziraju ih mnogobrojne prednosti: nestaje potreba za dimnjakom, \u010di\u0161\u0107enjem i odr\u017eavanjem lo\u017ei\u0161ta, lagano se premje\u0161taju, sadr\u017ee mogu\u0107nost efekt plamena u razli\u010ditim bojama, kao i mogu\u0107nost rukovanja na daljinu.<\/p>\n<p>Efekt plamena mo\u017eete koristiti i bez funkcije grijanja.<\/p>\n<p>Garantuje sigurnu upotrebu, jer se automatski isklju\u010duje u slu\u010daju pregrijavanja.<\/p>\n<p>Elektri\u010dni kamin ( grijalica ) FKK 10, kamin sa ventilatorom i daljinskim upravlja\u010dem, podesive snage 1000W \/ 2000W, podesivi temperaturni opseg 15 \u00b0C &#8211; 30 \u00b0C, izvor svjetlost LED \u017earulja 5W, 3 nivoa osvjetljenja ( visoko, srednji, nisko ), elektroni\u010dki termostat, mogu\u0107nost programiranja rada,<\/p>\n<p>Materijal izrade, iverica, staklo plastika, idealno za prostorije do 30 m\u00b2, razina buke 58 dB(A), samostoje\u0107i ili monta\u017ea na zid<\/p>\n<p>Napajanje 230 V~ \/ 50 Hz, du\u017eina napojnog kabela 1.8 met., napajanje daljiskog upravlja\u010da 2 x AAA baterije ( nisu uklju\u010dene u pakiranje )<\/p>\n<p>Dimenzije 1120 x 450 x 305 mm, te\u017eina 26.7 kg<\/p>\n<p>Ure\u0111aj nije prikladan za osvjetljavanje prostorije.<\/p>\n<p><iframe loading=\"lazy\"  id=\"_ytid_78748\"  width=\"480\" height=\"270\"  data-origwidth=\"480\" data-origheight=\"270\"  src=\"https:\/\/www.youtube.com\/embed\/HtdV8nT1Lgc?enablejsapi=1&#038;autoplay=0&#038;cc_load_policy=0&#038;cc_lang_pref=&#038;iv_load_policy=1&#038;loop=0&#038;modestbranding=0&#038;rel=1&#038;fs=1&#038;playsinline=0&#038;autohide=2&#038;theme=dark&#038;color=red&#038;controls=1&#038;\" class=\"__youtube_prefs__  epyt-is-override  no-lazyload\" title=\"YouTube player\"  allow=\"autoplay; encrypted-media\" allowfullscreen data-no-lazy=\"1\" data-skipgform_ajax_framebjll=\"\"><\/iframe><\/p>\n<p>&nbsp;<\/p>\n","protected":false},"excerpt":{"rendered":"<p>Elektri\u010dni kamin je odli\u010dan izvor primarnog grijanja domova. Smanjuje pritisak po\u010detkom sezone grijanja, kada jo\u0161 nije toliko hladno i uz pomo\u0107 termostata odr\u017eat \u0107e Va\u0161 dom ugodno toplim.<br \/>\nElektri\u010dni kamin mo\u017eda nema \u0161arm tradicionalnog kamina, ali je puno zahvalniji za odr\u017eavanje i jednostavniji za upotrebu.<\/p>\n<p>U usporedbi s tradicionalnim kaminima na drva, karakteriziraju ih mnogobrojne prednosti: nestaje potreba za dimnjakom, \u010di\u0161\u0107enjem i odr\u017eavanjem lo\u017ei\u0161ta, lagano se premje\u0161taju, sadr\u017ee mogu\u0107nost efekt plamena u razli\u010ditim bojama, kao i mogu\u0107nost rukovanja na daljinu.<\/p>\n<p>Efekt plamena mo\u017eete koristiti i bez funkcije grijanja.<\/p>\n<p>Garantuje sigurnu upotrebu, jer se automatski isklju\u010duje u slu\u010daju pregrijavanja.<\/p>\n<p>Elektri\u010dni kamin ( grijalica ) FKK 10, kamin sa ventilatorom i daljinskim upravlja\u010dem, podesive snage 1000W \/ 2000W, podesivi temperaturni opseg 15 \u00b0C &#8211; 30 \u00b0C, izvor svjetlost LED \u017earulja 5W, 3 nivoa osvjetljenja ( visoko, srednji, nisko ), elektroni\u010dki termostat, mogu\u0107nost programiranja rada,<\/p>\n<p>Materijal izrade, iverica, staklo plastika, idealno za prostorije do 30 m\u00b2, razina buke 58 dB(A), samostoje\u0107i ili monta\u017ea na zid<\/p>\n<p>Napajanje 230 V~ \/ 50 Hz, du\u017eina napojnog kabela 1.8 met., napajanje daljiskog upravlja\u010da 2 x AAA baterije ( nisu uklju\u010dene u pakiranje )<\/p>\n<p>Dimenzije 1120 x 450 x 305 mm, te\u017eina 26.7 kg<\/p>\n<p>Ure\u0111aj nije prikladan za osvjetljavanje prostorije.<\/p>\n","protected":false},"featured_media":11767,"comment_status":"open","ping_status":"closed","template":"","meta":{"_mi_skip_tracking":false,"_exactmetrics_sitenote_active":false,"_exactmetrics_sitenote_note":"","_exactmetrics_sitenote_category":0,"spay_email":""},"product_cat":[8325],"product_tag":[1865,268,8336,4274,1856,8342,1855,8332,8330,8331,8337,8344,8343,4275,8340,8338,8341],"brands":[],"df_price":999,"df_sale_price":"","df_regular_price":999,"df_image_link":"https:\/\/i1.wp.com\/astehshop.com\/wp-content\/uploads\/2025\/09\/kamin-fk10.png?fit=450%2C397","jetpack_publicize_connections":[],"jetpack_sharing_enabled":true,"jetpack_likes_enabled":true,"jetpack-related-posts":[{"id":11764,"url":"http:\/\/astehshop.com\/index.php\/product\/kamin-elektricni-2000w-led-svjetlost-wifi\/","url_meta":{"origin":11766,"position":0},"title":"Kamin, elektri\u010dni, 2000W, LED svjetlost, WiFi","date":"28. rujna 2025.","format":false,"excerpt":"Elektri\u010dni kamin je odli\u010dan izvor primarnog grijanja domova. Smanjuje pritisak po\u010detkom sezone grijanja, kada jo\u0161 nije toliko hladno i uz pomo\u0107 termostata odr\u017eat \u0107e Va\u0161 dom ugodno toplim. Elektri\u010dni kamin mo\u017eda nema \u0161arm tradicionalnog kamina, ali je puno zahvalniji za odr\u017eavanje i jednostavniji za upotrebu. Elektri\u010dni kamin se mo\u017ee postaviti\u2026","rel":"","context":"Srodne objave","img":{"alt_text":"","src":"https:\/\/i1.wp.com\/astehshop.com\/wp-content\/uploads\/2025\/09\/Kamin-elektricni-2000W-LED-svjetlost-WiFi.jpg?fit=1200%2C1071&resize=350%2C200","width":350,"height":200},"classes":[]},{"id":6502,"url":"http:\/\/astehshop.com\/index.php\/product\/kamin-elektricni-1200w-led-svjetlo-ventilator-fkk-07\/","url_meta":{"origin":11766,"position":1},"title":"Kamin, elektri\u010dni, 1200W, LED svjetlo, ventilator FKK 07","date":"12. studenoga 2022.","format":false,"excerpt":"Elektri\u010dni kamin je odli\u010dan izvor primarnog grijanja domova. Smanjuje pritisak po\u010detkom sezone grijanja, kada jo\u0161 nije toliko hladno i uz pomo\u0107 termostata odr\u017eat \u0107e Va\u0161 dom ugodno toplim. Elektri\u010dni kamin mo\u017eda nema \u0161arm tradicionalnog kamina, ali je puno zahvalniji za odr\u017eavanje i jednostavniji za upotrebu. U usporedbi s tradicionalnim kaminima\u2026","rel":"","context":"Srodne objave","img":{"alt_text":"","src":"https:\/\/i2.wp.com\/astehshop.com\/wp-content\/uploads\/2022\/11\/FKK-07.png?fit=1200%2C1158&resize=350%2C200","width":350,"height":200},"classes":[]},{"id":6504,"url":"http:\/\/astehshop.com\/index.php\/product\/kamin-elektricni-2000w-led-svjetlo-daljinski-upravljac-fkk-10\/","url_meta":{"origin":11766,"position":2},"title":"Kamin, elektri\u010dni, 2000W, LED svjetlo, daljinski upravlja\u010d FKK 10","date":"12. studenoga 2022.","format":false,"excerpt":"Elektri\u010dni kamin je odli\u010dan izvor primarnog grijanja domova. Smanjuje pritisak po\u010detkom sezone grijanja, kada jo\u0161 nije toliko hladno i uz pomo\u0107 termostata odr\u017eat \u0107e Va\u0161 dom ugodno toplim. Elektri\u010dni kamin mo\u017eda nema \u0161arm tradicionalnog kamina, ali je puno zahvalniji za odr\u017eavanje i jednostavniji za upotrebu. U usporedbi s tradicionalnim kaminima\u2026","rel":"","context":"Srodne objave","img":{"alt_text":"","src":"https:\/\/i2.wp.com\/astehshop.com\/wp-content\/uploads\/2022\/11\/FKK-10.png?fit=1200%2C1138&resize=350%2C200","width":350,"height":200},"classes":[]},{"id":11774,"url":"http:\/\/astehshop.com\/index.php\/product\/kamin-elektricni-2000w-fkk15\/","url_meta":{"origin":11766,"position":3},"title":"Kamin, elektri\u010dni, 2000W FKK15","date":"28. rujna 2025.","format":false,"excerpt":"Elektri\u010dni kamin ( grijalica ), samostoje\u0107a, podesiva snaga 1000W \/ 2000W, ugra\u0111en izvor svjetlost 10W, podesiva svjetlina, realan efekt plamena, termostat, za\u0161tita od pregrijavanja, du\u017eina napojnog kabela 1.6 met., nivo buke 50dB, napajanje 230VAC \/ 50Hz","rel":"","context":"Srodne objave","img":{"alt_text":"","src":"https:\/\/i1.wp.com\/astehshop.com\/wp-content\/uploads\/2025\/09\/elektricni-kamin-fkk15.png?fit=1200%2C1156&resize=350%2C200","width":350,"height":200},"classes":[]},{"id":11768,"url":"http:\/\/astehshop.com\/index.php\/product\/kamin-elektricni-2000w-daljinski-upravljac\/","url_meta":{"origin":11766,"position":4},"title":"Kamin, elektri\u010dni, 2000W, daljinski upravlja\u010d","date":"28. rujna 2025.","format":false,"excerpt":"Elekti\u010dni kamin (grijalica) sa ventilatorom, ugradbeni, snaga grija\u010da 1000W \/ 2000W, realan efekt sagorijevanja drveta, efekt plamena i grijanje se mo\u017ee koristiti odvojeno, ru\u010dno i upravljanje preko daljinskog upravlja\u010da, LED izvor svjetlosti, 5 brzina svjetlosnih efekata, tjedni program, detekcija otvorenog prozora, dimenzije 600 x 440 x 200 mm, ugradbene dimenzije\u2026","rel":"","context":"Srodne objave","img":{"alt_text":"","src":"https:\/\/i2.wp.com\/astehshop.com\/wp-content\/uploads\/2025\/09\/fki03.jpg?fit=1200%2C1072&resize=350%2C200","width":350,"height":200},"classes":[]},{"id":11762,"url":"http:\/\/astehshop.com\/index.php\/product\/kamin-elektricni-2000w-2\/","url_meta":{"origin":11766,"position":5},"title":"Kamin, elektri\u010dni, 2000W","date":"28. rujna 2025.","format":false,"excerpt":"U ovom elektri\u010dnom kaminu moderni dizajnerski trendovi skladno se isprepli\u0107u s jedinstvenim autorskim stilom. Zrcalna prednja plo\u010da trendovski je naglasak koji izgleda luksuzno u svakom interijeru, a zahvaljuju\u0107i ukrasnom gorivu - \"kamenju\" - posti\u017ee se maksimalna razina udobnosti. Dvije razine toplinske snage stvorit \u0107e za vas optimalnu klimu. Kamin je\u2026","rel":"","context":"Srodne objave","img":{"alt_text":"","src":"https:\/\/i2.wp.com\/astehshop.com\/wp-content\/uploads\/2025\/09\/Kamin-elektricni-2000W.png?fit=1200%2C1097&resize=350%2C200","width":350,"height":200},"classes":[]}],"_links":{"self":[{"href":"http:\/\/astehshop.com\/index.php\/wp-json\/wp\/v2\/product\/11766"}],"collection":[{"href":"http:\/\/astehshop.com\/index.php\/wp-json\/wp\/v2\/product"}],"about":[{"href":"http:\/\/astehshop.com\/index.php\/wp-json\/wp\/v2\/types\/product"}],"replies":[{"embeddable":true,"href":"http:\/\/astehshop.com\/index.php\/wp-json\/wp\/v2\/comments?post=11766"}],"wp:featuredmedia":[{"embeddable":true,"href":"http:\/\/astehshop.com\/index.php\/wp-json\/wp\/v2\/media\/11767"}],"wp:attachment":[{"href":"http:\/\/astehshop.com\/index.php\/wp-json\/wp\/v2\/media?parent=11766"}],"wp:term":[{"taxonomy":"product_cat","embeddable":true,"href":"http:\/\/astehshop.com\/index.php\/wp-json\/wp\/v2\/product_cat?post=11766"},{"taxonomy":"product_tag","embeddable":true,"href":"http:\/\/astehshop.com\/index.php\/wp-json\/wp\/v2\/product_tag?post=11766"}],"curies":[{"name":"wp","href":"https:\/\/api.w.org\/{rel}","templated":true}]}}