{"id":11762,"date":"2025-09-28T08:42:57","date_gmt":"2025-09-28T06:42:57","guid":{"rendered":"http:\/\/astehshop.com\/?post_type=product&#038;p=11762"},"modified":"2026-01-14T18:00:50","modified_gmt":"2026-01-14T17:00:50","slug":"kamin-elektricni-2000w-2","status":"publish","type":"product","link":"http:\/\/astehshop.com\/index.php\/product\/kamin-elektricni-2000w-2\/","title":{"rendered":"Kamin, elektri\u010dni, 2000W"},"content":{"rendered":"<p>U ovom elektri\u010dnom kaminu moderni dizajnerski trendovi skladno se isprepli\u0107u s jedinstvenim autorskim stilom.<br \/>\nZrcalna prednja plo\u010da trendovski je naglasak koji izgleda luksuzno u svakom interijeru, a zahvaljuju\u0107i ukrasnom gorivu &#8211; &#8220;kamenju&#8221; &#8211; posti\u017ee se maksimalna razina udobnosti. Dvije razine toplinske snage stvorit \u0107e za vas optimalnu klimu.<br \/>\nKamin je opremljen sistemom za\u0161tite od pregrijavanja, koji \u0107e osigurati njegovu sigurnost u upotrebi, a pomo\u0107u daljinskog upravlja\u010da lako je i jednostavno upravljati ure\u0111ajem.<\/p>\n<p>Vrsta grija\u0107eg elementa: Stich (oblik igle)<\/p>\n<p>Postavke svjetline plamena, 5 razina glasno\u0107e zvuka<\/p>\n<p>Be\u017ei\u010dno daljinsko, mehani\u010dko upravljanje, upravlja\u010dka plo\u010da<\/p>\n<p>2 na\u010dina grijanja, na\u010din rada &#8220;bez grijanja&#8221;, 2 razine snage grijanja 1 \/ 2 kW, indikacija uklju\u010divanja<\/p>\n<p>Vrsta ukrasnog goriva: Kamenje<\/p>\n<p>Zidna ugradnja<\/p>\n<p>Za\u0161tita od pregrijavanja<\/p>\n<p>Dimenzije 900 x 560 x 107 mm, te\u017eina 18 kg.<\/p>\n","protected":false},"excerpt":{"rendered":"<p>U ovom elektri\u010dnom kaminu moderni dizajnerski trendovi skladno se isprepli\u0107u s jedinstvenim autorskim stilom.<br \/>\nZrcalna prednja plo\u010da trendovski je naglasak koji izgleda luksuzno u svakom interijeru, a zahvaljuju\u0107i ukrasnom gorivu &#8211; &#8220;kamenju&#8221; &#8211; posti\u017ee se maksimalna razina udobnosti. Dvije razine toplinske snage stvorit \u0107e za vas optimalnu klimu.<br \/>\nKamin je opremljen sistemom za\u0161tite od pregrijavanja, koji \u0107e osigurati njegovu sigurnost u upotrebi, a pomo\u0107u daljinskog upravlja\u010da lako je i jednostavno upravljati ure\u0111ajem.<\/p>\n<p>Vrsta grija\u0107eg elementa: Stich (oblik igle)<\/p>\n<p>Postavke svjetline plamena, 5 razina glasno\u0107e zvuka<\/p>\n<p>Be\u017ei\u010dno daljinsko, mehani\u010dko upravljanje, upravlja\u010dka plo\u010da<\/p>\n<p>2 na\u010dina grijanja, na\u010din rada &#8220;bez grijanja&#8221;, 2 razine snage grijanja 1 \/ 2 kW, indikacija uklju\u010divanja<\/p>\n<p>Vrsta ukrasnog goriva: Kamenje<\/p>\n<p>Zidna ugradnja<\/p>\n<p>Za\u0161tita od pregrijavanja<\/p>\n<p>Dimenzije 900 x 560 x 107 mm, te\u017eina 18 kg.<\/p>\n","protected":false},"featured_media":11763,"comment_status":"open","ping_status":"closed","template":"","meta":{"_mi_skip_tracking":false,"_exactmetrics_sitenote_active":false,"_exactmetrics_sitenote_note":"","_exactmetrics_sitenote_category":0,"spay_email":""},"product_cat":[8325],"product_tag":[1856,8326,5956,8328,8332,8330,8331,8329,8327,8333],"brands":[],"df_price":559,"df_sale_price":"","df_regular_price":559,"df_image_link":"https:\/\/i2.wp.com\/astehshop.com\/wp-content\/uploads\/2025\/09\/Kamin-elektricni-2000W.png?fit=450%2C411","jetpack_publicize_connections":[],"jetpack_sharing_enabled":true,"jetpack_likes_enabled":true,"jetpack-related-posts":[{"id":9620,"url":"http:\/\/astehshop.com\/index.php\/product\/kamin-elektricni-2000w\/","url_meta":{"origin":11762,"position":0},"title":"Kamin, elektri\u010dni, 2000W","date":"21. studenoga 2024.","format":false,"excerpt":"U ovom elektri\u010dnom kaminu moderni dizajnerski trendovi skladno se isprepli\u0107u s jedinstvenim autorskim stilom. Zrcalna prednja plo\u010da trendovski je naglasak koji izgleda luksuzno u svakom interijeru, a zahvaljuju\u0107i ukrasnom gorivu - \"kamenju\" - posti\u017ee se maksimalna razina udobnosti. Dvije razine toplinske snage stvorit \u0107e za vas optimalnu klimu. Kamin je\u2026","rel":"","context":"Srodne objave","img":{"alt_text":"","src":"https:\/\/i1.wp.com\/astehshop.com\/wp-content\/uploads\/2024\/11\/el-kamin.png?fit=1200%2C1103&resize=350%2C200","width":350,"height":200},"classes":[]},{"id":6502,"url":"http:\/\/astehshop.com\/index.php\/product\/kamin-elektricni-1200w-led-svjetlo-ventilator-fkk-07\/","url_meta":{"origin":11762,"position":1},"title":"Kamin, elektri\u010dni, 1200W, LED svjetlo, ventilator FKK 07","date":"12. studenoga 2022.","format":false,"excerpt":"Elektri\u010dni kamin je odli\u010dan izvor primarnog grijanja domova. Smanjuje pritisak po\u010detkom sezone grijanja, kada jo\u0161 nije toliko hladno i uz pomo\u0107 termostata odr\u017eat \u0107e Va\u0161 dom ugodno toplim. Elektri\u010dni kamin mo\u017eda nema \u0161arm tradicionalnog kamina, ali je puno zahvalniji za odr\u017eavanje i jednostavniji za upotrebu. U usporedbi s tradicionalnim kaminima\u2026","rel":"","context":"Srodne objave","img":{"alt_text":"","src":"https:\/\/i2.wp.com\/astehshop.com\/wp-content\/uploads\/2022\/11\/FKK-07.png?fit=1200%2C1158&resize=350%2C200","width":350,"height":200},"classes":[]},{"id":11766,"url":"http:\/\/astehshop.com\/index.php\/product\/kamin-elektricni-2000w-led-svjetlo-daljinski-upravljac\/","url_meta":{"origin":11762,"position":2},"title":"Kamin, elektri\u010dni, 2000W, LED svjetlo, daljinski upravlja\u010d","date":"28. rujna 2025.","format":false,"excerpt":"Elektri\u010dni kamin je odli\u010dan izvor primarnog grijanja domova. Smanjuje pritisak po\u010detkom sezone grijanja, kada jo\u0161 nije toliko hladno i uz pomo\u0107 termostata odr\u017eat \u0107e Va\u0161 dom ugodno toplim. Elektri\u010dni kamin mo\u017eda nema \u0161arm tradicionalnog kamina, ali je puno zahvalniji za odr\u017eavanje i jednostavniji za upotrebu. U usporedbi s tradicionalnim kaminima\u2026","rel":"","context":"Srodne objave","img":{"alt_text":"","src":"https:\/\/i1.wp.com\/astehshop.com\/wp-content\/uploads\/2025\/09\/kamin-fk10.png?fit=1200%2C1059&resize=350%2C200","width":350,"height":200},"classes":[]},{"id":6506,"url":"http:\/\/astehshop.com\/index.php\/product\/fkk-24\/","url_meta":{"origin":11762,"position":3},"title":"FKK 24","date":"12. studenoga 2022.","format":false,"excerpt":"Elektri\u010dni kamin je odli\u010dan izvor primarnog grijanja domova. Smanjuje pritisak po\u010detkom sezone grijanja, kada jo\u0161 nije toliko hladno i uz pomo\u0107 termostata odr\u017eat \u0107e Va\u0161 dom ugodno toplim. Elektri\u010dni kamin mo\u017eda nema \u0161arm tradicionalnog kamina, ali je puno zahvalniji za odr\u017eavanje i jednostavniji za upotrebu. U usporedbi s tradicionalnim kaminima\u2026","rel":"","context":"Srodne objave","img":{"alt_text":"","src":"https:\/\/i2.wp.com\/astehshop.com\/wp-content\/uploads\/2022\/11\/FKK-24.png?fit=1200%2C1124&resize=350%2C200","width":350,"height":200},"classes":[]},{"id":6504,"url":"http:\/\/astehshop.com\/index.php\/product\/kamin-elektricni-2000w-led-svjetlo-daljinski-upravljac-fkk-10\/","url_meta":{"origin":11762,"position":4},"title":"Kamin, elektri\u010dni, 2000W, LED svjetlo, daljinski upravlja\u010d FKK 10","date":"12. studenoga 2022.","format":false,"excerpt":"Elektri\u010dni kamin je odli\u010dan izvor primarnog grijanja domova. Smanjuje pritisak po\u010detkom sezone grijanja, kada jo\u0161 nije toliko hladno i uz pomo\u0107 termostata odr\u017eat \u0107e Va\u0161 dom ugodno toplim. Elektri\u010dni kamin mo\u017eda nema \u0161arm tradicionalnog kamina, ali je puno zahvalniji za odr\u017eavanje i jednostavniji za upotrebu. U usporedbi s tradicionalnim kaminima\u2026","rel":"","context":"Srodne objave","img":{"alt_text":"","src":"https:\/\/i2.wp.com\/astehshop.com\/wp-content\/uploads\/2022\/11\/FKK-10.png?fit=1200%2C1138&resize=350%2C200","width":350,"height":200},"classes":[]},{"id":11764,"url":"http:\/\/astehshop.com\/index.php\/product\/kamin-elektricni-2000w-led-svjetlost-wifi\/","url_meta":{"origin":11762,"position":5},"title":"Kamin, elektri\u010dni, 2000W, LED svjetlost, WiFi","date":"28. rujna 2025.","format":false,"excerpt":"Elektri\u010dni kamin je odli\u010dan izvor primarnog grijanja domova. Smanjuje pritisak po\u010detkom sezone grijanja, kada jo\u0161 nije toliko hladno i uz pomo\u0107 termostata odr\u017eat \u0107e Va\u0161 dom ugodno toplim. Elektri\u010dni kamin mo\u017eda nema \u0161arm tradicionalnog kamina, ali je puno zahvalniji za odr\u017eavanje i jednostavniji za upotrebu. Elektri\u010dni kamin se mo\u017ee postaviti\u2026","rel":"","context":"Srodne objave","img":{"alt_text":"","src":"https:\/\/i1.wp.com\/astehshop.com\/wp-content\/uploads\/2025\/09\/Kamin-elektricni-2000W-LED-svjetlost-WiFi.jpg?fit=1200%2C1071&resize=350%2C200","width":350,"height":200},"classes":[]}],"_links":{"self":[{"href":"http:\/\/astehshop.com\/index.php\/wp-json\/wp\/v2\/product\/11762"}],"collection":[{"href":"http:\/\/astehshop.com\/index.php\/wp-json\/wp\/v2\/product"}],"about":[{"href":"http:\/\/astehshop.com\/index.php\/wp-json\/wp\/v2\/types\/product"}],"replies":[{"embeddable":true,"href":"http:\/\/astehshop.com\/index.php\/wp-json\/wp\/v2\/comments?post=11762"}],"wp:featuredmedia":[{"embeddable":true,"href":"http:\/\/astehshop.com\/index.php\/wp-json\/wp\/v2\/media\/11763"}],"wp:attachment":[{"href":"http:\/\/astehshop.com\/index.php\/wp-json\/wp\/v2\/media?parent=11762"}],"wp:term":[{"taxonomy":"product_cat","embeddable":true,"href":"http:\/\/astehshop.com\/index.php\/wp-json\/wp\/v2\/product_cat?post=11762"},{"taxonomy":"product_tag","embeddable":true,"href":"http:\/\/astehshop.com\/index.php\/wp-json\/wp\/v2\/product_tag?post=11762"}],"curies":[{"name":"wp","href":"https:\/\/api.w.org\/{rel}","templated":true}]}}