{"id":11757,"date":"2025-09-27T16:20:54","date_gmt":"2025-09-27T14:20:54","guid":{"rendered":"http:\/\/astehshop.com\/?post_type=product&#038;p=11757"},"modified":"2026-01-14T18:00:50","modified_gmt":"2026-01-14T17:00:50","slug":"favorit-frizider-f-cf-278-cf-331-sivi","status":"publish","type":"product","link":"http:\/\/astehshop.com\/index.php\/product\/favorit-frizider-f-cf-278-cf-331-sivi\/","title":{"rendered":"Favorit fri\u017eider F CF 278 CF 331 SIVI"},"content":{"rendered":"<div class=\"elementor-element elementor-element-31be6bf mb-0 elementor-widget elementor-widget-porto_cp_excerpt\" data-id=\"31be6bf\" data-element_type=\"widget\" data-widget_type=\"porto_cp_excerpt.default\">\n<div class=\"elementor-widget-container\">\n<div class=\"description woocommerce-product-details__short-description\">\n<p><strong>Karakteristike:<\/strong><br \/>\nDimenzije V\/\u0160\/D:\u00a0<strong>170\/54\/61 cm<\/strong><br \/>\nBruto\/neto volumen:\u00a0<strong>251\/239 l<\/strong><br \/>\nFri\u017eider\/zamrziva\u010d neto volumen:\u00a0<strong>172\/67 l<\/strong><br \/>\nEnergetska klasa:\u00a0<strong>\u0410+<\/strong><br \/>\nGas:\u00a0<strong>\u0420600<\/strong><br \/>\nBoja: Bijela\/srebrena<br \/>\nPromenljiva vrata<br \/>\nNiveliraju\u0107e nogare<br \/>\nDeo za mlije\u010dne proizvode<br \/>\nFiksne ru\u010dke na vratima<br \/>\nDr\u017ea\u010d za jaja<br \/>\nPrilago\u0111avaju\u0107e police za vrata<br \/>\nPrilago\u0111avaju\u0107e staklene police<br \/>\nKomora za zamrzavanje sa transparentnim policama<\/p>\n<p><strong>GARANCIJA 5 GODINA<\/strong><\/p>\n<\/div>\n<\/div>\n<\/div>\n","protected":false},"excerpt":{"rendered":"<div class=\"elementor-element elementor-element-31be6bf mb-0 elementor-widget elementor-widget-porto_cp_excerpt\" data-id=\"31be6bf\" data-element_type=\"widget\" data-widget_type=\"porto_cp_excerpt.default\">\n<div class=\"elementor-widget-container\">\n<div class=\"description woocommerce-product-details__short-description\">\n<p><strong>Karakteristike:<\/strong><br \/>\nDimenzije V\/\u0160\/D:\u00a0<strong>170\/54\/61 cm<\/strong><br \/>\nBruto\/neto volumen:\u00a0<strong>251\/239 l<\/strong><br \/>\nFri\u017eider\/zamrziva\u010d neto volumen:\u00a0<strong>172\/67 l<\/strong><br \/>\nEnergetska klasa:\u00a0<strong>\u0410+<\/strong><br \/>\nGas:\u00a0<strong>\u0420600<\/strong><br \/>\nBoja: Bijela\/srebrena<br \/>\nPromenljiva vrata<br \/>\nNiveliraju\u0107e nogare<br \/>\nDeo za mlije\u010dne proizvode<br \/>\nFiksne ru\u010dke na vratima<br \/>\nDr\u017ea\u010d za jaja<br \/>\nPrilago\u0111avaju\u0107e police za vrata<br \/>\nPrilago\u0111avaju\u0107e staklene police<br \/>\nKomora za zamrzavanje sa transparentnim policama<\/p>\n<p><strong>GARANCIJA 5 GODINA<\/strong><\/p>\n<\/div>\n<\/div>\n<\/div>\n","protected":false},"featured_media":11760,"comment_status":"open","ping_status":"closed","template":"","meta":{"_mi_skip_tracking":false,"_exactmetrics_sitenote_active":false,"_exactmetrics_sitenote_note":"","_exactmetrics_sitenote_category":0,"spay_email":""},"product_cat":[102],"product_tag":[8266,8316,8317,7193,8322,8315,8318,8320,8323,8319,8324,8321,114],"brands":[{"id":7663,"name":"Favorit","slug":"favorit"}],"df_price":592,"df_sale_price":"","df_regular_price":592,"df_image_link":"https:\/\/i1.wp.com\/astehshop.com\/wp-content\/uploads\/2025\/09\/Red-White-Simple-Shoe-Sale-Instagram-Post2.png?fit=450%2C450","jetpack_publicize_connections":[],"jetpack_sharing_enabled":true,"jetpack_likes_enabled":true,"jetpack-related-posts":[{"id":5710,"url":"http:\/\/astehshop.com\/index.php\/product\/xiaomi-mi-pametni-senzor-za-vrata-i-prozore\/","url_meta":{"origin":11757,"position":0},"title":"Xiaomi Mi pametni senzor za vrata i prozore","date":"5. prosinca 2021.","format":false,"excerpt":"Pametni senzori za prozore i vrata Mi Smart Window & Door Sensor. Ergonomski dizajn i alarm o otvorenim prozorima ili vratima. Preuzmi kontrolu nad svojim domom.","rel":"","context":"Srodne objave","img":{"alt_text":"","src":"https:\/\/i1.wp.com\/astehshop.com\/wp-content\/uploads\/2021\/12\/pametni-senzor.jpg?fit=800%2C800&resize=350%2C200","width":350,"height":200},"classes":[]},{"id":7648,"url":"http:\/\/astehshop.com\/index.php\/product\/elektro-prihvatnik-za-vrata-mini\/","url_meta":{"origin":11757,"position":1},"title":"Elektro prihvatnik za vrata, mini","date":"30. travnja 2023.","format":false,"excerpt":"Elektro prihvatnik za vrata mo\u017ee raditi s portafonima, instalacijom video portafona i kodnim bravama na prednjoj strani vrata za jednu i vi\u0161e obitelji Mo\u017ee se montirati na vanjsku stranu standardne prednje plo\u010de Simetri\u010dan dizajn i male dimenzije Izra\u0111en od materijala otpornih na koroziju (aluminij i legura cinka ) Opremljen sa:\u2026","rel":"","context":"Srodne objave","img":{"alt_text":"","src":"https:\/\/i0.wp.com\/astehshop.com\/wp-content\/uploads\/2023\/04\/elektro-brava-1.png?fit=1155%2C1200&resize=350%2C200","width":350,"height":200},"classes":[]},{"id":5846,"url":"http:\/\/astehshop.com\/index.php\/product\/drzac-za-mobitel-za-bicikl-ads-120-crni\/","url_meta":{"origin":11757,"position":2},"title":"Dr\u017ea\u010d za mobitel za bicikl ADS-120 Crni","date":"23. sije\u010dnja 2022.","format":false,"excerpt":"Univerzalni dr\u017ea\u010d za mobitel za bicikl i motocikl Proizvo\u0111a\u010d: Addison Model: ADS-120 Boja: Crna Odgovara za sve vrste mobitela","rel":"","context":"Srodne objave","img":{"alt_text":"","src":"https:\/\/i0.wp.com\/astehshop.com\/wp-content\/uploads\/2022\/01\/rzac-za-mobitel-za-bicikl-ADS-120-Crni.jpg?fit=700%2C500&resize=350%2C200","width":350,"height":200},"classes":[]},{"id":9988,"url":"http:\/\/astehshop.com\/index.php\/product\/roombanker-magnetni-senzor-za-vrata-i-prozore-rbss-mc1-868\/","url_meta":{"origin":11757,"position":3},"title":"Roombanker magnetni senzor za vrata i prozore RBSS-MC1-868","date":"16. o\u017eujka 2025.","format":false,"excerpt":"Pove\u0107ajte sigurnost svog doma uz Roombanker magnetni senzor za vrata, klju\u010dnu komponentu Roombanker Security & Automation sistema. Ovaj povr\u0161inski postavljeni senzor omogu\u0107ava precizno pra\u0107enje vrata, upozoravaju\u0107i vas na svako neovla\u0161teno otvaranje sa robusnim razmakom za detekciju od preko 17 mm. Dizajniran za jednostavnu upotrebu, neprimetno se integri\u0161e sa va\u0161im Roombanker\u2026","rel":"","context":"Srodne objave","img":{"alt_text":"","src":"https:\/\/i0.wp.com\/astehshop.com\/wp-content\/uploads\/2025\/03\/RBSS-MC1-868-111.webp?fit=600%2C600&resize=350%2C200","width":350,"height":200},"classes":[]},{"id":6433,"url":"http:\/\/astehshop.com\/index.php\/product\/racksis-silver-7u-rack-ormar-crni-600x450x410mm\/","url_meta":{"origin":11757,"position":4},"title":"RACKSIS SILVER 7U rack ormar crni, 600x450x410mm","date":"21. listopada 2022.","format":false,"excerpt":"D07U6045-1 Racksis SILVER 7U rack ormar crni, 600x450x410mm Tip ormara: Silver\/zidni Dimenzije: 600x450x410mm Nosivost: 80 kg Boja: crna Vrata: staklo u metalnom okviru sa bravicom za zaklju\u010davanje \u00a0 - odvojive bo\u010dne stranice sa bravicom za zaklju\u010davanje - otvor za ventilatorsko polje - otvor za ulaz kablova na stra\u017enjoj, gornjoj i\u2026","rel":"","context":"Srodne objave","img":{"alt_text":"","src":"https:\/\/i1.wp.com\/astehshop.com\/wp-content\/uploads\/2022\/10\/silver-series-.jpg?fit=655%2C655&resize=350%2C200","width":350,"height":200},"classes":[]},{"id":6436,"url":"http:\/\/astehshop.com\/index.php\/product\/racksis-silver-9u-rack-ormar-crni-600x450x500mm\/","url_meta":{"origin":11757,"position":5},"title":"RACKSIS SILVER 9U rack ormar crni, 600x450x500mm","date":"21. listopada 2022.","format":false,"excerpt":"D09U6045-1 Racksis SILVER 9U rack ormar crni, 600x450x500mm Tip ormara: Silver\/zidni Dimenzije: 600x450x500mm Nosivost: 80 kg Boja: crna Vrata: staklo u metalnom okviru sa bravicom za zaklju\u010davanje \u00a0 - odvojive bo\u010dne stranice sa bravicom za zaklju\u010davanje - otvor za ventilatorsko polje - otvor za ulaz kablova na stra\u017enjoj, gornjoj i\u2026","rel":"","context":"Srodne objave","img":{"alt_text":"","src":"https:\/\/i1.wp.com\/astehshop.com\/wp-content\/uploads\/2022\/10\/silver-series-.jpg?fit=655%2C655&resize=350%2C200","width":350,"height":200},"classes":[]}],"_links":{"self":[{"href":"http:\/\/astehshop.com\/index.php\/wp-json\/wp\/v2\/product\/11757"}],"collection":[{"href":"http:\/\/astehshop.com\/index.php\/wp-json\/wp\/v2\/product"}],"about":[{"href":"http:\/\/astehshop.com\/index.php\/wp-json\/wp\/v2\/types\/product"}],"replies":[{"embeddable":true,"href":"http:\/\/astehshop.com\/index.php\/wp-json\/wp\/v2\/comments?post=11757"}],"wp:featuredmedia":[{"embeddable":true,"href":"http:\/\/astehshop.com\/index.php\/wp-json\/wp\/v2\/media\/11760"}],"wp:attachment":[{"href":"http:\/\/astehshop.com\/index.php\/wp-json\/wp\/v2\/media?parent=11757"}],"wp:term":[{"taxonomy":"product_cat","embeddable":true,"href":"http:\/\/astehshop.com\/index.php\/wp-json\/wp\/v2\/product_cat?post=11757"},{"taxonomy":"product_tag","embeddable":true,"href":"http:\/\/astehshop.com\/index.php\/wp-json\/wp\/v2\/product_tag?post=11757"}],"curies":[{"name":"wp","href":"https:\/\/api.w.org\/{rel}","templated":true}]}}