{"id":11745,"date":"2025-09-27T15:04:41","date_gmt":"2025-09-27T13:04:41","guid":{"rendered":"http:\/\/astehshop.com\/?post_type=product&#038;p=11745"},"modified":"2026-01-14T18:00:55","modified_gmt":"2026-01-14T17:00:55","slug":"televizor-max-32mt104-32-inca-81-cm","status":"publish","type":"product","link":"http:\/\/astehshop.com\/index.php\/product\/televizor-max-32mt104-32-inca-81-cm\/","title":{"rendered":"Televizor MAX 32MT104 32 in\u010da 81 CM"},"content":{"rendered":"<p>Velil\u010dina ekrana 32\u2033 (81 cm)<br \/>\nTip ekrana \u2013 Direct LED<br \/>\nRezolucija \u2013 1360\u00d7768 HD Ready<br \/>\nBoje za prikazivanje \u2013 16.7 Miliona<br \/>\nUgao gledanja \u2013 178*<br \/>\nTip tjunera \u2013 DVB-T\/C\/T2<br \/>\nMod za sliku \u2013 Standard\/Bright\/Soft\/User<br \/>\nMod za zvuk \u2013 Standard\/Music\/Movie\/User<br \/>\nAudio snaga (output) \u2013 6W + 6W<br \/>\nKonekcije \u2013 HDMIx2, USB 2.0\u00d71, AVin x 1, RF x 1 (IEC), CI+ x 1, Erphone x 1<br \/>\nDolby<br \/>\nTeletext<br \/>\nHotel mod<br \/>\nPVR \u2013 funkcija za snimanje video materijala<br \/>\nVi\u0161e jezika OSD<br \/>\nVesa \u2013 200x200mm<\/p>\n<p><iframe loading=\"lazy\"  id=\"_ytid_56605\"  width=\"480\" height=\"270\"  data-origwidth=\"480\" data-origheight=\"270\"  src=\"https:\/\/www.youtube.com\/embed\/yJBbhemkBYk?enablejsapi=1&#038;autoplay=0&#038;cc_load_policy=0&#038;cc_lang_pref=&#038;iv_load_policy=1&#038;loop=0&#038;modestbranding=0&#038;rel=1&#038;fs=1&#038;playsinline=0&#038;autohide=2&#038;theme=dark&#038;color=red&#038;controls=1&#038;\" class=\"__youtube_prefs__  epyt-is-override  no-lazyload\" title=\"YouTube player\"  allow=\"autoplay; encrypted-media\" allowfullscreen data-no-lazy=\"1\" data-skipgform_ajax_framebjll=\"\"><\/iframe><\/p>\n<p>&nbsp;<\/p>\n","protected":false},"excerpt":{"rendered":"<p>Velil\u010dina ekrana 32\u2033 (81 cm)<br \/>\nTip ekrana \u2013 Direct LED<br \/>\nRezolucija \u2013 1360\u00d7768 HD Ready<br \/>\nBoje za prikazivanje \u2013 16.7 Miliona<br \/>\nUgao gledanja \u2013 178*<br \/>\nTip tjunera \u2013 DVB-T\/C\/T2<br \/>\nMod za sliku \u2013 Standard\/Bright\/Soft\/User<br \/>\nMod za zvuk \u2013 Standard\/Music\/Movie\/User<br \/>\nAudio snaga (output) \u2013 6W + 6W<br \/>\nKonekcije \u2013 HDMIx2, USB 2.0\u00d71, AVin x 1, RF x 1 (IEC), CI+ x 1, Erphone x 1<br \/>\nDolby<br \/>\nTeletext<br \/>\nHotel mod<br \/>\nPVR \u2013 funkcija za snimanje video materijala<br \/>\nVi\u0161e jezika OSD<br \/>\nVesa \u2013 200x200mm<\/p>\n","protected":false},"featured_media":11746,"comment_status":"open","ping_status":"closed","template":"","meta":{"_mi_skip_tracking":false,"_exactmetrics_sitenote_active":false,"_exactmetrics_sitenote_note":"","_exactmetrics_sitenote_category":0,"spay_email":""},"product_cat":[2011],"product_tag":[8266,8267,8272,8270,8271,2019,8273,8265,8264,2022,2333,2761,8269,8263,8276,8277,8268,8275,8274],"brands":[{"id":8262,"name":"MAX","slug":"max"}],"df_price":186,"df_sale_price":"","df_regular_price":186,"df_image_link":"https:\/\/i0.wp.com\/astehshop.com\/wp-content\/uploads\/2025\/09\/max_32-removebg-preview.png?fit=450%2C446","jetpack_publicize_connections":[],"jetpack_sharing_enabled":true,"jetpack_likes_enabled":true,"jetpack-related-posts":[{"id":11748,"url":"http:\/\/astehshop.com\/index.php\/product\/pametni-televizor-max-32-81cm-32mt104\/","url_meta":{"origin":11745,"position":0},"title":"Pametni televizor MAX 32&#8221; 81cm 32MT104","date":"27. rujna 2025.","format":false,"excerpt":"Velicina ekrana 32\u2033 (81 cm) Tip ekrana \u2013 DLED Direct Type Rezolucija \u2013 1360\u00d7768 HD Ready Boje za prikazivanje \u2013 16.7M Ugao gledanja \u2013 178* Tip tjunera \u2013 DVB-T\/C\/T2 Smart OS \u2013 Android 9.0 CPU Frame \u2013 ARM Cortex A35\/1.6GHz\/Quad core TRIPLE CORE 470MP3 Memorija \u2013 8GB, RAM 1GB DDR3\u2026","rel":"","context":"Srodne objave","img":{"alt_text":"","src":"https:\/\/i0.wp.com\/astehshop.com\/wp-content\/uploads\/2025\/09\/max_32-removebg-preview.png?fit=502%2C497&resize=350%2C200","width":350,"height":200},"classes":[]},{"id":11751,"url":"http:\/\/astehshop.com\/index.php\/product\/max-televizor-165-cm-65mt501-65\/","url_meta":{"origin":11745,"position":1},"title":"Max Smart televizor 165 CM 65MT501 65&#8221;","date":"27. rujna 2025.","format":false,"excerpt":"Velicina ekrana 65\u2033 (165 cm) Tip ekrana \u2013 UHD 4K\/A+ GRADE\/ Rezolucija \u2013 3840\u00d72160 Boje za prikazivanje \u2013 1.07B Ugao gledanja \u2013 178* Tip tjunera \u2013 DVB-T\/C\/T2 Smart OS \u2013 Android 9.0 FRAMLESS\/ BEZ RAMA\/ \u2013 ARM Cortex A9\/1.2GHz\/dual-core GPU- Mali-400MP2\/Dual core Memorija \u2013 8GB, RAM 1.5GB DDR3 Miracast Mod\u2026","rel":"","context":"Srodne objave","img":{"alt_text":"","src":"https:\/\/i1.wp.com\/astehshop.com\/wp-content\/uploads\/2025\/09\/max-65-inca.jpg?fit=1058%2C669&resize=350%2C200","width":350,"height":200},"classes":[]},{"id":11749,"url":"http:\/\/astehshop.com\/index.php\/product\/pametni-televizor-max-50mt504-50\/","url_meta":{"origin":11745,"position":2},"title":"Pametni televizor MAX 50MT504 50&#8221;","date":"27. rujna 2025.","format":false,"excerpt":"Veli\u010dina ekrana 50\u201d\u00a0 Tip ekrana UHD 4K Rezolucija 3840\u00d72160 Boje za prikazivanje 1.07B Ugao gledanja 178\u00ba Savjet tjunera DVB-T\/C\/T2 Smart OS Android 9.0 CPU okvir ARM Cortex-A53\/1.5GHz\/\u010cetiri jezgra GPU G52MP2\/Dual core Memorija 8GB, RAM 1.5GB DDR3 Miracast Da Mod za sliku Standardni\/Svijetli\/Mekani\/Korisni\u010dki Mod za zvuk Standard\/Muzika\/Film\/Korisnik Audio snaga (izlaz) 8W\u2026","rel":"","context":"Srodne objave","img":{"alt_text":"","src":"https:\/\/i1.wp.com\/astehshop.com\/wp-content\/uploads\/2025\/09\/max-50-incha-smart.jpg?fit=762%2C547&resize=350%2C200","width":350,"height":200},"classes":[]},{"id":11754,"url":"http:\/\/astehshop.com\/index.php\/product\/max-pametni-televizor-43mt304-105cm\/","url_meta":{"origin":11745,"position":3},"title":"Max pametni televizor 43MT304 105CM","date":"27. rujna 2025.","format":false,"excerpt":"Veli\u010dina ekrana 43\u201d (105cm) Tip ekrana Direct LED Rezolucija 1920\u00d71080 Full HD\/A+GRADE\/ Boje za prikazivanje 16.7M Ugao gledanja 178\u00ba Tip tjunera DVB-T\/C\/T2 Smart OS Android 9.0 FRAMLESS\/ BEZ RAMA\/ ARM Cortex A35\/1.6GHz\/Quad core GPU TRIPLE CORE 470MP3 Memorija 8GB, RAM 1GB DDR3 Miracast Yes Mod za sliku Standard\/Bright\/Soft\/User Mod za\u2026","rel":"","context":"Srodne objave","img":{"alt_text":"","src":"https:\/\/i1.wp.com\/astehshop.com\/wp-content\/uploads\/2025\/09\/max-65-inca.jpg?fit=1058%2C669&resize=350%2C200","width":350,"height":200},"classes":[]},{"id":7976,"url":"http:\/\/astehshop.com\/index.php\/product\/plafonski-ugradni-zvucnik-dsp6011\/","url_meta":{"origin":11745,"position":4},"title":"Plafonski ugradni zvu\u010dnik DSP6011","date":"19. lipnja 2023.","format":false,"excerpt":"6.5\u02ba plafonski zvu\u010dnik za \u00a070\/100V liniju. Snaga 3-6W\/70V, 6W\/100V,\u00a0 osetljivost 95dB\u00b12dB, izobli\u010denja < 1.5%, frekventni opseg 90Hz-20kHz. Te\u017eina 0.9kg. Materijal Aluminijum. Dimenzija otvora za monta\u017eu 165mm. Spoljni pre\u010dnik 185mm. Dubina 74mm. Ugradna monta\u017ea sa bo\u010dnim kop\u010dama sa oprugama.","rel":"","context":"Srodne objave","img":{"alt_text":"","src":"","width":0,"height":0},"classes":[]},{"id":11641,"url":"http:\/\/astehshop.com\/index.php\/product\/platno-za-projektor-200-x-200-cm-sa-stalkom\/","url_meta":{"origin":11745,"position":5},"title":"PLATNO ZA PROJEKTOR 200 X 200 CM SA STALKOM","date":"21. kolovoza 2025.","format":false,"excerpt":"Bijela neprozirna povr\u0161ina sa crnim ivicama -> odli\u010dan kontrast Stabilan metalni stativ, rotacija 360\u00b0, podesiva visina Format slike 1:1, ugao gledanja 160\u00b0 Brzo sklapanje i lako prenosivo Idealno za prezentacije, edukaciju i ku\u0107nu upotrebu","rel":"","context":"Srodne objave","img":{"alt_text":"","src":"https:\/\/i0.wp.com\/astehshop.com\/wp-content\/uploads\/2025\/08\/17997_168625099721dhpmoyg5.png?fit=1200%2C1200&resize=350%2C200","width":350,"height":200},"classes":[]}],"_links":{"self":[{"href":"http:\/\/astehshop.com\/index.php\/wp-json\/wp\/v2\/product\/11745"}],"collection":[{"href":"http:\/\/astehshop.com\/index.php\/wp-json\/wp\/v2\/product"}],"about":[{"href":"http:\/\/astehshop.com\/index.php\/wp-json\/wp\/v2\/types\/product"}],"replies":[{"embeddable":true,"href":"http:\/\/astehshop.com\/index.php\/wp-json\/wp\/v2\/comments?post=11745"}],"wp:featuredmedia":[{"embeddable":true,"href":"http:\/\/astehshop.com\/index.php\/wp-json\/wp\/v2\/media\/11746"}],"wp:attachment":[{"href":"http:\/\/astehshop.com\/index.php\/wp-json\/wp\/v2\/media?parent=11745"}],"wp:term":[{"taxonomy":"product_cat","embeddable":true,"href":"http:\/\/astehshop.com\/index.php\/wp-json\/wp\/v2\/product_cat?post=11745"},{"taxonomy":"product_tag","embeddable":true,"href":"http:\/\/astehshop.com\/index.php\/wp-json\/wp\/v2\/product_tag?post=11745"}],"curies":[{"name":"wp","href":"https:\/\/api.w.org\/{rel}","templated":true}]}}