{"id":11704,"date":"2025-08-29T19:55:11","date_gmt":"2025-08-29T17:55:11","guid":{"rendered":"http:\/\/astehshop.com\/?post_type=product&#038;p=11704"},"modified":"2025-08-29T19:55:13","modified_gmt":"2025-08-29T17:55:13","slug":"retro-poe-switch-4-2-za-video-nadzor","status":"publish","type":"product","link":"http:\/\/astehshop.com\/index.php\/product\/retro-poe-switch-4-2-za-video-nadzor\/","title":{"rendered":"Retro poe switch 4 + 2 za video nadzor"},"content":{"rendered":"<p>Retro poe switch 4 + 2 za video nadzor<\/p>\n","protected":false},"excerpt":{"rendered":"<p>Retro poe switch 4 + 2 za video nadzor<\/p>\n","protected":false},"featured_media":11705,"comment_status":"open","ping_status":"closed","template":"","meta":{"_mi_skip_tracking":false,"_exactmetrics_sitenote_active":false,"_exactmetrics_sitenote_note":"","_exactmetrics_sitenote_category":0,"spay_email":""},"product_cat":[2613],"product_tag":[2290,8212,8211,2601],"brands":[],"df_price":95,"df_sale_price":"","df_regular_price":95,"df_image_link":"https:\/\/i2.wp.com\/astehshop.com\/wp-content\/uploads\/2025\/08\/retro-poe-switch-video-nadzor.jpeg?fit=450%2C328","jetpack_publicize_connections":[],"jetpack_sharing_enabled":true,"jetpack_likes_enabled":true,"jetpack-related-posts":[{"id":11706,"url":"http:\/\/astehshop.com\/index.php\/product\/retro-poe-switch-8-2-za-video-nadzor\/","url_meta":{"origin":11704,"position":0},"title":"Retro poe switch 8 + 2 za video nadzor","date":"29. kolovoza 2025.","format":false,"excerpt":"Retro poe switch 8 + 2 za video nadzor","rel":"","context":"Srodne objave","img":{"alt_text":"","src":"https:\/\/i2.wp.com\/astehshop.com\/wp-content\/uploads\/2025\/08\/retro-poe-switch-video-nadzor.jpeg?fit=585%2C426&resize=350%2C200","width":350,"height":200},"classes":[]},{"id":11894,"url":"http:\/\/astehshop.com\/index.php\/product\/uniview-unv-poe-switch-nsw2020-10t-poe-in-za-video-nadzor\/","url_meta":{"origin":11704,"position":1},"title":"UniView UNV poe switch NSW2020-10T-POE-IN za video nadzor","date":"31. listopada 2025.","format":false,"excerpt":"\u2022 Vi\u0161estruki na\u010dini rada za zadovoljavanje va\u0161ih poslovnih potreba: Zadani (Normalni na\u010din rada), EXTEND (Na\u010din nadzora) \u2022 Podr\u0161ka za kontrolu prometa portova \u2022 Domet prijenosa do 250 m u pro\u0161irenom na\u010dinu rada \u2022 Podr\u0161ka za optimizaciju me\u0111uspremnika \u2022 Ku\u0107i\u0161te od metala, sigurno i pouzdano","rel":"","context":"Srodne objave","img":{"alt_text":"","src":"https:\/\/i0.wp.com\/astehshop.com\/wp-content\/uploads\/2025\/10\/NSW2020-10T-POE-IN.png?fit=600%2C338&resize=350%2C200","width":350,"height":200},"classes":[]},{"id":9198,"url":"http:\/\/astehshop.com\/index.php\/product\/dahua-poe-switch-sg1006p-4-poe-2-porta\/","url_meta":{"origin":11704,"position":2},"title":"Dahua Poe switch SG1006P 4 POE + 2 porta","date":"14. o\u017eujka 2024.","format":false,"excerpt":"> Inteligentni PoE > Hi-PoE 60W (narand\u017easti priklju\u010dak) > PoE na daljinu > PoE \u010duvar > Svi gigabitni PoE portovi > \u0160iroka radna temperatura","rel":"","context":"Srodne objave","img":{"alt_text":"","src":"https:\/\/i2.wp.com\/astehshop.com\/wp-content\/uploads\/2024\/03\/poe-6-kan.jpg?fit=400%2C400&resize=350%2C200","width":350,"height":200},"classes":[]},{"id":11896,"url":"http:\/\/astehshop.com\/index.php\/product\/16-portni-poe-switch-uniview-unv-nsw2020-16t2gc-poe-in\/","url_meta":{"origin":11704,"position":3},"title":"16 portni POE switch UniView UNV NSW2020-16T2GC-POE-IN","date":"31. listopada 2025.","format":false,"excerpt":"\u2022 Vi\u0161estruki na\u010dini rada za zadovoljavanje va\u0161ih poslovnih potreba: Zadani (Normalni na\u010din rada), VLAN (Sigurni na\u010din rada), EXTEND (Na\u010din rada za nadzor) \u2022 Podr\u0161ka za kontrolu prometa portova \u2022 Podr\u0161ka za sigurni na\u010din rada, svi downlink portovi mogu komunicirati samo s uplink portovima \u2022 Domet prijenosa do 250 m u\u2026","rel":"","context":"Srodne objave","img":{"alt_text":"","src":"https:\/\/i2.wp.com\/astehshop.com\/wp-content\/uploads\/2025\/10\/NSW2020-16T2GC-POE-IN.png?fit=600%2C338&resize=350%2C200","width":350,"height":200},"classes":[]},{"id":11892,"url":"http:\/\/astehshop.com\/index.php\/product\/uniview-unv-poe-switch-4-2-porta-nsw2020-6t-poe-in\/","url_meta":{"origin":11704,"position":4},"title":"UniView UNV poe switch 4 + 2 porta NSW2020-6T-POE-IN","date":"31. listopada 2025.","format":false,"excerpt":"\u2022 Vi\u0161estruki na\u010dini rada za zadovoljavanje va\u0161ih poslovnih potreba: Zadani (Normalni na\u010din rada), EXTEND (Na\u010din nadzora) \u2022 Podr\u0161ka za kontrolu prometa portova \u2022 Domet prijenosa do 250 m u pro\u0161irenom na\u010dinu rada \u2022 Podr\u0161ka za optimizaciju me\u0111uspremnika \u2022 Ku\u0107i\u0161te od metala, sigurno i pouzdano","rel":"","context":"Srodne objave","img":{"alt_text":"","src":"https:\/\/i2.wp.com\/astehshop.com\/wp-content\/uploads\/2025\/10\/NSW2020-6T-POE-IN.png?fit=600%2C338&resize=350%2C200","width":350,"height":200},"classes":[]},{"id":9606,"url":"http:\/\/astehshop.com\/index.php\/product\/tiandy-poe-switch-42-tc-p3s06\/","url_meta":{"origin":11704,"position":5},"title":"Tiandy POE switch 4+2 TC-P3S06","date":"16. studenoga 2024.","format":false,"excerpt":"Tiandy 4-Port Fast Ethernet PoE Switch, 4*10\/100Mbps PoE Ports + 2*10\/100Mbps RJ45 Uplink Ports , PoE power maximum 55W, 220m extend PoE","rel":"","context":"Srodne objave","img":{"alt_text":"","src":"https:\/\/i1.wp.com\/astehshop.com\/wp-content\/uploads\/2024\/11\/TC-P3S06-scaled.jpg?fit=1200%2C596&resize=350%2C200","width":350,"height":200},"classes":[]}],"_links":{"self":[{"href":"http:\/\/astehshop.com\/index.php\/wp-json\/wp\/v2\/product\/11704"}],"collection":[{"href":"http:\/\/astehshop.com\/index.php\/wp-json\/wp\/v2\/product"}],"about":[{"href":"http:\/\/astehshop.com\/index.php\/wp-json\/wp\/v2\/types\/product"}],"replies":[{"embeddable":true,"href":"http:\/\/astehshop.com\/index.php\/wp-json\/wp\/v2\/comments?post=11704"}],"wp:featuredmedia":[{"embeddable":true,"href":"http:\/\/astehshop.com\/index.php\/wp-json\/wp\/v2\/media\/11705"}],"wp:attachment":[{"href":"http:\/\/astehshop.com\/index.php\/wp-json\/wp\/v2\/media?parent=11704"}],"wp:term":[{"taxonomy":"product_cat","embeddable":true,"href":"http:\/\/astehshop.com\/index.php\/wp-json\/wp\/v2\/product_cat?post=11704"},{"taxonomy":"product_tag","embeddable":true,"href":"http:\/\/astehshop.com\/index.php\/wp-json\/wp\/v2\/product_tag?post=11704"}],"curies":[{"name":"wp","href":"https:\/\/api.w.org\/{rel}","templated":true}]}}