{"id":11694,"date":"2025-08-24T14:24:04","date_gmt":"2025-08-24T12:24:04","guid":{"rendered":"http:\/\/astehshop.com\/?post_type=product&#038;p=11694"},"modified":"2026-01-14T18:02:03","modified_gmt":"2026-01-14T17:02:03","slug":"kingston-usb-memorija-dtxs-64gb-usb-3-2","status":"publish","type":"product","link":"http:\/\/astehshop.com\/index.php\/product\/kingston-usb-memorija-dtxs-64gb-usb-3-2\/","title":{"rendered":"Kingston USB Memorija DTXS 64GB USB 3.2"},"content":{"rendered":"<p>Model DTXS\/64GB, Kapacitet 64GB, Brzina \u010citanja\/Pisanja Podataka USB 3.2 G1, Dimensions: 57mm x 19mm x 11.8mm<\/p>\n<p>Za sve dodatne informacije mozete nas kontaktirati na\u00a0<strong>OLX poruke, 065824333 ili Viber<\/strong><\/p>\n<p>NUDIMO KUPOVINU NOVE ROBE NA RATE:<\/p>\n<p>-DO 18 RATA PREKO MIKROFIN KREDITNA ORGANIZACIJA<\/p>\n<p>-DO 12 RATA PREKO \u0160OPING KARTICE UNICREDIT BANK<\/p>\n<p>&nbsp;<\/p>\n<p>Trgovinska Radnja TECHNO SHOP BN<\/p>\n<p>Nikole Tesle 31a, Bijeljina<\/p>\n<p>(izme\u0111u Moja Apoteka i picerije Park Ne\u0161kovi\u0107)<\/p>\n<p>055\/422-599;\u00a0<strong><u>065\/824-333<\/u><\/strong><\/p>\n<p>Radnim danima 09-19h<\/p>\n<p>Subotom 09-16h<\/p>\n<p>www.technoshopbn.com<\/p>\n<p><a href=\"https:\/\/olx.ba\/artikal\/51187537\/gaming-racunar-pc-i5-10400f-16gb-gtx-1660-ti\">info@technoshopbn.com<\/a><\/p>\n","protected":false},"excerpt":{"rendered":"<p>Model DTXS\/64GB, Kapacitet 64GB, Brzina \u010citanja\/Pisanja Podataka USB 3.2 G1, Dimensions: 57mm x 19mm x 11.8mm<\/p>\n","protected":false},"featured_media":11695,"comment_status":"open","ping_status":"closed","template":"","meta":{"_mi_skip_tracking":false,"_exactmetrics_sitenote_active":false,"_exactmetrics_sitenote_note":"","_exactmetrics_sitenote_category":0,"spay_email":""},"product_cat":[8204],"product_tag":[],"brands":[{"id":8205,"name":"Kingston","slug":"kingston"}],"df_price":12,"df_sale_price":"","df_regular_price":12,"df_image_link":"https:\/\/i2.wp.com\/astehshop.com\/wp-content\/uploads\/2025\/08\/39263-Kingston-USB-Memorija-DataTraveler-Exodia-S-64GB-USB-32-1.webp?fit=450%2C450","jetpack_publicize_connections":[],"jetpack_sharing_enabled":true,"jetpack_likes_enabled":true,"jetpack-related-posts":[{"id":11687,"url":"http:\/\/astehshop.com\/index.php\/product\/kingston-usb-c-dt70-256gb-3-2\/","url_meta":{"origin":11694,"position":0},"title":"Kingston USB-C DT70 256GB 3.2","date":"24. kolovoza 2025.","format":false,"excerpt":"Interfejs:\u00a0USB 3.2 Gen 1 Kapacitet:\u00a0256GB Dizajn:\u00a0Kompaktan, prenosiv Kompatibilnost:\u00a0Windows, Mac OS, Linux, Chrome OS","rel":"","context":"Srodne objave","img":{"alt_text":"","src":"https:\/\/i0.wp.com\/astehshop.com\/wp-content\/uploads\/2025\/08\/39300-Kingston-USB-C-DT70-256GB-32-1.webp?fit=450%2C450&resize=350%2C200","width":350,"height":200},"classes":[]},{"id":11618,"url":"http:\/\/astehshop.com\/index.php\/product\/xiaomi-poco-c71-3gb-64gb\/","url_meta":{"origin":11694,"position":1},"title":"XIAOMI POCO C71 3GB 64GB","date":"21. kolovoza 2025.","format":false,"excerpt":"Brend:\u00a0Xiaomi Garancija:\u00a024 mjeseca Velicina ekrana:\u00a06.67\" Kamera:\u00a050MP\u00a0+ 5MP Baterija:\u00a06000mAh","rel":"","context":"Srodne objave","img":{"alt_text":"","src":"https:\/\/i0.wp.com\/astehshop.com\/wp-content\/uploads\/2025\/08\/xiaomi-poco-c71-3gb-64gb-black-eu.jpg?fit=400%2C400&resize=350%2C200","width":350,"height":200},"classes":[]},{"id":6728,"url":"http:\/\/astehshop.com\/index.php\/product\/memorijska-kartica-micro-sdxc-team-group-128gb-uhs-1\/","url_meta":{"origin":11694,"position":2},"title":"Memorijska kartica micro SDXC Team Group 128GB (UHS-1)","date":"19. studenoga 2022.","format":false,"excerpt":"Kapacitet memorije: 128 GB Klasa: UHS-1 Model: Micro SDXC - Ultra High Speed bus interface Brzina \u010ditanja \/ pisanja: do 80 \/ 15 MB \/ s Napon: 2.7 - 3.6 V Radna temperatura: od 0 \u00b0C do 70 \u00b0C Temperatura skladi\u0161tenja: od - 40 \u00b0C do 85 \u00b0C Certifikati: FCC,\u2026","rel":"","context":"Srodne objave","img":{"alt_text":"","src":"https:\/\/i0.wp.com\/astehshop.com\/wp-content\/uploads\/2022\/11\/medium_8262_0ba7212a95bb104efa05f55ce07062fctdh.png?fit=400%2C400&resize=350%2C200","width":350,"height":200},"classes":[]},{"id":11188,"url":"http:\/\/astehshop.com\/index.php\/product\/monitor-24-iiyama-prolite-xub2497hsn-b1-usb-c\/","url_meta":{"origin":11694,"position":3},"title":"MONITOR 24&#8243; IIYAMA ProLite XUB2497HSN-B1 USB-C","date":"18. srpnja 2025.","format":false,"excerpt":"Veli\u010dina ekrana: 24\" Tip panela: IPS Rezolucija: 1920\u00d71080 (Full HD) Osvjetljenje: 250 cd\/m\u00b2 Vrijeme odziva: 1 ms Brzina osvje\u017eenja: 100 Hz Priklju\u010dci: HDMI, DisplayPort, USB Type-C (Power Delivery 65W) USB hub: DP output, 3\u00d7USB 3.2 Type-A, USB Type-C, LAN Ugra\u0111eni zvu\u010dnici: 2\u00d72W","rel":"","context":"Srodne objave","img":{"alt_text":"","src":"https:\/\/i2.wp.com\/astehshop.com\/wp-content\/uploads\/2025\/07\/39063-24-IIYAMA-ProLite-XUB2497HSN-B1-USB-C-Display-3.webp?fit=450%2C450&resize=350%2C200","width":350,"height":200},"classes":[]},{"id":11249,"url":"http:\/\/astehshop.com\/index.php\/product\/monitor-27-hp-e27-g5-6n4e2aa\/","url_meta":{"origin":11694,"position":4},"title":"MONITOR 27&#8243; HP E27 G5 6N4E2AA","date":"21. srpnja 2025.","format":false,"excerpt":"Veli\u010dina ekrana:\u00a027\" Tip panela:\u00a0IPS Rezolucija:\u00a01920\u00d71080 (Full HD) Osvjetljenje:\u00a0300 cd\/m\u00b2 Vrijeme odziva:\u00a05 ms Brzina osvje\u017eenja:\u00a075 Hz Priklju\u010dci:\u00a0HDMI, DisplayPort, 4\u00d7USB 3.2, USB-B","rel":"","context":"Srodne objave","img":{"alt_text":"","src":"https:\/\/i2.wp.com\/astehshop.com\/wp-content\/uploads\/2025\/07\/35503-27-HP-E27-G5-6N4E2AA-Display-2.webp?fit=450%2C450&resize=350%2C200","width":350,"height":200},"classes":[]},{"id":10382,"url":"http:\/\/astehshop.com\/index.php\/product\/toshiba-1tb-external-hdd-2-5-usb-3-0\/","url_meta":{"origin":11694,"position":5},"title":"Toshiba 1TB External HDD 2.5&#8243; USB 3.0","date":"15. svibnja 2025.","format":false,"excerpt":"Toshiba 1TB External HDD\u00a02.5\" USB 3.0 1TB, 2.5\" external hard drive, Matt finish, SuperSpeed USB 3.2 Gen 1, USB-powered, Max. transfer rate ~ 5.0 Gbit\/s, Color Black","rel":"","context":"Srodne objave","img":{"alt_text":"","src":"https:\/\/i2.wp.com\/astehshop.com\/wp-content\/uploads\/2025\/05\/15931-Toshiba-Canvio-Basics-25-1TB-USB-30-ext-HDD-2.jpg?fit=450%2C450&resize=350%2C200","width":350,"height":200},"classes":[]}],"_links":{"self":[{"href":"http:\/\/astehshop.com\/index.php\/wp-json\/wp\/v2\/product\/11694"}],"collection":[{"href":"http:\/\/astehshop.com\/index.php\/wp-json\/wp\/v2\/product"}],"about":[{"href":"http:\/\/astehshop.com\/index.php\/wp-json\/wp\/v2\/types\/product"}],"replies":[{"embeddable":true,"href":"http:\/\/astehshop.com\/index.php\/wp-json\/wp\/v2\/comments?post=11694"}],"wp:featuredmedia":[{"embeddable":true,"href":"http:\/\/astehshop.com\/index.php\/wp-json\/wp\/v2\/media\/11695"}],"wp:attachment":[{"href":"http:\/\/astehshop.com\/index.php\/wp-json\/wp\/v2\/media?parent=11694"}],"wp:term":[{"taxonomy":"product_cat","embeddable":true,"href":"http:\/\/astehshop.com\/index.php\/wp-json\/wp\/v2\/product_cat?post=11694"},{"taxonomy":"product_tag","embeddable":true,"href":"http:\/\/astehshop.com\/index.php\/wp-json\/wp\/v2\/product_tag?post=11694"}],"curies":[{"name":"wp","href":"https:\/\/api.w.org\/{rel}","templated":true}]}}