{"id":11667,"date":"2025-08-24T13:33:02","date_gmt":"2025-08-24T11:33:02","guid":{"rendered":"http:\/\/astehshop.com\/?post_type=product&#038;p=11667"},"modified":"2025-08-24T13:33:03","modified_gmt":"2025-08-24T11:33:03","slug":"zvucnik-gigatech-bsk-510-8-inca","status":"publish","type":"product","link":"http:\/\/astehshop.com\/index.php\/product\/zvucnik-gigatech-bsk-510-8-inca\/","title":{"rendered":"ZVU\u010cNIK GIGATECH BSK-510 8 IN\u010cA"},"content":{"rendered":"<ul>\n<li><strong>Snaga:<\/strong>\u00a0140 W<\/li>\n<li><strong>Baterija:<\/strong>\u00a03000 mAh (do 6h rada)<\/li>\n<li><strong>Povezivanje:<\/strong>\u00a0BT \/ USB \/ TF \/ AUX \/ FM \/ TWS<\/li>\n<li><strong>Dodaci:<\/strong>\u00a0RGB LED, daljinski, wireless mikrofon<\/li>\n<li><strong>Dimenzije:<\/strong>\u00a0197 \u00d7 176 \u00d7 310 mm<\/li>\n<li><strong>Te\u017eina:<\/strong>\u00a02,8 kg<\/li>\n<\/ul>\n<p>Za sve dodatne informacije mozete nas kontaktirati na\u00a0<strong>OLX poruke, 065824333 ili Viber<\/strong><\/p>\n<p>NUDIMO KUPOVINU NOVE ROBE NA RATE:<\/p>\n<p>-DO 18 RATA PREKO MIKROFIN KREDITNA ORGANIZACIJA<\/p>\n<p>-DO 12 RATA PREKO \u0160OPING KARTICE UNICREDIT BANK<\/p>\n<p>&nbsp;<\/p>\n<p>Trgovinska Radnja TECHNO SHOP BN<\/p>\n<p>Nikole Tesle 31a, Bijeljina<\/p>\n<p>(izme\u0111u Moja Apoteka i picerije Park Ne\u0161kovi\u0107)<\/p>\n<p>055\/422-599;\u00a0<strong><u>065\/824-333<\/u><\/strong><\/p>\n<p>Radnim danima 09-19h<\/p>\n<p>Subotom 09-16h<\/p>\n<p>www.technoshopbn.com<\/p>\n<p><a href=\"https:\/\/olx.ba\/artikal\/51187537\/gaming-racunar-pc-i5-10400f-16gb-gtx-1660-ti\">info@technoshopbn.com<\/a><\/p>\n","protected":false},"excerpt":{"rendered":"<ul>\n<li><strong>Snaga:<\/strong>\u00a0140 W<\/li>\n<li><strong>Baterija:<\/strong>\u00a03000 mAh (do 6h rada)<\/li>\n<li><strong>Povezivanje:<\/strong>\u00a0BT \/ USB \/ TF \/ AUX \/ FM \/ TWS<\/li>\n<li><strong>Dodaci:<\/strong>\u00a0RGB LED, daljinski, wireless mikrofon<\/li>\n<li><strong>Dimenzije:<\/strong>\u00a0197 \u00d7 176 \u00d7 310 mm<\/li>\n<li><strong>Te\u017eina:<\/strong>\u00a02,8 kg<\/li>\n<\/ul>\n","protected":false},"featured_media":11668,"comment_status":"open","ping_status":"closed","template":"","meta":{"_mi_skip_tracking":false,"_exactmetrics_sitenote_active":false,"_exactmetrics_sitenote_note":"","_exactmetrics_sitenote_category":0,"spay_email":""},"product_cat":[5749],"product_tag":[],"brands":[{"id":8202,"name":"Gigatech","slug":"gigatech"}],"df_price":149,"df_sale_price":"","df_regular_price":149,"df_image_link":"https:\/\/i2.wp.com\/astehshop.com\/wp-content\/uploads\/2025\/08\/BSK-510_5084.png?fit=450%2C450","jetpack_publicize_connections":[],"jetpack_sharing_enabled":true,"jetpack_likes_enabled":true,"jetpack-related-posts":[{"id":6448,"url":"http:\/\/astehshop.com\/index.php\/product\/solarni-prijenosni-set-green-tech-sps-300-fm-tf-bluetooth-usb\/","url_meta":{"origin":11667,"position":0},"title":"Solarni prijenosni set Green Tech SPS-300, FM, TF, Bluetooth, USB","date":"23. listopada 2022.","format":false,"excerpt":"LED: Snaga: 3 W + 3 W + 3 W \/ LED \u017earulje uklju\u010dene u pakiranje Boja svjetlosti: 4000 K Napon: AC 85 - 265 V \/ 50 - 60 Hz FLUX: 300 lm LED diode: SMD Kut svjetlosti: 120 \u00b0 UGR: < 19 Radni vijek: 20 000 radnih sati\u2026","rel":"","context":"Srodne objave","img":{"alt_text":"","src":"https:\/\/i0.wp.com\/astehshop.com\/wp-content\/uploads\/2022\/10\/7937_bf9df51dc75f5892c0b67bfbdb43f6f85av.png?fit=800%2C800&resize=350%2C200","width":350,"height":200},"classes":[]},{"id":7756,"url":"http:\/\/astehshop.com\/index.php\/product\/led-traka-green-tech-2m-usb-daljinski-72-w-m-5050-30-led-m-rgb-ip20\/","url_meta":{"origin":11667,"position":1},"title":"LED traka Green Tech 2m, USB + daljinski, 7,2 W\/m, 5050, 30 LED\/m, RGB, IP20","date":"13. svibnja 2023.","format":false,"excerpt":"Snaga: 7,2 W \/ m Boja svjetlosti: RGB Napon: DC 5 V LED diode: San`an 5050 \/ 30 komada po metru IP za\u0161tita: IP20 FLUX: 66 lm \/ m Duljina LED trake: 2 metra Radni vijek: 20 000 radnih sati Certifikati: CE, FCC, RoHs Neto te\u017eina: 0,075 kg Bruto te\u017eina:\u2026","rel":"","context":"Srodne objave","img":{"alt_text":"","src":"https:\/\/i2.wp.com\/astehshop.com\/wp-content\/uploads\/2023\/05\/LSU-USB2M_3786.png?fit=800%2C800&resize=350%2C200","width":350,"height":200},"classes":[]},{"id":6533,"url":"http:\/\/astehshop.com\/index.php\/product\/auto-radio-4-x-45w-bluetooth-fm-usb-sd-auxdaljinski-vb-4000\/","url_meta":{"origin":11667,"position":2},"title":"Auto radio, 4 X 45W, Bluetooth, FM, USB \/ SD \/ AUX,daljinski VB 4000","date":"13. studenoga 2022.","format":false,"excerpt":"Auto radio sa daljinskim upravlja\u010dem, 4 x 45 W, be\u017ei\u010dna Bluetooth veza, vanjski mikrofon ( kabel 1.8 met. ), HandFree funkcija, prikaz broja pozivatelja na display-u, automatsko prebacivanje moda rada pri uspostavi poziva, FM radio, 18 memorijskih mjesta za radio frekvencije, manualno ili automatsko pretra\u017eivanje, RDS, MP3 player, ID3 tag,\u2026","rel":"","context":"Srodne objave","img":{"alt_text":"","src":"https:\/\/i0.wp.com\/astehshop.com\/wp-content\/uploads\/2022\/11\/VB-4000-jpg.jpg?fit=1200%2C1049&resize=350%2C200","width":350,"height":200},"classes":[]},{"id":6385,"url":"http:\/\/astehshop.com\/index.php\/product\/fm-modulator-e62bluetooth\/","url_meta":{"origin":11667,"position":3},"title":"FM modulator  E62,Bluetooth","date":"30. rujna 2022.","format":false,"excerpt":"E62 Brzi, auto punja\u010d, BT v5.0, FM transmiter, s USB QC 18W i Type-C PD 20W izlazom FM modulator (Transmitter), be\u017ei\u010dno povezivanje na bilo koji auto radio (87,5 - 108 MHz), Bluetooth veza za telefon v 5.0 - Handsfree , Bluetooth stereo reprodukcija glazbe, MP3, WMA reprodukcija, reprodukcija sa USB-a\u2026","rel":"","context":"Srodne objave","img":{"alt_text":"","src":"https:\/\/i1.wp.com\/astehshop.com\/wp-content\/uploads\/2022\/09\/FM-modulator-E62Bluetooth.png?fit=1162%2C1200&resize=350%2C200","width":350,"height":200},"classes":[]},{"id":8050,"url":"http:\/\/astehshop.com\/index.php\/product\/bluetooth-zvucnik-2-bezicna-mikrofona-k5-15\/","url_meta":{"origin":11667,"position":4},"title":"BLUETOOTH ZVU\u010cNIK +2 BE\u017dI\u010cNA MIKROFONA K5-15","date":"13. kolovoza 2023.","format":false,"excerpt":"UZ ZVU\u010cNIK DOLAZI: -2 BE\u017dI\u010cNA MIKROFONA - DALJINSKI - LED OSVJETLJENJE, - USB ULAZ - SD CARD - FM RADIO - BLUETOOTH - AUX IN - MOGU\u0106NOST PRIKLJU\u010cIVANJA GITARE - Zvu\u010dnik ima svoj integrisan akumulator, vrijeme rada na akumulatoru 10h, - Punjenje preko priklju\u010dak adapter . - Mogu\u0107e pu\u0161tanje muzike\/matrica\u2026","rel":"","context":"Srodne objave","img":{"alt_text":"","src":"https:\/\/i1.wp.com\/astehshop.com\/wp-content\/uploads\/2023\/08\/k5-15.jpg?fit=1198%2C1200&resize=350%2C200","width":350,"height":200},"classes":[]},{"id":8046,"url":"http:\/\/astehshop.com\/index.php\/product\/bluetooth-zvucnik-12-inca-1-bezicni-mikrofon-karaoke\/","url_meta":{"origin":11667,"position":5},"title":"BLUETOOTH ZVU\u010cNIK 12 INCA +1 BE\u017dI\u010cNI MIKROFON karaoke","date":"13. kolovoza 2023.","format":false,"excerpt":"UZ ZVU\u010cNIK DOLAZI: - 1 BE\u017dI\u010cNI MIKROFON - DALJINSKI - LED OSVJETLJENJE, - USB ULAZ - SD CARD - FM RADIO - BLUETOOTH - AUX IN - MOGU\u0106NOST PRIKLJU\u010cIVANJA GITARE","rel":"","context":"Srodne objave","img":{"alt_text":"","src":"https:\/\/i2.wp.com\/astehshop.com\/wp-content\/uploads\/2023\/08\/k3-12.jpg?fit=1010%2C1068&resize=350%2C200","width":350,"height":200},"classes":[]}],"_links":{"self":[{"href":"http:\/\/astehshop.com\/index.php\/wp-json\/wp\/v2\/product\/11667"}],"collection":[{"href":"http:\/\/astehshop.com\/index.php\/wp-json\/wp\/v2\/product"}],"about":[{"href":"http:\/\/astehshop.com\/index.php\/wp-json\/wp\/v2\/types\/product"}],"replies":[{"embeddable":true,"href":"http:\/\/astehshop.com\/index.php\/wp-json\/wp\/v2\/comments?post=11667"}],"wp:featuredmedia":[{"embeddable":true,"href":"http:\/\/astehshop.com\/index.php\/wp-json\/wp\/v2\/media\/11668"}],"wp:attachment":[{"href":"http:\/\/astehshop.com\/index.php\/wp-json\/wp\/v2\/media?parent=11667"}],"wp:term":[{"taxonomy":"product_cat","embeddable":true,"href":"http:\/\/astehshop.com\/index.php\/wp-json\/wp\/v2\/product_cat?post=11667"},{"taxonomy":"product_tag","embeddable":true,"href":"http:\/\/astehshop.com\/index.php\/wp-json\/wp\/v2\/product_tag?post=11667"}],"curies":[{"name":"wp","href":"https:\/\/api.w.org\/{rel}","templated":true}]}}