{"id":11645,"date":"2025-08-21T20:56:13","date_gmt":"2025-08-21T18:56:13","guid":{"rendered":"http:\/\/astehshop.com\/?post_type=product&#038;p=11645"},"modified":"2025-08-21T20:56:15","modified_gmt":"2025-08-21T18:56:15","slug":"agfa-baterija-zinc-carbon-aaa-1-5v","status":"publish","type":"product","link":"http:\/\/astehshop.com\/index.php\/product\/agfa-baterija-zinc-carbon-aaa-1-5v\/","title":{"rendered":"AGFA BATERIJA ZINC-CARBON AAA 1.5V"},"content":{"rendered":"<ul>\n<li>Zinc-Carbon baterije za osnovne elektronske ure\u0111aje<\/li>\n<li>Idealne za daljinske upravlja\u010de, satove, igra\u010dke i sli\u010dno<\/li>\n<li>Paket sadr\u017ei 4 komada<\/li>\n<li>Napon: 1.5V Tip: AAA \/ LR3<\/li>\n<li>Pouzdana marka \u2014 AgfaPhoto garantuje stabilne performanse<\/li>\n<\/ul>\n<p><u><\/u>Za sve dodatne informacije mozete nas kontaktirati na\u00a0<strong>OLX poruke, 065824333 ili Viber<\/strong><\/p>\n<p>NUDIMO KUPOVINU NOVE ROBE NA RATE:<\/p>\n<p>-DO 18 RATA PREKO MIKROFIN KREDITNA ORGANIZACIJA<\/p>\n<p>-DO 12 RATA PREKO \u0160OPING KARTICE UNICREDIT BANK<\/p>\n<p>&nbsp;<\/p>\n<p>Trgovinska Radnja TECHNO SHOP BN<\/p>\n<p>Nikole Tesle 31a, Bijeljina<\/p>\n<p>(izme\u0111u Moja Apoteka i picerije Park Ne\u0161kovi\u0107)<\/p>\n<p>055\/422-599;\u00a0<strong><u>065\/824-333<\/u><\/strong><\/p>\n<p>Radnim danima 09-19h<\/p>\n<p>Subotom 09-16h<\/p>\n<p>www.technoshopbn.com<\/p>\n<p><a href=\"https:\/\/olx.ba\/artikal\/51187537\/gaming-racunar-pc-i5-10400f-16gb-gtx-1660-ti\">info@technoshopbn.com<\/a><\/p>\n","protected":false},"excerpt":{"rendered":"<ul>\n<li>Zinc-Carbon baterije za osnovne elektronske ure\u0111aje<\/li>\n<li>Idealne za daljinske upravlja\u010de, satove, igra\u010dke i sli\u010dno<\/li>\n<li>Paket sadr\u017ei 4 komada<\/li>\n<li>Napon: 1.5V Tip: AAA \/ LR3<\/li>\n<li>Pouzdana marka \u2014 AgfaPhoto garantuje stabilne performanse<\/li>\n<\/ul>\n","protected":false},"featured_media":11646,"comment_status":"open","ping_status":"closed","template":"","meta":{"_mi_skip_tracking":false,"_exactmetrics_sitenote_active":false,"_exactmetrics_sitenote_note":"","_exactmetrics_sitenote_category":0,"spay_email":""},"product_cat":[8197],"product_tag":[],"brands":[],"df_price":1,"df_sale_price":"","df_regular_price":1,"df_image_link":"https:\/\/i1.wp.com\/astehshop.com\/wp-content\/uploads\/2025\/08\/7457_17455668908yfp24i5m7.png?fit=450%2C450","jetpack_publicize_connections":[],"jetpack_sharing_enabled":true,"jetpack_likes_enabled":true,"jetpack-related-posts":[{"id":11362,"url":"http:\/\/astehshop.com\/index.php\/product\/punjive-baterije-esperanza-rechargeable-ni-mh-aaa-1000mah-2kom\/","url_meta":{"origin":11645,"position":0},"title":"Punjive baterije ESPERANZA RECHARGEABLE Ni-MH AAA 1000MAH 2kom.","date":"23. srpnja 2025.","format":false,"excerpt":"Za sve dodatne informacije mozete nas kontaktirati na\u00a0OLX poruke, 065824333 ili Viber \u00a0 NUDIMO KUPOVINU NOVE ROBE NA RATE: -DO 18 RATA PREKO MIKROFIN KREDITNA ORGANIZACIJA -DO 12 RATA PREKO \u0160OPING KARTICE UNICREDIT BANK \u00a0 Trgovinska Radnja TECHNO SHOP BN Nikole Tesle 31a, Bijeljina (izme\u0111u Moja Apoteka i picerije Park\u2026","rel":"","context":"Srodne objave","img":{"alt_text":"","src":"https:\/\/i0.wp.com\/astehshop.com\/wp-content\/uploads\/2025\/07\/0087495_punjive-baterije-esperanza-rechargeable-ni-mh-aaa-1000mah-2kom-white-eza101w_550-1.jpeg?fit=550%2C550&resize=350%2C200","width":350,"height":200},"classes":[]},{"id":4830,"url":"http:\/\/astehshop.com\/index.php\/product\/nedis-lazna-kamera-dumcd30wt\/","url_meta":{"origin":11645,"position":1},"title":"NEDIS La\u017ena Kamera DUMCD30WT","date":"27. rujna 2020.","format":false,"excerpt":"La\u017ena unutarnja kamera slu\u017ei za odvra\u0107anje uljeza. Ima profesionalni dizajn, sadr\u017ei ugra\u0111eni IR i LED diodu koja treperi a kameru je montirati. Zna\u010dajke \u2022 Vrlo realan dizajn \u2022 Jednostavna instalacija Sadr\u017eaj paketa La\u017ena kamera Instalacijski materijali Priru\u010dnik Specifikacije proizvoda Boja Bijela Dizajn kamere Dome Tip baterije 3x AAA \/ R03\u2026","rel":"","context":"Srodne objave","img":{"alt_text":"","src":"https:\/\/i0.wp.com\/astehshop.com\/wp-content\/uploads\/2020\/09\/DUMCD30WT.jpg?fit=400%2C400&resize=350%2C200","width":350,"height":200},"classes":[]},{"id":11360,"url":"http:\/\/astehshop.com\/index.php\/product\/gembird-punjive-baterije-nimh-aaa-2kom-1000mah-eg-ba-aaa10-01\/","url_meta":{"origin":11645,"position":2},"title":"Gembird punjive baterije NiMH AAA 2kom 1000mAh EG-BA-AAA10-01","date":"23. srpnja 2025.","format":false,"excerpt":"Za sve dodatne informacije mozete nas kontaktirati na\u00a0OLX poruke, 065824333 ili Viber \u00a0 NUDIMO KUPOVINU NOVE ROBE NA RATE: -DO 18 RATA PREKO MIKROFIN KREDITNA ORGANIZACIJA -DO 12 RATA PREKO \u0160OPING KARTICE UNICREDIT BANK \u00a0 Trgovinska Radnja TECHNO SHOP BN Nikole Tesle 31a, Bijeljina (izme\u0111u Moja Apoteka i picerije Park\u2026","rel":"","context":"Srodne objave","img":{"alt_text":"","src":"https:\/\/i1.wp.com\/astehshop.com\/wp-content\/uploads\/2025\/07\/0084162_gembird-punjive-baterije-nimh-aaa-2kom-1000mah-eg-ba-aaa10-01.jpeg?fit=450%2C450&resize=350%2C200","width":350,"height":200},"classes":[]},{"id":11635,"url":"http:\/\/astehshop.com\/index.php\/product\/baterija-alkalna-aaa-lr03-24-intenso\/","url_meta":{"origin":11645,"position":3},"title":"BATERIJA ALKALNA AAA LR03-24 INTENSO","date":"21. kolovoza 2025.","format":false,"excerpt":"Za sve dodatne informacije mozete nas kontaktirati na\u00a0OLX poruke, 065824333 ili Viber NUDIMO KUPOVINU NOVE ROBE NA RATE: -DO 18 RATA PREKO MIKROFIN KREDITNA ORGANIZACIJA -DO 12 RATA PREKO \u0160OPING KARTICE UNICREDIT BANK \u00a0 Trgovinska Radnja TECHNO SHOP BN Nikole Tesle 31a, Bijeljina (izme\u0111u Moja Apoteka i picerije Park Ne\u0161kovi\u0107)\u2026","rel":"","context":"Srodne objave","img":{"alt_text":"","src":"https:\/\/i0.wp.com\/astehshop.com\/wp-content\/uploads\/2025\/08\/Intenso-alkalne-baterije-AA-LR6.webp?fit=1200%2C1200&resize=350%2C200","width":350,"height":200},"classes":[]},{"id":11647,"url":"http:\/\/astehshop.com\/index.php\/product\/baterija-alkalna-aaa-lr03-24-intenso-2\/","url_meta":{"origin":11645,"position":4},"title":"BATERIJA ALKALNA AAA LR03-24 INTENSO","date":"21. kolovoza 2025.","format":false,"excerpt":"Za sve dodatne informacije mozete nas kontaktirati na\u00a0OLX poruke, 065824333 ili Viber NUDIMO KUPOVINU NOVE ROBE NA RATE: -DO 18 RATA PREKO MIKROFIN KREDITNA ORGANIZACIJA -DO 12 RATA PREKO \u0160OPING KARTICE UNICREDIT BANK \u00a0 Trgovinska Radnja TECHNO SHOP BN Nikole Tesle 31a, Bijeljina (izme\u0111u Moja Apoteka i picerije Park Ne\u0161kovi\u0107)\u2026","rel":"","context":"Srodne objave","img":{"alt_text":"","src":"https:\/\/i2.wp.com\/astehshop.com\/wp-content\/uploads\/2025\/08\/Intenso-alkalne-baterije-AA-LR6-1.webp?fit=1200%2C1200&resize=350%2C200","width":350,"height":200},"classes":[]},{"id":11637,"url":"http:\/\/astehshop.com\/index.php\/product\/baterija-alkalna-aa-lr6-10-1-5v-na\/","url_meta":{"origin":11645,"position":5},"title":"BATERIJA ALKALNA AA LR6-10 1.5V NA","date":"21. kolovoza 2025.","format":false,"excerpt":"Za sve dodatne informacije mozete nas kontaktirati na\u00a0OLX poruke, 065824333 ili Viber NUDIMO KUPOVINU NOVE ROBE NA RATE: -DO 18 RATA PREKO MIKROFIN KREDITNA ORGANIZACIJA -DO 12 RATA PREKO \u0160OPING KARTICE UNICREDIT BANK \u00a0 Trgovinska Radnja TECHNO SHOP BN Nikole Tesle 31a, Bijeljina (izme\u0111u Moja Apoteka i picerije Park Ne\u0161kovi\u0107)\u2026","rel":"","context":"Srodne objave","img":{"alt_text":"","src":"https:\/\/i2.wp.com\/astehshop.com\/wp-content\/uploads\/2025\/08\/12491_1686228748lg76528zno.png?fit=1200%2C1200&resize=350%2C200","width":350,"height":200},"classes":[]}],"_links":{"self":[{"href":"http:\/\/astehshop.com\/index.php\/wp-json\/wp\/v2\/product\/11645"}],"collection":[{"href":"http:\/\/astehshop.com\/index.php\/wp-json\/wp\/v2\/product"}],"about":[{"href":"http:\/\/astehshop.com\/index.php\/wp-json\/wp\/v2\/types\/product"}],"replies":[{"embeddable":true,"href":"http:\/\/astehshop.com\/index.php\/wp-json\/wp\/v2\/comments?post=11645"}],"wp:featuredmedia":[{"embeddable":true,"href":"http:\/\/astehshop.com\/index.php\/wp-json\/wp\/v2\/media\/11646"}],"wp:attachment":[{"href":"http:\/\/astehshop.com\/index.php\/wp-json\/wp\/v2\/media?parent=11645"}],"wp:term":[{"taxonomy":"product_cat","embeddable":true,"href":"http:\/\/astehshop.com\/index.php\/wp-json\/wp\/v2\/product_cat?post=11645"},{"taxonomy":"product_tag","embeddable":true,"href":"http:\/\/astehshop.com\/index.php\/wp-json\/wp\/v2\/product_tag?post=11645"}],"curies":[{"name":"wp","href":"https:\/\/api.w.org\/{rel}","templated":true}]}}