{"id":11641,"date":"2025-08-21T20:51:52","date_gmt":"2025-08-21T18:51:52","guid":{"rendered":"http:\/\/astehshop.com\/?post_type=product&#038;p=11641"},"modified":"2025-08-21T20:51:54","modified_gmt":"2025-08-21T18:51:54","slug":"platno-za-projektor-200-x-200-cm-sa-stalkom","status":"publish","type":"product","link":"http:\/\/astehshop.com\/index.php\/product\/platno-za-projektor-200-x-200-cm-sa-stalkom\/","title":{"rendered":"PLATNO ZA PROJEKTOR 200 X 200 CM SA STALKOM"},"content":{"rendered":"<ul>\n<li>Bijela neprozirna povr\u0161ina sa crnim ivicama -&gt; odli\u010dan kontrast<\/li>\n<li>Stabilan metalni stativ, rotacija 360\u00b0, podesiva visina<\/li>\n<li>Format slike 1:1, ugao gledanja 160\u00b0<\/li>\n<li>Brzo sklapanje i lako prenosivo<\/li>\n<li>Idealno za prezentacije, edukaciju i ku\u0107nu upotrebu<\/li>\n<\/ul>\n<p><u><\/u>Za sve dodatne informacije mozete nas kontaktirati na\u00a0<strong>OLX poruke, 065824333 ili Viber<\/strong><\/p>\n<p>NUDIMO KUPOVINU NOVE ROBE NA RATE:<\/p>\n<p>-DO 18 RATA PREKO MIKROFIN KREDITNA ORGANIZACIJA<\/p>\n<p>-DO 12 RATA PREKO \u0160OPING KARTICE UNICREDIT BANK<\/p>\n<p>&nbsp;<\/p>\n<p>Trgovinska Radnja TECHNO SHOP BN<\/p>\n<p>Nikole Tesle 31a, Bijeljina<\/p>\n<p>(izme\u0111u Moja Apoteka i picerije Park Ne\u0161kovi\u0107)<\/p>\n<p>055\/422-599;\u00a0<strong><u>065\/824-333<\/u><\/strong><\/p>\n<p>Radnim danima 09-19h<\/p>\n<p>Subotom 09-16h<\/p>\n<p>www.technoshopbn.com<\/p>\n<p><a href=\"https:\/\/olx.ba\/artikal\/51187537\/gaming-racunar-pc-i5-10400f-16gb-gtx-1660-ti\">info@technoshopbn.com<\/a><\/p>\n","protected":false},"excerpt":{"rendered":"<ul>\n<li>Bijela neprozirna povr\u0161ina sa crnim ivicama -&gt; odli\u010dan kontrast<\/li>\n<li>Stabilan metalni stativ, rotacija 360\u00b0, podesiva visina<\/li>\n<li>Format slike 1:1, ugao gledanja 160\u00b0<\/li>\n<li>Brzo sklapanje i lako prenosivo<\/li>\n<li>Idealno za prezentacije, edukaciju i ku\u0107nu upotrebu<\/li>\n<\/ul>\n","protected":false},"featured_media":11642,"comment_status":"open","ping_status":"closed","template":"","meta":{"_mi_skip_tracking":false,"_exactmetrics_sitenote_active":false,"_exactmetrics_sitenote_note":"","_exactmetrics_sitenote_category":0,"spay_email":""},"product_cat":[8198],"product_tag":[],"brands":[],"df_price":259,"df_sale_price":"","df_regular_price":259,"df_image_link":"https:\/\/i0.wp.com\/astehshop.com\/wp-content\/uploads\/2025\/08\/17997_168625099721dhpmoyg5.png?fit=450%2C450","jetpack_publicize_connections":[],"jetpack_sharing_enabled":true,"jetpack_likes_enabled":true,"jetpack-related-posts":[{"id":6593,"url":"http:\/\/astehshop.com\/index.php\/product\/xiaomi-mi-home-secutiry-camera-360-1080p\/","url_meta":{"origin":11641,"position":0},"title":"Xiaomi Mi Home Secutiry Camera 360 1080P","date":"17. studenoga 2022.","format":false,"excerpt":"Kamera sa WiFi vezom, no\u0107ni vid, detekcija pokreta, PIR senzor, ugra\u0111eni mikrofon, ugra\u0111eni zvu\u010dnik, cloud platforma i bidirekcioni zvuk, rezolucija 1920 \u00d7 1080 px, ugao gledanja 360\u00b0, rotacija max. do 9 m, microSD kartice max. 32 GB, aplikacija za Android i iOS.","rel":"","context":"Srodne objave","img":{"alt_text":"","src":"https:\/\/i1.wp.com\/astehshop.com\/wp-content\/uploads\/2022\/11\/xiaomi-mi-home-secutiry-camera-360-1080p.jpg?fit=800%2C800&resize=350%2C200","width":350,"height":200},"classes":[]},{"id":11141,"url":"http:\/\/astehshop.com\/index.php\/product\/stativ-tripod-selfie-stap-za-mobitel-do-7-daljinski-bluetooth\/","url_meta":{"origin":11641,"position":1},"title":"Stativ tripod selfie stap za mobitel do 7&#8243; + daljinski bluetooth","date":"17. srpnja 2025.","format":false,"excerpt":"Stativ tripod selfie stap za mobitel do 7\" + daljinski bluetooth BOROFONE BY11 Happy live broadcast black","rel":"","context":"Srodne objave","img":{"alt_text":"","src":"https:\/\/i2.wp.com\/astehshop.com\/wp-content\/uploads\/2025\/07\/0127103_stativ-tripod-selfie-stap-za-mobitel-do-7-daljinski-bluetooth-borofone-by11-happy-live-broadcast-bla.png?fit=900%2C900&resize=350%2C200","width":350,"height":200},"classes":[]},{"id":9420,"url":"http:\/\/astehshop.com\/index.php\/product\/imou-kamera-cruiser-dual-8mp-53-ipc-s7xp-8m0wed\/","url_meta":{"origin":11641,"position":2},"title":"IMOU KAMERA Cruiser DUAL 8MP (5+3) IPC-S7XP-8M0WED","date":"23. lipnja 2024.","format":false,"excerpt":"rezolucija: 3MPx + 5MPx broj kadrova u sekundi: 15 video kompresija: H.265 \/ H.264 Objektiv od 3,6 mm fiksne \u017ei\u017ene daljine:\u00a0\u00a01\/2,8\" progresivni CMOS 3MPX (2304x1296); no\u0107na vidljivost - 30 m (na otvorenom terenu); ugao gledanja: 88\u00b0 (vertikalno), 45\u00b0 (horizontalno), 107\u00b0 (dijagonalno) rotiraju\u0107e so\u010divo:\u00a0\u00a01\/3\" progresivni CMOS 5MPX (2880x1620); no\u0107na vidljivost -\u2026","rel":"","context":"Srodne objave","img":{"alt_text":"","src":"https:\/\/i1.wp.com\/astehshop.com\/wp-content\/uploads\/2024\/06\/imou-cruiser-dual-ip-camera-3mp-5mp-ipc-s7xp-8m0wed-0360b-imou.png?fit=1200%2C1131&resize=350%2C200","width":350,"height":200},"classes":[]},{"id":6614,"url":"http:\/\/astehshop.com\/index.php\/product\/xiaomi-mi-27-desktop-monitor-eu\/","url_meta":{"origin":11641,"position":3},"title":"Xiaomi Mi 27 Desktop Monitor EU","date":"17. studenoga 2022.","format":false,"excerpt":"Profesionalno iskustvo gledanja! Mi Desktop Monitor 27\" ima izvanrednu\u00a0IPS tehnologiju visoke rezolucije. Kristalno \u010dista slika uz monitorov 100% na sRGB ljestvici boja, stvara izuzetnu kvalitetu slike kojom mo\u017eete ostvariti \u017eivopisni do\u017eivljaj gledanja. S\u00a0ugra\u0111enim na\u010dinom rada pri slabom plavom svjetlu, zaslon je ugodan za va\u0161e o\u010di i omogu\u0107uje\u00a0du\u017ei rad bez iscrpljenosti\u2026","rel":"","context":"Srodne objave","img":{"alt_text":"","src":"https:\/\/i0.wp.com\/astehshop.com\/wp-content\/uploads\/2022\/11\/Xiaomi-Mi-27-Desktop-Monitor-EU.jpg?fit=800%2C800&resize=350%2C200","width":350,"height":200},"classes":[]},{"id":6057,"url":"http:\/\/astehshop.com\/index.php\/product\/sa-220-magnetni-kontakt-za-metalna-vrata\/","url_meta":{"origin":11641,"position":4},"title":"SA-220 Magnetni kontakt za metalna vrata","date":"14. velja\u010de 2022.","format":false,"excerpt":"Metalni kontakt kotrljaju\u0107i i za metalna vrata sa kablom u blindiranoj cevi, Veli\u010dina: 106x38x10mm, Radni razmak maks. 75mm","rel":"","context":"Srodne objave","img":{"alt_text":"","src":"https:\/\/i0.wp.com\/astehshop.com\/wp-content\/uploads\/2022\/02\/SA-220.png?fit=600%2C569&resize=350%2C200","width":350,"height":200},"classes":[]},{"id":9288,"url":"http:\/\/astehshop.com\/index.php\/product\/elektricni-romobil-skuter-do-80-kg-sa-cicom-max-brzina-18-km-h\/","url_meta":{"origin":11641,"position":5},"title":"Elektri\u010dni romobil skuter do 80 KG sa cicom max brzina 18 km\/h","date":"3. svibnja 2024.","format":false,"excerpt":"MAKSIMALNA BRZINA DO 18 km\/h MAKSIMALAN NAGIB DO 5% DOMET DO 10 KILOMETARA (u idealnim uslovima) SNAGA 120W PODESIVA VISINA CICA I VOLANA","rel":"","context":"Srodne objave","img":{"alt_text":"","src":"https:\/\/i2.wp.com\/astehshop.com\/wp-content\/uploads\/2024\/05\/img-1709812677-04b8c7a30129-removebg-preview-1.png?fit=451%2C481&resize=350%2C200","width":350,"height":200},"classes":[]}],"_links":{"self":[{"href":"http:\/\/astehshop.com\/index.php\/wp-json\/wp\/v2\/product\/11641"}],"collection":[{"href":"http:\/\/astehshop.com\/index.php\/wp-json\/wp\/v2\/product"}],"about":[{"href":"http:\/\/astehshop.com\/index.php\/wp-json\/wp\/v2\/types\/product"}],"replies":[{"embeddable":true,"href":"http:\/\/astehshop.com\/index.php\/wp-json\/wp\/v2\/comments?post=11641"}],"wp:featuredmedia":[{"embeddable":true,"href":"http:\/\/astehshop.com\/index.php\/wp-json\/wp\/v2\/media\/11642"}],"wp:attachment":[{"href":"http:\/\/astehshop.com\/index.php\/wp-json\/wp\/v2\/media?parent=11641"}],"wp:term":[{"taxonomy":"product_cat","embeddable":true,"href":"http:\/\/astehshop.com\/index.php\/wp-json\/wp\/v2\/product_cat?post=11641"},{"taxonomy":"product_tag","embeddable":true,"href":"http:\/\/astehshop.com\/index.php\/wp-json\/wp\/v2\/product_tag?post=11641"}],"curies":[{"name":"wp","href":"https:\/\/api.w.org\/{rel}","templated":true}]}}