{"id":11631,"date":"2025-08-21T20:39:53","date_gmt":"2025-08-21T18:39:53","guid":{"rendered":"http:\/\/astehshop.com\/?post_type=product&#038;p=11631"},"modified":"2025-08-21T20:39:54","modified_gmt":"2025-08-21T18:39:54","slug":"xiaomi-outdoor-camera-base","status":"publish","type":"product","link":"http:\/\/astehshop.com\/index.php\/product\/xiaomi-outdoor-camera-base\/","title":{"rendered":"XIAOMI OUTDOOR CAMERA BASE"},"content":{"rendered":"<ul>\n<li><strong>Kompatibilnost:<\/strong>\u00a0Xiaomi Outdoor Camera BW300 \/ BW500<\/li>\n<li><strong>Povezivanje:<\/strong>\u00a0Wi-Fi 2.4GHz (IEEE 802.11b\/g\/n) + RJ45 LAN<\/li>\n<li><strong>Podr\u017eane kamere:<\/strong>\u00a0Do 4 istovremeno<\/li>\n<li><strong>Skladi\u0161tenje:<\/strong>\u00a0microSD (16\u2013256GB) + Cloud opcija<\/li>\n<li><strong>Sigurnost:<\/strong>\u00a0MJA1 sigurnosni \u010dip + AES-128 enkripcija<\/li>\n<li><strong>Pametne funkcije:<\/strong>\u00a0AI detekcija pokreta + alarm obavijesti<\/li>\n<li><strong>Instalacija:<\/strong>\u00a0Plug &amp; Play, bez dodatnih kablova<\/li>\n<li><strong>Dizajn:<\/strong>\u00a0Kompaktna unutra\u0161nja jedinica<\/li>\n<li><strong>Aplikacija:<\/strong>\u00a0Xiaomi Home (Android\/iOS)<\/li>\n<li><strong>Napajanje:<\/strong>\u00a05V \/ 2A (USB-C)<\/li>\n<li><strong>Dodaci:<\/strong>\u00a0LED indikator, zvu\u010dnik, Home taster<\/li>\n<li><strong>Radna temperatura:<\/strong>\u00a0\u201310\u00b0C do +45\u00b0C<\/li>\n<\/ul>\n<p><u><\/u>Za sve dodatne informacije mozete nas kontaktirati na\u00a0<strong>OLX poruke, 065824333 ili Viber<\/strong><\/p>\n<p>NUDIMO KUPOVINU NOVE ROBE NA RATE:<\/p>\n<p>-DO 18 RATA PREKO MIKROFIN KREDITNA ORGANIZACIJA<\/p>\n<p>-DO 12 RATA PREKO \u0160OPING KARTICE UNICREDIT BANK<\/p>\n<p>&nbsp;<\/p>\n<p>Trgovinska Radnja TECHNO SHOP BN<\/p>\n<p>Nikole Tesle 31a, Bijeljina<\/p>\n<p>(izme\u0111u Moja Apoteka i picerije Park Ne\u0161kovi\u0107)<\/p>\n<p>055\/422-599;\u00a0<strong><u>065\/824-333<\/u><\/strong><\/p>\n<p>Radnim danima 09-19h<\/p>\n<p>Subotom 09-16h<\/p>\n<p>www.technoshopbn.com<\/p>\n<p><a href=\"https:\/\/olx.ba\/artikal\/51187537\/gaming-racunar-pc-i5-10400f-16gb-gtx-1660-ti\">info@technoshopbn.com<\/a><\/p>\n","protected":false},"excerpt":{"rendered":"<ul>\n<li><strong>Kompatibilnost:<\/strong>\u00a0Xiaomi Outdoor Camera BW300 \/ BW500<\/li>\n<li><strong>Povezivanje:<\/strong>\u00a0Wi-Fi 2.4GHz (IEEE 802.11b\/g\/n) + RJ45 LAN<\/li>\n<li><strong>Podr\u017eane kamere:<\/strong>\u00a0Do 4 istovremeno<\/li>\n<li><strong>Skladi\u0161tenje:<\/strong>\u00a0microSD (16\u2013256GB) + Cloud opcija<\/li>\n<li><strong>Sigurnost:<\/strong>\u00a0MJA1 sigurnosni \u010dip + AES-128 enkripcija<\/li>\n<li><strong>Pametne funkcije:<\/strong>\u00a0AI detekcija pokreta + alarm obavijesti<\/li>\n<li><strong>Instalacija:<\/strong>\u00a0Plug &amp; Play, bez dodatnih kablova<\/li>\n<li><strong>Dizajn:<\/strong>\u00a0Kompaktna unutra\u0161nja jedinica<\/li>\n<li><strong>Aplikacija:<\/strong>\u00a0Xiaomi Home (Android\/iOS)<\/li>\n<li><strong>Napajanje:<\/strong>\u00a05V \/ 2A (USB-C)<\/li>\n<li><strong>Dodaci:<\/strong>\u00a0LED indikator, zvu\u010dnik, Home taster<\/li>\n<li><strong>Radna temperatura:<\/strong>\u00a0\u201310\u00b0C do +45\u00b0C<\/li>\n<\/ul>\n","protected":false},"featured_media":11632,"comment_status":"open","ping_status":"closed","template":"","meta":{"_mi_skip_tracking":false,"_exactmetrics_sitenote_active":false,"_exactmetrics_sitenote_note":"","_exactmetrics_sitenote_category":0,"spay_email":""},"product_cat":[1972],"product_tag":[],"brands":[{"id":2356,"name":"xiaomi","slug":"xiaomi"}],"df_price":65,"df_sale_price":"","df_regular_price":65,"df_image_link":"https:\/\/i2.wp.com\/astehshop.com\/wp-content\/uploads\/2025\/08\/xiaomi-outdoor-camera-base-station-bazna-stanica.jpg?fit=400%2C400","jetpack_publicize_connections":[],"jetpack_sharing_enabled":true,"jetpack_likes_enabled":true,"jetpack-related-posts":[{"id":5370,"url":"http:\/\/astehshop.com\/index.php\/product\/xiaomi-mi-router-ac2350\/","url_meta":{"origin":11631,"position":0},"title":"Xiaomi Mi router AC2350","date":"10. listopada 2021.","format":false,"excerpt":"Usmjeriva\u010d koji se isti\u010de po svojih 7 vanjskih antena s neovisnim poja\u010dalima, \u0161to garantuje odli\u010dnu pokrivenost be\u017ei\u010dne mre\u017ee. Podr\u017eava do 128 ure\u0111aja spojenih istovremeno. Uklju\u010duje specifi\u010dnu antenu za AIoT ure\u0111aje. Model DVB4248GL Vrsta proizvoda Router Procesor Qualcomm QCA9563 1-core 775MHz ROM memorija 16 MB RAM memorija 128 MB Vrsta antene\u2026","rel":"","context":"Srodne objave","img":{"alt_text":"","src":"https:\/\/i1.wp.com\/astehshop.com\/wp-content\/uploads\/2021\/10\/AC2350.jpg?fit=1200%2C675&resize=350%2C200","width":350,"height":200},"classes":[]},{"id":8380,"url":"http:\/\/astehshop.com\/index.php\/product\/tp-link-archer-c20-ac750-wireless-dual-band-router\/","url_meta":{"origin":11631,"position":1},"title":"TP-Link Archer C20 AC750 Wireless Dual Band Router","date":"21. listopada 2023.","format":false,"excerpt":"300Mbps, 2 2.4GHz Antennas, 1 5GHz Antenna, 4x 10\/100Mbps LAN ports, 1x 10\/100Mbps WAN port, IEEE 802.11ac\/n\/a 5GHz, IEEE 802.11b\/g\/n 2.4GHz, RoHS","rel":"","context":"Srodne objave","img":{"alt_text":"","src":"https:\/\/i0.wp.com\/astehshop.com\/wp-content\/uploads\/2023\/10\/17392-TP-Link-Archer-C20-AC750-Wireless-Dual-Band-Router-2.jpg?fit=450%2C450&resize=350%2C200","width":350,"height":200},"classes":[]},{"id":11600,"url":"http:\/\/astehshop.com\/index.php\/product\/xiaomi-outdoor-camera-bw300\/","url_meta":{"origin":11631,"position":2},"title":"XIAOMI OUTDOOR CAMERA BW300","date":"21. kolovoza 2025.","format":false,"excerpt":"Garancija:\u00a012 mjeseci Brend: Xiaomi\u00a0 Model: BW300\u00a0 Rezolucija: 2k","rel":"","context":"Srodne objave","img":{"alt_text":"","src":"https:\/\/i0.wp.com\/astehshop.com\/wp-content\/uploads\/2025\/08\/xiaomi-outdoor-camera-bw300.jpg?fit=400%2C400&resize=350%2C200","width":350,"height":200},"classes":[]},{"id":4254,"url":"http:\/\/astehshop.com\/index.php\/product\/vanjska-bullet-wi-fi-kamera-df-803w-vodootporna\/","url_meta":{"origin":11631,"position":3},"title":"Vanjska bullet wi fi kamera DF-803W vodootporna","date":"31. o\u017eujka 2020.","format":false,"excerpt":"IP Security Camera sa Smart WiFi opcijom Brand: Everest Model: DF-804W Boja: Bijelo\/Crna Rezolucija: 1920*1080 (2.0MP) Signal za aktivaciju: 120dB Interface: RJ45 Connector, Wi-Fi IEEE 802.11b\/g\/n 2.4GHz Kompatibilnost: iOS\/Android\/Microsoft kompatibilan sa Yoosee Mre\u017eni protokol: TCP\/IP, UDP\/IP, HTTP, DHCP, RTMP,MUTP Svjtlina: 0.01Lux No\u0107ni rad: Infracrveno svjetlo, 30 meter Le\u0107a: Fiksna, f:\u2026","rel":"","context":"Srodne objave","img":{"alt_text":"","src":"https:\/\/i2.wp.com\/astehshop.com\/wp-content\/uploads\/2020\/03\/DF-803W-1.jpg?fit=800%2C533&resize=350%2C200","width":350,"height":200},"classes":[]},{"id":8337,"url":"http:\/\/astehshop.com\/index.php\/product\/tp-link-ac-750-re200-range-extender\/","url_meta":{"origin":11631,"position":4},"title":"TP-Link AC-750 RE200 Range Extender","date":"21. listopada 2023.","format":false,"excerpt":"750Mbps, 3x internal antennas, 1x10\/100M Ethernet Port (RJ45), IEEE802.11ac,IEEE 802.11n, IEEE 802.11g, IEEE 802.11b; 2.4GHz 5GHz; FCC, RoHS","rel":"","context":"Srodne objave","img":{"alt_text":"","src":"https:\/\/i2.wp.com\/astehshop.com\/wp-content\/uploads\/2023\/10\/TP-Link-AC-750-RE200-Range-Extender.jpg?fit=450%2C450&resize=350%2C200","width":350,"height":200},"classes":[]},{"id":8368,"url":"http:\/\/astehshop.com\/index.php\/product\/mercusys-mw301r-300mbps-wireless-n-router\/","url_meta":{"origin":11631,"position":5},"title":"Mercusys MW301R 300Mbps Wireless N Router","date":"21. listopada 2023.","format":false,"excerpt":"300Mbps, 2x5dBi fixed omni directional antennas, 2x10\/100Mbps LAN ports, 1x10\/100Mbps WAN port, IEEE 802.11n, IEEE 802.11g, IEEE 802.11b, 2.4GHz, CE, ROHS","rel":"","context":"Srodne objave","img":{"alt_text":"","src":"https:\/\/i2.wp.com\/astehshop.com\/wp-content\/uploads\/2023\/10\/Mercusys-MW301R-300Mbps-Wireless-N-Router.jpg?fit=450%2C450&resize=350%2C200","width":350,"height":200},"classes":[]}],"_links":{"self":[{"href":"http:\/\/astehshop.com\/index.php\/wp-json\/wp\/v2\/product\/11631"}],"collection":[{"href":"http:\/\/astehshop.com\/index.php\/wp-json\/wp\/v2\/product"}],"about":[{"href":"http:\/\/astehshop.com\/index.php\/wp-json\/wp\/v2\/types\/product"}],"replies":[{"embeddable":true,"href":"http:\/\/astehshop.com\/index.php\/wp-json\/wp\/v2\/comments?post=11631"}],"wp:featuredmedia":[{"embeddable":true,"href":"http:\/\/astehshop.com\/index.php\/wp-json\/wp\/v2\/media\/11632"}],"wp:attachment":[{"href":"http:\/\/astehshop.com\/index.php\/wp-json\/wp\/v2\/media?parent=11631"}],"wp:term":[{"taxonomy":"product_cat","embeddable":true,"href":"http:\/\/astehshop.com\/index.php\/wp-json\/wp\/v2\/product_cat?post=11631"},{"taxonomy":"product_tag","embeddable":true,"href":"http:\/\/astehshop.com\/index.php\/wp-json\/wp\/v2\/product_tag?post=11631"}],"curies":[{"name":"wp","href":"https:\/\/api.w.org\/{rel}","templated":true}]}}