{"id":11598,"date":"2025-08-21T19:52:57","date_gmt":"2025-08-21T17:52:57","guid":{"rendered":"http:\/\/astehshop.com\/?post_type=product&#038;p=11598"},"modified":"2025-08-21T19:52:58","modified_gmt":"2025-08-21T17:52:58","slug":"xiaomi-imilab-ec4-solarni-panel-za-kameru","status":"publish","type":"product","link":"http:\/\/astehshop.com\/index.php\/product\/xiaomi-imilab-ec4-solarni-panel-za-kameru\/","title":{"rendered":"XIAOMI IMILAB EC4 SOLARNI PANEL ZA KAMERU"},"content":{"rendered":"<ul>\n<li>Garancija:\u00a0<strong>12 mjeseci<\/strong><\/li>\n<li>Brend:\u00a0<strong>Imilab<\/strong><\/li>\n<li>Temperatura:\u00a0<strong>od -20\u00b0C\u00a0do +60\u00b0C<\/strong><\/li>\n<li>Ja\u010dina:\u00a0<strong>35W<\/strong><\/li>\n<\/ul>\n<p><u><\/u>Za sve dodatne informacije mozete nas kontaktirati na\u00a0<strong>OLX poruke, 065824333 ili Viber<\/strong><\/p>\n<p>NUDIMO KUPOVINU NOVE ROBE NA RATE:<\/p>\n<p>-DO 18 RATA PREKO MIKROFIN KREDITNA ORGANIZACIJA<\/p>\n<p>-DO 12 RATA PREKO \u0160OPING KARTICE UNICREDIT BANK<\/p>\n<p>&nbsp;<\/p>\n<p>Trgovinska Radnja TECHNO SHOP BN<\/p>\n<p>Nikole Tesle 31a, Bijeljina<\/p>\n<p>(izme\u0111u Moja Apoteka i picerije Park Ne\u0161kovi\u0107)<\/p>\n<p>055\/422-599;\u00a0<strong><u>065\/824-333<\/u><\/strong><\/p>\n<p>Radnim danima 09-19h<\/p>\n<p>Subotom 09-16h<\/p>\n<p>www.technoshopbn.com<\/p>\n<p><a href=\"https:\/\/olx.ba\/artikal\/51187537\/gaming-racunar-pc-i5-10400f-16gb-gtx-1660-ti\">info@technoshopbn.com<\/a><\/p>\n","protected":false},"excerpt":{"rendered":"<ul>\n<li>Garancija:\u00a0<strong>12 mjeseci<\/strong><\/li>\n<li>Brend:\u00a0<strong>Imilab<\/strong><\/li>\n<li>Temperatura:\u00a0<strong>od -20\u00b0C\u00a0do +60\u00b0C<\/strong><\/li>\n<li>Ja\u010dina:\u00a0<strong>35W<\/strong><\/li>\n<\/ul>\n","protected":false},"featured_media":11599,"comment_status":"open","ping_status":"closed","template":"","meta":{"_mi_skip_tracking":false,"_exactmetrics_sitenote_active":false,"_exactmetrics_sitenote_note":"","_exactmetrics_sitenote_category":0,"spay_email":""},"product_cat":[5715],"product_tag":[],"brands":[{"id":8193,"name":"IMILAB","slug":"imilab"}],"df_price":59,"df_sale_price":"","df_regular_price":59,"df_image_link":"https:\/\/i2.wp.com\/astehshop.com\/wp-content\/uploads\/2025\/08\/imilab-ec4-solarni-panel-za-kameru.png?fit=400%2C400","jetpack_publicize_connections":[],"jetpack_sharing_enabled":true,"jetpack_likes_enabled":true,"jetpack-related-posts":[{"id":9496,"url":"http:\/\/astehshop.com\/index.php\/product\/konvektor-fabbygo-2000w-5001\/","url_meta":{"origin":11598,"position":0},"title":"Konvektor FABBYGO 2000W 5001","date":"21. rujna 2024.","format":false,"excerpt":"KONVEKTOR JACINA 2000 W DVA NIVOA GRIJANJA TERMOSTAT MONTAZA NA TOCKICIMA MOGUCNOST MONTAZE NA ZID NAMJENJEN ZA ZAGRIJAVANJE PROSTORIJA OD 20 DO 25m2 GARANCIJA 12 MJESECI","rel":"","context":"Srodne objave","img":{"alt_text":"","src":"https:\/\/i2.wp.com\/astehshop.com\/wp-content\/uploads\/2024\/09\/Konvektor-FABBYGO-2000W-5001.png?fit=800%2C800&resize=350%2C200","width":350,"height":200},"classes":[]},{"id":11600,"url":"http:\/\/astehshop.com\/index.php\/product\/xiaomi-outdoor-camera-bw300\/","url_meta":{"origin":11598,"position":1},"title":"XIAOMI OUTDOOR CAMERA BW300","date":"21. kolovoza 2025.","format":false,"excerpt":"Garancija:\u00a012 mjeseci Brend: Xiaomi\u00a0 Model: BW300\u00a0 Rezolucija: 2k","rel":"","context":"Srodne objave","img":{"alt_text":"","src":"https:\/\/i0.wp.com\/astehshop.com\/wp-content\/uploads\/2025\/08\/xiaomi-outdoor-camera-bw300.jpg?fit=400%2C400&resize=350%2C200","width":350,"height":200},"classes":[]},{"id":11003,"url":"http:\/\/astehshop.com\/index.php\/product\/produzni-kabl-sa-prenaponskom-zastitom\/","url_meta":{"origin":11598,"position":2},"title":"PRODU\u017dNI KABL sa prenaponskom za\u0161titom","date":"14. srpnja 2025.","format":false,"excerpt":"Broj uti\u010dnica: 6 Du\u017eina kabla: 3m Vrsta kabla: H05W-F 3\u00d71.5 mm Maksimalna snaga: 3500W (16A) Za\u0161tita: IP20 Brend: Well","rel":"","context":"Srodne objave","img":{"alt_text":"","src":"https:\/\/i2.wp.com\/astehshop.com\/wp-content\/uploads\/2025\/07\/exts-6s3m-prot.jpg?fit=800%2C800&resize=350%2C200","width":350,"height":200},"classes":[]},{"id":11616,"url":"http:\/\/astehshop.com\/index.php\/product\/samsung-a065-galaxy-a06-6gb-128gb\/","url_meta":{"origin":11598,"position":3},"title":"SAMSUNG A065 GALAXY A06 6GB 128GB","date":"21. kolovoza 2025.","format":false,"excerpt":"Brend:\u00a0Samsung Garancija:\u00a024 mjeseca Velicina ekrana:\u00a06.7\" Kamera:\u00a050MP + 8MP Baterija:\u00a05000mAh","rel":"","context":"Srodne objave","img":{"alt_text":"","src":"https:\/\/i0.wp.com\/astehshop.com\/wp-content\/uploads\/2025\/08\/samsung-a065-galaxy-a06-dual-6gb-128gb-gold-eu-1.jpg?fit=400%2C400&resize=350%2C200","width":350,"height":200},"classes":[]},{"id":11618,"url":"http:\/\/astehshop.com\/index.php\/product\/xiaomi-poco-c71-3gb-64gb\/","url_meta":{"origin":11598,"position":4},"title":"XIAOMI POCO C71 3GB 64GB","date":"21. kolovoza 2025.","format":false,"excerpt":"Brend:\u00a0Xiaomi Garancija:\u00a024 mjeseca Velicina ekrana:\u00a06.67\" Kamera:\u00a050MP\u00a0+ 5MP Baterija:\u00a06000mAh","rel":"","context":"Srodne objave","img":{"alt_text":"","src":"https:\/\/i0.wp.com\/astehshop.com\/wp-content\/uploads\/2025\/08\/xiaomi-poco-c71-3gb-64gb-black-eu.jpg?fit=400%2C400&resize=350%2C200","width":350,"height":200},"classes":[]},{"id":11604,"url":"http:\/\/astehshop.com\/index.php\/product\/xiaomi-smart-camera-c100\/","url_meta":{"origin":11598,"position":5},"title":"XIAOMI SMART CAMERA C100","date":"21. kolovoza 2025.","format":false,"excerpt":"Garancija:\u00a012 mjeseci Rezolucija:\u00a02304x1296 Snimanje:\u00a0128\u00b0 Aplikacija:\u00a0Mi Home","rel":"","context":"Srodne objave","img":{"alt_text":"","src":"https:\/\/i0.wp.com\/astehshop.com\/wp-content\/uploads\/2025\/08\/xiaomi-smart-camera-c100.jpg?fit=400%2C400&resize=350%2C200","width":350,"height":200},"classes":[]}],"_links":{"self":[{"href":"http:\/\/astehshop.com\/index.php\/wp-json\/wp\/v2\/product\/11598"}],"collection":[{"href":"http:\/\/astehshop.com\/index.php\/wp-json\/wp\/v2\/product"}],"about":[{"href":"http:\/\/astehshop.com\/index.php\/wp-json\/wp\/v2\/types\/product"}],"replies":[{"embeddable":true,"href":"http:\/\/astehshop.com\/index.php\/wp-json\/wp\/v2\/comments?post=11598"}],"wp:featuredmedia":[{"embeddable":true,"href":"http:\/\/astehshop.com\/index.php\/wp-json\/wp\/v2\/media\/11599"}],"wp:attachment":[{"href":"http:\/\/astehshop.com\/index.php\/wp-json\/wp\/v2\/media?parent=11598"}],"wp:term":[{"taxonomy":"product_cat","embeddable":true,"href":"http:\/\/astehshop.com\/index.php\/wp-json\/wp\/v2\/product_cat?post=11598"},{"taxonomy":"product_tag","embeddable":true,"href":"http:\/\/astehshop.com\/index.php\/wp-json\/wp\/v2\/product_tag?post=11598"}],"curies":[{"name":"wp","href":"https:\/\/api.w.org\/{rel}","templated":true}]}}