{"id":11592,"date":"2025-08-21T19:47:03","date_gmt":"2025-08-21T17:47:03","guid":{"rendered":"http:\/\/astehshop.com\/?post_type=product&#038;p=11592"},"modified":"2025-08-21T19:47:04","modified_gmt":"2025-08-21T17:47:04","slug":"imilab-video-doorbell-zvono","status":"publish","type":"product","link":"http:\/\/astehshop.com\/index.php\/product\/imilab-video-doorbell-zvono\/","title":{"rendered":"IMILAB VIDEO DOORBELL &#8211; ZVONO"},"content":{"rendered":"<ul>\n<li><strong>Rezolucija:<\/strong>\u00a02.5K QHD<\/li>\n<li><strong>Ugao snimanja:<\/strong>\u00a0150\u00b0<\/li>\n<li><strong>Audio:<\/strong>\u00a0Dvosmjerni razgovor<\/li>\n<li><strong>Detekcija:<\/strong>\u00a0AI pokret i osoba<\/li>\n<li><strong>No\u0107ni vid:<\/strong>\u00a0Infracrveni + HDR<\/li>\n<li><strong>Baterija:<\/strong>\u00a05200 mAh<\/li>\n<li><strong>Povezivanje:<\/strong>\u00a0Wi-Fi + poja\u010diva\u010d<\/li>\n<li><strong>Skladi\u0161tenje:<\/strong>\u00a0microSD + Cloud<\/li>\n<li><strong>Aplikacija:<\/strong>\u00a0IMILAB Home<\/li>\n<\/ul>\n<p><u><\/u>Za sve dodatne informacije mozete nas kontaktirati na\u00a0<strong>OLX poruke, 065824333 ili Viber<\/strong><\/p>\n<p>NUDIMO KUPOVINU NOVE ROBE NA RATE:<\/p>\n<p>-DO 18 RATA PREKO MIKROFIN KREDITNA ORGANIZACIJA<\/p>\n<p>-DO 12 RATA PREKO \u0160OPING KARTICE UNICREDIT BANK<\/p>\n<p>&nbsp;<\/p>\n<p>Trgovinska Radnja TECHNO SHOP BN<\/p>\n<p>Nikole Tesle 31a, Bijeljina<\/p>\n<p>(izme\u0111u Moja Apoteka i picerije Park Ne\u0161kovi\u0107)<\/p>\n<p>055\/422-599;\u00a0<strong><u>065\/824-333<\/u><\/strong><\/p>\n<p>Radnim danima 09-19h<\/p>\n<p>Subotom 09-16h<\/p>\n<p>www.technoshopbn.com<\/p>\n<p><a href=\"https:\/\/olx.ba\/artikal\/51187537\/gaming-racunar-pc-i5-10400f-16gb-gtx-1660-ti\">info@technoshopbn.com<\/a><\/p>\n","protected":false},"excerpt":{"rendered":"<ul>\n<li><strong>Rezolucija:<\/strong>\u00a02.5K QHD<\/li>\n<li><strong>Ugao snimanja:<\/strong>\u00a0150\u00b0<\/li>\n<li><strong>Audio:<\/strong>\u00a0Dvosmjerni razgovor<\/li>\n<li><strong>Detekcija:<\/strong>\u00a0AI pokret i osoba<\/li>\n<li><strong>No\u0107ni vid:<\/strong>\u00a0Infracrveni + HDR<\/li>\n<li><strong>Baterija:<\/strong>\u00a05200 mAh<\/li>\n<li><strong>Povezivanje:<\/strong>\u00a0Wi-Fi + poja\u010diva\u010d<\/li>\n<li><strong>Skladi\u0161tenje:<\/strong>\u00a0microSD + Cloud<\/li>\n<li><strong>Aplikacija:<\/strong>\u00a0IMILAB Home<\/li>\n<\/ul>\n","protected":false},"featured_media":11593,"comment_status":"open","ping_status":"closed","template":"","meta":{"_mi_skip_tracking":false,"_exactmetrics_sitenote_active":false,"_exactmetrics_sitenote_note":"","_exactmetrics_sitenote_category":0,"spay_email":""},"product_cat":[8194],"product_tag":[],"brands":[{"id":8193,"name":"IMILAB","slug":"imilab"}],"df_price":199,"df_sale_price":"","df_regular_price":199,"df_image_link":"https:\/\/i1.wp.com\/astehshop.com\/wp-content\/uploads\/2025\/08\/imilab-video-doorbell-zvono-xiaomi_STA0831.jpg?fit=450%2C338","jetpack_publicize_connections":[],"jetpack_sharing_enabled":true,"jetpack_likes_enabled":true,"jetpack-related-posts":[{"id":11590,"url":"http:\/\/astehshop.com\/index.php\/product\/kamera-imilab-c21-home-2560p\/","url_meta":{"origin":11592,"position":0},"title":"KAMERA IMILAB C21 HOME 2560P","date":"21. kolovoza 2025.","format":false,"excerpt":"\u00a0 Rezolucija:\u00a02.5K QHD (2560 \u00d7 1440) Rotacija:\u00a0360\u00b0 horizontalno \/ 110\u00b0 vertikalno No\u0107ni re\u017eim:\u00a0Infracrveni + AI pobolj\u0161anje slike Detekcija:\u00a0Pametna AI detekcija pokreta i osoba Audio:\u00a0Dvosmjerni \u2013 ugra\u0111en mikrofon i zvu\u010dnik Skladi\u0161tenje:\u00a0microSD do 256GB + Cloud opcija Povezivanje:\u00a0Wi-Fi 2.4GHz \/ Aplikacija IMILAB Home Privatnost:\u00a0Sleep re\u017eim + elektronski shutter","rel":"","context":"Srodne objave","img":{"alt_text":"","src":"https:\/\/i0.wp.com\/astehshop.com\/wp-content\/uploads\/2025\/08\/imilab-c21-home-security-camera-2560p.jpg?fit=700%2C700&resize=350%2C200","width":350,"height":200},"classes":[]},{"id":6593,"url":"http:\/\/astehshop.com\/index.php\/product\/xiaomi-mi-home-secutiry-camera-360-1080p\/","url_meta":{"origin":11592,"position":1},"title":"Xiaomi Mi Home Secutiry Camera 360 1080P","date":"17. studenoga 2022.","format":false,"excerpt":"Kamera sa WiFi vezom, no\u0107ni vid, detekcija pokreta, PIR senzor, ugra\u0111eni mikrofon, ugra\u0111eni zvu\u010dnik, cloud platforma i bidirekcioni zvuk, rezolucija 1920 \u00d7 1080 px, ugao gledanja 360\u00b0, rotacija max. do 9 m, microSD kartice max. 32 GB, aplikacija za Android i iOS.","rel":"","context":"Srodne objave","img":{"alt_text":"","src":"https:\/\/i1.wp.com\/astehshop.com\/wp-content\/uploads\/2022\/11\/xiaomi-mi-home-secutiry-camera-360-1080p.jpg?fit=800%2C800&resize=350%2C200","width":350,"height":200},"classes":[]},{"id":9970,"url":"http:\/\/astehshop.com\/index.php\/product\/ipc-k7fp-5h0te-roto-kamera-4g\/","url_meta":{"origin":11592,"position":2},"title":"IPC-K7FP-5H0TE roto kamera 4G","date":"16. o\u017eujka 2025.","format":false,"excerpt":"IMOU Cruiser SC 4G 5MP IP Kamera, Tip ure\u0111aja: Vanjska rotiraju\u0107a IP kamera, Rezolucija: 5MP (2880x1620), Objektiv: 3.6 mm, Ugao gledanja: 74\u00b0, Rotacija: 355\u00b0 horizontalno, 90\u00b0 vertikalno, No\u0107ni vid: 30m IR i bijelo LED osvjetljenje, Povezivanje: 4G SIM kartica (Band 1\/3\/5\/7\/8\/20\/28\/38\/40\/41), AI funkcije: Detekcija ljudi, auto pra\u0107enje, sirena 110dB, Pohrana:\u2026","rel":"","context":"Srodne objave","img":{"alt_text":"","src":"https:\/\/i1.wp.com\/img.youtube.com\/vi\/OWrO0oPV_04\/0.jpg?resize=350%2C200","width":350,"height":200},"classes":[]},{"id":11130,"url":"http:\/\/astehshop.com\/index.php\/product\/tp-link-tapo-c320ws-tp-link-outdoor-security-wi-fi-camera\/","url_meta":{"origin":11592,"position":3},"title":"TP-Link Tapo C320WS TP-Link Outdoor Security Wi-Fi Camera","date":"16. srpnja 2025.","format":false,"excerpt":"Pametna sigurnosna kamera sa 2K QHD rezolucijom (2560\u00d71440) snima kristalno \u010diste slike, podr\u017eava \u017ei\u010dano (Ethernet) i be\u017ei\u010dno (WiFi) umre\u017eavanje za fleksibilnu instalaciju, pru\u017ea no\u0107ni vid u punoj boji i Starlight Night Vision za kvalitetan prikaz pri slabom osvjetljenju, detektuje pokret i \u0161alje obavijesti, ima zvu\u010dni i svjetlosni alarm za za\u0161titu,\u2026","rel":"","context":"Srodne objave","img":{"alt_text":"","src":"https:\/\/i1.wp.com\/astehshop.com\/wp-content\/uploads\/2025\/07\/0109929_tapo-c320ws-tp-link-outdoor-security-wi-fi-camera-4mp-2k-qhd.jpeg?fit=900%2C900&resize=350%2C200","width":350,"height":200},"classes":[]},{"id":9975,"url":"http:\/\/astehshop.com\/index.php\/product\/ipc-s7dp-5m0wez-imou-kamera\/","url_meta":{"origin":11592,"position":4},"title":"IPC-S7DP-5M0WEZ IMOU kamera","date":"16. o\u017eujka 2025.","format":false,"excerpt":"Model: Cruiser Z IPC-S7DP-5M0WEZ Rezolucija: 5MP (3K Ultra HD) So\u010diva: 2.8mm \u0161iroki ugao i 12mm telefoto Zoom: 12x hibridni zoom No\u0107no Snimanje: do 56m, \u010detiri re\u017eima (Smart, Full Color, Infrared, Off) Detekcija: AI prepoznavanje ljudi i vozila Audio: Dvosmjerni (mikrofon + zvu\u010dnik, sirena 110dB) Povezivanje: Dual Wi-Fi antena IEEE802.11b\/g\/n\/ax (2.4GHz)\u2026","rel":"","context":"Srodne objave","img":{"alt_text":"","src":"https:\/\/i2.wp.com\/astehshop.com\/wp-content\/uploads\/2025\/03\/IPC-S7DP-5M0WEZ-11.jpg?fit=1200%2C744&resize=350%2C200","width":350,"height":200},"classes":[]},{"id":8308,"url":"http:\/\/astehshop.com\/index.php\/product\/ipc-f88fip-v2-knight-4k-imou-dahua-wifi-ip-kamera\/","url_meta":{"origin":11592,"position":5},"title":"IPC-F88FIP-V2 Knight 4K IMOU Dahua WiFi IP kamera","date":"19. listopada 2023.","format":false,"excerpt":"Dahua Wi-Fi IP kamera IPC-F88FIP-V2 8MP serija AI kamere sa Wi-Fi koja detektuje ljude sa IC senzorom dometa do 30m \u00a0(600 lumena), ima mogu\u0107nost povezivanja na cloud, 16x digitalni zum. Detekcija pokreta, detekcija ljudi, monta\u017ea na plafon ili portalno. Plasti\u010dno ku\u0107i\u0161te. \u00a0IP66 za\u0161tita. \u00a0 Dahua WiFi AI IP kamera IPC-F88FIP-V2\u2026","rel":"","context":"Srodne objave","img":{"alt_text":"","src":"https:\/\/i0.wp.com\/astehshop.com\/wp-content\/uploads\/2023\/10\/ipc-f88fip-v2.jpg?fit=842%2C593&resize=350%2C200","width":350,"height":200},"classes":[]}],"_links":{"self":[{"href":"http:\/\/astehshop.com\/index.php\/wp-json\/wp\/v2\/product\/11592"}],"collection":[{"href":"http:\/\/astehshop.com\/index.php\/wp-json\/wp\/v2\/product"}],"about":[{"href":"http:\/\/astehshop.com\/index.php\/wp-json\/wp\/v2\/types\/product"}],"replies":[{"embeddable":true,"href":"http:\/\/astehshop.com\/index.php\/wp-json\/wp\/v2\/comments?post=11592"}],"wp:featuredmedia":[{"embeddable":true,"href":"http:\/\/astehshop.com\/index.php\/wp-json\/wp\/v2\/media\/11593"}],"wp:attachment":[{"href":"http:\/\/astehshop.com\/index.php\/wp-json\/wp\/v2\/media?parent=11592"}],"wp:term":[{"taxonomy":"product_cat","embeddable":true,"href":"http:\/\/astehshop.com\/index.php\/wp-json\/wp\/v2\/product_cat?post=11592"},{"taxonomy":"product_tag","embeddable":true,"href":"http:\/\/astehshop.com\/index.php\/wp-json\/wp\/v2\/product_tag?post=11592"}],"curies":[{"name":"wp","href":"https:\/\/api.w.org\/{rel}","templated":true}]}}