{"id":11590,"date":"2025-08-21T19:41:54","date_gmt":"2025-08-21T17:41:54","guid":{"rendered":"http:\/\/astehshop.com\/?post_type=product&#038;p=11590"},"modified":"2025-08-21T19:41:56","modified_gmt":"2025-08-21T17:41:56","slug":"kamera-imilab-c21-home-2560p","status":"publish","type":"product","link":"http:\/\/astehshop.com\/index.php\/product\/kamera-imilab-c21-home-2560p\/","title":{"rendered":"KAMERA IMILAB C21 HOME 2560P"},"content":{"rendered":"<p>&nbsp;<\/p>\n<ul>\n<li><strong>Rezolucija:<\/strong>\u00a02.5K QHD (2560 \u00d7 1440)<\/li>\n<li><strong>Rotacija:<\/strong>\u00a0360\u00b0 horizontalno \/ 110\u00b0 vertikalno<\/li>\n<li><strong>No\u0107ni re\u017eim:<\/strong>\u00a0Infracrveni + AI pobolj\u0161anje slike<\/li>\n<li><strong>Detekcija:<\/strong>\u00a0Pametna AI detekcija pokreta i osoba<\/li>\n<li><strong>Audio:<\/strong>\u00a0Dvosmjerni \u2013 ugra\u0111en mikrofon i zvu\u010dnik<\/li>\n<li><strong>Skladi\u0161tenje:<\/strong>\u00a0microSD do 256GB + Cloud opcija<\/li>\n<li><strong>Povezivanje:<\/strong>\u00a0Wi-Fi 2.4GHz \/ Aplikacija IMILAB Home<\/li>\n<li><strong>Privatnost:<\/strong>\u00a0Sleep re\u017eim + elektronski shutter<\/li>\n<\/ul>\n<p><u><\/u>Za sve dodatne informacije mozete nas kontaktirati na\u00a0<strong>OLX poruke, 065824333 ili Viber<\/strong><\/p>\n<p>NUDIMO KUPOVINU NOVE ROBE NA RATE:<\/p>\n<p>-DO 18 RATA PREKO MIKROFIN KREDITNA ORGANIZACIJA<\/p>\n<p>-DO 12 RATA PREKO \u0160OPING KARTICE UNICREDIT BANK<\/p>\n<p>&nbsp;<\/p>\n<p>Trgovinska Radnja TECHNO SHOP BN<\/p>\n<p>Nikole Tesle 31a, Bijeljina<\/p>\n<p>(izme\u0111u Moja Apoteka i picerije Park Ne\u0161kovi\u0107)<\/p>\n<p>055\/422-599;\u00a0<strong><u>065\/824-333<\/u><\/strong><\/p>\n<p>Radnim danima 09-19h<\/p>\n<p>Subotom 09-16h<\/p>\n<p>www.technoshopbn.com<\/p>\n<p><a href=\"https:\/\/olx.ba\/artikal\/51187537\/gaming-racunar-pc-i5-10400f-16gb-gtx-1660-ti\">info@technoshopbn.com<\/a><\/p>\n","protected":false},"excerpt":{"rendered":"<p>&nbsp;<\/p>\n<ul>\n<li><strong>Rezolucija:<\/strong>\u00a02.5K QHD (2560 \u00d7 1440)<\/li>\n<li><strong>Rotacija:<\/strong>\u00a0360\u00b0 horizontalno \/ 110\u00b0 vertikalno<\/li>\n<li><strong>No\u0107ni re\u017eim:<\/strong>\u00a0Infracrveni + AI pobolj\u0161anje slike<\/li>\n<li><strong>Detekcija:<\/strong>\u00a0Pametna AI detekcija pokreta i osoba<\/li>\n<li><strong>Audio:<\/strong>\u00a0Dvosmjerni \u2013 ugra\u0111en mikrofon i zvu\u010dnik<\/li>\n<li><strong>Skladi\u0161tenje:<\/strong>\u00a0microSD do 256GB + Cloud opcija<\/li>\n<li><strong>Povezivanje:<\/strong>\u00a0Wi-Fi 2.4GHz \/ Aplikacija IMILAB Home<\/li>\n<li><strong>Privatnost:<\/strong>\u00a0Sleep re\u017eim + elektronski shutter<\/li>\n<\/ul>\n","protected":false},"featured_media":11591,"comment_status":"open","ping_status":"closed","template":"","meta":{"_mi_skip_tracking":false,"_exactmetrics_sitenote_active":false,"_exactmetrics_sitenote_note":"","_exactmetrics_sitenote_category":0,"spay_email":""},"product_cat":[135],"product_tag":[],"brands":[{"id":8193,"name":"IMILAB","slug":"imilab"}],"df_price":89,"df_sale_price":"","df_regular_price":89,"df_image_link":"https:\/\/i0.wp.com\/astehshop.com\/wp-content\/uploads\/2025\/08\/imilab-c21-home-security-camera-2560p.jpg?fit=450%2C450","jetpack_publicize_connections":[],"jetpack_sharing_enabled":true,"jetpack_likes_enabled":true,"jetpack-related-posts":[{"id":11592,"url":"http:\/\/astehshop.com\/index.php\/product\/imilab-video-doorbell-zvono\/","url_meta":{"origin":11590,"position":0},"title":"IMILAB VIDEO DOORBELL &#8211; ZVONO","date":"21. kolovoza 2025.","format":false,"excerpt":"Rezolucija:\u00a02.5K QHD Ugao snimanja:\u00a0150\u00b0 Audio:\u00a0Dvosmjerni razgovor Detekcija:\u00a0AI pokret i osoba No\u0107ni vid:\u00a0Infracrveni + HDR Baterija:\u00a05200 mAh Povezivanje:\u00a0Wi-Fi + poja\u010diva\u010d Skladi\u0161tenje:\u00a0microSD + Cloud Aplikacija:\u00a0IMILAB Home","rel":"","context":"Srodne objave","img":{"alt_text":"","src":"https:\/\/i1.wp.com\/astehshop.com\/wp-content\/uploads\/2025\/08\/imilab-video-doorbell-zvono-xiaomi_STA0831.jpg?fit=1200%2C900&resize=350%2C200","width":350,"height":200},"classes":[]},{"id":11301,"url":"http:\/\/astehshop.com\/index.php\/product\/monitor-31-5-dell-s3222dgm-56\/","url_meta":{"origin":11590,"position":1},"title":"MONITOR 31.5&#8243; DELL S3222DGM-56","date":"22. srpnja 2025.","format":false,"excerpt":"Ekran:\u00a031.5\", IPS panel Rezolucija:\u00a0QHD 2560 \u00d7 1440 Vreme odziva:\u00a01 ms Osve\u017eavanje:\u00a0165 Hz Tehnologija:\u00a0AMD FreeSync Premium Priklju\u010dci:\u00a02 \u00d7 HDMI, 1 \u00d7 DisplayPort, USB-Hub Dodatne funkcije:\u00a0Pivot (rotacija ekrana)","rel":"","context":"Srodne objave","img":{"alt_text":"","src":"https:\/\/i0.wp.com\/astehshop.com\/wp-content\/uploads\/2025\/07\/33484-315-DELL-S3222DGM-56-Display-2.webp?fit=450%2C450&resize=350%2C200","width":350,"height":200},"classes":[]},{"id":11332,"url":"http:\/\/astehshop.com\/index.php\/product\/gaming-monitor-31-5-lg-32gp850-b-qhd-ips-180hz\/","url_meta":{"origin":11590,"position":2},"title":"GAMING MONITOR 31.5&#8243; LG 32GP850-B QHD IPS 180Hz","date":"23. srpnja 2025.","format":false,"excerpt":"Ekran:\u00a031.5\", IPS panel Rezolucija:\u00a02560 \u00d7 1440 (QHD) Osvetljenje:\u00a0350 cd\/m\u00b2 Vreme odziva:\u00a01 ms Osve\u017eavanje:\u00a0180 Hz Tehnologije:\u00a0NVIDIA G-Sync & AMD FreeSync Priklju\u010dci:\u00a02 \u00d7 HDMI, 1 \u00d7 DisplayPort, 2 \u00d7 USB 3.0, izlaz za slu\u0161alice Funkcije postolja:\u00a0Pode\u0161avanje visine, Pivot (rotacija ekrana) Garancija:\u00a03 godine","rel":"","context":"Srodne objave","img":{"alt_text":"","src":"https:\/\/i1.wp.com\/astehshop.com\/wp-content\/uploads\/2025\/07\/31333-315-LG-32GP850-B-QHD-IPS-180Hz-Gaming-Display-2.webp?fit=450%2C450&resize=350%2C200","width":350,"height":200},"classes":[]},{"id":8015,"url":"http:\/\/astehshop.com\/index.php\/product\/ai-wifi-kamera-2-mpx-rotirajuca\/","url_meta":{"origin":11590,"position":3},"title":"AI WIFI kamera 2 MPX rotirajuca","date":"13. kolovoza 2023.","format":false,"excerpt":"Nadzorna kamera AI Smart 2.0MP WiFi IP HD Tip: IP Rezolucija: 2.0MP, HD Ku\u0107i\u0161te: plasti\u010dno Boja ku\u0107i\u0161ta: bijela Povezivanje: WiFi, 10\/100Mbps RJ-45 Infracrvene IR LED: 8+6 Rotacije: horizontalno i vertikalno Mogu\u0107nost povezivanja na Cloud Snimanje na SD karticu Dvostrana audio komunikacija Aplikacija za nadzor mobilnim ure\u0111ajem (YooSee) Detekcija pokreta IR\u2026","rel":"","context":"Srodne objave","img":{"alt_text":"","src":"https:\/\/i0.wp.com\/astehshop.com\/wp-content\/uploads\/2023\/08\/IMG_1911-18-scaled-removebg-preview.png?fit=768%2C828&resize=350%2C200","width":350,"height":200},"classes":[]},{"id":11268,"url":"http:\/\/astehshop.com\/index.php\/product\/gaming-monitor-27-aoc-q27g4x-qhd-180hz\/","url_meta":{"origin":11590,"position":4},"title":"GAMING MONITOR 27&#8243; AOC Q27G4X QHD 180Hz","date":"21. srpnja 2025.","format":false,"excerpt":"Veli\u010dina ekrana:\u00a027\" Tip panela:\u00a0IPS Rezolucija:\u00a02560\u00d71440 (QHD) Osvjetljenje:\u00a0400 cd\/m\u00b2 Vrijeme odziva:\u00a01 ms Brzina osvje\u017eenja:\u00a0180 Hz Tehnologija:\u00a0Adaptive Sync Priklju\u010dci:\u00a02\u00d7HDMI 2.0, DisplayPort 1.4","rel":"","context":"Srodne objave","img":{"alt_text":"","src":"https:\/\/i2.wp.com\/astehshop.com\/wp-content\/uploads\/2025\/07\/36298-27-AOC-Q27G4X-QHD-180Hz-Gaming-Display-2.webp?fit=450%2C450&resize=350%2C200","width":350,"height":200},"classes":[]},{"id":11293,"url":"http:\/\/astehshop.com\/index.php\/product\/monitor-27-dell-p2723d-qhd-ips\/","url_meta":{"origin":11590,"position":5},"title":"MONITOR 27&#8243; DELL P2723D QHD IPS","date":"22. srpnja 2025.","format":false,"excerpt":"Ekran:\u00a027\", IPS panel, Antiglare Rezolucija:\u00a02560 \u00d7 1440 Osvetljenje:\u00a0350 cd\/m\u00b2 Vreme odziva:\u00a05 ms Osve\u017eavanje:\u00a060 Hz Priklju\u010dci:\u00a0HDMI, DisplayPort, 4 \u00d7 USB 3.2","rel":"","context":"Srodne objave","img":{"alt_text":"","src":"https:\/\/i1.wp.com\/astehshop.com\/wp-content\/uploads\/2025\/07\/31463-27-DELL-Professional-P2723D-QHD-IPS-Display-8.webp?fit=450%2C450&resize=350%2C200","width":350,"height":200},"classes":[]}],"_links":{"self":[{"href":"http:\/\/astehshop.com\/index.php\/wp-json\/wp\/v2\/product\/11590"}],"collection":[{"href":"http:\/\/astehshop.com\/index.php\/wp-json\/wp\/v2\/product"}],"about":[{"href":"http:\/\/astehshop.com\/index.php\/wp-json\/wp\/v2\/types\/product"}],"replies":[{"embeddable":true,"href":"http:\/\/astehshop.com\/index.php\/wp-json\/wp\/v2\/comments?post=11590"}],"wp:featuredmedia":[{"embeddable":true,"href":"http:\/\/astehshop.com\/index.php\/wp-json\/wp\/v2\/media\/11591"}],"wp:attachment":[{"href":"http:\/\/astehshop.com\/index.php\/wp-json\/wp\/v2\/media?parent=11590"}],"wp:term":[{"taxonomy":"product_cat","embeddable":true,"href":"http:\/\/astehshop.com\/index.php\/wp-json\/wp\/v2\/product_cat?post=11590"},{"taxonomy":"product_tag","embeddable":true,"href":"http:\/\/astehshop.com\/index.php\/wp-json\/wp\/v2\/product_tag?post=11590"}],"curies":[{"name":"wp","href":"https:\/\/api.w.org\/{rel}","templated":true}]}}