{"id":11564,"date":"2025-08-20T14:56:14","date_gmt":"2025-08-20T12:56:14","guid":{"rendered":"http:\/\/astehshop.com\/?post_type=product&#038;p=11564"},"modified":"2025-08-20T14:56:16","modified_gmt":"2025-08-20T12:56:16","slug":"podloga-za-mis-asus-rog-sheath-blk","status":"publish","type":"product","link":"http:\/\/astehshop.com\/index.php\/product\/podloga-za-mis-asus-rog-sheath-blk\/","title":{"rendered":"PODLOGA ZA MI\u0160 ASUS ROG SHEATH BLK"},"content":{"rendered":"<p>900x440x3 mm, Optimized for smooth mouse gliding, Massive dimensions for all your gaming gear, Non-slip rubber base, Durable anti-fraying stitched frame<\/p>\n<p>Za sve dodatne informacije mozete nas kontaktirati na\u00a0<strong>OLX poruke, 065824333 ili Viber<\/strong><\/p>\n<p>NUDIMO KUPOVINU NOVE ROBE NA RATE:<\/p>\n<p>-DO 18 RATA PREKO MIKROFIN KREDITNA ORGANIZACIJA<\/p>\n<p>-DO 12 RATA PREKO \u0160OPING KARTICE UNICREDIT BANK<\/p>\n<p>&nbsp;<\/p>\n<p>Trgovinska Radnja TECHNO SHOP BN<\/p>\n<p>Nikole Tesle 31a, Bijeljina<\/p>\n<p>(izme\u0111u Moja Apoteka i picerije Park Ne\u0161kovi\u0107)<\/p>\n<p>055\/422-599;\u00a0<strong><u>065\/824-333<\/u><\/strong><\/p>\n<p>Radnim danima 09-19h<\/p>\n<p>Subotom 09-16h<\/p>\n<p>www.technoshopbn.com<\/p>\n<p><a href=\"https:\/\/olx.ba\/artikal\/51187537\/gaming-racunar-pc-i5-10400f-16gb-gtx-1660-ti\">info@technoshopbn.com<\/a><\/p>\n","protected":false},"excerpt":{"rendered":"<p>900x440x3 mm, Optimized for smooth mouse gliding, Massive dimensions for all your gaming gear, Non-slip rubber base, Durable anti-fraying stitched frame<\/p>\n","protected":false},"featured_media":11565,"comment_status":"open","ping_status":"closed","template":"","meta":{"_mi_skip_tracking":false,"_exactmetrics_sitenote_active":false,"_exactmetrics_sitenote_note":"","_exactmetrics_sitenote_category":0,"spay_email":""},"product_cat":[8191],"product_tag":[],"brands":[{"id":5147,"name":"ASUS","slug":"asus"}],"df_price":74,"df_sale_price":"","df_regular_price":74,"df_image_link":"https:\/\/i2.wp.com\/astehshop.com\/wp-content\/uploads\/2025\/08\/38115-ASUS-ROG-Sheath-BLK-LTD-Podloga-za-Mi-XL-2.webp?fit=450%2C450","jetpack_publicize_connections":[],"jetpack_sharing_enabled":true,"jetpack_likes_enabled":true,"jetpack-related-posts":[{"id":10277,"url":"http:\/\/astehshop.com\/index.php\/product\/xtrike-me-mp-602-gaming-mouse-pad-rgb-350x250x3mm\/","url_meta":{"origin":11564,"position":0},"title":"XTRIKE ME MP-602 gaming Mouse pad RGB 350x250x3mm","date":"16. travnja 2025.","format":false,"excerpt":"XTRIKE ME MP-602 gaming Mouse pad RGB 350x250x3mm XTRIKE ME MP-602, gaming, RGB Special microfiber surface delivers the perfect balance between speed and control and gives you pinpoint accuracy and comfort. Simply select the backlight mode with the tip of your finger: single color, breathing, multiple recurrent colors. Tech specs\u2026","rel":"","context":"Srodne objave","img":{"alt_text":"","src":"https:\/\/i0.wp.com\/astehshop.com\/wp-content\/uploads\/2025\/04\/280.png?fit=1000%2C1000&resize=350%2C200","width":350,"height":200},"classes":[]},{"id":11463,"url":"http:\/\/astehshop.com\/index.php\/product\/mis-ms-logitech-m90-optical-mouse\/","url_meta":{"origin":11564,"position":1},"title":"MIS MS LOGITECH M90 OPTICAL MOUSE","date":"18. kolovoza 2025.","format":false,"excerpt":"Za sve dodatne informacije mozete nas kontaktirati na\u00a0OLX poruke, 065824333 ili Viber NUDIMO KUPOVINU NOVE ROBE NA RATE: -DO 18 RATA PREKO MIKROFIN KREDITNA ORGANIZACIJA -DO 12 RATA PREKO \u0160OPING KARTICE UNICREDIT BANK \u00a0 Trgovinska Radnja TECHNO SHOP BN Nikole Tesle 31a, Bijeljina (izme\u0111u Moja Apoteka i picerije Park Ne\u0161kovi\u0107)\u2026","rel":"","context":"Srodne objave","img":{"alt_text":"","src":"https:\/\/i1.wp.com\/astehshop.com\/wp-content\/uploads\/2025\/08\/0079668_mis-logitech-m90-usb-optical-black-1000-dpi-910-001794_550.jpeg?fit=550%2C550&resize=350%2C200","width":350,"height":200},"classes":[]},{"id":7472,"url":"http:\/\/astehshop.com\/index.php\/product\/gaming-mis-bezicni-wireless-aula-sc100-rgb\/","url_meta":{"origin":11564,"position":2},"title":"GAMING MI\u0160 BE\u017dI\u010cNI WIRELESS AULA SC100 RGB","date":"11. o\u017eujka 2023.","format":false,"excerpt":"Be\u017ei\u010dni Gaming mi\u0161 AULA SC100 RGB 2.4G Wireless Slient Mouse, Ergonomic mouse gamer, 800\/1200\/1600\/2400 DPI, Optical USB, Number of Buttons: 6, Maximum working range: 10m, Battery capacity: 800mAh","rel":"","context":"Srodne objave","img":{"alt_text":"","src":"https:\/\/i2.wp.com\/astehshop.com\/wp-content\/uploads\/2023\/03\/slika-1854472-6093020eb9016-velika.jpg?fit=458%2C458&resize=350%2C200","width":350,"height":200},"classes":[]},{"id":10377,"url":"http:\/\/astehshop.com\/index.php\/product\/kuciste-zeiron-montreal-4120mm-rgb-mid-t\/","url_meta":{"origin":11564,"position":3},"title":"Ku\u0107i\u0161te Zeiron Montreal 4*120MM RGB Mid-T","date":"12. svibnja 2025.","format":false,"excerpt":"Gaming ku\u0107i\u0161te sa RGB osvjetljenjem Proizvo\u0111a\u010d: Zeiron Model: Montreal Boja: Crna Osvjetljenje: RGB Prednji ventilator 3x120 mm Stra\u017enji ventilator 1x 120 mm","rel":"","context":"Srodne objave","img":{"alt_text":"","src":"https:\/\/i0.wp.com\/astehshop.com\/wp-content\/uploads\/2025\/05\/img-1747043092-d99ad69a9177.jpg?fit=1024%2C1024&resize=350%2C200","width":350,"height":200},"classes":[]},{"id":11102,"url":"http:\/\/astehshop.com\/index.php\/product\/mikrofon-gaming-rampage\/","url_meta":{"origin":11564,"position":4},"title":"Mikrofon gaming RAMPAGE","date":"16. srpnja 2025.","format":false,"excerpt":"Mikrofon gaming RAMPAGE Bemol RGB Black Microphone with Shock Mount and Pop Filter for Gaming, Streaming, Podcasts, 41147","rel":"","context":"Srodne objave","img":{"alt_text":"","src":"https:\/\/i2.wp.com\/astehshop.com\/wp-content\/uploads\/2025\/07\/0136860_mikrofon-gaming-rampage-bemol-rgb-black-microphone-with-shock-mount-and-pop-filter-for-gaming-stream.png?fit=900%2C900&resize=350%2C200","width":350,"height":200},"classes":[]},{"id":10380,"url":"http:\/\/astehshop.com\/index.php\/product\/kuciste-zeiron-z-master-x100-mid-t-2usb2-0\/","url_meta":{"origin":11564,"position":5},"title":"Ku\u0107i\u0161te Zeiron Z-MASTER X100 Mid-T 2*USB2.0+","date":"12. svibnja 2025.","format":false,"excerpt":"Gaming ku\u0107i\u0161te sa RGB osvjetljenjem Proizvo\u0111a\u010d: Zeiron Model: Z-Master Boja: Crna Osvjetljenje: RGB Prednji ventilator 3x120 mm Stra\u017enji ventilator 1x120 mm","rel":"","context":"Srodne objave","img":{"alt_text":"","src":"https:\/\/i0.wp.com\/astehshop.com\/wp-content\/uploads\/2025\/05\/img-1747043476-0a1b28d32ab4.jpg?fit=1024%2C1024&resize=350%2C200","width":350,"height":200},"classes":[]}],"_links":{"self":[{"href":"http:\/\/astehshop.com\/index.php\/wp-json\/wp\/v2\/product\/11564"}],"collection":[{"href":"http:\/\/astehshop.com\/index.php\/wp-json\/wp\/v2\/product"}],"about":[{"href":"http:\/\/astehshop.com\/index.php\/wp-json\/wp\/v2\/types\/product"}],"replies":[{"embeddable":true,"href":"http:\/\/astehshop.com\/index.php\/wp-json\/wp\/v2\/comments?post=11564"}],"wp:featuredmedia":[{"embeddable":true,"href":"http:\/\/astehshop.com\/index.php\/wp-json\/wp\/v2\/media\/11565"}],"wp:attachment":[{"href":"http:\/\/astehshop.com\/index.php\/wp-json\/wp\/v2\/media?parent=11564"}],"wp:term":[{"taxonomy":"product_cat","embeddable":true,"href":"http:\/\/astehshop.com\/index.php\/wp-json\/wp\/v2\/product_cat?post=11564"},{"taxonomy":"product_tag","embeddable":true,"href":"http:\/\/astehshop.com\/index.php\/wp-json\/wp\/v2\/product_tag?post=11564"}],"curies":[{"name":"wp","href":"https:\/\/api.w.org\/{rel}","templated":true}]}}