{"id":11557,"date":"2025-08-20T14:43:56","date_gmt":"2025-08-20T12:43:56","guid":{"rendered":"http:\/\/astehshop.com\/?post_type=product&#038;p=11557"},"modified":"2025-08-20T14:43:57","modified_gmt":"2025-08-20T12:43:57","slug":"charging-station-ps5-v2-dualsense","status":"publish","type":"product","link":"http:\/\/astehshop.com\/index.php\/product\/charging-station-ps5-v2-dualsense\/","title":{"rendered":"CHARGING STATION PS5 V2 DUALSENSE"},"content":{"rendered":"<p>Istovremeno punjenje dva PS5 DualSense kontrolera, LED indikatori za pra\u0107enje statusa punjenja, kabal du\u017eine 5 metara.<\/p>\n<p>Za sve dodatne informacije mozete nas kontaktirati na\u00a0<strong>OLX poruke, 065824333 ili Viber<\/strong><\/p>\n<p>NUDIMO KUPOVINU NOVE ROBE NA RATE:<\/p>\n<p>-DO 18 RATA PREKO MIKROFIN KREDITNA ORGANIZACIJA<\/p>\n<p>-DO 12 RATA PREKO \u0160OPING KARTICE UNICREDIT BANK<\/p>\n<p>&nbsp;<\/p>\n<p>Trgovinska Radnja TECHNO SHOP BN<\/p>\n<p>Nikole Tesle 31a, Bijeljina<\/p>\n<p>(izme\u0111u Moja Apoteka i picerije Park Ne\u0161kovi\u0107)<\/p>\n<p>055\/422-599;\u00a0<strong><u>065\/824-333<\/u><\/strong><\/p>\n<p>Radnim danima 09-19h<\/p>\n<p>Subotom 09-16h<\/p>\n<p>www.technoshopbn.com<\/p>\n<p><a href=\"https:\/\/olx.ba\/artikal\/51187537\/gaming-racunar-pc-i5-10400f-16gb-gtx-1660-ti\">info@technoshopbn.com<\/a><\/p>\n","protected":false},"excerpt":{"rendered":"<p>Istovremeno punjenje dva PS5 DualSense kontrolera, LED indikatori za pra\u0107enje statusa punjenja, kabal du\u017eine 5 metara.<\/p>\n","protected":false},"featured_media":11558,"comment_status":"open","ping_status":"closed","template":"","meta":{"_mi_skip_tracking":false,"_exactmetrics_sitenote_active":false,"_exactmetrics_sitenote_note":"","_exactmetrics_sitenote_category":0,"spay_email":""},"product_cat":[8188],"product_tag":[],"brands":[],"df_price":39,"df_sale_price":"","df_regular_price":39,"df_image_link":"https:\/\/i2.wp.com\/astehshop.com\/wp-content\/uploads\/2025\/08\/39046-BigBen-Playstation-5-DualSense-Charging-Station-V2-1.webp?fit=450%2C450","jetpack_publicize_connections":[],"jetpack_sharing_enabled":true,"jetpack_likes_enabled":true,"jetpack-related-posts":[{"id":10360,"url":"http:\/\/astehshop.com\/index.php\/product\/ea-sports-fc-25-ps5\/","url_meta":{"origin":11557,"position":0},"title":"EA SPORTS FC 25 PS5","date":"12. svibnja 2025.","format":false,"excerpt":"EA SPORTS FC 25 PS5 Za sve dodatne informacije mozete nas kontaktirati na OLX poruke, 065824333 ili Viber \u00a0 \u00a0NUDIMO KUPOVINU NOVE ROBE NA RATE: -DO 18 RATA PREKO MIKROFIN KREDITNA ORGANIZACIJA -DO 12 RATA PREKO \u0160OPING KARTICE UNICREDIT BANK","rel":"","context":"Srodne objave","img":{"alt_text":"","src":"https:\/\/i2.wp.com\/astehshop.com\/wp-content\/uploads\/2025\/05\/img-1747042602-b9c9a9a1609a.jpg?fit=900%2C900&resize=350%2C200","width":350,"height":200},"classes":[]},{"id":11527,"url":"http:\/\/astehshop.com\/index.php\/product\/gta-5-ps5\/","url_meta":{"origin":11557,"position":1},"title":"GTA 5 PS5","date":"19. kolovoza 2025.","format":false,"excerpt":"Za sve dodatne informacije mozete nas kontaktirati na\u00a0OLX poruke, 065824333 ili Viber NUDIMO KUPOVINU NOVE ROBE NA RATE: -DO 18 RATA PREKO MIKROFIN KREDITNA ORGANIZACIJA -DO 12 RATA PREKO \u0160OPING KARTICE UNICREDIT BANK \u00a0 Trgovinska Radnja TECHNO SHOP BN Nikole Tesle 31a, Bijeljina (izme\u0111u Moja Apoteka i picerije Park Ne\u0161kovi\u0107)\u2026","rel":"","context":"Srodne objave","img":{"alt_text":"","src":"https:\/\/i0.wp.com\/astehshop.com\/wp-content\/uploads\/2025\/08\/30756-GTA-5-PS5-1.webp?fit=450%2C450&resize=350%2C200","width":350,"height":200},"classes":[]},{"id":11529,"url":"http:\/\/astehshop.com\/index.php\/product\/ea-sport-fc-ps5\/","url_meta":{"origin":11557,"position":2},"title":"EA SPORT FC PS5","date":"19. kolovoza 2025.","format":false,"excerpt":"Za sve dodatne informacije mozete nas kontaktirati na\u00a0OLX poruke, 065824333 ili Viber NUDIMO KUPOVINU NOVE ROBE NA RATE: -DO 18 RATA PREKO MIKROFIN KREDITNA ORGANIZACIJA -DO 12 RATA PREKO \u0160OPING KARTICE UNICREDIT BANK \u00a0 Trgovinska Radnja TECHNO SHOP BN Nikole Tesle 31a, Bijeljina (izme\u0111u Moja Apoteka i picerije Park Ne\u0161kovi\u0107)\u2026","rel":"","context":"Srodne objave","img":{"alt_text":"","src":"https:\/\/i2.wp.com\/astehshop.com\/wp-content\/uploads\/2025\/08\/0131379_ea-sports-fc-25-ps5_550.png?fit=550%2C550&resize=350%2C200","width":350,"height":200},"classes":[]},{"id":11533,"url":"http:\/\/astehshop.com\/index.php\/product\/need-for-speed-unbound-ps5\/","url_meta":{"origin":11557,"position":3},"title":"NEED FOR SPEED UNBOUND PS5","date":"19. kolovoza 2025.","format":false,"excerpt":"Za sve dodatne informacije mozete nas kontaktirati na\u00a0OLX poruke, 065824333 ili Viber NUDIMO KUPOVINU NOVE ROBE NA RATE: -DO 18 RATA PREKO MIKROFIN KREDITNA ORGANIZACIJA -DO 12 RATA PREKO \u0160OPING KARTICE UNICREDIT BANK \u00a0 Trgovinska Radnja TECHNO SHOP BN Nikole Tesle 31a, Bijeljina (izme\u0111u Moja Apoteka i picerije Park Ne\u0161kovi\u0107)\u2026","rel":"","context":"Srodne objave","img":{"alt_text":"","src":"https:\/\/i2.wp.com\/astehshop.com\/wp-content\/uploads\/2025\/08\/32945-Need-for-Speed-Unbound-PS5-1-1.webp?fit=450%2C450&resize=350%2C200","width":350,"height":200},"classes":[]},{"id":5259,"url":"http:\/\/astehshop.com\/index.php\/product\/bnc-napojni-kabal-duzine-183m\/","url_meta":{"origin":11557,"position":4},"title":"BNC + Napojni kabal du\u017eine 18,3m","date":"9. listopada 2021.","format":false,"excerpt":"L18HT","rel":"","context":"Srodne objave","img":{"alt_text":"","src":"https:\/\/i0.wp.com\/astehshop.com\/wp-content\/uploads\/2021\/10\/L18HTCR-600x368-1.png?fit=881%2C691&resize=350%2C200","width":350,"height":200},"classes":[]},{"id":7505,"url":"http:\/\/astehshop.com\/index.php\/product\/adapter-kabal-10cm-dp-to-hdmi-display-port-na-hdmi\/","url_meta":{"origin":11557,"position":5},"title":"ADAPTER KABAL 10cm DP to HDMI display port na hdmi","date":"28. o\u017eujka 2023.","format":false,"excerpt":"Kvalitetan adapter DP to HDMI duzine 10cm, bijeli.","rel":"","context":"Srodne objave","img":{"alt_text":"","src":"https:\/\/i1.wp.com\/astehshop.com\/wp-content\/uploads\/2023\/03\/R4bME0UBiEMQuTFySe7Y.jpg?fit=800%2C600&resize=350%2C200","width":350,"height":200},"classes":[]}],"_links":{"self":[{"href":"http:\/\/astehshop.com\/index.php\/wp-json\/wp\/v2\/product\/11557"}],"collection":[{"href":"http:\/\/astehshop.com\/index.php\/wp-json\/wp\/v2\/product"}],"about":[{"href":"http:\/\/astehshop.com\/index.php\/wp-json\/wp\/v2\/types\/product"}],"replies":[{"embeddable":true,"href":"http:\/\/astehshop.com\/index.php\/wp-json\/wp\/v2\/comments?post=11557"}],"wp:featuredmedia":[{"embeddable":true,"href":"http:\/\/astehshop.com\/index.php\/wp-json\/wp\/v2\/media\/11558"}],"wp:attachment":[{"href":"http:\/\/astehshop.com\/index.php\/wp-json\/wp\/v2\/media?parent=11557"}],"wp:term":[{"taxonomy":"product_cat","embeddable":true,"href":"http:\/\/astehshop.com\/index.php\/wp-json\/wp\/v2\/product_cat?post=11557"},{"taxonomy":"product_tag","embeddable":true,"href":"http:\/\/astehshop.com\/index.php\/wp-json\/wp\/v2\/product_tag?post=11557"}],"curies":[{"name":"wp","href":"https:\/\/api.w.org\/{rel}","templated":true}]}}