{"id":11554,"date":"2025-08-20T14:41:25","date_gmt":"2025-08-20T12:41:25","guid":{"rendered":"http:\/\/astehshop.com\/?post_type=product&#038;p=11554"},"modified":"2025-08-20T14:41:27","modified_gmt":"2025-08-20T12:41:27","slug":"ipega-ps4-dual-charging-station","status":"publish","type":"product","link":"http:\/\/astehshop.com\/index.php\/product\/ipega-ps4-dual-charging-station\/","title":{"rendered":"IPEGA PS4 DUAL CHARGING STATION"},"content":{"rendered":"<p>Playstation 4 Dualshock Charging Station, Connectivity technology: Wired, Connector type: USB, Input voltage: 5 Volts, Main power connector type: 2 pin<\/p>\n<p>Za sve dodatne informacije mozete nas kontaktirati na\u00a0<strong>OLX poruke, 065824333 ili Viber<\/strong><\/p>\n<p>NUDIMO KUPOVINU NOVE ROBE NA RATE:<\/p>\n<p>-DO 18 RATA PREKO MIKROFIN KREDITNA ORGANIZACIJA<\/p>\n<p>-DO 12 RATA PREKO \u0160OPING KARTICE UNICREDIT BANK<\/p>\n<p>&nbsp;<\/p>\n<p>Trgovinska Radnja TECHNO SHOP BN<\/p>\n<p>Nikole Tesle 31a, Bijeljina<\/p>\n<p>(izme\u0111u Moja Apoteka i picerije Park Ne\u0161kovi\u0107)<\/p>\n<p>055\/422-599;\u00a0<strong><u>065\/824-333<\/u><\/strong><\/p>\n<p>Radnim danima 09-19h<\/p>\n<p>Subotom 09-16h<\/p>\n<p>www.technoshopbn.com<\/p>\n<p><a href=\"https:\/\/olx.ba\/artikal\/51187537\/gaming-racunar-pc-i5-10400f-16gb-gtx-1660-ti\">info@technoshopbn.com<\/a><\/p>\n","protected":false},"excerpt":{"rendered":"<p>Playstation 4 Dualshock Charging Station, Connectivity technology: Wired, Connector type: USB, Input voltage: 5 Volts, Main power connector type: 2 pin<\/p>\n","protected":false},"featured_media":11555,"comment_status":"open","ping_status":"closed","template":"","meta":{"_mi_skip_tracking":false,"_exactmetrics_sitenote_active":false,"_exactmetrics_sitenote_note":"","_exactmetrics_sitenote_category":0,"spay_email":""},"product_cat":[8188],"product_tag":[],"brands":[],"df_price":29,"df_sale_price":"","df_regular_price":29,"df_image_link":"https:\/\/i1.wp.com\/astehshop.com\/wp-content\/uploads\/2025\/08\/34954-iPega-Playstation-4-Dualshock-Charging-Station-PG-9180-1.webp?fit=450%2C450","jetpack_publicize_connections":[],"jetpack_sharing_enabled":true,"jetpack_likes_enabled":true,"jetpack-related-posts":[{"id":7017,"url":"http:\/\/astehshop.com\/index.php\/product\/redragon-diti-k585-rgb-gaming-tastatura\/","url_meta":{"origin":11554,"position":0},"title":"ReDragon &#8211; Diti K585 RGB Gaming Tastatura","date":"8. prosinca 2022.","format":false,"excerpt":"Keyboard Connectivity: Wired, USB, Layout: Eng, Key Switches: OUTEMU Blue Switches, USB Connector: USB 2.0, Keyboard Connectivity: Wired, Matrix: 42 Keys (Full Rollover), Macro Key: 7, Wrist-rest Part: YES, Height Adjustable: No","rel":"","context":"Srodne objave","img":{"alt_text":"","src":"https:\/\/i1.wp.com\/astehshop.com\/wp-content\/uploads\/2022\/12\/25779-ReDragon-Gaming-tastatura-Diti-K585-RGB-1.jpg?fit=610%2C614&resize=350%2C200","width":350,"height":200},"classes":[]},{"id":11067,"url":"http:\/\/astehshop.com\/index.php\/product\/usb-type-c-to-ethernet-lan-adapter\/","url_meta":{"origin":11554,"position":1},"title":"USB Type-C to ethernet LAN adapter","date":"15. srpnja 2025.","format":false,"excerpt":"USB Type-C to ethernet LAN adapter BOROFONE DH7 Ricco 100 Mbps black","rel":"","context":"Srodne objave","img":{"alt_text":"","src":"https:\/\/i2.wp.com\/astehshop.com\/wp-content\/uploads\/2025\/07\/0127329_usb-type-c-to-ethernet-lan-adapter-borofone-dh7-ricco-100-mbps-black.png?fit=900%2C900&resize=350%2C200","width":350,"height":200},"classes":[]},{"id":11069,"url":"http:\/\/astehshop.com\/index.php\/product\/usb-audio-adapter-type-c-to-3-5mm\/","url_meta":{"origin":11554,"position":2},"title":"USB audio adapter Type-C to 3.5mm","date":"15. srpnja 2025.","format":false,"excerpt":"USB audio adapter Type-C to 3.5mm BOROFONE BV15 digital audio converter black","rel":"","context":"Srodne objave","img":{"alt_text":"","src":"https:\/\/i0.wp.com\/astehshop.com\/wp-content\/uploads\/2025\/07\/0127091_usb-audio-adapter-type-c-to-35mm-borofone-bv15-digital-audio-converter-black.png?fit=900%2C900&resize=350%2C200","width":350,"height":200},"classes":[]},{"id":11372,"url":"http:\/\/astehshop.com\/index.php\/product\/power-station-usb-brzi-quick-punjac-gembird-6-port-75w\/","url_meta":{"origin":11554,"position":3},"title":"Power station USB brzi\/quick punja\u010d GEMBIRD, 6-port 75W","date":"23. srpnja 2025.","format":false,"excerpt":"Tehnologije punjenja:\u00a0QC 3.0 i Power Delivery (PD) GaN tehnologija:\u00a0kompaktan dizajn s pove\u0107anom energetskom u\u010dinkovito\u0161\u0107u Type-C portovi:\u00a0podr\u017eavaju PD do 25 W Type-A portovi:\u00a0podr\u017eavaju QC 3.0 do 18 W Za\u0161tita:\u00a0pametna za\u0161tita od prenapona, preoptere\u0107enja, kratkog spoja i pregrijavanja","rel":"","context":"Srodne objave","img":{"alt_text":"","src":"https:\/\/i0.wp.com\/astehshop.com\/wp-content\/uploads\/2025\/07\/0137062_power-station-usb-brziquick-punjac-gembird-6-port-75w-gan-usb-fast-charger-black-type-c-usb-ta-uc-2a.png?fit=900%2C900&resize=350%2C200","width":350,"height":200},"classes":[]},{"id":11074,"url":"http:\/\/astehshop.com\/index.php\/product\/usb-audio-adapter-type-c-to-3-5mm-2\/","url_meta":{"origin":11554,"position":4},"title":"USB audio adapter Type-C to 3.5mm","date":"15. srpnja 2025.","format":false,"excerpt":"USB audio adapter Type-C to 3.5mm BOROFONE BV16 digital audio converter metal gray","rel":"","context":"Srodne objave","img":{"alt_text":"","src":"https:\/\/i1.wp.com\/astehshop.com\/wp-content\/uploads\/2025\/07\/0127090_usb-audio-adapter-type-c-to-35mm-borofone-bv16-digital-audio-converter-metal-gray.png?fit=900%2C900&resize=350%2C200","width":350,"height":200},"classes":[]},{"id":11557,"url":"http:\/\/astehshop.com\/index.php\/product\/charging-station-ps5-v2-dualsense\/","url_meta":{"origin":11554,"position":5},"title":"CHARGING STATION PS5 V2 DUALSENSE","date":"20. kolovoza 2025.","format":false,"excerpt":"Istovremeno punjenje dva PS5 DualSense kontrolera, LED indikatori za pra\u0107enje statusa punjenja, kabal du\u017eine 5 metara.","rel":"","context":"Srodne objave","img":{"alt_text":"","src":"https:\/\/i2.wp.com\/astehshop.com\/wp-content\/uploads\/2025\/08\/39046-BigBen-Playstation-5-DualSense-Charging-Station-V2-1.webp?fit=450%2C450&resize=350%2C200","width":350,"height":200},"classes":[]}],"_links":{"self":[{"href":"http:\/\/astehshop.com\/index.php\/wp-json\/wp\/v2\/product\/11554"}],"collection":[{"href":"http:\/\/astehshop.com\/index.php\/wp-json\/wp\/v2\/product"}],"about":[{"href":"http:\/\/astehshop.com\/index.php\/wp-json\/wp\/v2\/types\/product"}],"replies":[{"embeddable":true,"href":"http:\/\/astehshop.com\/index.php\/wp-json\/wp\/v2\/comments?post=11554"}],"wp:featuredmedia":[{"embeddable":true,"href":"http:\/\/astehshop.com\/index.php\/wp-json\/wp\/v2\/media\/11555"}],"wp:attachment":[{"href":"http:\/\/astehshop.com\/index.php\/wp-json\/wp\/v2\/media?parent=11554"}],"wp:term":[{"taxonomy":"product_cat","embeddable":true,"href":"http:\/\/astehshop.com\/index.php\/wp-json\/wp\/v2\/product_cat?post=11554"},{"taxonomy":"product_tag","embeddable":true,"href":"http:\/\/astehshop.com\/index.php\/wp-json\/wp\/v2\/product_tag?post=11554"}],"curies":[{"name":"wp","href":"https:\/\/api.w.org\/{rel}","templated":true}]}}