{"id":11446,"date":"2025-08-18T14:32:53","date_gmt":"2025-08-18T12:32:53","guid":{"rendered":"http:\/\/astehshop.com\/?post_type=product&#038;p=11446"},"modified":"2025-08-18T14:32:54","modified_gmt":"2025-08-18T12:32:54","slug":"samsung-a26-8gb-256gb-black","status":"publish","type":"product","link":"http:\/\/astehshop.com\/index.php\/product\/samsung-a26-8gb-256gb-black\/","title":{"rendered":"SAMSUNG A26 8GB 256GB BLACK"},"content":{"rendered":"<ul>\n<li><strong>Ekran:<\/strong>\u00a06.7&#8243; Super AMOLED, 120Hz, Full HD+ (1080 \u00d7 2340 px)<\/li>\n<li><strong>Memorija:<\/strong>\u00a08GB RAM \/ 256GB interna + microSD podr\u0161ka<\/li>\n<li><strong>Procesor:<\/strong>\u00a0Exynos 1380, osmojezgarni, 5nm<\/li>\n<li><strong>Zadnja kamera:<\/strong>\u00a050MP (glavna) + 8MP (ultra\u0161iroka) + 2MP (makro)<\/li>\n<li><strong>Prednja kamera:<\/strong>\u00a013MP<\/li>\n<li><strong>Video:<\/strong>\u00a04K @30fps, 1080p @30fps<\/li>\n<li><strong>Baterija:<\/strong>\u00a05000 mAh, brzo punjenje 25W<\/li>\n<li><strong>Operativni sistem:<\/strong>\u00a0Android 15, One UI 7<\/li>\n<li><strong>Otpornost:<\/strong>\u00a0IP67 \u2013 vodootporan i otporan na pra\u0161inu<\/li>\n<li><strong>Povezivanje:<\/strong>\u00a0NFC, USB-C, Wi-Fi ac, Bluetooth 5.3<\/li>\n<li><strong>Sigurnost:<\/strong>\u00a0Bo\u010dni senzor otiska prsta<\/li>\n<li><strong>Boja:<\/strong>\u00a0Crna<\/li>\n<\/ul>\n<p>Za sve dodatne informacije mozete nas kontaktirati na\u00a0<strong>OLX poruke, 065824333 ili Viber<\/strong><\/p>\n<p>NUDIMO KUPOVINU NOVE ROBE NA RATE:<\/p>\n<p>-DO 18 RATA PREKO MIKROFIN KREDITNA ORGANIZACIJA<\/p>\n<p>-DO 12 RATA PREKO \u0160OPING KARTICE UNICREDIT BANK<\/p>\n<p>&nbsp;<\/p>\n<p>Trgovinska Radnja TECHNO SHOP BN<\/p>\n<p>Nikole Tesle 31a, Bijeljina<\/p>\n<p>(izme\u0111u Moja Apoteka i picerije Park Ne\u0161kovi\u0107)<\/p>\n<p>055\/422-599;\u00a0<strong><u>065\/824-333<\/u><\/strong><\/p>\n<p>Radnim danima 09-19h<\/p>\n<p>Subotom 09-16h<\/p>\n<p>www.technoshopbn.com<\/p>\n<p><a href=\"https:\/\/olx.ba\/artikal\/51187537\/gaming-racunar-pc-i5-10400f-16gb-gtx-1660-ti\">info@technoshopbn.com<\/a><\/p>\n","protected":false},"excerpt":{"rendered":"<ul>\n<li><strong>Ekran:<\/strong>\u00a06.7&#8243; Super AMOLED, 120Hz, Full HD+ (1080 \u00d7 2340 px)<\/li>\n<li><strong>Memorija:<\/strong>\u00a08GB RAM \/ 256GB interna + microSD podr\u0161ka<\/li>\n<li><strong>Procesor:<\/strong>\u00a0Exynos 1380, osmojezgarni, 5nm<\/li>\n<li><strong>Zadnja kamera:<\/strong>\u00a050MP (glavna) + 8MP (ultra\u0161iroka) + 2MP (makro)<\/li>\n<li><strong>Prednja kamera:<\/strong>\u00a013MP<\/li>\n<li><strong>Video:<\/strong>\u00a04K @30fps, 1080p @30fps<\/li>\n<li><strong>Baterija:<\/strong>\u00a05000 mAh, brzo punjenje 25W<\/li>\n<li><strong>Operativni sistem:<\/strong>\u00a0Android 15, One UI 7<\/li>\n<li><strong>Otpornost:<\/strong>\u00a0IP67 \u2013 vodootporan i otporan na pra\u0161inu<\/li>\n<li><strong>Povezivanje:<\/strong>\u00a0NFC, USB-C, Wi-Fi ac, Bluetooth 5.3<\/li>\n<li><strong>Sigurnost:<\/strong>\u00a0Bo\u010dni senzor otiska prsta<\/li>\n<li><strong>Boja:<\/strong>\u00a0Crna<\/li>\n<\/ul>\n","protected":false},"featured_media":11448,"comment_status":"open","ping_status":"closed","template":"","meta":{"_mi_skip_tracking":false,"_exactmetrics_sitenote_active":false,"_exactmetrics_sitenote_note":"","_exactmetrics_sitenote_category":0,"spay_email":""},"product_cat":[1170],"product_tag":[],"brands":[{"id":2366,"name":"Samsung","slug":"samsung"}],"df_price":499,"df_sale_price":"","df_regular_price":499,"df_image_link":"https:\/\/i1.wp.com\/astehshop.com\/wp-content\/uploads\/2025\/08\/0135733_mobitel-samsung-galaxy-a26-5g-8gb-256gb-dual-sim-black_550.png?fit=450%2C450","jetpack_publicize_connections":[],"jetpack_sharing_enabled":true,"jetpack_likes_enabled":true,"jetpack-related-posts":[{"id":11948,"url":"http:\/\/astehshop.com\/index.php\/product\/samsung-a26-8gb-256gb-black-2\/","url_meta":{"origin":11446,"position":0},"title":"Samsung A26 8GB 256GB Black","date":"7. prosinca 2025.","format":false,"excerpt":"Samsung Galaxy A26 8GB 256GB Samsung Galaxy A26 je moderan pametni telefon koji donosi odli\u010dne performanse, veliki ekran i dugotrajnu bateriju. Idealan je za korisnike koji \u017eele balans izme\u0111u cijene i kvaliteta. Klju\u010dne karakteristike: Ekran:\u00a06.7-in\u010dni Super AMOLED ekran sa Full HD+ rezolucijom i osvje\u017eavanjem od 120Hz za glatko iskustvo. Procesor:\u00a0Exynos\u2026","rel":"","context":"Srodne objave","img":{"alt_text":"","src":"https:\/\/i1.wp.com\/astehshop.com\/wp-content\/uploads\/2025\/12\/Samsung-A26-8GB-256GB-Black.jpg?fit=800%2C800&resize=350%2C200","width":350,"height":200},"classes":[]},{"id":5703,"url":"http:\/\/astehshop.com\/index.php\/product\/xiaomi-poco-f3-8gb-256gb\/","url_meta":{"origin":11446,"position":1},"title":"Xiaomi Poco F3 8GB 256GB","date":"5. prosinca 2021.","format":false,"excerpt":"Ekran: 6.67\u2033, AMOLED, 120 Hz, 1080 x 2400 px Chipset: Snapdragon 870 5G Procesor: Octa-core (1x 3.2 GHz, 3x 2.4 GHz i 4x 1.8 GHz, Kryo 585 jezgre) Grafika: Adreno 650 RAM memorija: 8 GB Interna memorija: 256 GB microSD slot: NEMA Stra\u017enje kamere: 48 MP, f\/1.8, 26mm, 1\/2\u2033, 0.8\u00b5m,\u2026","rel":"","context":"Srodne objave","img":{"alt_text":"","src":"https:\/\/i2.wp.com\/astehshop.com\/wp-content\/uploads\/2021\/12\/1621330596_0903517_003.jpg?fit=1000%2C1000&resize=350%2C200","width":350,"height":200},"classes":[]},{"id":6563,"url":"http:\/\/astehshop.com\/index.php\/product\/laptop-hp-255-15-5-fhd-g8-r3-3250u-8gb-256gb-ssd-dos\/","url_meta":{"origin":11446,"position":2},"title":"Laptop HP 255 15.5 FHD G8 R3-3250U 8GB 256GB SSD DOS","date":"17. studenoga 2022.","format":false,"excerpt":"CPU Brend:\u00a0AMD CPU Model:\u00a0Ryen 3 3250U VGA:\u00a0AMD Radeon\u2122 Graphics RAM:\u00a08GB Ekran:\u00a015.6'' FHD (FULL HD) SSD:\u00a0256GB Web Kamera:\u00a0Da MicroSD:\u00a0Da OS:\u00a0FREE DOS","rel":"","context":"Srodne objave","img":{"alt_text":"","src":"https:\/\/i1.wp.com\/astehshop.com\/wp-content\/uploads\/2022\/11\/laptop-hp-255-g8-r3-3250u-8gb-256gb-ssd-155-fhd-sva-dos-27k52ea.jpg?fit=800%2C800&resize=350%2C200","width":350,"height":200},"classes":[]},{"id":8717,"url":"http:\/\/astehshop.com\/index.php\/product\/asus-aio-touch-pc-90pt0391-m00a10-8gb\/","url_meta":{"origin":11446,"position":3},"title":"ASUS AIO Touch PC 90PT0391-M00A10 8GB","date":"23. prosinca 2023.","format":false,"excerpt":"Procesor (CPU) - Intel N4500 Quad Memorija (RAM): 8GB \/ DDR4 (3200 MHz) Ekran (Display): LED 15.6'' FullHD 1200x720 Operativni Sistem: po zelji kupca (Win 10 ili 11) (Storage): 256GB SSD M.2 NVMe Grafi\u010dka karta (GPU): Intel UHD","rel":"","context":"Srodne objave","img":{"alt_text":"","src":"https:\/\/i1.wp.com\/astehshop.com\/wp-content\/uploads\/2023\/12\/img-1703353930-339ea39cffae.jpg?fit=800%2C500&resize=350%2C200","width":350,"height":200},"classes":[]},{"id":4351,"url":"http:\/\/astehshop.com\/index.php\/product\/tablet-kids-k7\/","url_meta":{"origin":11446,"position":4},"title":"Tablet kids k7","date":"31. o\u017eujka 2020.","format":false,"excerpt":"Android tablet 7\", ekran rezolucija 1024 x 600, CPU Quad Core, RAM memorija 1GB, interna memorija 8GB, pro\u0161irivo sa microSD do 32GB, kamera 2Mpixel, G senzor, WiFi, Bluetooth. Baterija 2500mAh Operativni sustav Android 7.1 Nougat","rel":"","context":"Srodne objave","img":{"alt_text":"","src":"https:\/\/i2.wp.com\/astehshop.com\/wp-content\/uploads\/2020\/03\/K7-Kids.png?fit=1200%2C1099&resize=350%2C200","width":350,"height":200},"classes":[]},{"id":6561,"url":"http:\/\/astehshop.com\/index.php\/product\/laptop-lenovo-v15-n4020-15-6-hd-4gb-256gb-free-dos\/","url_meta":{"origin":11446,"position":5},"title":"Laptop Lenovo V15 N4020 15.6 HD 4GB 256GB FREE DOS","date":"17. studenoga 2022.","format":false,"excerpt":"CPU Brend:\u00a0Intel CPU Model:\u00a0N4020 VGA:\u00a0Intel\u00ae UHD Graphics 600 RAM:\u00a04GB Ekran:\u00a015.6'' FHD (FULL HD) SSD:\u00a0256GB Web Kamera:\u00a0Da MicroSD:\u00a0Da OS:\u00a0FREE DOS","rel":"","context":"Srodne objave","img":{"alt_text":"","src":"https:\/\/i2.wp.com\/astehshop.com\/wp-content\/uploads\/2022\/11\/lenvo-laptop-v15-intel-celeron-procesor-n4020-156.jpg?fit=800%2C800&resize=350%2C200","width":350,"height":200},"classes":[]}],"_links":{"self":[{"href":"http:\/\/astehshop.com\/index.php\/wp-json\/wp\/v2\/product\/11446"}],"collection":[{"href":"http:\/\/astehshop.com\/index.php\/wp-json\/wp\/v2\/product"}],"about":[{"href":"http:\/\/astehshop.com\/index.php\/wp-json\/wp\/v2\/types\/product"}],"replies":[{"embeddable":true,"href":"http:\/\/astehshop.com\/index.php\/wp-json\/wp\/v2\/comments?post=11446"}],"wp:featuredmedia":[{"embeddable":true,"href":"http:\/\/astehshop.com\/index.php\/wp-json\/wp\/v2\/media\/11448"}],"wp:attachment":[{"href":"http:\/\/astehshop.com\/index.php\/wp-json\/wp\/v2\/media?parent=11446"}],"wp:term":[{"taxonomy":"product_cat","embeddable":true,"href":"http:\/\/astehshop.com\/index.php\/wp-json\/wp\/v2\/product_cat?post=11446"},{"taxonomy":"product_tag","embeddable":true,"href":"http:\/\/astehshop.com\/index.php\/wp-json\/wp\/v2\/product_tag?post=11446"}],"curies":[{"name":"wp","href":"https:\/\/api.w.org\/{rel}","templated":true}]}}