{"id":11438,"date":"2025-08-09T17:54:59","date_gmt":"2025-08-09T15:54:59","guid":{"rendered":"http:\/\/astehshop.com\/?post_type=product&#038;p=11438"},"modified":"2026-04-04T20:21:32","modified_gmt":"2026-04-04T18:21:32","slug":"longse-4g-solarna-roto-kamera-256-gb-microsd-kartica","status":"publish","type":"product","link":"http:\/\/astehshop.com\/index.php\/product\/longse-4g-solarna-roto-kamera-256-gb-microsd-kartica\/","title":{"rendered":"Longse 4G solarna roto kamera + 128 GB MicroSD kartica"},"content":{"rendered":"<div class=\"xyinxu5 xyri2b x1g2khh7 x1c1uobl\"><span class=\"x193iq5w xeuugli x13faqbe x1vvkbs x1xmvt09 x1lliihq x1s928wv xhkezso x1gmr53x x1cpjm7i x1fgarty x1943h6x xudqn12 x3x7a5m x6prxxf xvq8zen xo1l8bm xzsf02u\" dir=\"auto\"><span class=\"html-span xexx8yu xyri2b x18d9i69 x1c1uobl x1hl2dhg x16tdsg8 x1vvkbs x3nfvp2 x1j61x8r x1fcty0u xdj266r xat24cr xm2jcoa x1mpyi22 xxymvpz xlup9mm x1kky2od\"><img decoding=\"async\" loading=\"lazy\" class=\"xz74otr x15mokao x1ga7v0g x16uus16 xbiv7yw\" src=\"https:\/\/static.xx.fbcdn.net\/images\/emoji.php\/v9\/tea\/1\/16\/1f970.png\" alt=\"&#x1f970;\" width=\"16\" height=\"16\" \/><\/span> Solarne PTZ 4G kamere dostupne <br class=\"html-br\" \/><span class=\"html-span xexx8yu xyri2b x18d9i69 x1c1uobl x1hl2dhg x16tdsg8 x1vvkbs x3nfvp2 x1j61x8r x1fcty0u xdj266r xat24cr xm2jcoa x1mpyi22 xxymvpz xlup9mm x1kky2od\"><img decoding=\"async\" loading=\"lazy\" class=\"xz74otr x15mokao x1ga7v0g x16uus16 xbiv7yw\" src=\"https:\/\/static.xx.fbcdn.net\/images\/emoji.php\/v9\/t58\/1\/16\/1f929.png\" alt=\"&#x1f929;\" width=\"16\" height=\"16\" \/><\/span> dvosmjerna komunikacija<br class=\"html-br\" \/><span class=\"html-span xexx8yu xyri2b x18d9i69 x1c1uobl x1hl2dhg x16tdsg8 x1vvkbs x3nfvp2 x1j61x8r x1fcty0u xdj266r xat24cr xm2jcoa x1mpyi22 xxymvpz xlup9mm x1kky2od\"><img decoding=\"async\" loading=\"lazy\" class=\"xz74otr x15mokao x1ga7v0g x16uus16 xbiv7yw\" src=\"https:\/\/static.xx.fbcdn.net\/images\/emoji.php\/v9\/tea\/1\/16\/1f970.png\" alt=\"&#x1f970;\" width=\"16\" height=\"16\" \/><\/span> baterija i solarni panel<br class=\"html-br\" \/><span class=\"html-span xexx8yu xyri2b x18d9i69 x1c1uobl x1hl2dhg x16tdsg8 x1vvkbs x3nfvp2 x1j61x8r x1fcty0u xdj266r xat24cr xm2jcoa x1mpyi22 xxymvpz xlup9mm x1kky2od\"><img decoding=\"async\" loading=\"lazy\" class=\"xz74otr x15mokao x1ga7v0g x16uus16 xbiv7yw\" src=\"https:\/\/static.xx.fbcdn.net\/images\/emoji.php\/v9\/t83\/1\/16\/1f60e.png\" alt=\"&#x1f60e;\" width=\"16\" height=\"16\" \/><\/span> 4G <br class=\"html-br\" \/><span class=\"html-span xexx8yu xyri2b x18d9i69 x1c1uobl x1hl2dhg x16tdsg8 x1vvkbs x3nfvp2 x1j61x8r x1fcty0u xdj266r xat24cr xm2jcoa x1mpyi22 xxymvpz xlup9mm x1kky2od\"><img decoding=\"async\" loading=\"lazy\" class=\"xz74otr x15mokao x1ga7v0g x16uus16 xbiv7yw\" src=\"https:\/\/static.xx.fbcdn.net\/images\/emoji.php\/v9\/t6d\/1\/16\/1f973.png\" alt=\"&#x1f973;\" width=\"16\" height=\"16\" \/><\/span> detekcija ljudi i vozila ( te samim tim lak\u0161a pretraga i manje prostora uzima na kartici ) <br class=\"html-br\" \/><span class=\"html-span xexx8yu xyri2b x18d9i69 x1c1uobl x1hl2dhg x16tdsg8 x1vvkbs x3nfvp2 x1j61x8r x1fcty0u xdj266r xat24cr xm2jcoa x1mpyi22 xxymvpz xlup9mm x1kky2od\"><img decoding=\"async\" loading=\"lazy\" class=\"xz74otr x15mokao x1ga7v0g x16uus16 xbiv7yw\" src=\"https:\/\/static.xx.fbcdn.net\/images\/emoji.php\/v9\/tea\/1\/16\/1f970.png\" alt=\"&#x1f970;\" width=\"16\" height=\"16\" \/><\/span> pametno pra\u0107enje <br class=\"html-br\" \/><span class=\"html-span xexx8yu xyri2b x18d9i69 x1c1uobl x1hl2dhg x16tdsg8 x1vvkbs x3nfvp2 x1j61x8r x1fcty0u xdj266r xat24cr xm2jcoa x1mpyi22 xxymvpz xlup9mm x1kky2od\"><img decoding=\"async\" loading=\"lazy\" class=\"xz74otr x15mokao x1ga7v0g x16uus16 xbiv7yw\" src=\"https:\/\/static.xx.fbcdn.net\/images\/emoji.php\/v9\/t58\/1\/16\/1f929.png\" alt=\"&#x1f929;\" width=\"16\" height=\"16\" \/><\/span> predvi\u00f0ena za vanjske uslove <br class=\"html-br\" \/><span class=\"html-span xexx8yu xyri2b x18d9i69 x1c1uobl x1hl2dhg x16tdsg8 x1vvkbs x3nfvp2 x1j61x8r x1fcty0u xdj266r xat24cr xm2jcoa x1mpyi22 xxymvpz xlup9mm x1kky2od\"><img decoding=\"async\" loading=\"lazy\" class=\"xz74otr x15mokao x1ga7v0g x16uus16 xbiv7yw\" src=\"https:\/\/static.xx.fbcdn.net\/images\/emoji.php\/v9\/t55\/1\/16\/1f607.png\" alt=\"&#x1f607;\" width=\"16\" height=\"16\" \/><\/span> pametna obavje\u0161tenja <br class=\"html-br\" \/><br class=\"html-br\" \/>Nikole Tesle 31a \/ Bijeljina \/ 055 422 599 \/ <span class=\"html-span xdj266r x14z9mp xat24cr x1lziwak xexx8yu xyri2b x18d9i69 x1c1uobl x1hl2dhg x16tdsg8 x1vvkbs\"><a class=\"x1i10hfl xjbqb8w x1ejq31n x18oe1m7 x1sy0etr xstzfhl x972fbf x10w94by x1qhh985 x14e42zd x9f619 x1ypdohk xt0psk2 x3ct3a4 xdj266r x14z9mp xat24cr x1lziwak xexx8yu xyri2b x18d9i69 x1c1uobl x16tdsg8 x1hl2dhg xggy1nq x1a2a7pz xkrqix3 x1sur9pj x1fey0fg x1s688f\" tabindex=\"0\" role=\"link\" href=\"http:\/\/www.technoshopbn.com\/?fbclid=IwZXh0bgNhZW0CMTAAYnJpZBExY1BmM05LM29ZYjJrUTlRUAEegVcn_m7qFBSbGX7jbcixUHHgJuqN4GSAe4I0sfZmOk7yh2dGRf4s3NXdymI_aem_X7y-rJVHl1Q433qPe8tA_g\" target=\"_blank\" rel=\"nofollow noopener noreferrer\">www.technoshopbn.com<\/a><\/span><\/span><\/p>\n<div class=\"x1i10hfl xjbqb8w x1ejq31n x18oe1m7 x1sy0etr xstzfhl x972fbf x10w94by x1qhh985 x14e42zd x9f619 x1ypdohk xt0psk2 x3ct3a4 xdj266r x14z9mp xat24cr x1lziwak xexx8yu xyri2b x18d9i69 x1c1uobl x16tdsg8 x1hl2dhg xggy1nq x1a2a7pz xkrqix3 x1sur9pj xzsf02u x1s688f\" tabindex=\"0\" role=\"button\"><\/div>\n<\/div>\n","protected":false},"excerpt":{"rendered":"<div class=\"xyinxu5 xyri2b x1g2khh7 x1c1uobl\"><span class=\"x193iq5w xeuugli x13faqbe x1vvkbs x1xmvt09 x1lliihq x1s928wv xhkezso x1gmr53x x1cpjm7i x1fgarty x1943h6x xudqn12 x3x7a5m x6prxxf xvq8zen xo1l8bm xzsf02u\" dir=\"auto\"><span class=\"html-span xexx8yu xyri2b x18d9i69 x1c1uobl x1hl2dhg x16tdsg8 x1vvkbs x3nfvp2 x1j61x8r x1fcty0u xdj266r xat24cr xm2jcoa x1mpyi22 xxymvpz xlup9mm x1kky2od\"><img decoding=\"async\" loading=\"lazy\" class=\"xz74otr x15mokao x1ga7v0g x16uus16 xbiv7yw\" src=\"https:\/\/static.xx.fbcdn.net\/images\/emoji.php\/v9\/tea\/1\/16\/1f970.png\" alt=\"&#x1f970;\" width=\"16\" height=\"16\" \/><\/span> Solarne PTZ 4G kamere dostupne <br class=\"html-br\" \/><span class=\"html-span xexx8yu xyri2b x18d9i69 x1c1uobl x1hl2dhg x16tdsg8 x1vvkbs x3nfvp2 x1j61x8r x1fcty0u xdj266r xat24cr xm2jcoa x1mpyi22 xxymvpz xlup9mm x1kky2od\"><img decoding=\"async\" loading=\"lazy\" class=\"xz74otr x15mokao x1ga7v0g x16uus16 xbiv7yw\" src=\"https:\/\/static.xx.fbcdn.net\/images\/emoji.php\/v9\/t58\/1\/16\/1f929.png\" alt=\"&#x1f929;\" width=\"16\" height=\"16\" \/><\/span> dvosmjerna komunikacija<br class=\"html-br\" \/><span class=\"html-span xexx8yu xyri2b x18d9i69 x1c1uobl x1hl2dhg x16tdsg8 x1vvkbs x3nfvp2 x1j61x8r x1fcty0u xdj266r xat24cr xm2jcoa x1mpyi22 xxymvpz xlup9mm x1kky2od\"><img decoding=\"async\" loading=\"lazy\" class=\"xz74otr x15mokao x1ga7v0g x16uus16 xbiv7yw\" src=\"https:\/\/static.xx.fbcdn.net\/images\/emoji.php\/v9\/tea\/1\/16\/1f970.png\" alt=\"&#x1f970;\" width=\"16\" height=\"16\" \/><\/span> baterija i solarni panel<br class=\"html-br\" \/><span class=\"html-span xexx8yu xyri2b x18d9i69 x1c1uobl x1hl2dhg x16tdsg8 x1vvkbs x3nfvp2 x1j61x8r x1fcty0u xdj266r xat24cr xm2jcoa x1mpyi22 xxymvpz xlup9mm x1kky2od\"><img decoding=\"async\" loading=\"lazy\" class=\"xz74otr x15mokao x1ga7v0g x16uus16 xbiv7yw\" src=\"https:\/\/static.xx.fbcdn.net\/images\/emoji.php\/v9\/t83\/1\/16\/1f60e.png\" alt=\"&#x1f60e;\" width=\"16\" height=\"16\" \/><\/span> 4G <br class=\"html-br\" \/><span class=\"html-span xexx8yu xyri2b x18d9i69 x1c1uobl x1hl2dhg x16tdsg8 x1vvkbs x3nfvp2 x1j61x8r x1fcty0u xdj266r xat24cr xm2jcoa x1mpyi22 xxymvpz xlup9mm x1kky2od\"><img decoding=\"async\" loading=\"lazy\" class=\"xz74otr x15mokao x1ga7v0g x16uus16 xbiv7yw\" src=\"https:\/\/static.xx.fbcdn.net\/images\/emoji.php\/v9\/t6d\/1\/16\/1f973.png\" alt=\"&#x1f973;\" width=\"16\" height=\"16\" \/><\/span> detekcija ljudi i vozila ( te samim tim lak\u0161a pretraga i manje prostora uzima na kartici ) <br class=\"html-br\" \/><span class=\"html-span xexx8yu xyri2b x18d9i69 x1c1uobl x1hl2dhg x16tdsg8 x1vvkbs x3nfvp2 x1j61x8r x1fcty0u xdj266r xat24cr xm2jcoa x1mpyi22 xxymvpz xlup9mm x1kky2od\"><img decoding=\"async\" loading=\"lazy\" class=\"xz74otr x15mokao x1ga7v0g x16uus16 xbiv7yw\" src=\"https:\/\/static.xx.fbcdn.net\/images\/emoji.php\/v9\/tea\/1\/16\/1f970.png\" alt=\"&#x1f970;\" width=\"16\" height=\"16\" \/><\/span> pametno pra\u0107enje <br class=\"html-br\" \/><span class=\"html-span xexx8yu xyri2b x18d9i69 x1c1uobl x1hl2dhg x16tdsg8 x1vvkbs x3nfvp2 x1j61x8r x1fcty0u xdj266r xat24cr xm2jcoa x1mpyi22 xxymvpz xlup9mm x1kky2od\"><img decoding=\"async\" loading=\"lazy\" class=\"xz74otr x15mokao x1ga7v0g x16uus16 xbiv7yw\" src=\"https:\/\/static.xx.fbcdn.net\/images\/emoji.php\/v9\/t58\/1\/16\/1f929.png\" alt=\"&#x1f929;\" width=\"16\" height=\"16\" \/><\/span> predvi\u00f0ena za vanjske uslove <br class=\"html-br\" \/><span class=\"html-span xexx8yu xyri2b x18d9i69 x1c1uobl x1hl2dhg x16tdsg8 x1vvkbs x3nfvp2 x1j61x8r x1fcty0u xdj266r xat24cr xm2jcoa x1mpyi22 xxymvpz xlup9mm x1kky2od\"><img decoding=\"async\" loading=\"lazy\" class=\"xz74otr x15mokao x1ga7v0g x16uus16 xbiv7yw\" src=\"https:\/\/static.xx.fbcdn.net\/images\/emoji.php\/v9\/t55\/1\/16\/1f607.png\" alt=\"&#x1f607;\" width=\"16\" height=\"16\" \/><\/span> pametna obavje\u0161tenja <br class=\"html-br\" \/><br class=\"html-br\" \/>Nikole Tesle 31a \/ Bijeljina \/ 055 422 599 \/ <span class=\"html-span xdj266r x14z9mp xat24cr x1lziwak xexx8yu xyri2b x18d9i69 x1c1uobl x1hl2dhg x16tdsg8 x1vvkbs\"><a class=\"x1i10hfl xjbqb8w x1ejq31n x18oe1m7 x1sy0etr xstzfhl x972fbf x10w94by x1qhh985 x14e42zd x9f619 x1ypdohk xt0psk2 x3ct3a4 xdj266r x14z9mp xat24cr x1lziwak xexx8yu xyri2b x18d9i69 x1c1uobl x16tdsg8 x1hl2dhg xggy1nq x1a2a7pz xkrqix3 x1sur9pj x1fey0fg x1s688f\" tabindex=\"0\" role=\"link\" href=\"http:\/\/www.technoshopbn.com\/?fbclid=IwZXh0bgNhZW0CMTAAYnJpZBExY1BmM05LM29ZYjJrUTlRUAEegVcn_m7qFBSbGX7jbcixUHHgJuqN4GSAe4I0sfZmOk7yh2dGRf4s3NXdymI_aem_X7y-rJVHl1Q433qPe8tA_g\" target=\"_blank\" rel=\"nofollow noopener noreferrer\">www.technoshopbn.com<\/a><\/span><\/span><\/p>\n<div class=\"x1i10hfl xjbqb8w x1ejq31n x18oe1m7 x1sy0etr xstzfhl x972fbf x10w94by x1qhh985 x14e42zd x9f619 x1ypdohk xt0psk2 x3ct3a4 xdj266r x14z9mp xat24cr x1lziwak xexx8yu xyri2b x18d9i69 x1c1uobl x16tdsg8 x1hl2dhg xggy1nq x1a2a7pz xkrqix3 x1sur9pj xzsf02u x1s688f\" tabindex=\"0\" role=\"button\"><\/div>\n<\/div>\n","protected":false},"featured_media":11439,"comment_status":"open","ping_status":"closed","template":"","meta":{"_mi_skip_tracking":false,"_exactmetrics_sitenote_active":false,"_exactmetrics_sitenote_note":"","_exactmetrics_sitenote_category":0,"spay_email":""},"product_cat":[6356,135],"product_tag":[5697,8177,3448,8175,8178,8176,8174,7627],"brands":[{"id":2220,"name":"Longse","slug":"longse"}],"df_price":169,"df_sale_price":169,"df_regular_price":329,"df_image_link":"https:\/\/i1.wp.com\/astehshop.com\/wp-content\/uploads\/2025\/08\/527989690_1294266412698512_8752649112533936821_n-removebg-preview.png?fit=450%2C450","jetpack_publicize_connections":[],"jetpack_sharing_enabled":true,"jetpack_likes_enabled":true,"jetpack-related-posts":[{"id":8018,"url":"http:\/\/astehshop.com\/index.php\/product\/solarna-4g-kamera-3-mp-fhd-ip-na-sim-karticu\/","url_meta":{"origin":11438,"position":0},"title":"Solarna 4G kamera 3.MP FHD IP na sim karticu","date":"13. kolovoza 2023.","format":false,"excerpt":"Solarna WiFi \/ 4G kamera D12-A9 3.MP FHD IP Tip:\u00a0IP Povezivanje: WiFi i 4G Rezolucija:\u00a03.0MP \/ 1080p Ku\u0107i\u0161te:\u00a0plastika Boja:\u00a0bijela Stupanj IP za\u0161tite:\u00a0IP66 Napajanje: solarno Ugra\u0111ena Lithium baterija Mogu\u0107nost povezivanja na Cloud IR no\u0107no snimanje Dvostrani audio Podr\u017eava TF kartice Detekcija pokreta www.technoshopbn.com","rel":"","context":"Srodne objave","img":{"alt_text":"","src":"https:\/\/i1.wp.com\/astehshop.com\/wp-content\/uploads\/2023\/08\/solarna-4g-kamera-wifi.jpg?fit=550%2C550&resize=350%2C200","width":350,"height":200},"classes":[]},{"id":9970,"url":"http:\/\/astehshop.com\/index.php\/product\/ipc-k7fp-5h0te-roto-kamera-4g\/","url_meta":{"origin":11438,"position":1},"title":"IPC-K7FP-5H0TE roto kamera 4G","date":"16. o\u017eujka 2025.","format":false,"excerpt":"IMOU Cruiser SC 4G 5MP IP Kamera, Tip ure\u0111aja: Vanjska rotiraju\u0107a IP kamera, Rezolucija: 5MP (2880x1620), Objektiv: 3.6 mm, Ugao gledanja: 74\u00b0, Rotacija: 355\u00b0 horizontalno, 90\u00b0 vertikalno, No\u0107ni vid: 30m IR i bijelo LED osvjetljenje, Povezivanje: 4G SIM kartica (Band 1\/3\/5\/7\/8\/20\/28\/38\/40\/41), AI funkcije: Detekcija ljudi, auto pra\u0107enje, sirena 110dB, Pohrana:\u2026","rel":"","context":"Srodne objave","img":{"alt_text":"","src":"https:\/\/i1.wp.com\/img.youtube.com\/vi\/OWrO0oPV_04\/0.jpg?resize=350%2C200","width":350,"height":200},"classes":[]},{"id":4742,"url":"http:\/\/astehshop.com\/index.php\/product\/nosac-za-kucista-b310-b320-i-ptz-kamere-b270\/","url_meta":{"origin":11438,"position":2},"title":"Nosa\u010d za ku\u0107i\u0161ta B310 B320 i PTZ Kamere B270","date":"26. rujna 2020.","format":false,"excerpt":"Nosa\u010d za ku\u0107i\u0161ta B310 B320 i PTZ Kamere B270","rel":"","context":"Srodne objave","img":{"alt_text":"","src":"https:\/\/i1.wp.com\/astehshop.com\/wp-content\/uploads\/2020\/09\/Nosac-za-kucista-B310-B320-i-PTZ-Kamere-B270.png?fit=800%2C800&resize=350%2C200","width":350,"height":200},"classes":[]},{"id":9978,"url":"http:\/\/astehshop.com\/index.php\/product\/ipc-k9dcp-3t0we-v2-wifi-solarna-kamera\/","url_meta":{"origin":11438,"position":3},"title":"IPC-K9DCP-3T0WE-V2 WIFI solarna kamera","date":"16. o\u017eujka 2025.","format":false,"excerpt":"3 MP WI-FI bullet kamera sa solarnim panelom 1\/2.8\u201d CMOS sa progresivnim skeniranjem. Rezolucija 2304x1296. Fiksna optika 2.8mm. Detekcija pokreta, detekcija ljudi, dvosmjerna komunikacija,integrisan mikrofon, zvu\u010dnik,sirena.Kompresija H.265\/H.264.Smart,PIR senzor, no\u0107na vidljivost do 15 m.5000mAh baterija.Ugradjen solarni panel 2.2W Slot za Micro SD karticu do 256GB.ImouLife aplikacija za iOS, Android. Napajanje 5VDC,\u2026","rel":"","context":"Srodne objave","img":{"alt_text":"","src":"https:\/\/i0.wp.com\/astehshop.com\/wp-content\/uploads\/2025\/03\/IPC-K9DCP-3T0WE-V2-11.jpg?fit=1200%2C775&resize=350%2C200","width":350,"height":200},"classes":[]},{"id":6316,"url":"http:\/\/astehshop.com\/index.php\/product\/ptz-ip-kamera-5%e2%80%b3-2-0mp-22x-zoom-120m-ir-pt5a022hsl200\/","url_meta":{"origin":11438,"position":4},"title":"PTZ IP KAMERA 5\u2033 2.0MP 22X ZOOM 120M IR PT5A022HSL200","date":"23. travnja 2022.","format":false,"excerpt":"5\u2033 Outdoor Medium Speed PTZ IR 120m \u2022 1\/2.8\u2033SONY Starvis Back-illuminated CMOS Sensor \u2022 H.265\/H.264 Compression Method \u2022 22X Optical Zoom (f=3.9mm-85.5mm) \u2022 IR Distance 120m Max. \u2022 IP66 Outdoor \u2022 Garancija 24 mjeseca","rel":"","context":"Srodne objave","img":{"alt_text":"","src":"https:\/\/i2.wp.com\/astehshop.com\/wp-content\/uploads\/2022\/04\/PT5E122HSL200-1.jpg?fit=1200%2C900&resize=350%2C200","width":350,"height":200},"classes":[]},{"id":4744,"url":"http:\/\/astehshop.com\/index.php\/product\/nosac-i-kuciste-za-dome-i-ptz-kamere-b280\/","url_meta":{"origin":11438,"position":5},"title":"Nosa\u010d i ku\u0107i\u0161te za Dome i PTZ Kamere B280","date":"26. rujna 2020.","format":false,"excerpt":"Nosa\u010d i ku\u0107i\u0161te za Dome i PTZ Kamere B280","rel":"","context":"Srodne objave","img":{"alt_text":"","src":"https:\/\/i0.wp.com\/astehshop.com\/wp-content\/uploads\/2020\/09\/Nosac-i-kuciste-za-Dome-i-PTZ-Kamere-B280.png?fit=800%2C800&resize=350%2C200","width":350,"height":200},"classes":[]}],"_links":{"self":[{"href":"http:\/\/astehshop.com\/index.php\/wp-json\/wp\/v2\/product\/11438"}],"collection":[{"href":"http:\/\/astehshop.com\/index.php\/wp-json\/wp\/v2\/product"}],"about":[{"href":"http:\/\/astehshop.com\/index.php\/wp-json\/wp\/v2\/types\/product"}],"replies":[{"embeddable":true,"href":"http:\/\/astehshop.com\/index.php\/wp-json\/wp\/v2\/comments?post=11438"}],"wp:featuredmedia":[{"embeddable":true,"href":"http:\/\/astehshop.com\/index.php\/wp-json\/wp\/v2\/media\/11439"}],"wp:attachment":[{"href":"http:\/\/astehshop.com\/index.php\/wp-json\/wp\/v2\/media?parent=11438"}],"wp:term":[{"taxonomy":"product_cat","embeddable":true,"href":"http:\/\/astehshop.com\/index.php\/wp-json\/wp\/v2\/product_cat?post=11438"},{"taxonomy":"product_tag","embeddable":true,"href":"http:\/\/astehshop.com\/index.php\/wp-json\/wp\/v2\/product_tag?post=11438"}],"curies":[{"name":"wp","href":"https:\/\/api.w.org\/{rel}","templated":true}]}}