{"id":11433,"date":"2025-08-05T19:38:21","date_gmt":"2025-08-05T17:38:21","guid":{"rendered":"http:\/\/astehshop.com\/?post_type=product&#038;p=11433"},"modified":"2026-04-06T16:05:07","modified_gmt":"2026-04-06T14:05:07","slug":"uniview-pametni-interaktivni-displej-mw3575-u-c","status":"publish","type":"product","link":"http:\/\/astehshop.com\/index.php\/product\/uniview-pametni-interaktivni-displej-mw3575-u-c\/","title":{"rendered":"Uniview, Pametni interaktivni displej, MW3575-U-C"},"content":{"rendered":"<p>75 Inch Smart Interactive Display, DLED backlight (3840*2160), 75&#8243; interaktivni 4K ekran s<br \/>\nDLED pozadinskim osvjetljenjem i Android 12 operativnim sistemom. Ima osmojezgreni<br \/>\nprocesor (RK3588), 8 GB RAM-a i 64 GB interne memorije. Podr\u017eava infracrveni 20-ta\u010daka<br \/>\nmulti-touch. Ure\u0111aj nudi vi\u0161e HDMI, USB i audio priklju\u010daka te dva gigabitna LAN porta<\/p>\n","protected":false},"excerpt":{"rendered":"<p>75 Inch Smart Interactive Display, DLED backlight (3840*2160), 75&#8243; interaktivni 4K ekran s<br \/>\nDLED pozadinskim osvjetljenjem i Android 12 operativnim sistemom. Ima osmojezgreni<br \/>\nprocesor (RK3588), 8 GB RAM-a i 64 GB interne memorije. Podr\u017eava infracrveni 20-ta\u010daka<br \/>\nmulti-touch. Ure\u0111aj nudi vi\u0161e HDMI, USB i audio priklju\u010daka te dva gigabitna LAN porta<\/p>\n","protected":false},"featured_media":11431,"comment_status":"open","ping_status":"closed","template":"","meta":{"_mi_skip_tracking":false,"_exactmetrics_sitenote_active":false,"_exactmetrics_sitenote_note":"","_exactmetrics_sitenote_category":0,"spay_email":""},"product_cat":[1089,2011],"product_tag":[8171],"brands":[{"id":6129,"name":"UNV","slug":"unv"}],"df_price":3999,"df_sale_price":"","df_regular_price":3999,"df_image_link":"https:\/\/i1.wp.com\/astehshop.com\/wp-content\/uploads\/2025\/08\/MW3565-U-C.jpg?fit=450%2C450","jetpack_publicize_connections":[],"jetpack_sharing_enabled":true,"jetpack_likes_enabled":true,"jetpack-related-posts":[{"id":11430,"url":"http:\/\/astehshop.com\/index.php\/product\/uniview-pametni-interaktivni-displej-mw3565-u-c\/","url_meta":{"origin":11433,"position":0},"title":"Uniview, Pametni interaktivni displej, MW3565-U-C","date":"5. kolovoza 2025.","format":false,"excerpt":"65 Inch Smart Interactive Display (3840 x 2160), interaktivni 4K ekran sa Android 13 operativnim sistemom, procesorom 1.9 GHz, 4 GB RAM-a i 32 GB interne memorije. Podr\u017eava 40-ta\u010daka dodir i 20-ta\u010daka pisanje. Ugra\u0111eni stereo zvu\u010dnici, vi\u0161e HDMI, USB i AV priklju\u010daka te LAN mre\u017eni port.","rel":"","context":"Srodne objave","img":{"alt_text":"","src":"https:\/\/i1.wp.com\/astehshop.com\/wp-content\/uploads\/2025\/08\/MW3565-U-C.jpg?fit=547%2C547&resize=350%2C200","width":350,"height":200},"classes":[]},{"id":11434,"url":"http:\/\/astehshop.com\/index.php\/product\/uniview-pametni-interaktivni-displej-mw3586-u-c\/","url_meta":{"origin":11433,"position":1},"title":"Uniview, Pametni interaktivni displej MW3586-U-C","date":"5. kolovoza 2025.","format":false,"excerpt":"86 Inch Smart Interactive Display (3840 x 2160), 86\" interaktivni 4K ekran s Android 13 sistemom, \u010detverojezgrenim procesorom 1.9 GHz, 4 GB RAM-a i 32 GB memorije. Podr\u017eava 40-ta\u010daka dodir i 20-ta\u010daka pisanje. Ure\u0111aj ima HDMI, AV, USB i LAN priklju\u010dke te podr\u0161ku za XVR analogne hibridne snima\u010de.","rel":"","context":"Srodne objave","img":{"alt_text":"","src":"https:\/\/i1.wp.com\/astehshop.com\/wp-content\/uploads\/2025\/08\/MW3565-U-C.jpg?fit=547%2C547&resize=350%2C200","width":350,"height":200},"classes":[]},{"id":8424,"url":"http:\/\/astehshop.com\/index.php\/product\/unv-xvr-snimac-4-kanalni-xvr301-04q3-4k\/","url_meta":{"origin":11433,"position":2},"title":"UNV XVR snima\u010d 4 kanalni XVR301-04Q3 4K","date":"23. listopada 2023.","format":false,"excerpt":"Podr\u017eava H.265\/H.264 video formate * Podr\u017eava zvuk preko koaksijalnog kabla (samo za TVI kamere) * Podr\u017eava TVI, AHD, CVI, CVBS, IP kamere sa prilagodljivim pristupom * 4\/8-kanalni BNC ulaz * Podr\u017eava 1-kanalni CVBS izlaz, 1-kanalni VGA izlaz, 1-kanalni HDMI izlaz do 4K (3840 x 2160) * HDMI i VGA istovremeni\u2026","rel":"","context":"Srodne objave","img":{"alt_text":"","src":"https:\/\/i0.wp.com\/astehshop.com\/wp-content\/uploads\/2023\/10\/XVR301-G3.jpg?fit=695%2C524&resize=350%2C200","width":350,"height":200},"classes":[]},{"id":8426,"url":"http:\/\/astehshop.com\/index.php\/product\/unv-xvr-snimac-16-kanalni-xvr301-16q3-4k\/","url_meta":{"origin":11433,"position":3},"title":"UNV XVR snima\u010d 16 kanalni XVR301-16Q3 4K","date":"23. listopada 2023.","format":false,"excerpt":"Podr\u017eava H.265\/H.264 video formate Podr\u017eava audio preko koaksijalnog kabla (samo za TVI kamere) Podr\u017eava TVI, AHD, CVI, CVBS, IP kamere sa prilagodljivim pristupom 16-kanalni BNC ulaz Podr\u017eava 1-kanalni CVBS izlaz, 1-kanalni VGA izlaz, 1-kanalni HDMI izlaz do 4K (3840 x 2160) HDMI i VGA simultani izlaz Velika udaljenost prijenosa preko\u2026","rel":"","context":"Srodne objave","img":{"alt_text":"","src":"https:\/\/i0.wp.com\/astehshop.com\/wp-content\/uploads\/2023\/10\/XVR301-G3.jpg?fit=695%2C524&resize=350%2C200","width":350,"height":200},"classes":[]},{"id":8425,"url":"http:\/\/astehshop.com\/index.php\/product\/unv-xvr-snimac-8-kanalni-xvr301-08q3-4k\/","url_meta":{"origin":11433,"position":4},"title":"UNV XVR snima\u010d 8 kanalni XVR301-08Q3 4K","date":"23. listopada 2023.","format":false,"excerpt":"Podr\u017eava H.265\/H.264 video formate * Podr\u017eava zvuk preko koaksijalnog kabla (samo za TVI kamere) * Podr\u017eava TVI, AHD, CVI, CVBS, IP kamere sa prilagodljivim pristupom * 4\/8-kanalni BNC ulaz * Podr\u017eava 1-kanalni CVBS izlaz, 1-kanalni VGA izlaz, 1-kanalni HDMI izlaz do 4K (3840 x 2160) * HDMI i VGA istovremeni\u2026","rel":"","context":"Srodne objave","img":{"alt_text":"","src":"https:\/\/i0.wp.com\/astehshop.com\/wp-content\/uploads\/2023\/10\/XVR301-G3.jpg?fit=695%2C524&resize=350%2C200","width":350,"height":200},"classes":[]},{"id":9183,"url":"http:\/\/astehshop.com\/index.php\/product\/nvr-longse-snimac-64ch-4k-h-265-2xhdmi-2xrj45-1gb-ps-nvr3664k8\/","url_meta":{"origin":11433,"position":5},"title":"NVR Longse snima\u010d 64ch 4K H.265 2xHDMI 2xRJ45 1GB\/PS NVR3664K8","date":"10. o\u017eujka 2024.","format":false,"excerpt":"Podr\u017eava maximalno 64 IP kamere do 12MP. Podr\u017eava dvosmjerni audio. 1x HDMI izlaz: 4K (3840\u00d72160).1x HDMI Izlaz FHD. Video kompresija: H265\/H264\/H265+\/H264+. Izlazi VGA i 2xHDMI. Dolazna propusnost 640Mbps, Odlazna propusnost 512Mbps. LAN 2 x RJ45 10M\/100\/1000M. Podr\u017eava 8 SATA Hard Diskova po 10TB. Garancija 24 mjeseca.","rel":"","context":"Srodne objave","img":{"alt_text":"","src":"https:\/\/i1.wp.com\/astehshop.com\/wp-content\/uploads\/2024\/03\/nvr-32-1-1.jpg?fit=510%2C348&resize=350%2C200","width":350,"height":200},"classes":[]}],"_links":{"self":[{"href":"http:\/\/astehshop.com\/index.php\/wp-json\/wp\/v2\/product\/11433"}],"collection":[{"href":"http:\/\/astehshop.com\/index.php\/wp-json\/wp\/v2\/product"}],"about":[{"href":"http:\/\/astehshop.com\/index.php\/wp-json\/wp\/v2\/types\/product"}],"replies":[{"embeddable":true,"href":"http:\/\/astehshop.com\/index.php\/wp-json\/wp\/v2\/comments?post=11433"}],"wp:featuredmedia":[{"embeddable":true,"href":"http:\/\/astehshop.com\/index.php\/wp-json\/wp\/v2\/media\/11431"}],"wp:attachment":[{"href":"http:\/\/astehshop.com\/index.php\/wp-json\/wp\/v2\/media?parent=11433"}],"wp:term":[{"taxonomy":"product_cat","embeddable":true,"href":"http:\/\/astehshop.com\/index.php\/wp-json\/wp\/v2\/product_cat?post=11433"},{"taxonomy":"product_tag","embeddable":true,"href":"http:\/\/astehshop.com\/index.php\/wp-json\/wp\/v2\/product_tag?post=11433"}],"curies":[{"name":"wp","href":"https:\/\/api.w.org\/{rel}","templated":true}]}}