{"id":11430,"date":"2025-08-05T19:36:40","date_gmt":"2025-08-05T17:36:40","guid":{"rendered":"http:\/\/astehshop.com\/?post_type=product&#038;p=11430"},"modified":"2026-04-07T07:34:30","modified_gmt":"2026-04-07T05:34:30","slug":"uniview-pametni-interaktivni-displej-mw3565-u-c","status":"publish","type":"product","link":"http:\/\/astehshop.com\/index.php\/product\/uniview-pametni-interaktivni-displej-mw3565-u-c\/","title":{"rendered":"Uniview, Pametni interaktivni displej, MW3565-U-C"},"content":{"rendered":"<p>65 Inch Smart Interactive Display (3840 x 2160), interaktivni 4K ekran sa Android 13<br \/>\noperativnim sistemom, procesorom 1.9 GHz, 4 GB RAM-a i 32 GB interne memorije.<br \/>\nPodr\u017eava 40-ta\u010daka dodir i 20-ta\u010daka pisanje. Ugra\u0111eni stereo zvu\u010dnici, vi\u0161e HDMI, USB i<br \/>\nAV priklju\u010daka te LAN mre\u017eni port.<\/p>\n","protected":false},"excerpt":{"rendered":"<p>65 Inch Smart Interactive Display (3840 x 2160), interaktivni 4K ekran sa Android 13<br \/>\noperativnim sistemom, procesorom 1.9 GHz, 4 GB RAM-a i 32 GB interne memorije.<br \/>\nPodr\u017eava 40-ta\u010daka dodir i 20-ta\u010daka pisanje. Ugra\u0111eni stereo zvu\u010dnici, vi\u0161e HDMI, USB i<br \/>\nAV priklju\u010daka te LAN mre\u017eni port.<\/p>\n","protected":false},"featured_media":11431,"comment_status":"open","ping_status":"closed","template":"","meta":{"_mi_skip_tracking":false,"_exactmetrics_sitenote_active":false,"_exactmetrics_sitenote_note":"","_exactmetrics_sitenote_category":0,"spay_email":""},"product_cat":[1089,2011],"product_tag":[8170,8169,6132,6130],"brands":[{"id":6129,"name":"UNV","slug":"unv"}],"df_price":2870,"df_sale_price":2870,"df_regular_price":3000,"df_image_link":"https:\/\/i1.wp.com\/astehshop.com\/wp-content\/uploads\/2025\/08\/MW3565-U-C.jpg?fit=450%2C450","jetpack_publicize_connections":[],"jetpack_sharing_enabled":true,"jetpack_likes_enabled":true,"jetpack-related-posts":[{"id":11434,"url":"http:\/\/astehshop.com\/index.php\/product\/uniview-pametni-interaktivni-displej-mw3586-u-c\/","url_meta":{"origin":11430,"position":0},"title":"Uniview, Pametni interaktivni displej MW3586-U-C","date":"5. kolovoza 2025.","format":false,"excerpt":"86 Inch Smart Interactive Display (3840 x 2160), 86\" interaktivni 4K ekran s Android 13 sistemom, \u010detverojezgrenim procesorom 1.9 GHz, 4 GB RAM-a i 32 GB memorije. Podr\u017eava 40-ta\u010daka dodir i 20-ta\u010daka pisanje. Ure\u0111aj ima HDMI, AV, USB i LAN priklju\u010dke te podr\u0161ku za XVR analogne hibridne snima\u010de.","rel":"","context":"Srodne objave","img":{"alt_text":"","src":"https:\/\/i1.wp.com\/astehshop.com\/wp-content\/uploads\/2025\/08\/MW3565-U-C.jpg?fit=547%2C547&resize=350%2C200","width":350,"height":200},"classes":[]},{"id":11433,"url":"http:\/\/astehshop.com\/index.php\/product\/uniview-pametni-interaktivni-displej-mw3575-u-c\/","url_meta":{"origin":11430,"position":1},"title":"Uniview, Pametni interaktivni displej, MW3575-U-C","date":"5. kolovoza 2025.","format":false,"excerpt":"75 Inch Smart Interactive Display, DLED backlight (3840*2160), 75\" interaktivni 4K ekran s DLED pozadinskim osvjetljenjem i Android 12 operativnim sistemom. Ima osmojezgreni procesor (RK3588), 8 GB RAM-a i 64 GB interne memorije. Podr\u017eava infracrveni 20-ta\u010daka multi-touch. Ure\u0111aj nudi vi\u0161e HDMI, USB i audio priklju\u010daka te dva gigabitna LAN porta","rel":"","context":"Srodne objave","img":{"alt_text":"","src":"https:\/\/i1.wp.com\/astehshop.com\/wp-content\/uploads\/2025\/08\/MW3565-U-C.jpg?fit=547%2C547&resize=350%2C200","width":350,"height":200},"classes":[]},{"id":11324,"url":"http:\/\/astehshop.com\/index.php\/product\/monitor-ultrafine-31-5-lg-32ur550k-b-4k\/","url_meta":{"origin":11430,"position":2},"title":"MONITOR ULTRAFINE 31.5&#8243; LG 32UR550K-B 4K","date":"23. srpnja 2025.","format":false,"excerpt":"Ekran:\u00a031.5\", VA panel Rezolucija:\u00a03840 \u00d7 2160 (4K UHD) Osvetljenje:\u00a0350 cd\/m\u00b2 Vreme odziva:\u00a04 ms Osve\u017eavanje:\u00a060 Hz Priklju\u010dci:\u00a02 \u00d7 HDMI, 1 \u00d7 DisplayPort Zvu\u010dnici:\u00a0Ugra\u0111eni, 2 \u00d7 5 W","rel":"","context":"Srodne objave","img":{"alt_text":"","src":"https:\/\/i0.wp.com\/astehshop.com\/wp-content\/uploads\/2025\/07\/38436-315-LG-32UR550K-B-4K-UltraFine-Display-1.webp?fit=450%2C450&resize=350%2C200","width":350,"height":200},"classes":[]},{"id":9181,"url":"http:\/\/astehshop.com\/index.php\/product\/poe-nvr-snimac-16-32ch-h-265-hd-port-4k-serija-6-nvr3332e2p16\/","url_meta":{"origin":11430,"position":3},"title":"POE NVR Snima\u010d 16 \/ 32ch H.265 HD Port 4K Serija 6 NVR3332E2P16","date":"10. o\u017eujka 2024.","format":false,"excerpt":"Podr\u017eava maximalno 32 IP kamere od toga 16 POE Kamera. Podr\u017eava dvosmjerni audio. HD izlaz: 4K (3840\u00d72160). Video kompresija: H265\/H264\/H265+\/H264+. Izlazi VGA i HDMI. Dolazna propusnost 320Mbps, Odlazna propusnost 256Mbps. LAN 1xRJ45 10M\/100\/1000M. Podr\u017eava 2 SATA Hard Diska po 10TB, Garancija 24 mjeseca.","rel":"","context":"Srodne objave","img":{"alt_text":"","src":"https:\/\/i1.wp.com\/astehshop.com\/wp-content\/uploads\/2024\/03\/nvr-32-1.jpg?fit=510%2C348&resize=350%2C200","width":350,"height":200},"classes":[]},{"id":9219,"url":"http:\/\/astehshop.com\/index.php\/product\/tablet-space-a8-sa-ips-ekranom\/","url_meta":{"origin":11430,"position":4},"title":"Tablet Space A8 sa IPS ekranom","date":"19. o\u017eujka 2024.","format":false,"excerpt":"Tablet A8, 8\" IPS ekran osjetljiv na dodir, rezolucija 1280 x 800, Quad-Core ARM Cortex A53 1.6 GHz, 2GB DDR3 radne memorije, 16GB interne memorije, utor za microSDXC ( max 128 GB ). Grafi\u010dka kartica PowerVR GCE 8300. Kamera 5 MPixel , Selfie kamera 2 MPixel. Povezivost: WiFi 802.11, b\/g\/n,\u2026","rel":"","context":"Srodne objave","img":{"alt_text":"","src":"https:\/\/i2.wp.com\/astehshop.com\/wp-content\/uploads\/2024\/03\/space-a8.png?fit=1102%2C1200&resize=350%2C200","width":350,"height":200},"classes":[]},{"id":9183,"url":"http:\/\/astehshop.com\/index.php\/product\/nvr-longse-snimac-64ch-4k-h-265-2xhdmi-2xrj45-1gb-ps-nvr3664k8\/","url_meta":{"origin":11430,"position":5},"title":"NVR Longse snima\u010d 64ch 4K H.265 2xHDMI 2xRJ45 1GB\/PS NVR3664K8","date":"10. o\u017eujka 2024.","format":false,"excerpt":"Podr\u017eava maximalno 64 IP kamere do 12MP. Podr\u017eava dvosmjerni audio. 1x HDMI izlaz: 4K (3840\u00d72160).1x HDMI Izlaz FHD. Video kompresija: H265\/H264\/H265+\/H264+. Izlazi VGA i 2xHDMI. Dolazna propusnost 640Mbps, Odlazna propusnost 512Mbps. LAN 2 x RJ45 10M\/100\/1000M. Podr\u017eava 8 SATA Hard Diskova po 10TB. Garancija 24 mjeseca.","rel":"","context":"Srodne objave","img":{"alt_text":"","src":"https:\/\/i1.wp.com\/astehshop.com\/wp-content\/uploads\/2024\/03\/nvr-32-1-1.jpg?fit=510%2C348&resize=350%2C200","width":350,"height":200},"classes":[]}],"_links":{"self":[{"href":"http:\/\/astehshop.com\/index.php\/wp-json\/wp\/v2\/product\/11430"}],"collection":[{"href":"http:\/\/astehshop.com\/index.php\/wp-json\/wp\/v2\/product"}],"about":[{"href":"http:\/\/astehshop.com\/index.php\/wp-json\/wp\/v2\/types\/product"}],"replies":[{"embeddable":true,"href":"http:\/\/astehshop.com\/index.php\/wp-json\/wp\/v2\/comments?post=11430"}],"wp:featuredmedia":[{"embeddable":true,"href":"http:\/\/astehshop.com\/index.php\/wp-json\/wp\/v2\/media\/11431"}],"wp:attachment":[{"href":"http:\/\/astehshop.com\/index.php\/wp-json\/wp\/v2\/media?parent=11430"}],"wp:term":[{"taxonomy":"product_cat","embeddable":true,"href":"http:\/\/astehshop.com\/index.php\/wp-json\/wp\/v2\/product_cat?post=11430"},{"taxonomy":"product_tag","embeddable":true,"href":"http:\/\/astehshop.com\/index.php\/wp-json\/wp\/v2\/product_tag?post=11430"}],"curies":[{"name":"wp","href":"https:\/\/api.w.org\/{rel}","templated":true}]}}