{"id":11424,"date":"2025-07-27T14:20:35","date_gmt":"2025-07-27T12:20:35","guid":{"rendered":"http:\/\/astehshop.com\/?post_type=product&#038;p=11424"},"modified":"2025-10-05T08:27:54","modified_gmt":"2025-10-05T06:27:54","slug":"video-interfon-ktw02-dahua-wifi-poe-support","status":"publish","type":"product","link":"http:\/\/astehshop.com\/index.php\/product\/video-interfon-ktw02-dahua-wifi-poe-support\/","title":{"rendered":"Video interfon KTW02 Dahua WIFI POE Support"},"content":{"rendered":"<div class=\"QFw9Te BLojaf\">\n<div class=\"hlJJmd\">\n<div class=\"D5aOJc Hapztf\"><\/div>\n<div class=\"Bmcqed\" dir=\"ltr\">\n<div data-id=\"kvLWu\"><span class=\"HwtZe\" lang=\"bs\"><span class=\"jCAhz ChMk0b\"><span class=\"ryNqvb\">IP video interfonski komplet sa 7-in\u010dnim monitorom osjetljivim na dodir, mogu\u0107no\u0161\u0107u integracije alarma i upravljanja 1 bravom, kao i daljinskim interfonom putem mobilne aplikacije.<\/span><\/span> <span class=\"jCAhz ChMk0b\"><span class=\"ryNqvb\">Mo\u017ee se koristiti i kao jednostavna kontrolna plo\u010da alarma ili modul za obavje\u0161tavanje jer podr\u017eava 6 alarmnih ulaza.<\/span><\/span><\/span><\/div>\n<\/div>\n<\/div>\n<\/div>\n<div data-id=\"kvLWu\"><\/div>\n<div data-id=\"kvLWu\"><iframe  id=\"_ytid_57375\"  width=\"480\" height=\"270\"  data-origwidth=\"480\" data-origheight=\"270\"  src=\"https:\/\/www.youtube.com\/embed\/kSop4lAj5nk?enablejsapi=1&autoplay=0&cc_load_policy=0&cc_lang_pref=&iv_load_policy=1&loop=0&modestbranding=0&rel=1&fs=1&playsinline=0&autohide=2&theme=dark&color=red&controls=1&\" class=\"__youtube_prefs__  no-lazyload\" title=\"YouTube player\"  allow=\"autoplay; encrypted-media\" allowfullscreen data-no-lazy=\"1\" data-skipgform_ajax_framebjll=\"\"><\/iframe><\/div>\n<div data-id=\"kvLWu\"><\/div>\n","protected":false},"excerpt":{"rendered":"<div class=\"QFw9Te BLojaf\">\n<div class=\"hlJJmd\">\n<div class=\"D5aOJc Hapztf\"><\/div>\n<div class=\"Bmcqed\" dir=\"ltr\">\n<div data-id=\"kvLWu\"><span class=\"HwtZe\" lang=\"bs\"><span class=\"jCAhz ChMk0b\"><span class=\"ryNqvb\">IP video interfonski komplet sa 7-in\u010dnim monitorom osjetljivim na dodir, mogu\u0107no\u0161\u0107u integracije alarma i upravljanja 1 bravom, kao i daljinskim interfonom putem mobilne aplikacije.<\/span><\/span> <span class=\"jCAhz ChMk0b\"><span class=\"ryNqvb\">Mo\u017ee se koristiti i kao jednostavna kontrolna plo\u010da alarma ili modul za obavje\u0161tavanje jer podr\u017eava 6 alarmnih ulaza.<\/span><\/span><\/span><\/div>\n<\/div>\n<\/div>\n<\/div>\n","protected":false},"featured_media":11425,"comment_status":"open","ping_status":"closed","template":"","meta":{"_mi_skip_tracking":false,"_exactmetrics_sitenote_active":false,"_exactmetrics_sitenote_note":"","_exactmetrics_sitenote_category":0,"spay_email":""},"product_cat":[2593],"product_tag":[392,6183,8167,8168,7497,3109,4194],"brands":[{"id":2045,"name":"Dahua","slug":"dahua"}],"df_price":540,"df_sale_price":"","df_regular_price":540,"df_image_link":"https:\/\/i1.wp.com\/astehshop.com\/wp-content\/uploads\/2025\/07\/KTW02.png?fit=400%2C400","jetpack_publicize_connections":[],"jetpack_sharing_enabled":true,"jetpack_likes_enabled":true,"jetpack-related-posts":[{"id":6013,"url":"http:\/\/astehshop.com\/index.php\/product\/jablotron-ja-152a-unutrasnja-sirena\/","url_meta":{"origin":11424,"position":0},"title":"Jablotron JA-152A Unutra\u0161nja sirena","date":"14. velja\u010de 2022.","format":false,"excerpt":"JA-152A je predvi\u0111ena za ozna\u010davanje alarma unutar objekta. Tako\u0111e se mo\u017ee koristiti i za druge akusti\u010dne indikacije kao \u0161to je aktivacija PG izlaza, ulazno\/izlazno ka\u0161njenje ili kao zvono na vratima.Pritiskom na taster sirene alarm se mo\u017ee privremeno ugasiti ili se mo\u017ee aktivirati alarm za nu\u017edu(opciono). Sirena je opremljena sigurnosnom baterijom\u2026","rel":"","context":"Srodne objave","img":{"alt_text":"","src":"https:\/\/i0.wp.com\/astehshop.com\/wp-content\/uploads\/2022\/02\/JA-152A.png?fit=600%2C569&resize=350%2C200","width":350,"height":200},"classes":[]},{"id":6044,"url":"http:\/\/astehshop.com\/index.php\/product\/ja-118m-modul-za-magnetne-detektore\/","url_meta":{"origin":11424,"position":1},"title":"JA-118M Modul za magnetne detektore","date":"14. velja\u010de 2022.","format":false,"excerpt":"JA-118M je modul sa 8 ulaza za spajanje klasi\u010dnih magnetnih detektora na sistem JA-100.Reakcija svakog ulaznog signala mo\u017ee se samostalno programirati kao klasi\u010dan NC doga\u0111aj (jedan impuls) ili kao za posebne detektore (roller shutter) koji se aktiviraju ponavljanim aktivacionimimpulsima. Du\u017eina linije je do 100 m za jednu petlju. Modul se\u2026","rel":"","context":"Srodne objave","img":{"alt_text":"","src":"https:\/\/i1.wp.com\/astehshop.com\/wp-content\/uploads\/2022\/02\/JA-118M.png?fit=600%2C569&resize=350%2C200","width":350,"height":200},"classes":[]},{"id":3966,"url":"http:\/\/astehshop.com\/index.php\/product\/evohd-panel-centrala-paradox\/","url_meta":{"origin":11424,"position":2},"title":"EVOHD PANEL centrala Paradox","date":"18. velja\u010de 2020.","format":false,"excerpt":"8 ulaza za zone (16 sa dupliranjem), pro\u0161irivo do 192 zone VIDEO HD verifikacija 999 korisnika, integracija sa kontrolom prolaza Napon: 13.8 Vdc 2A (zahtjeva 75 VA transformator) sigurnosno isklju\u010denje pri 2,5A Podr\u017eava GPRS i GSM modul (PCS serija), IP modul (IP150) i Voice modul (VDMP3) Jednostavna nadogradnja putem 307USB\u2026","rel":"","context":"Srodne objave","img":{"alt_text":"","src":"https:\/\/i0.wp.com\/astehshop.com\/wp-content\/uploads\/2020\/02\/EVOHD.jpeg?fit=1082%2C964&resize=350%2C200","width":350,"height":200},"classes":[]},{"id":5350,"url":"http:\/\/astehshop.com\/index.php\/product\/hikvision-unutarnja-jedinica-ds-kh8350-te1\/","url_meta":{"origin":11424,"position":3},"title":"Hikvision unutarnja jedinica DS-KH8350-TE1","date":"10. listopada 2021.","format":false,"excerpt":"Hikvision unutarnja jedinica DS-KH8350-TE1 Unutra\u0161nja jedinica interfon sa 7-in\u010dnim ekranom osetljivim na dodir kompatibilan sa pozivnim tablama : DS-KV6113WPE1,DS-KB8113-IM,DS-KD8003-IME1,DS-KD8102-V Napaja se PoE preko standardnog PoE switch-a . 7 in\u010da TFT LCD ekran na dodir rezolucije 1024x600px, ekran za\u0161ti\u0107en kaljenim staklom, Aerospace aluminijumsko ku\u0107i\u0161te, ultra slim dizajn debljine 8.6mm, 128mb memorija,\u2026","rel":"","context":"Srodne objave","img":{"alt_text":"","src":"https:\/\/i1.wp.com\/astehshop.com\/wp-content\/uploads\/2021\/10\/d-kh8350-te1.png?fit=712%2C521&resize=350%2C200","width":350,"height":200},"classes":[]},{"id":3968,"url":"http:\/\/astehshop.com\/index.php\/product\/paradox-evo-192-alarmna-centrala\/","url_meta":{"origin":11424,"position":4},"title":"Paradox EVO 192 alarmna centrala","date":"18. velja\u010de 2020.","format":false,"excerpt":"\u2022 8 ulaza za zone (16 sa dupliranjem), pro\u0161irivo do 192 zone \u2022 Ugra\u0111ena podr\u0161ka za kontrolu pristupa \u2022 Podr\u017eava GPRS i GSM modul (PCS serija), IP modul (IP100) i Voice modul (VDMP3) \u2022 Jednostavna nadogradnja putem 307USB kabela i WinLoad programa \u2022 Kompatibilna sa NEware-om V4.0 i vi\u0161e \u2022\u2026","rel":"","context":"Srodne objave","img":{"alt_text":"","src":"https:\/\/i1.wp.com\/astehshop.com\/wp-content\/uploads\/2020\/02\/Paradox-EVO192.jpg?fit=882%2C840&resize=350%2C200","width":350,"height":200},"classes":[]},{"id":5319,"url":"http:\/\/astehshop.com\/index.php\/product\/gvs-video-interfon-komplet-sa-monitorom-2-zice-spajanje\/","url_meta":{"origin":11424,"position":5},"title":"GVS video interfon komplet sa monitorom 2 \u017eice spajanje","date":"10. listopada 2021.","format":false,"excerpt":"GVS video interfon komplet sa monitorom 2 \u017eice spajanje \u00a0 U setu dolazi vanjska jedinica sa pozivom i kamerom metalna unutrasnji displej 7'' sa mogucnoscu razgovora otkljucavanja i dodatnog pode\u0161avanja napajanje za displej i vanjsku jedinicu jednostavno spajanje na elektro bravu sve funkcioni\u0161e kroz 2 \u017eice i napajanje i video\u2026","rel":"","context":"Srodne objave","img":{"alt_text":"","src":"https:\/\/i1.wp.com\/astehshop.com\/wp-content\/uploads\/2021\/10\/slika-1854472-60b350b102296-velika.jpg?fit=799%2C457&resize=350%2C200","width":350,"height":200},"classes":[]}],"_links":{"self":[{"href":"http:\/\/astehshop.com\/index.php\/wp-json\/wp\/v2\/product\/11424"}],"collection":[{"href":"http:\/\/astehshop.com\/index.php\/wp-json\/wp\/v2\/product"}],"about":[{"href":"http:\/\/astehshop.com\/index.php\/wp-json\/wp\/v2\/types\/product"}],"replies":[{"embeddable":true,"href":"http:\/\/astehshop.com\/index.php\/wp-json\/wp\/v2\/comments?post=11424"}],"wp:featuredmedia":[{"embeddable":true,"href":"http:\/\/astehshop.com\/index.php\/wp-json\/wp\/v2\/media\/11425"}],"wp:attachment":[{"href":"http:\/\/astehshop.com\/index.php\/wp-json\/wp\/v2\/media?parent=11424"}],"wp:term":[{"taxonomy":"product_cat","embeddable":true,"href":"http:\/\/astehshop.com\/index.php\/wp-json\/wp\/v2\/product_cat?post=11424"},{"taxonomy":"product_tag","embeddable":true,"href":"http:\/\/astehshop.com\/index.php\/wp-json\/wp\/v2\/product_tag?post=11424"}],"curies":[{"name":"wp","href":"https:\/\/api.w.org\/{rel}","templated":true}]}}