{"id":11423,"date":"2025-07-27T14:14:13","date_gmt":"2025-07-27T12:14:13","guid":{"rendered":"http:\/\/astehshop.com\/?post_type=product&#038;p=11423"},"modified":"2026-02-07T18:39:28","modified_gmt":"2026-02-07T17:39:28","slug":"hard-disk-1-tb-za-sisteme-video-nadzora-hdwv110uzsva","status":"publish","type":"product","link":"http:\/\/astehshop.com\/index.php\/product\/hard-disk-1-tb-za-sisteme-video-nadzora-hdwv110uzsva\/","title":{"rendered":"Hard Disk 1 TB za sisteme video nadzora HDWV110UZSVA"},"content":{"rendered":"<p><span class=\"HwtZe\" lang=\"bs\"><span class=\"jCAhz ChMk0b\"><span class=\"ryNqvb\">Regija EMEA, Toshiba rje\u0161enja za pohranu podataka \u2013 Kod sistema za nadzor, ni\u0161ta osim najboljeg nije dovoljno dobro.<\/span><\/span> <span class=\"jCAhz ChMk0b\"><span class=\"ryNqvb\">Toshiba S300 od 3,5 in\u010da napravljen je da zadovolji najvi\u0161e zahtjeve.<\/span><\/span> <span class=\"jCAhz ChMk0b\"><span class=\"ryNqvb\">Sa podr\u0161kom za do 64 nadzorne video kamere visoke rezolucije istovremeno i kapacitetom do 6 TB, sve stavlja na jasan pregled.<\/span><\/span> <span class=\"jCAhz ChMk0b\"><span class=\"ryNqvb\">Svaki S300 je napravljen od najkvalitetnijih komponenti i pro\u0161ao je rigorozne testove kako bi se osigurala pouzdanost i performanse 24 sata dnevno, 7 dana u sedmici.<\/span><\/span> <span class=\"jCAhz ChMk0b\"><span class=\"ryNqvb\">To je Toshiba kvalitet kojem mo\u017eete vjerovati u najte\u017eim radnim uslovima.<\/span><\/span><span class=\"jCAhz ChMk0b\"><span class=\"ryNqvb\"> Koristite za: \u2022 Digitalne video snima\u010de za nadzor (sDVR) \u2022 Mre\u017ene video snima\u010de za nadzor (sNVR) \u2022 Hibridni sDVR (analogni i IP)<\/span><\/span><\/span><\/p>\n","protected":false},"excerpt":{"rendered":"<p><span class=\"HwtZe\" lang=\"bs\"><span class=\"jCAhz ChMk0b\"><span class=\"ryNqvb\">Regija EMEA, Toshiba rje\u0161enja za pohranu podataka \u2013 Kod sistema za nadzor, ni\u0161ta osim najboljeg nije dovoljno dobro.<\/span><\/span> <span class=\"jCAhz ChMk0b\"><span class=\"ryNqvb\">Toshiba S300 od 3,5 in\u010da napravljen je da zadovolji najvi\u0161e zahtjeve.<\/span><\/span> <span class=\"jCAhz ChMk0b\"><span class=\"ryNqvb\">Sa podr\u0161kom za do 64 nadzorne video kamere visoke rezolucije istovremeno i kapacitetom do 6 TB, sve stavlja na jasan pregled.<\/span><\/span> <span class=\"jCAhz ChMk0b\"><span class=\"ryNqvb\">Svaki S300 je napravljen od najkvalitetnijih komponenti i pro\u0161ao je rigorozne testove kako bi se osigurala pouzdanost i performanse 24 sata dnevno, 7 dana u sedmici.<\/span><\/span> <span class=\"jCAhz ChMk0b\"><span class=\"ryNqvb\">To je Toshiba kvalitet kojem mo\u017eete vjerovati u najte\u017eim radnim uslovima.<\/span><\/span><span class=\"jCAhz ChMk0b\"><span class=\"ryNqvb\"> Koristite za: \u2022 Digitalne video snima\u010de za nadzor (sDVR) \u2022 Mre\u017ene video snima\u010de za nadzor (sNVR) \u2022 Hibridni sDVR (analogni i IP)<\/span><\/span><\/span><\/p>\n","protected":false},"featured_media":11416,"comment_status":"open","ping_status":"closed","template":"","meta":{"_mi_skip_tracking":false,"_exactmetrics_sitenote_active":false,"_exactmetrics_sitenote_note":"","_exactmetrics_sitenote_category":0,"spay_email":""},"product_cat":[160],"product_tag":[8166,3075,8132,8127,3074,8165],"brands":[],"df_price":"","df_sale_price":"","df_regular_price":"","df_image_link":"https:\/\/i2.wp.com\/astehshop.com\/wp-content\/uploads\/2025\/07\/disk-toshiba-6-tb.png?fit=450%2C450","jetpack_publicize_connections":[],"jetpack_sharing_enabled":true,"jetpack_likes_enabled":true,"jetpack-related-posts":[{"id":11415,"url":"http:\/\/astehshop.com\/index.php\/product\/hdd-toshiba-surveillance-s300-hdwt860uzsva-za-dvr-nvr-6tb\/","url_meta":{"origin":11423,"position":0},"title":"HDD Toshiba Surveillance S300 HDWT860UZSVA za DVR\/NVR 6TB","date":"27. srpnja 2025.","format":false,"excerpt":"Kod sistema za nadzor, ni\u0161ta osim najboljeg nije dovoljno dobro. Toshiba 3,5-in\u010dni S300 je napravljen da zadovolji najvi\u0161e zahtjeve. Sa podr\u0161kom za do 64 nadzorne video kamere visoke rezolucije istovremeno i kapacitetom od 6 TB, sve stavlja na jasan pogled. Svaki S300 je napravljen od najkvalitetnijih komponenti i pro\u0161ao je\u2026","rel":"","context":"Srodne objave","img":{"alt_text":"","src":"https:\/\/i2.wp.com\/astehshop.com\/wp-content\/uploads\/2025\/07\/disk-toshiba-6-tb.png?fit=640%2C640&resize=350%2C200","width":350,"height":200},"classes":[]},{"id":11413,"url":"http:\/\/astehshop.com\/index.php\/product\/hdd-toshiba-surveillance-s300-hdwt720uzsva-za-dvr-nvr-2tb\/","url_meta":{"origin":11423,"position":1},"title":"HDD Toshiba Surveillance S300 HDWT720UZSVA za DVR\/NVR 2TB","date":"27. srpnja 2025.","format":false,"excerpt":"Kod sistema za nadzor, ni\u0161ta osim najboljeg nije dovoljno dobro. Toshiba 3,5-in\u010dni S300 je napravljen da zadovolji najvi\u0161e zahtjeve. Sa podr\u0161kom za do 32 nadzorne video kamere visoke rezolucije istovremeno i kapacitetom od 2 TB, sve stavlja na jasan pogled. Svaki S300 je napravljen od najkvalitetnijih komponenti i pro\u0161ao je\u2026","rel":"","context":"Srodne objave","img":{"alt_text":"","src":"https:\/\/i0.wp.com\/astehshop.com\/wp-content\/uploads\/2025\/07\/HDD-Toshiba-Surveillance-S300-HDWT720UZSVA-for-DVR-NVR-2TB.jpg?fit=1000%2C1000&resize=350%2C200","width":350,"height":200},"classes":[]},{"id":11417,"url":"http:\/\/astehshop.com\/index.php\/product\/hdd-toshiba-surveillance-s300-hdwt840uzsva-za-dvr-nvr-4tb\/","url_meta":{"origin":11423,"position":2},"title":"HDD Toshiba Surveillance S300 HDWT840UZSVA za DVR NVR 4TB","date":"27. srpnja 2025.","format":false,"excerpt":"Kod sistema za nadzor, ni\u0161ta osim najboljeg nije dovoljno dobro. Toshiba 3,5-in\u010dni S300 je napravljen da zadovolji najvi\u0161e zahtjeve. Sa podr\u0161kom za do 32 nadzorne video kamere visoke rezolucije istovremeno i kapacitetom od 4 TB, sve stavlja na jasan pogled. Svaki S300 je napravljen od najkvalitetnijih komponenti i pro\u0161ao je\u2026","rel":"","context":"Srodne objave","img":{"alt_text":"","src":"https:\/\/i1.wp.com\/astehshop.com\/wp-content\/uploads\/2025\/07\/4tb-toshiba.jpg?fit=1000%2C1000&resize=350%2C200","width":350,"height":200},"classes":[]},{"id":11420,"url":"http:\/\/astehshop.com\/index.php\/product\/hdd-toshiba-surveillance-s300-pro-hdwt31auzsva-za-dvr-nvr-10tb\/","url_meta":{"origin":11423,"position":3},"title":"HDD Toshiba Surveillance S300 Pro HDWT31AUZSVA za DVR\/NVR 10TB","date":"27. srpnja 2025.","format":false,"excerpt":"Toshibin 3,5-in\u010dni S300 Pro hard disk za nadzor dizajniran je i testiran za pouzdan nadzor 24\/7, napravljen za brzinu, kapacitet i du\u017ee pam\u0107enje sadr\u017eaja. Snimajte i analizirajte svaki kadar sa do 64 video kamere u visokoj rezoluciji pomo\u0107u S300 Pro. Prostor je va\u017ean za kontinuirano snimanje historije video dokaza tokom\u2026","rel":"","context":"Srodne objave","img":{"alt_text":"","src":"https:\/\/i1.wp.com\/astehshop.com\/wp-content\/uploads\/2025\/07\/10-tb-pro.jpg?fit=1000%2C1000&resize=350%2C200","width":350,"height":200},"classes":[]},{"id":5935,"url":"http:\/\/astehshop.com\/index.php\/product\/toshiba-hard-disk-2-tb\/","url_meta":{"origin":11423,"position":4},"title":"Toshiba Hard Disk 2 TB","date":"31. sije\u010dnja 2022.","format":false,"excerpt":"HDD desktop Toshiba P300 (3.5\" 2TB, 7200RPM, 64MB, NCQ, AF, SATAIII),","rel":"","context":"Srodne objave","img":{"alt_text":"","src":"https:\/\/i2.wp.com\/astehshop.com\/wp-content\/uploads\/2022\/01\/toshiba-2tb-sata3-p300.jpg?fit=458%2C458&resize=350%2C200","width":350,"height":200},"classes":[]},{"id":11407,"url":"http:\/\/astehshop.com\/index.php\/product\/seagate-st12000ve001-12tb-za-video-nadzor\/","url_meta":{"origin":11423,"position":5},"title":"Seagate ST12000VE001 12TB za video nadzor","date":"27. srpnja 2025.","format":false,"excerpt":"Interni, 3,5\" HDD sa odli\u010dnim performansama. Disk je dizajniran za pouzdan 24-satni rad u CCTV sistemima za nadzor. Serijski ATA interfejs.","rel":"","context":"Srodne objave","img":{"alt_text":"","src":"https:\/\/i1.wp.com\/astehshop.com\/wp-content\/uploads\/2025\/07\/seagate-st12000ve001-12tb_0.jpg?fit=1200%2C675&resize=350%2C200","width":350,"height":200},"classes":[]}],"_links":{"self":[{"href":"http:\/\/astehshop.com\/index.php\/wp-json\/wp\/v2\/product\/11423"}],"collection":[{"href":"http:\/\/astehshop.com\/index.php\/wp-json\/wp\/v2\/product"}],"about":[{"href":"http:\/\/astehshop.com\/index.php\/wp-json\/wp\/v2\/types\/product"}],"replies":[{"embeddable":true,"href":"http:\/\/astehshop.com\/index.php\/wp-json\/wp\/v2\/comments?post=11423"}],"wp:featuredmedia":[{"embeddable":true,"href":"http:\/\/astehshop.com\/index.php\/wp-json\/wp\/v2\/media\/11416"}],"wp:attachment":[{"href":"http:\/\/astehshop.com\/index.php\/wp-json\/wp\/v2\/media?parent=11423"}],"wp:term":[{"taxonomy":"product_cat","embeddable":true,"href":"http:\/\/astehshop.com\/index.php\/wp-json\/wp\/v2\/product_cat?post=11423"},{"taxonomy":"product_tag","embeddable":true,"href":"http:\/\/astehshop.com\/index.php\/wp-json\/wp\/v2\/product_tag?post=11423"}],"curies":[{"name":"wp","href":"https:\/\/api.w.org\/{rel}","templated":true}]}}