{"id":11413,"date":"2025-07-27T14:02:12","date_gmt":"2025-07-27T12:02:12","guid":{"rendered":"http:\/\/astehshop.com\/?post_type=product&#038;p=11413"},"modified":"2026-02-07T18:39:30","modified_gmt":"2026-02-07T17:39:30","slug":"hdd-toshiba-surveillance-s300-hdwt720uzsva-za-dvr-nvr-2tb","status":"publish","type":"product","link":"http:\/\/astehshop.com\/index.php\/product\/hdd-toshiba-surveillance-s300-hdwt720uzsva-za-dvr-nvr-2tb\/","title":{"rendered":"HDD Toshiba Surveillance S300 HDWT720UZSVA za DVR\/NVR 2TB"},"content":{"rendered":"<p><span class=\"HwtZe\" lang=\"bs\"><span class=\"jCAhz\"><span class=\"ryNqvb\">Kod sistema za nadzor, ni\u0161ta osim najboljeg nije dovoljno dobro.<\/span><\/span> <span class=\"jCAhz ChMk0b\"><span class=\"ryNqvb\">Toshiba 3,5-in\u010dni S300 je napravljen da zadovolji najvi\u0161e zahtjeve.<\/span><\/span> <span class=\"jCAhz ChMk0b\"><span class=\"ryNqvb\">Sa podr\u0161kom za do 32 nadzorne video kamere visoke rezolucije istovremeno i kapacitetom od 2 TB, sve stavlja na jasan pogled.<\/span><\/span> <span class=\"jCAhz ChMk0b\"><span class=\"ryNqvb\">Svaki S300 je napravljen od najkvalitetnijih komponenti i pro\u0161ao je rigorozne testove kako bi se osigurala pouzdanost i performanse 24 sata dnevno, 7 dana u sedmici.<\/span><\/span><span class=\"jCAhz ChMk0b\"><span class=\"ryNqvb\"> To je Toshiba kvalitet kojem mo\u017eete vjerovati u najte\u017eim radnim uslovima.<\/span><\/span><\/span><\/p>\n","protected":false},"excerpt":{"rendered":"<p><span class=\"HwtZe\" lang=\"bs\"><span class=\"jCAhz\"><span class=\"ryNqvb\">Kod sistema za nadzor, ni\u0161ta osim najboljeg nije dovoljno dobro.<\/span><\/span> <span class=\"jCAhz ChMk0b\"><span class=\"ryNqvb\">Toshiba 3,5-in\u010dni S300 je napravljen da zadovolji najvi\u0161e zahtjeve.<\/span><\/span> <span class=\"jCAhz ChMk0b\"><span class=\"ryNqvb\">Sa podr\u0161kom za do 32 nadzorne video kamere visoke rezolucije istovremeno i kapacitetom od 2 TB, sve stavlja na jasan pogled.<\/span><\/span> <span class=\"jCAhz ChMk0b\"><span class=\"ryNqvb\">Svaki S300 je napravljen od najkvalitetnijih komponenti i pro\u0161ao je rigorozne testove kako bi se osigurala pouzdanost i performanse 24 sata dnevno, 7 dana u sedmici.<\/span><\/span><span class=\"jCAhz ChMk0b\"><span class=\"ryNqvb\"> To je Toshiba kvalitet kojem mo\u017eete vjerovati u najte\u017eim radnim uslovima.<\/span><\/span><\/span><\/p>\n","protected":false},"featured_media":11414,"comment_status":"open","ping_status":"closed","template":"","meta":{"_mi_skip_tracking":false,"_exactmetrics_sitenote_active":false,"_exactmetrics_sitenote_note":"","_exactmetrics_sitenote_category":0,"spay_email":""},"product_cat":[160],"product_tag":[8135,3074,4684,8140,8137,8143,8142,8144,8136,8138,8141,8145,8139],"brands":[],"df_price":"","df_sale_price":"","df_regular_price":"","df_image_link":"https:\/\/i0.wp.com\/astehshop.com\/wp-content\/uploads\/2025\/07\/HDD-Toshiba-Surveillance-S300-HDWT720UZSVA-for-DVR-NVR-2TB.jpg?fit=450%2C450","jetpack_publicize_connections":[],"jetpack_sharing_enabled":true,"jetpack_likes_enabled":true,"jetpack-related-posts":[{"id":11415,"url":"http:\/\/astehshop.com\/index.php\/product\/hdd-toshiba-surveillance-s300-hdwt860uzsva-za-dvr-nvr-6tb\/","url_meta":{"origin":11413,"position":0},"title":"HDD Toshiba Surveillance S300 HDWT860UZSVA za DVR\/NVR 6TB","date":"27. srpnja 2025.","format":false,"excerpt":"Kod sistema za nadzor, ni\u0161ta osim najboljeg nije dovoljno dobro. Toshiba 3,5-in\u010dni S300 je napravljen da zadovolji najvi\u0161e zahtjeve. Sa podr\u0161kom za do 64 nadzorne video kamere visoke rezolucije istovremeno i kapacitetom od 6 TB, sve stavlja na jasan pogled. Svaki S300 je napravljen od najkvalitetnijih komponenti i pro\u0161ao je\u2026","rel":"","context":"Srodne objave","img":{"alt_text":"","src":"https:\/\/i2.wp.com\/astehshop.com\/wp-content\/uploads\/2025\/07\/disk-toshiba-6-tb.png?fit=640%2C640&resize=350%2C200","width":350,"height":200},"classes":[]},{"id":11417,"url":"http:\/\/astehshop.com\/index.php\/product\/hdd-toshiba-surveillance-s300-hdwt840uzsva-za-dvr-nvr-4tb\/","url_meta":{"origin":11413,"position":1},"title":"HDD Toshiba Surveillance S300 HDWT840UZSVA za DVR NVR 4TB","date":"27. srpnja 2025.","format":false,"excerpt":"Kod sistema za nadzor, ni\u0161ta osim najboljeg nije dovoljno dobro. Toshiba 3,5-in\u010dni S300 je napravljen da zadovolji najvi\u0161e zahtjeve. Sa podr\u0161kom za do 32 nadzorne video kamere visoke rezolucije istovremeno i kapacitetom od 4 TB, sve stavlja na jasan pogled. Svaki S300 je napravljen od najkvalitetnijih komponenti i pro\u0161ao je\u2026","rel":"","context":"Srodne objave","img":{"alt_text":"","src":"https:\/\/i1.wp.com\/astehshop.com\/wp-content\/uploads\/2025\/07\/4tb-toshiba.jpg?fit=1000%2C1000&resize=350%2C200","width":350,"height":200},"classes":[]},{"id":11423,"url":"http:\/\/astehshop.com\/index.php\/product\/hard-disk-1-tb-za-sisteme-video-nadzora-hdwv110uzsva\/","url_meta":{"origin":11413,"position":2},"title":"Hard Disk 1 TB za sisteme video nadzora HDWV110UZSVA","date":"27. srpnja 2025.","format":false,"excerpt":"Regija EMEA, Toshiba rje\u0161enja za pohranu podataka \u2013 Kod sistema za nadzor, ni\u0161ta osim najboljeg nije dovoljno dobro. Toshiba S300 od 3,5 in\u010da napravljen je da zadovolji najvi\u0161e zahtjeve. Sa podr\u0161kom za do 64 nadzorne video kamere visoke rezolucije istovremeno i kapacitetom do 6 TB, sve stavlja na jasan pregled.\u2026","rel":"","context":"Srodne objave","img":{"alt_text":"","src":"https:\/\/i2.wp.com\/astehshop.com\/wp-content\/uploads\/2025\/07\/disk-toshiba-6-tb.png?fit=640%2C640&resize=350%2C200","width":350,"height":200},"classes":[]},{"id":11420,"url":"http:\/\/astehshop.com\/index.php\/product\/hdd-toshiba-surveillance-s300-pro-hdwt31auzsva-za-dvr-nvr-10tb\/","url_meta":{"origin":11413,"position":3},"title":"HDD Toshiba Surveillance S300 Pro HDWT31AUZSVA za DVR\/NVR 10TB","date":"27. srpnja 2025.","format":false,"excerpt":"Toshibin 3,5-in\u010dni S300 Pro hard disk za nadzor dizajniran je i testiran za pouzdan nadzor 24\/7, napravljen za brzinu, kapacitet i du\u017ee pam\u0107enje sadr\u017eaja. Snimajte i analizirajte svaki kadar sa do 64 video kamere u visokoj rezoluciji pomo\u0107u S300 Pro. Prostor je va\u017ean za kontinuirano snimanje historije video dokaza tokom\u2026","rel":"","context":"Srodne objave","img":{"alt_text":"","src":"https:\/\/i1.wp.com\/astehshop.com\/wp-content\/uploads\/2025\/07\/10-tb-pro.jpg?fit=1000%2C1000&resize=350%2C200","width":350,"height":200},"classes":[]},{"id":11932,"url":"http:\/\/astehshop.com\/index.php\/product\/apple-iphone-16e-256gb-white\/","url_meta":{"origin":11413,"position":4},"title":"Apple iPhone 16e 256GB White","date":"7. prosinca 2025.","format":false,"excerpt":"Apple iPhone 16e 256GB White Apple iPhone\u202f16e je pristupa\u010dan pametni telefon koji nudi vrlo dobre performanse, moderan dizajn i dugotrajnost baterije. Ovaj model je idealan za korisnike koji \u017eele kombinaciju najnovijih funkcija i pouzdanosti, uz atraktivnu memorijsku konfiguraciju. Klju\u010dne Karakteristike: Ekran:\u00a06,1\u2011in\u010dni\u00a0Super Retina XDR OLED\u00a0ekran sa rezolucijom od 2532 \u00d7 1170\u2026","rel":"","context":"Srodne objave","img":{"alt_text":"","src":"https:\/\/i1.wp.com\/astehshop.com\/wp-content\/uploads\/2025\/12\/apple-iphone-16e-256gb-white.png?fit=400%2C400&resize=350%2C200","width":350,"height":200},"classes":[]},{"id":11948,"url":"http:\/\/astehshop.com\/index.php\/product\/samsung-a26-8gb-256gb-black-2\/","url_meta":{"origin":11413,"position":5},"title":"Samsung A26 8GB 256GB Black","date":"7. prosinca 2025.","format":false,"excerpt":"Samsung Galaxy A26 8GB 256GB Samsung Galaxy A26 je moderan pametni telefon koji donosi odli\u010dne performanse, veliki ekran i dugotrajnu bateriju. Idealan je za korisnike koji \u017eele balans izme\u0111u cijene i kvaliteta. Klju\u010dne karakteristike: Ekran:\u00a06.7-in\u010dni Super AMOLED ekran sa Full HD+ rezolucijom i osvje\u017eavanjem od 120Hz za glatko iskustvo. Procesor:\u00a0Exynos\u2026","rel":"","context":"Srodne objave","img":{"alt_text":"","src":"https:\/\/i1.wp.com\/astehshop.com\/wp-content\/uploads\/2025\/12\/Samsung-A26-8GB-256GB-Black.jpg?fit=800%2C800&resize=350%2C200","width":350,"height":200},"classes":[]}],"_links":{"self":[{"href":"http:\/\/astehshop.com\/index.php\/wp-json\/wp\/v2\/product\/11413"}],"collection":[{"href":"http:\/\/astehshop.com\/index.php\/wp-json\/wp\/v2\/product"}],"about":[{"href":"http:\/\/astehshop.com\/index.php\/wp-json\/wp\/v2\/types\/product"}],"replies":[{"embeddable":true,"href":"http:\/\/astehshop.com\/index.php\/wp-json\/wp\/v2\/comments?post=11413"}],"wp:featuredmedia":[{"embeddable":true,"href":"http:\/\/astehshop.com\/index.php\/wp-json\/wp\/v2\/media\/11414"}],"wp:attachment":[{"href":"http:\/\/astehshop.com\/index.php\/wp-json\/wp\/v2\/media?parent=11413"}],"wp:term":[{"taxonomy":"product_cat","embeddable":true,"href":"http:\/\/astehshop.com\/index.php\/wp-json\/wp\/v2\/product_cat?post=11413"},{"taxonomy":"product_tag","embeddable":true,"href":"http:\/\/astehshop.com\/index.php\/wp-json\/wp\/v2\/product_tag?post=11413"}],"curies":[{"name":"wp","href":"https:\/\/api.w.org\/{rel}","templated":true}]}}