{"id":11407,"date":"2025-07-27T13:50:38","date_gmt":"2025-07-27T11:50:38","guid":{"rendered":"http:\/\/astehshop.com\/?post_type=product&#038;p=11407"},"modified":"2026-02-07T18:39:32","modified_gmt":"2026-02-07T17:39:32","slug":"seagate-st12000ve001-12tb-za-video-nadzor","status":"publish","type":"product","link":"http:\/\/astehshop.com\/index.php\/product\/seagate-st12000ve001-12tb-za-video-nadzor\/","title":{"rendered":"Seagate ST12000VE001 12TB za video nadzor"},"content":{"rendered":"<p><span class=\"HwtZe\" lang=\"bs\"><span class=\"jCAhz ChMk0b\"><span class=\"ryNqvb\">Interni, 3,5&#8243; HDD sa odli\u010dnim performansama. Disk je dizajniran za pouzdan 24-satni rad u CCTV sistemima za nadzor. Serijski ATA interfejs.<\/span><\/span><\/span><\/p>\n","protected":false},"excerpt":{"rendered":"<p><span class=\"HwtZe\" lang=\"bs\"><span class=\"jCAhz ChMk0b\"><span class=\"ryNqvb\">Interni, 3,5&#8243; HDD sa odli\u010dnim performansama. Disk je dizajniran za pouzdan 24-satni rad u CCTV sistemima za nadzor. Serijski ATA interfejs.<\/span><\/span><\/span><\/p>\n","protected":false},"featured_media":11408,"comment_status":"open","ping_status":"closed","template":"","meta":{"_mi_skip_tracking":false,"_exactmetrics_sitenote_active":false,"_exactmetrics_sitenote_note":"","_exactmetrics_sitenote_category":0,"spay_email":""},"product_cat":[160],"product_tag":[3814,8127,8126],"brands":[],"df_price":"","df_sale_price":"","df_regular_price":"","df_image_link":"https:\/\/i1.wp.com\/astehshop.com\/wp-content\/uploads\/2025\/07\/seagate-st12000ve001-12tb_0.jpg?fit=450%2C253","jetpack_publicize_connections":[],"jetpack_sharing_enabled":true,"jetpack_likes_enabled":true,"jetpack-related-posts":[{"id":11405,"url":"http:\/\/astehshop.com\/index.php\/product\/hard-disk-st10000ve001-10tb-namijenjen-za-rad-24-sata-dnevno\/","url_meta":{"origin":11407,"position":0},"title":"Hard disk ST10000VE001 10TB namijenjen za rad 24 sata dnevno","date":"27. srpnja 2025.","format":false,"excerpt":"Interni, 3,5\" HDD sa odli\u010dnim performansama. Disk je dizajniran za pouzdan 24-satni rad u CCTV sistemima za nadzor. Serijski ATA interfejs.","rel":"","context":"Srodne objave","img":{"alt_text":"","src":"https:\/\/i0.wp.com\/astehshop.com\/wp-content\/uploads\/2025\/07\/seagate-st10000ve001-hdd-10tb_0.jpg?fit=1200%2C675&resize=350%2C200","width":350,"height":200},"classes":[]},{"id":11403,"url":"http:\/\/astehshop.com\/index.php\/product\/seagate-st8000vx010-hdd-8tb-dizajniran-za-rad-u-dvr-nvr-snimacima\/","url_meta":{"origin":11407,"position":1},"title":"Seagate ST8000VX010 HDD 8TB dizajniran za rad u DVR NVR snima\u010dima","date":"27. srpnja 2025.","format":false,"excerpt":"Seagate SkyHawk surveillance serija Dizajniran za upotrebu u DVR-ovima i NVR-ovima Pogodan za 24\/7 aplikacije MTBF (prosje\u010dno vrijeme izme\u0111u kvarova): 1.000.000 sati Format: 3.5\", Kapacitet: 8TB, Cache: 256MB, Interfejs: SATA 6Gb\/s CMR tehnologija (Conventional Magnetic Recording) SkyHawk\u2122 Health Management","rel":"","context":"Srodne objave","img":{"alt_text":"","src":"https:\/\/i2.wp.com\/astehshop.com\/wp-content\/uploads\/2025\/07\/seagate-st8000vx010-hdd-8tb_0.jpg?fit=1200%2C675&resize=350%2C200","width":350,"height":200},"classes":[]},{"id":11420,"url":"http:\/\/astehshop.com\/index.php\/product\/hdd-toshiba-surveillance-s300-pro-hdwt31auzsva-za-dvr-nvr-10tb\/","url_meta":{"origin":11407,"position":2},"title":"HDD Toshiba Surveillance S300 Pro HDWT31AUZSVA za DVR\/NVR 10TB","date":"27. srpnja 2025.","format":false,"excerpt":"Toshibin 3,5-in\u010dni S300 Pro hard disk za nadzor dizajniran je i testiran za pouzdan nadzor 24\/7, napravljen za brzinu, kapacitet i du\u017ee pam\u0107enje sadr\u017eaja. Snimajte i analizirajte svaki kadar sa do 64 video kamere u visokoj rezoluciji pomo\u0107u S300 Pro. Prostor je va\u017ean za kontinuirano snimanje historije video dokaza tokom\u2026","rel":"","context":"Srodne objave","img":{"alt_text":"","src":"https:\/\/i1.wp.com\/astehshop.com\/wp-content\/uploads\/2025\/07\/10-tb-pro.jpg?fit=1000%2C1000&resize=350%2C200","width":350,"height":200},"classes":[]},{"id":11410,"url":"http:\/\/astehshop.com\/index.php\/product\/st16000ve002-hard-disk-16-tb-za-video-nadzor\/","url_meta":{"origin":11407,"position":3},"title":"ST16000VE002 Hard Disk 16 TB za video nadzor","date":"27. srpnja 2025.","format":false,"excerpt":"Seagate SkyHawk surveillance serija Dizajniran za upotrebu u DVR-ovima i NVR-ovima Pogodan za 24\/7 aplikacije","rel":"","context":"Srodne objave","img":{"alt_text":"","src":"https:\/\/i0.wp.com\/astehshop.com\/wp-content\/uploads\/2025\/07\/16-tb-hdd-technoshopbn.jpg?fit=1200%2C675&resize=350%2C200","width":350,"height":200},"classes":[]},{"id":11415,"url":"http:\/\/astehshop.com\/index.php\/product\/hdd-toshiba-surveillance-s300-hdwt860uzsva-za-dvr-nvr-6tb\/","url_meta":{"origin":11407,"position":4},"title":"HDD Toshiba Surveillance S300 HDWT860UZSVA za DVR\/NVR 6TB","date":"27. srpnja 2025.","format":false,"excerpt":"Kod sistema za nadzor, ni\u0161ta osim najboljeg nije dovoljno dobro. Toshiba 3,5-in\u010dni S300 je napravljen da zadovolji najvi\u0161e zahtjeve. Sa podr\u0161kom za do 64 nadzorne video kamere visoke rezolucije istovremeno i kapacitetom od 6 TB, sve stavlja na jasan pogled. Svaki S300 je napravljen od najkvalitetnijih komponenti i pro\u0161ao je\u2026","rel":"","context":"Srodne objave","img":{"alt_text":"","src":"https:\/\/i2.wp.com\/astehshop.com\/wp-content\/uploads\/2025\/07\/disk-toshiba-6-tb.png?fit=640%2C640&resize=350%2C200","width":350,"height":200},"classes":[]},{"id":11417,"url":"http:\/\/astehshop.com\/index.php\/product\/hdd-toshiba-surveillance-s300-hdwt840uzsva-za-dvr-nvr-4tb\/","url_meta":{"origin":11407,"position":5},"title":"HDD Toshiba Surveillance S300 HDWT840UZSVA za DVR NVR 4TB","date":"27. srpnja 2025.","format":false,"excerpt":"Kod sistema za nadzor, ni\u0161ta osim najboljeg nije dovoljno dobro. Toshiba 3,5-in\u010dni S300 je napravljen da zadovolji najvi\u0161e zahtjeve. Sa podr\u0161kom za do 32 nadzorne video kamere visoke rezolucije istovremeno i kapacitetom od 4 TB, sve stavlja na jasan pogled. Svaki S300 je napravljen od najkvalitetnijih komponenti i pro\u0161ao je\u2026","rel":"","context":"Srodne objave","img":{"alt_text":"","src":"https:\/\/i1.wp.com\/astehshop.com\/wp-content\/uploads\/2025\/07\/4tb-toshiba.jpg?fit=1000%2C1000&resize=350%2C200","width":350,"height":200},"classes":[]}],"_links":{"self":[{"href":"http:\/\/astehshop.com\/index.php\/wp-json\/wp\/v2\/product\/11407"}],"collection":[{"href":"http:\/\/astehshop.com\/index.php\/wp-json\/wp\/v2\/product"}],"about":[{"href":"http:\/\/astehshop.com\/index.php\/wp-json\/wp\/v2\/types\/product"}],"replies":[{"embeddable":true,"href":"http:\/\/astehshop.com\/index.php\/wp-json\/wp\/v2\/comments?post=11407"}],"wp:featuredmedia":[{"embeddable":true,"href":"http:\/\/astehshop.com\/index.php\/wp-json\/wp\/v2\/media\/11408"}],"wp:attachment":[{"href":"http:\/\/astehshop.com\/index.php\/wp-json\/wp\/v2\/media?parent=11407"}],"wp:term":[{"taxonomy":"product_cat","embeddable":true,"href":"http:\/\/astehshop.com\/index.php\/wp-json\/wp\/v2\/product_cat?post=11407"},{"taxonomy":"product_tag","embeddable":true,"href":"http:\/\/astehshop.com\/index.php\/wp-json\/wp\/v2\/product_tag?post=11407"}],"curies":[{"name":"wp","href":"https:\/\/api.w.org\/{rel}","templated":true}]}}