{"id":11376,"date":"2025-07-23T16:34:04","date_gmt":"2025-07-23T14:34:04","guid":{"rendered":"http:\/\/astehshop.com\/?post_type=product&#038;p=11376"},"modified":"2025-07-23T16:34:05","modified_gmt":"2025-07-23T14:34:05","slug":"digitalni-sat-sa-wireless-bezicnim-punjacem-za-mobitel-gembird-2","status":"publish","type":"product","link":"http:\/\/astehshop.com\/index.php\/product\/digitalni-sat-sa-wireless-bezicnim-punjacem-za-mobitel-gembird-2\/","title":{"rendered":"Digitalni sat sa wireless be\u017ei\u010dnim punja\u010dem za mobitel GEMBIRD"},"content":{"rendered":"<p><strong><u>Digitalni sat sa wireless be\u017ei\u010dnim punja\u010dem za mobitel GEMBIRD, DAC-WPC-01<\/u><\/strong><\/p>\n<p><u><\/u>Za sve dodatne informacije mozete nas kontaktirati na\u00a0<strong>OLX poruke, 065824333 ili Viber<\/strong><\/p>\n<p>&nbsp;<\/p>\n<p>NUDIMO KUPOVINU NOVE ROBE NA RATE:<\/p>\n<p>-DO 18 RATA PREKO MIKROFIN KREDITNA ORGANIZACIJA<\/p>\n<p>-DO 12 RATA PREKO \u0160OPING KARTICE UNICREDIT BANK<\/p>\n<p>&nbsp;<\/p>\n<p>Trgovinska Radnja TECHNO SHOP BN<\/p>\n<p>Nikole Tesle 31a, Bijeljina<\/p>\n<p>(izme\u0111u Moja Apoteka i picerije Park Ne\u0161kovi\u0107)<\/p>\n<p>055\/422-599;\u00a0<strong><u>065\/824-333<\/u><\/strong><\/p>\n<p>Radnim danima 09-19h<\/p>\n<p>Subotom 09-16h<\/p>\n<p>www.technoshopbn.com<\/p>\n<p><a href=\"https:\/\/olx.ba\/artikal\/51187537\/gaming-racunar-pc-i5-10400f-16gb-gtx-1660-ti\">info@technoshopbn.com<\/a><\/p>\n","protected":false},"excerpt":{"rendered":"<p>Digitalni sat sa wireless be\u017ei\u010dnim punja\u010dem za mobitel GEMBIRD, DAC-WPC-01 Za sve dodatne informacije mozete nas kontaktirati na\u00a0OLX poruke, 065824333 ili Viber &nbsp; NUDIMO KUPOVINU NOVE ROBE NA RATE: -DO &hellip;<\/p>\n","protected":false},"featured_media":11375,"comment_status":"open","ping_status":"closed","template":"","meta":{"_mi_skip_tracking":false,"_exactmetrics_sitenote_active":false,"_exactmetrics_sitenote_note":"","_exactmetrics_sitenote_category":0,"spay_email":""},"product_cat":[15],"product_tag":[],"brands":[],"df_price":49,"df_sale_price":"","df_regular_price":49,"df_image_link":"https:\/\/i2.wp.com\/astehshop.com\/wp-content\/uploads\/2025\/07\/0100909_digitalni-sat-sa-wireless-bezicnim-punjacem-za-mobitel-gembird-dac-wpc-01.jpeg?fit=450%2C450","jetpack_publicize_connections":[],"jetpack_sharing_enabled":true,"jetpack_likes_enabled":true,"jetpack-related-posts":[{"id":11370,"url":"http:\/\/astehshop.com\/index.php\/product\/digitalni-sat-sa-wireless-bezicnim-punjacem-za-mobitel-gembird\/","url_meta":{"origin":11376,"position":0},"title":"Digitalni sat sa wireless be\u017ei\u010dnim punja\u010dem za mobitel GEMBIRD","date":"23. srpnja 2025.","format":false,"excerpt":"Digitalni sat sa wireless be\u017ei\u010dnim punja\u010dem za mobitel GEMBIRD, silver, DAC-WPC-01-S","rel":"","context":"Srodne objave","img":{"alt_text":"","src":"https:\/\/i1.wp.com\/astehshop.com\/wp-content\/uploads\/2025\/07\/0096258_digitelni-sat-sa-wireless-bezicnim-punjacem-za-mobitel-gembird-silver-dac-wpc-01-s.jpeg?fit=900%2C900&resize=350%2C200","width":350,"height":200},"classes":[]},{"id":11120,"url":"http:\/\/astehshop.com\/index.php\/product\/tastaturas-gembird-multimedia-chocolate\/","url_meta":{"origin":11376,"position":1},"title":"Tastaturas GEMBIRD Multimedia chocolate","date":"16. srpnja 2025.","format":false,"excerpt":"Tastaturas GEMBIRD Multimedia chocolate, KB-MCH-04 USB, USA layout","rel":"","context":"Srodne objave","img":{"alt_text":"","src":"https:\/\/i1.wp.com\/astehshop.com\/wp-content\/uploads\/2025\/07\/0108154_tastaturas-gembird-multimedia-chocolate-kb-mch-04-usb-usa-layout.jpeg?fit=900%2C900&resize=350%2C200","width":350,"height":200},"classes":[]},{"id":11110,"url":"http:\/\/astehshop.com\/index.php\/product\/game-pad-gembird-jpd-ub-01-za-pc-usb\/","url_meta":{"origin":11376,"position":2},"title":"Game Pad GEMBIRD JPD-UB-01, za PC, USB","date":"16. srpnja 2025.","format":false,"excerpt":"USB 2.0 gamepad namenjen za PC poseduje 4-smerni D-pad i 10 funkcijskih tastera, pru\u017ea preciznu kontrolu i kompatibilan je sa svim igrama koje podr\u017eavaju unos preko gamepada \u2014 jednostavan za kori\u0161\u0107enje i spreman za igru odmah po priklju\u010denju.","rel":"","context":"Srodne objave","img":{"alt_text":"","src":"https:\/\/i0.wp.com\/astehshop.com\/wp-content\/uploads\/2025\/07\/0084204_game-pad-gembird-jpd-ub-01-za-pc-usb.jpeg?fit=450%2C450&resize=350%2C200","width":350,"height":200},"classes":[]},{"id":11141,"url":"http:\/\/astehshop.com\/index.php\/product\/stativ-tripod-selfie-stap-za-mobitel-do-7-daljinski-bluetooth\/","url_meta":{"origin":11376,"position":3},"title":"Stativ tripod selfie stap za mobitel do 7&#8243; + daljinski bluetooth","date":"17. srpnja 2025.","format":false,"excerpt":"Stativ tripod selfie stap za mobitel do 7\" + daljinski bluetooth BOROFONE BY11 Happy live broadcast black","rel":"","context":"Srodne objave","img":{"alt_text":"","src":"https:\/\/i2.wp.com\/astehshop.com\/wp-content\/uploads\/2025\/07\/0127103_stativ-tripod-selfie-stap-za-mobitel-do-7-daljinski-bluetooth-borofone-by11-happy-live-broadcast-bla.png?fit=900%2C900&resize=350%2C200","width":350,"height":200},"classes":[]},{"id":11352,"url":"http:\/\/astehshop.com\/index.php\/product\/bluetooth-audio-receiver-black-btr-05-gembird\/","url_meta":{"origin":11376,"position":4},"title":"Bluetooth audio receiver, black BTR-05, GEMBIRD","date":"23. srpnja 2025.","format":false,"excerpt":"Za sve dodatne informacije mozete nas kontaktirati na\u00a0OLX poruke, 065824333 ili Viber \u00a0 NUDIMO KUPOVINU NOVE ROBE NA RATE: -DO 18 RATA PREKO MIKROFIN KREDITNA ORGANIZACIJA -DO 12 RATA PREKO \u0160OPING KARTICE UNICREDIT BANK \u00a0 Trgovinska Radnja TECHNO SHOP BN Nikole Tesle 31a, Bijeljina (izme\u0111u Moja Apoteka i picerije Park\u2026","rel":"","context":"Srodne objave","img":{"alt_text":"","src":"https:\/\/i0.wp.com\/astehshop.com\/wp-content\/uploads\/2025\/07\/0092741_bluetooth-audio-receiver-black-btr-05-gembird.jpeg?fit=450%2C450&resize=350%2C200","width":350,"height":200},"classes":[]},{"id":11542,"url":"http:\/\/astehshop.com\/index.php\/product\/razvodnik-nap-gembird-spg6-b-6c\/","url_meta":{"origin":11376,"position":5},"title":"RAZVODNIK NAP GEMBIRD SPG6-B-6C","date":"19. kolovoza 2025.","format":false,"excerpt":"Za sve dodatne informacije mozete nas kontaktirati na\u00a0OLX poruke, 065824333 ili Viber NUDIMO KUPOVINU NOVE ROBE NA RATE: -DO 18 RATA PREKO MIKROFIN KREDITNA ORGANIZACIJA -DO 12 RATA PREKO \u0160OPING KARTICE UNICREDIT BANK \u00a0 Trgovinska Radnja TECHNO SHOP BN Nikole Tesle 31a, Bijeljina (izme\u0111u Moja Apoteka i picerije Park Ne\u0161kovi\u0107)\u2026","rel":"","context":"Srodne objave","img":{"alt_text":"","src":"https:\/\/i1.wp.com\/astehshop.com\/wp-content\/uploads\/2025\/08\/0061978_razvodnik-napgembird-spg6-b-10c-6-uticnica-prekidac-3m_550.jpeg?fit=550%2C550&resize=350%2C200","width":350,"height":200},"classes":[]}],"_links":{"self":[{"href":"http:\/\/astehshop.com\/index.php\/wp-json\/wp\/v2\/product\/11376"}],"collection":[{"href":"http:\/\/astehshop.com\/index.php\/wp-json\/wp\/v2\/product"}],"about":[{"href":"http:\/\/astehshop.com\/index.php\/wp-json\/wp\/v2\/types\/product"}],"replies":[{"embeddable":true,"href":"http:\/\/astehshop.com\/index.php\/wp-json\/wp\/v2\/comments?post=11376"}],"wp:featuredmedia":[{"embeddable":true,"href":"http:\/\/astehshop.com\/index.php\/wp-json\/wp\/v2\/media\/11375"}],"wp:attachment":[{"href":"http:\/\/astehshop.com\/index.php\/wp-json\/wp\/v2\/media?parent=11376"}],"wp:term":[{"taxonomy":"product_cat","embeddable":true,"href":"http:\/\/astehshop.com\/index.php\/wp-json\/wp\/v2\/product_cat?post=11376"},{"taxonomy":"product_tag","embeddable":true,"href":"http:\/\/astehshop.com\/index.php\/wp-json\/wp\/v2\/product_tag?post=11376"}],"curies":[{"name":"wp","href":"https:\/\/api.w.org\/{rel}","templated":true}]}}