{"id":11372,"date":"2025-07-23T16:22:11","date_gmt":"2025-07-23T14:22:11","guid":{"rendered":"http:\/\/astehshop.com\/?post_type=product&#038;p=11372"},"modified":"2025-07-23T16:22:12","modified_gmt":"2025-07-23T14:22:12","slug":"power-station-usb-brzi-quick-punjac-gembird-6-port-75w","status":"publish","type":"product","link":"http:\/\/astehshop.com\/index.php\/product\/power-station-usb-brzi-quick-punjac-gembird-6-port-75w\/","title":{"rendered":"Power station USB brzi\/quick punja\u010d GEMBIRD, 6-port 75W"},"content":{"rendered":"<ul>\n<li><strong>Tehnologije punjenja:<\/strong>\u00a0QC 3.0 i Power Delivery (PD)<\/li>\n<li><strong>GaN tehnologija:<\/strong>\u00a0kompaktan dizajn s pove\u0107anom energetskom u\u010dinkovito\u0161\u0107u<\/li>\n<li><strong>Type-C portovi:<\/strong>\u00a0podr\u017eavaju PD do 25 W<\/li>\n<li><strong>Type-A portovi:<\/strong>\u00a0podr\u017eavaju QC 3.0 do 18 W<\/li>\n<li><strong>Za\u0161tita:<\/strong>\u00a0pametna za\u0161tita od prenapona, preoptere\u0107enja, kratkog spoja i pregrijavanja<\/li>\n<\/ul>\n<p><u><\/u>Za sve dodatne informacije mozete nas kontaktirati na\u00a0<strong>OLX poruke, 065824333 ili Viber<\/strong><\/p>\n<p>&nbsp;<\/p>\n<p>NUDIMO KUPOVINU NOVE ROBE NA RATE:<\/p>\n<p>-DO 18 RATA PREKO MIKROFIN KREDITNA ORGANIZACIJA<\/p>\n<p>-DO 12 RATA PREKO \u0160OPING KARTICE UNICREDIT BANK<\/p>\n<p>&nbsp;<\/p>\n<p>Trgovinska Radnja TECHNO SHOP BN<\/p>\n<p>Nikole Tesle 31a, Bijeljina<\/p>\n<p>(izme\u0111u Moja Apoteka i picerije Park Ne\u0161kovi\u0107)<\/p>\n<p>055\/422-599;\u00a0<strong><u>065\/824-333<\/u><\/strong><\/p>\n<p>Radnim danima 09-19h<\/p>\n<p>Subotom 09-16h<\/p>\n<p>www.technoshopbn.com<\/p>\n<p><a href=\"https:\/\/olx.ba\/artikal\/51187537\/gaming-racunar-pc-i5-10400f-16gb-gtx-1660-ti\">info@technoshopbn.com<\/a><\/p>\n","protected":false},"excerpt":{"rendered":"<ul>\n<li><strong>Tehnologije punjenja:<\/strong>\u00a0QC 3.0 i Power Delivery (PD)<\/li>\n<li><strong>GaN tehnologija:<\/strong>\u00a0kompaktan dizajn s pove\u0107anom energetskom u\u010dinkovito\u0161\u0107u<\/li>\n<li><strong>Type-C portovi:<\/strong>\u00a0podr\u017eavaju PD do 25 W<\/li>\n<li><strong>Type-A portovi:<\/strong>\u00a0podr\u017eavaju QC 3.0 do 18 W<\/li>\n<li><strong>Za\u0161tita:<\/strong>\u00a0pametna za\u0161tita od prenapona, preoptere\u0107enja, kratkog spoja i pregrijavanja<\/li>\n<\/ul>\n","protected":false},"featured_media":11373,"comment_status":"open","ping_status":"closed","template":"","meta":{"_mi_skip_tracking":false,"_exactmetrics_sitenote_active":false,"_exactmetrics_sitenote_note":"","_exactmetrics_sitenote_category":0,"spay_email":""},"product_cat":[15],"product_tag":[],"brands":[],"df_price":49.9,"df_sale_price":"","df_regular_price":49.9,"df_image_link":"https:\/\/i0.wp.com\/astehshop.com\/wp-content\/uploads\/2025\/07\/0137062_power-station-usb-brziquick-punjac-gembird-6-port-75w-gan-usb-fast-charger-black-type-c-usb-ta-uc-2a.png?fit=450%2C450","jetpack_publicize_connections":[],"jetpack_sharing_enabled":true,"jetpack_likes_enabled":true,"jetpack-related-posts":[{"id":11012,"url":"http:\/\/astehshop.com\/index.php\/product\/syrox-pd-30w-brzi-auto-punjac-usb-a-i-type-c\/","url_meta":{"origin":11372,"position":0},"title":"SYROX PD 30W BRZI AUTO PUNJA\u010c USB-A i Type-C","date":"14. srpnja 2025.","format":false,"excerpt":"Ulaz: DC 12V \u2013 30V Konektori: USB-A i USB Type-C PD Tehnologija i Quick Charge funkcija LCD Zaslon: DA","rel":"","context":"Srodne objave","img":{"alt_text":"","src":"https:\/\/i0.wp.com\/astehshop.com\/wp-content\/uploads\/2025\/07\/sx-sc30b.jpg?fit=1080%2C1080&resize=350%2C200","width":350,"height":200},"classes":[]},{"id":11687,"url":"http:\/\/astehshop.com\/index.php\/product\/kingston-usb-c-dt70-256gb-3-2\/","url_meta":{"origin":11372,"position":1},"title":"Kingston USB-C DT70 256GB 3.2","date":"24. kolovoza 2025.","format":false,"excerpt":"Interfejs:\u00a0USB 3.2 Gen 1 Kapacitet:\u00a0256GB Dizajn:\u00a0Kompaktan, prenosiv Kompatibilnost:\u00a0Windows, Mac OS, Linux, Chrome OS","rel":"","context":"Srodne objave","img":{"alt_text":"","src":"https:\/\/i0.wp.com\/astehshop.com\/wp-content\/uploads\/2025\/08\/39300-Kingston-USB-C-DT70-256GB-32-1.webp?fit=450%2C450&resize=350%2C200","width":350,"height":200},"classes":[]},{"id":6385,"url":"http:\/\/astehshop.com\/index.php\/product\/fm-modulator-e62bluetooth\/","url_meta":{"origin":11372,"position":2},"title":"FM modulator  E62,Bluetooth","date":"30. rujna 2022.","format":false,"excerpt":"E62 Brzi, auto punja\u010d, BT v5.0, FM transmiter, s USB QC 18W i Type-C PD 20W izlazom FM modulator (Transmitter), be\u017ei\u010dno povezivanje na bilo koji auto radio (87,5 - 108 MHz), Bluetooth veza za telefon v 5.0 - Handsfree , Bluetooth stereo reprodukcija glazbe, MP3, WMA reprodukcija, reprodukcija sa USB-a\u2026","rel":"","context":"Srodne objave","img":{"alt_text":"","src":"https:\/\/i1.wp.com\/astehshop.com\/wp-content\/uploads\/2022\/09\/FM-modulator-E62Bluetooth.png?fit=1162%2C1200&resize=350%2C200","width":350,"height":200},"classes":[]},{"id":6629,"url":"http:\/\/astehshop.com\/index.php\/product\/power-walker-vi-600-scl-ups\/","url_meta":{"origin":11372,"position":3},"title":"Power Walker VI 600 SCL UPS","date":"17. studenoga 2022.","format":false,"excerpt":"Snaga: 600 VA \/ 360 W Ulazni napon: 162 - 290 VAC Radna frekvencija: 50 - 60 Hz Izlazni napon: 230 VAC Trajanje punjenja: 4 h do 90 % Za\u0161tita od prenapona: RJ45 \/ RJ11 Port: USB Softver: ViewPower Jamstvo na bateriju: 6 mjeseci","rel":"","context":"Srodne objave","img":{"alt_text":"","src":"https:\/\/i2.wp.com\/astehshop.com\/wp-content\/uploads\/2022\/11\/medium_348_28a9aae0283c21edd368bcfd69f26c98L5A.png?fit=400%2C400&resize=350%2C200","width":350,"height":200},"classes":[]},{"id":9200,"url":"http:\/\/astehshop.com\/index.php\/product\/dahua-8-portni-gigabitni-switch-pfs3008-8gt-l\/","url_meta":{"origin":11372,"position":4},"title":"Dahua 8 portni gigabitni switch PFS3008-8GT-L","date":"14. o\u017eujka 2024.","format":false,"excerpt":"8 \u00d7 10\/100\/1000 Mbps adaptivnih portova, visoko integrisanog dizajna, kompaktan, prenosiv, jednostavan za rukovanje, pogodan za male i srednje kancelarijske i ku\u0107ne mre\u017ee. Kompaktan dizajn: minijaturna veli\u010dina i mala te\u017eina olak\u0161avaju postavljanje Plug and play: nije potrebna konfiguracija Zelena tehnologija: usvaja visokokvalitetnu ekolo\u0161ki prihvatljivu plastiku \u00a0 7\u00d724H: Stabilne performanse za\u2026","rel":"","context":"Srodne objave","img":{"alt_text":"","src":"https:\/\/i2.wp.com\/astehshop.com\/wp-content\/uploads\/2024\/03\/pfs3008-8gt-l_d.jpg?fit=1200%2C895&resize=350%2C200","width":350,"height":200},"classes":[]},{"id":11306,"url":"http:\/\/astehshop.com\/index.php\/product\/gaming-monitor-27-lg-ultragear-27gs85q-b-2k-200hz\/","url_meta":{"origin":11372,"position":5},"title":"GAMING MONITOR 27&#8243; LG UltraGear 27GS85Q-B 2K 200Hz","date":"22. srpnja 2025.","format":false,"excerpt":"Ekran:\u00a027\", Nano IPS panel Rezolucija:\u00a02560 \u00d7 1440 Osvetljenje:\u00a0400 cd\/m\u00b2 Vreme odziva:\u00a01 ms Osve\u017eavanje:\u00a0200 Hz Tehnologije:\u00a0NVIDIA G-Sync i AMD FreeSync Priklju\u010dci:\u00a02 \u00d7 HDMI 2.0, 1 \u00d7 DisplayPort, 2 \u00d7 USB 2.0, 1 \u00d7 USB-B 3.0","rel":"","context":"Srodne objave","img":{"alt_text":"","src":"https:\/\/i0.wp.com\/astehshop.com\/wp-content\/uploads\/2025\/07\/38216-27-LG-UltraGear-27GS85Q-B-2K-200Hz-Gaming-Display-3.webp?fit=450%2C450&resize=350%2C200","width":350,"height":200},"classes":[]}],"_links":{"self":[{"href":"http:\/\/astehshop.com\/index.php\/wp-json\/wp\/v2\/product\/11372"}],"collection":[{"href":"http:\/\/astehshop.com\/index.php\/wp-json\/wp\/v2\/product"}],"about":[{"href":"http:\/\/astehshop.com\/index.php\/wp-json\/wp\/v2\/types\/product"}],"replies":[{"embeddable":true,"href":"http:\/\/astehshop.com\/index.php\/wp-json\/wp\/v2\/comments?post=11372"}],"wp:featuredmedia":[{"embeddable":true,"href":"http:\/\/astehshop.com\/index.php\/wp-json\/wp\/v2\/media\/11373"}],"wp:attachment":[{"href":"http:\/\/astehshop.com\/index.php\/wp-json\/wp\/v2\/media?parent=11372"}],"wp:term":[{"taxonomy":"product_cat","embeddable":true,"href":"http:\/\/astehshop.com\/index.php\/wp-json\/wp\/v2\/product_cat?post=11372"},{"taxonomy":"product_tag","embeddable":true,"href":"http:\/\/astehshop.com\/index.php\/wp-json\/wp\/v2\/product_tag?post=11372"}],"curies":[{"name":"wp","href":"https:\/\/api.w.org\/{rel}","templated":true}]}}