{"id":11370,"date":"2025-07-23T16:12:44","date_gmt":"2025-07-23T14:12:44","guid":{"rendered":"http:\/\/astehshop.com\/?post_type=product&#038;p=11370"},"modified":"2025-07-23T16:12:45","modified_gmt":"2025-07-23T14:12:45","slug":"digitalni-sat-sa-wireless-bezicnim-punjacem-za-mobitel-gembird","status":"publish","type":"product","link":"http:\/\/astehshop.com\/index.php\/product\/digitalni-sat-sa-wireless-bezicnim-punjacem-za-mobitel-gembird\/","title":{"rendered":"Digitalni sat sa wireless be\u017ei\u010dnim punja\u010dem za mobitel GEMBIRD"},"content":{"rendered":"<p><strong><u>Digitalni sat sa wireless be\u017ei\u010dnim punja\u010dem za mobitel GEMBIRD, silver, DAC-WPC-01-S<\/u><\/strong><\/p>\n<p><u><\/u>Za sve dodatne informacije mozete nas kontaktirati na\u00a0<strong>OLX poruke, 065824333 ili Viber<\/strong><\/p>\n<p>&nbsp;<\/p>\n<p>NUDIMO KUPOVINU NOVE ROBE NA RATE:<\/p>\n<p>-DO 18 RATA PREKO MIKROFIN KREDITNA ORGANIZACIJA<\/p>\n<p>-DO 12 RATA PREKO \u0160OPING KARTICE UNICREDIT BANK<\/p>\n<p>&nbsp;<\/p>\n<p>Trgovinska Radnja TECHNO SHOP BN<\/p>\n<p>Nikole Tesle 31a, Bijeljina<\/p>\n<p>(izme\u0111u Moja Apoteka i picerije Park Ne\u0161kovi\u0107)<\/p>\n<p>055\/422-599;\u00a0<strong><u>065\/824-333<\/u><\/strong><\/p>\n<p>Radnim danima 09-19h<\/p>\n<p>Subotom 09-16h<\/p>\n<p>www.technoshopbn.com<\/p>\n<p><a href=\"https:\/\/olx.ba\/artikal\/51187537\/gaming-racunar-pc-i5-10400f-16gb-gtx-1660-ti\">info@technoshopbn.com<\/a><\/p>\n","protected":false},"excerpt":{"rendered":"<p><u>Digitalni sat sa wireless be\u017ei\u010dnim punja\u010dem za mobitel GEMBIRD, silver, DAC-WPC-01-S<\/u><\/p>\n","protected":false},"featured_media":11371,"comment_status":"open","ping_status":"closed","template":"","meta":{"_mi_skip_tracking":false,"_exactmetrics_sitenote_active":false,"_exactmetrics_sitenote_note":"","_exactmetrics_sitenote_category":0,"spay_email":""},"product_cat":[15],"product_tag":[],"brands":[],"df_price":34,"df_sale_price":"","df_regular_price":34,"df_image_link":"https:\/\/i1.wp.com\/astehshop.com\/wp-content\/uploads\/2025\/07\/0096258_digitelni-sat-sa-wireless-bezicnim-punjacem-za-mobitel-gembird-silver-dac-wpc-01-s.jpeg?fit=450%2C450","jetpack_publicize_connections":[],"jetpack_sharing_enabled":true,"jetpack_likes_enabled":true,"jetpack-related-posts":[{"id":11376,"url":"http:\/\/astehshop.com\/index.php\/product\/digitalni-sat-sa-wireless-bezicnim-punjacem-za-mobitel-gembird-2\/","url_meta":{"origin":11370,"position":0},"title":"Digitalni sat sa wireless be\u017ei\u010dnim punja\u010dem za mobitel GEMBIRD","date":"23. srpnja 2025.","format":false,"excerpt":"Digitalni sat sa wireless be\u017ei\u010dnim punja\u010dem za mobitel GEMBIRD, DAC-WPC-01 Za sve dodatne informacije mozete nas kontaktirati na\u00a0OLX poruke, 065824333 ili Viber \u00a0 NUDIMO KUPOVINU NOVE ROBE NA RATE: -DO 18 RATA PREKO MIKROFIN KREDITNA ORGANIZACIJA -DO 12 RATA PREKO \u0160OPING KARTICE UNICREDIT BANK \u00a0 Trgovinska Radnja TECHNO SHOP BN\u2026","rel":"","context":"Srodne objave","img":{"alt_text":"","src":"https:\/\/i2.wp.com\/astehshop.com\/wp-content\/uploads\/2025\/07\/0100909_digitalni-sat-sa-wireless-bezicnim-punjacem-za-mobitel-gembird-dac-wpc-01.jpeg?fit=900%2C900&resize=350%2C200","width":350,"height":200},"classes":[]},{"id":11110,"url":"http:\/\/astehshop.com\/index.php\/product\/game-pad-gembird-jpd-ub-01-za-pc-usb\/","url_meta":{"origin":11370,"position":1},"title":"Game Pad GEMBIRD JPD-UB-01, za PC, USB","date":"16. srpnja 2025.","format":false,"excerpt":"USB 2.0 gamepad namenjen za PC poseduje 4-smerni D-pad i 10 funkcijskih tastera, pru\u017ea preciznu kontrolu i kompatibilan je sa svim igrama koje podr\u017eavaju unos preko gamepada \u2014 jednostavan za kori\u0161\u0107enje i spreman za igru odmah po priklju\u010denju.","rel":"","context":"Srodne objave","img":{"alt_text":"","src":"https:\/\/i0.wp.com\/astehshop.com\/wp-content\/uploads\/2025\/07\/0084204_game-pad-gembird-jpd-ub-01-za-pc-usb.jpeg?fit=450%2C450&resize=350%2C200","width":350,"height":200},"classes":[]},{"id":11120,"url":"http:\/\/astehshop.com\/index.php\/product\/tastaturas-gembird-multimedia-chocolate\/","url_meta":{"origin":11370,"position":2},"title":"Tastaturas GEMBIRD Multimedia chocolate","date":"16. srpnja 2025.","format":false,"excerpt":"Tastaturas GEMBIRD Multimedia chocolate, KB-MCH-04 USB, USA layout","rel":"","context":"Srodne objave","img":{"alt_text":"","src":"https:\/\/i1.wp.com\/astehshop.com\/wp-content\/uploads\/2025\/07\/0108154_tastaturas-gembird-multimedia-chocolate-kb-mch-04-usb-usa-layout.jpeg?fit=900%2C900&resize=350%2C200","width":350,"height":200},"classes":[]},{"id":11141,"url":"http:\/\/astehshop.com\/index.php\/product\/stativ-tripod-selfie-stap-za-mobitel-do-7-daljinski-bluetooth\/","url_meta":{"origin":11370,"position":3},"title":"Stativ tripod selfie stap za mobitel do 7&#8243; + daljinski bluetooth","date":"17. srpnja 2025.","format":false,"excerpt":"Stativ tripod selfie stap za mobitel do 7\" + daljinski bluetooth BOROFONE BY11 Happy live broadcast black","rel":"","context":"Srodne objave","img":{"alt_text":"","src":"https:\/\/i2.wp.com\/astehshop.com\/wp-content\/uploads\/2025\/07\/0127103_stativ-tripod-selfie-stap-za-mobitel-do-7-daljinski-bluetooth-borofone-by11-happy-live-broadcast-bla.png?fit=900%2C900&resize=350%2C200","width":350,"height":200},"classes":[]},{"id":11104,"url":"http:\/\/astehshop.com\/index.php\/product\/game-pad-wireless-gembird\/","url_meta":{"origin":11370,"position":4},"title":"Game Pad Wireless GEMBIRD","date":"16. srpnja 2025.","format":false,"excerpt":"Be\u017ei\u010dni gamepad sa 2.4 GHz vezom, dvostrukom vibracijom, 12 funkcijskih tastera, dve analogne palice i 4-smernim D-padom, pru\u017ea udobno dugotrajno igranje uz autonomiju do 30 sati sa vibracijom ili \u010dak 100 sati bez nje, napaja se putem 2 AAA baterije i kompatibilan je sa PC-jem, PlayStation 2 i 3.","rel":"","context":"Srodne objave","img":{"alt_text":"","src":"https:\/\/i1.wp.com\/astehshop.com\/wp-content\/uploads\/2025\/07\/0086087_game-pad-wireless-gembird-jpd-wdv-01-dual-vibration-za-ps2ps3pc.jpeg?fit=450%2C450&resize=350%2C200","width":350,"height":200},"classes":[]},{"id":11095,"url":"http:\/\/astehshop.com\/index.php\/product\/digitalni-radio-alarm-sat-esperanza-parrot\/","url_meta":{"origin":11370,"position":5},"title":"Digitalni radio + alarm + sat ESPERANZA PARROT","date":"16. srpnja 2025.","format":false,"excerpt":"Digitalni radio + alarm + sat ESPERANZA PARROT BLACK, LCD Display, na baterije, ERB101K Kompaktan vi\u0161efrekventni radio prijemnik sa ugra\u0111enim budilnikom, teleskopskom antenom, kvalitetnim zvu\u010dnikom i digitalnim LCD ekranom koji prikazuje ta\u010dno vreme i frekvenciju, napaja se putem dve AAA baterije (1,5V) i idealan je za putovanja, kancelariju ili ku\u0107nu\u2026","rel":"","context":"Srodne objave","img":{"alt_text":"","src":"https:\/\/i1.wp.com\/astehshop.com\/wp-content\/uploads\/2025\/07\/0079077_digitalni-radio-alarm-sat-esperanza-parrot-black-lcd-display-na-baterije-erb101k.jpeg?fit=450%2C450&resize=350%2C200","width":350,"height":200},"classes":[]}],"_links":{"self":[{"href":"http:\/\/astehshop.com\/index.php\/wp-json\/wp\/v2\/product\/11370"}],"collection":[{"href":"http:\/\/astehshop.com\/index.php\/wp-json\/wp\/v2\/product"}],"about":[{"href":"http:\/\/astehshop.com\/index.php\/wp-json\/wp\/v2\/types\/product"}],"replies":[{"embeddable":true,"href":"http:\/\/astehshop.com\/index.php\/wp-json\/wp\/v2\/comments?post=11370"}],"wp:featuredmedia":[{"embeddable":true,"href":"http:\/\/astehshop.com\/index.php\/wp-json\/wp\/v2\/media\/11371"}],"wp:attachment":[{"href":"http:\/\/astehshop.com\/index.php\/wp-json\/wp\/v2\/media?parent=11370"}],"wp:term":[{"taxonomy":"product_cat","embeddable":true,"href":"http:\/\/astehshop.com\/index.php\/wp-json\/wp\/v2\/product_cat?post=11370"},{"taxonomy":"product_tag","embeddable":true,"href":"http:\/\/astehshop.com\/index.php\/wp-json\/wp\/v2\/product_tag?post=11370"}],"curies":[{"name":"wp","href":"https:\/\/api.w.org\/{rel}","templated":true}]}}