{"id":11358,"date":"2025-07-23T15:56:48","date_gmt":"2025-07-23T13:56:48","guid":{"rendered":"http:\/\/astehshop.com\/?post_type=product&#038;p=11358"},"modified":"2025-07-23T15:56:49","modified_gmt":"2025-07-23T13:56:49","slug":"kx-tg1611fxh-panasonic-telefon-crni-dect-cid","status":"publish","type":"product","link":"http:\/\/astehshop.com\/index.php\/product\/kx-tg1611fxh-panasonic-telefon-crni-dect-cid\/","title":{"rendered":"KX-TG1611FXH Panasonic telefon crni DECT CID"},"content":{"rendered":"<p>Be\u017eicni telefon sa jednom slu\u0161alicom, KX-TG1611FXH Panasonic telefon crni DECT CID.<\/p>\n<p><u><\/u>Za sve dodatne informacije mozete nas kontaktirati na\u00a0<strong>OLX poruke, 065824333 ili Viber<\/strong><\/p>\n<p>&nbsp;<\/p>\n<p>NUDIMO KUPOVINU NOVE ROBE NA RATE:<\/p>\n<p>-DO 18 RATA PREKO MIKROFIN KREDITNA ORGANIZACIJA<\/p>\n<p>-DO 12 RATA PREKO \u0160OPING KARTICE UNICREDIT BANK<\/p>\n<p>&nbsp;<\/p>\n<p>Trgovinska Radnja TECHNO SHOP BN<\/p>\n<p>Nikole Tesle 31a, Bijeljina<\/p>\n<p>(izme\u0111u Moja Apoteka i picerije Park Ne\u0161kovi\u0107)<\/p>\n<p>055\/422-599;\u00a0<strong><u>065\/824-333<\/u><\/strong><\/p>\n<p>Radnim danima 09-19h<\/p>\n<p>Subotom 09-16h<\/p>\n<p>www.technoshopbn.com<\/p>\n<p><a href=\"https:\/\/olx.ba\/artikal\/51187537\/gaming-racunar-pc-i5-10400f-16gb-gtx-1660-ti\">info@technoshopbn.com<\/a><\/p>\n","protected":false},"excerpt":{"rendered":"<p>Be\u017eicni telefon sa jednom slu\u0161alicom, KX-TG1611FXH Panasonic telefon crni DECT CID.<\/p>\n","protected":false},"featured_media":11359,"comment_status":"open","ping_status":"closed","template":"","meta":{"_mi_skip_tracking":false,"_exactmetrics_sitenote_active":false,"_exactmetrics_sitenote_note":"","_exactmetrics_sitenote_category":0,"spay_email":""},"product_cat":[1170],"product_tag":[],"brands":[],"df_price":69,"df_sale_price":"","df_regular_price":69,"df_image_link":"https:\/\/i2.wp.com\/astehshop.com\/wp-content\/uploads\/2025\/07\/0062453_kx-tg1611fxh-panasonic-telefon-crni-dect-cid.jpeg?fit=450%2C450","jetpack_publicize_connections":[],"jetpack_sharing_enabled":true,"jetpack_likes_enabled":true,"jetpack-related-posts":[{"id":6869,"url":"http:\/\/astehshop.com\/index.php\/product\/gigaset-telefon-bezicni-lcd-display\/","url_meta":{"origin":11358,"position":0},"title":"Gigaset Telefon be\u017ei\u010dni, LCD display","date":"25. studenoga 2022.","format":false,"excerpt":"Gigaset A170, crni, be\u017ei\u010dni DECT analogni telefon , telefonski imenik za 50 imena i brojeva, prikaz broja pozivatelja, lista zadnjih 25 propu\u0161tenih poziva, 10 polifonih melodija, LCD 1.5\" display, pozadinsko osvjetljenje, prikaz vrijeme \/ datum, alarm... Baterije 2 x NiMh AAA baterije ( 400 mAh ), vrijeme rada do 18\u2026","rel":"","context":"Srodne objave","img":{"alt_text":"","src":"https:\/\/i0.wp.com\/astehshop.com\/wp-content\/uploads\/2022\/11\/4250366853987.png?fit=1200%2C1059&resize=350%2C200","width":350,"height":200},"classes":[]},{"id":12226,"url":"http:\/\/astehshop.com\/index.php\/product\/paradox-bezicni-pir-detektor-minijaturni-bijeli-pmd5m-bijeli-ili-crni\/","url_meta":{"origin":11358,"position":1},"title":"Paradox Be\u017ei\u010dni PIR detektor &#8211; minijaturni, bijeli PMD5M Bijeli ili Crni","date":"28. sije\u010dnja 2026.","format":false,"excerpt":"Be\u017ei\u010dni PIR detektor - minijaturni, bijeli Integrisan be\u017ei\u010dni primopredajnik na frekvenciji 868MHz, koristi auto learn funkciju \u0161to zna\u010di da se automatski registruje na centralu M serije, dualni PIR senzor, unutra\u0161nja monta\u017ea, domet 12m (110\u00b0), creep zona detekcije, tamper prekida\u010d, preko aplikacije BlueEye nadzor stanja baterije, temperature i RX\/TX signala, baterija\u2026","rel":"","context":"Srodne objave","img":{"alt_text":"","src":"https:\/\/i1.wp.com\/astehshop.com\/wp-content\/uploads\/2026\/01\/paradox-senzor.jpg?fit=1200%2C1200&resize=350%2C200","width":350,"height":200},"classes":[]},{"id":6092,"url":"http:\/\/astehshop.com\/index.php\/product\/rack-ormar-4u-crni-sa-bravicom\/","url_meta":{"origin":11358,"position":2},"title":"Rack ormar 4u crni sa bravicom","date":"27. velja\u010de 2022.","format":false,"excerpt":"4u rack ormar Crni The standard has a depth of 400 mm","rel":"","context":"Srodne objave","img":{"alt_text":"","src":"https:\/\/i1.wp.com\/astehshop.com\/wp-content\/uploads\/2022\/02\/rackormar1.jpg?fit=800%2C600&resize=350%2C200","width":350,"height":200},"classes":[]},{"id":4546,"url":"http:\/\/astehshop.com\/index.php\/product\/bezicni-daljinski-upravljac-crni-ajax-sc-bl\/","url_meta":{"origin":11358,"position":3},"title":"Be\u017ei\u010dni daljinski upravlja\u010d crni AJAX-SC-BL SpaceControl","date":"4. svibnja 2020.","format":false,"excerpt":"Model: AJAX SpaceControl BL Be\u017ei\u010dna Tehnologija, Dvosmjerna be\u017ei\u010dna komunikacija, Na\u010din prikaza LED, Napajanje Baterijsko, 1 x 3V tipCR-2032, Broj podr\u017eanih particija 1, Broj zasebnih alarmnih tipki 4, Dimenzije 65 x 37 x 10 mm, Te\u017eina 15g","rel":"","context":"Srodne objave","img":{"alt_text":"","src":"https:\/\/i0.wp.com\/astehshop.com\/wp-content\/uploads\/2020\/05\/AJAX-SC-BL-1.jpg?fit=1200%2C650&resize=350%2C200","width":350,"height":200},"classes":[]},{"id":5306,"url":"http:\/\/astehshop.com\/index.php\/product\/racksis-soho-4u-rack-ormar-crni-520x400x230mm\/","url_meta":{"origin":11358,"position":4},"title":"RACKSIS SOHO 4U rack ormar crni, 520x400x230mm","date":"10. listopada 2021.","format":false,"excerpt":"RACKSIS SOHO 4U rack ormar crni, 520x400x230mm Tip ormara: Soho\/zidni Dimenzije: 520x400x230mm Nosivost: 40 kg Boja: crna Vrata: staklena sa bravicom za zaklju\u010davanje \u00a0 - otvor za ventilatorsko polje - otvor za ulaz kablova na gornjoj i donjoj stranici, te na sredini stra\u017enje stranice - jednostavno pri\u010dvr\u0161\u0107ivanje na zid -\u2026","rel":"","context":"Srodne objave","img":{"alt_text":"","src":"https:\/\/i0.wp.com\/astehshop.com\/wp-content\/uploads\/2021\/10\/racksis-soho-4u-rack-ormar-crni-520x400x230mm.jpg?fit=1200%2C1053&resize=350%2C200","width":350,"height":200},"classes":[]},{"id":5309,"url":"http:\/\/astehshop.com\/index.php\/product\/racksis-soho-7u-rack-ormar-crni-520x400x360mm\/","url_meta":{"origin":11358,"position":5},"title":"RACKSIS SOHO 7U rack ormar crni, 520x400x360mm","date":"10. listopada 2021.","format":false,"excerpt":"RACKSIS SOHO 7U rack ormar crni, 520x400x360mm SH07U5240D Racksis SOHO 7U rack ormar crni, 520x400x360mm \u00a0 Tip ormara: Soho\/zidni Dimenzije: 520x400x360mm Nosivost: 40 kg Boja: crna Vrata: staklena sa bravicom za zaklju\u010davanje \u00a0 - otvor za ventilatorsko polje - otvor za ulaz kablova na gornjoj i donjoj stranici, te na\u2026","rel":"","context":"Srodne objave","img":{"alt_text":"","src":"https:\/\/i1.wp.com\/astehshop.com\/wp-content\/uploads\/2021\/10\/racksis-soho-7u-rack-ormar-crni-520x400x360mm.jpg?fit=750%2C672&resize=350%2C200","width":350,"height":200},"classes":[]}],"_links":{"self":[{"href":"http:\/\/astehshop.com\/index.php\/wp-json\/wp\/v2\/product\/11358"}],"collection":[{"href":"http:\/\/astehshop.com\/index.php\/wp-json\/wp\/v2\/product"}],"about":[{"href":"http:\/\/astehshop.com\/index.php\/wp-json\/wp\/v2\/types\/product"}],"replies":[{"embeddable":true,"href":"http:\/\/astehshop.com\/index.php\/wp-json\/wp\/v2\/comments?post=11358"}],"wp:featuredmedia":[{"embeddable":true,"href":"http:\/\/astehshop.com\/index.php\/wp-json\/wp\/v2\/media\/11359"}],"wp:attachment":[{"href":"http:\/\/astehshop.com\/index.php\/wp-json\/wp\/v2\/media?parent=11358"}],"wp:term":[{"taxonomy":"product_cat","embeddable":true,"href":"http:\/\/astehshop.com\/index.php\/wp-json\/wp\/v2\/product_cat?post=11358"},{"taxonomy":"product_tag","embeddable":true,"href":"http:\/\/astehshop.com\/index.php\/wp-json\/wp\/v2\/product_tag?post=11358"}],"curies":[{"name":"wp","href":"https:\/\/api.w.org\/{rel}","templated":true}]}}