{"id":11356,"date":"2025-07-23T15:54:04","date_gmt":"2025-07-23T13:54:04","guid":{"rendered":"http:\/\/astehshop.com\/?post_type=product&#038;p=11356"},"modified":"2025-07-23T15:54:05","modified_gmt":"2025-07-23T13:54:05","slug":"auto-drzac-ch04-za-kontrolnu-plocu","status":"publish","type":"product","link":"http:\/\/astehshop.com\/index.php\/product\/auto-drzac-ch04-za-kontrolnu-plocu\/","title":{"rendered":"AUTO DR\u017dA\u010c CH04 ZA KONTROLNU PLO\u010cU"},"content":{"rendered":"<p><u><\/u>Za sve dodatne informacije mozete nas kontaktirati na\u00a0<strong>OLX poruke, 065824333 ili Viber<\/strong><\/p>\n<p>&nbsp;<\/p>\n<p>NUDIMO KUPOVINU NOVE ROBE NA RATE:<\/p>\n<p>-DO 18 RATA PREKO MIKROFIN KREDITNA ORGANIZACIJA<\/p>\n<p>-DO 12 RATA PREKO \u0160OPING KARTICE UNICREDIT BANK<\/p>\n<p>&nbsp;<\/p>\n<p>Trgovinska Radnja TECHNO SHOP BN<\/p>\n<p>Nikole Tesle 31a, Bijeljina<\/p>\n<p>(izme\u0111u Moja Apoteka i picerije Park Ne\u0161kovi\u0107)<\/p>\n<p>055\/422-599;\u00a0<strong><u>065\/824-333<\/u><\/strong><\/p>\n<p>Radnim danima 09-19h<\/p>\n<p>Subotom 09-16h<\/p>\n<p>www.technoshopbn.com<\/p>\n<p><a href=\"https:\/\/olx.ba\/artikal\/51187537\/gaming-racunar-pc-i5-10400f-16gb-gtx-1660-ti\">info@technoshopbn.com<\/a><\/p>\n","protected":false},"excerpt":{"rendered":"<p>Za sve dodatne informacije mozete nas kontaktirati na\u00a0OLX poruke, 065824333 ili Viber &nbsp; NUDIMO KUPOVINU NOVE ROBE NA RATE: -DO 18 RATA PREKO MIKROFIN KREDITNA ORGANIZACIJA -DO 12 RATA PREKO &hellip;<\/p>\n","protected":false},"featured_media":11357,"comment_status":"open","ping_status":"closed","template":"","meta":{"_mi_skip_tracking":false,"_exactmetrics_sitenote_active":false,"_exactmetrics_sitenote_note":"","_exactmetrics_sitenote_category":0,"spay_email":""},"product_cat":[15],"product_tag":[],"brands":[],"df_price":"","df_sale_price":"","df_regular_price":"","df_image_link":"https:\/\/i2.wp.com\/astehshop.com\/wp-content\/uploads\/2025\/07\/0120880_auto-drzac-ch04-za-kontrolnu-plocu.png?fit=450%2C450","jetpack_publicize_connections":[],"jetpack_sharing_enabled":true,"jetpack_likes_enabled":true,"jetpack-related-posts":[{"id":10358,"url":"http:\/\/astehshop.com\/index.php\/product\/ea-sports-fc-25-ps4\/","url_meta":{"origin":11356,"position":0},"title":"EA SPORTS FC 25 PS4","date":"12. svibnja 2025.","format":false,"excerpt":"EA SPORTS FC 25 PS4 Za sve dodatne informacije mozete nas kontaktirati na OLX poruke, 065824333 ili Viber \u00a0 \u00a0NUDIMO KUPOVINU NOVE ROBE NA RATE: -DO 18 RATA PREKO MIKROFIN KREDITNA ORGANIZACIJA -DO 12 RATA PREKO \u0160OPING KARTICE UNICREDIT BANK","rel":"","context":"Srodne objave","img":{"alt_text":"","src":"https:\/\/i2.wp.com\/astehshop.com\/wp-content\/uploads\/2025\/05\/img-1747042493-c194c99acf2f.jpg?fit=900%2C900&resize=350%2C200","width":350,"height":200},"classes":[]},{"id":10360,"url":"http:\/\/astehshop.com\/index.php\/product\/ea-sports-fc-25-ps5\/","url_meta":{"origin":11356,"position":1},"title":"EA SPORTS FC 25 PS5","date":"12. svibnja 2025.","format":false,"excerpt":"EA SPORTS FC 25 PS5 Za sve dodatne informacije mozete nas kontaktirati na OLX poruke, 065824333 ili Viber \u00a0 \u00a0NUDIMO KUPOVINU NOVE ROBE NA RATE: -DO 18 RATA PREKO MIKROFIN KREDITNA ORGANIZACIJA -DO 12 RATA PREKO \u0160OPING KARTICE UNICREDIT BANK","rel":"","context":"Srodne objave","img":{"alt_text":"","src":"https:\/\/i2.wp.com\/astehshop.com\/wp-content\/uploads\/2025\/05\/img-1747042602-b9c9a9a1609a.jpg?fit=900%2C900&resize=350%2C200","width":350,"height":200},"classes":[]},{"id":11350,"url":"http:\/\/astehshop.com\/index.php\/product\/drzac-za-mob-tel-na-motoru-xlz-black\/","url_meta":{"origin":11356,"position":2},"title":"DRZAC ZA MOB.TEL NA MOTORU XL+Z BLACK","date":"23. srpnja 2025.","format":false,"excerpt":"\u00a0DRZAC ZA MOB.TEL NA MOTORU XL+Z BLACK Za sve dodatne informacije mozete nas kontaktirati na\u00a0OLX poruke, 065824333 ili Viber \u00a0 NUDIMO KUPOVINU NOVE ROBE NA RATE: -DO 18 RATA PREKO MIKROFIN KREDITNA ORGANIZACIJA -DO 12 RATA PREKO \u0160OPING KARTICE UNICREDIT BANK \u00a0 Trgovinska Radnja TECHNO SHOP BN Nikole Tesle 31a,\u2026","rel":"","context":"Srodne objave","img":{"alt_text":"","src":"https:\/\/i2.wp.com\/astehshop.com\/wp-content\/uploads\/2025\/07\/0118314_drzac-za-mobtel-na-motoru-xlz-black.jpeg?fit=900%2C900&resize=350%2C200","width":350,"height":200},"classes":[]},{"id":11354,"url":"http:\/\/astehshop.com\/index.php\/product\/drzac-za-tablet-tb01\/","url_meta":{"origin":11356,"position":3},"title":"DRZAC ZA TABLET TB01","date":"23. srpnja 2025.","format":false,"excerpt":"Za sve dodatne informacije mozete nas kontaktirati na\u00a0OLX poruke, 065824333 ili Viber \u00a0 NUDIMO KUPOVINU NOVE ROBE NA RATE: -DO 18 RATA PREKO MIKROFIN KREDITNA ORGANIZACIJA -DO 12 RATA PREKO \u0160OPING KARTICE UNICREDIT BANK \u00a0 Trgovinska Radnja TECHNO SHOP BN Nikole Tesle 31a, Bijeljina (izme\u0111u Moja Apoteka i picerije Park\u2026","rel":"","context":"Srodne objave","img":{"alt_text":"","src":"https:\/\/i0.wp.com\/astehshop.com\/wp-content\/uploads\/2025\/07\/0118387_drzac-za-tablet-tb01.jpeg?fit=900%2C900&resize=350%2C200","width":350,"height":200},"classes":[]},{"id":11022,"url":"http:\/\/astehshop.com\/index.php\/product\/pasta-za-cpu-hladnjak-cooler-master\/","url_meta":{"origin":11356,"position":4},"title":"Pasta za CPU hladnjak Cooler Master","date":"14. srpnja 2025.","format":false,"excerpt":"Za sve dodatne informacije mozete nas kontaktirati na\u00a0OLX poruke, 065824333 ili Viber \u00a0 NUDIMO KUPOVINU NOVE ROBE NA RATE: -DO 18 RATA PREKO MIKROFIN KREDITNA ORGANIZACIJA -DO 12 RATA PREKO \u0160OPING KARTICE UNICREDIT BANK \u00a0 Trgovinska Radnja TECHNO SHOP BN Nikole Tesle 31a, Bijeljina (izme\u0111u Moja Apoteka i picerije Park\u2026","rel":"","context":"Srodne objave","img":{"alt_text":"","src":"https:\/\/i1.wp.com\/astehshop.com\/wp-content\/uploads\/2025\/07\/0065735_pasta-za-cpu-hladnjak-cooler-master-htk.jpeg?fit=450%2C450&resize=350%2C200","width":350,"height":200},"classes":[]},{"id":11443,"url":"http:\/\/astehshop.com\/index.php\/product\/toner-c106a-star\/","url_meta":{"origin":11356,"position":5},"title":"TONER C106A STAR","date":"18. kolovoza 2025.","format":false,"excerpt":"za printer laserski","rel":"","context":"Srodne objave","img":{"alt_text":"","src":"https:\/\/i0.wp.com\/astehshop.com\/wp-content\/uploads\/2025\/08\/a165f2b9-bd75-4f05-bafb-72a9146c3f10.__CR00970600_PT0_SX970_V1___.jpg?fit=624%2C343&resize=350%2C200","width":350,"height":200},"classes":[]}],"_links":{"self":[{"href":"http:\/\/astehshop.com\/index.php\/wp-json\/wp\/v2\/product\/11356"}],"collection":[{"href":"http:\/\/astehshop.com\/index.php\/wp-json\/wp\/v2\/product"}],"about":[{"href":"http:\/\/astehshop.com\/index.php\/wp-json\/wp\/v2\/types\/product"}],"replies":[{"embeddable":true,"href":"http:\/\/astehshop.com\/index.php\/wp-json\/wp\/v2\/comments?post=11356"}],"wp:featuredmedia":[{"embeddable":true,"href":"http:\/\/astehshop.com\/index.php\/wp-json\/wp\/v2\/media\/11357"}],"wp:attachment":[{"href":"http:\/\/astehshop.com\/index.php\/wp-json\/wp\/v2\/media?parent=11356"}],"wp:term":[{"taxonomy":"product_cat","embeddable":true,"href":"http:\/\/astehshop.com\/index.php\/wp-json\/wp\/v2\/product_cat?post=11356"},{"taxonomy":"product_tag","embeddable":true,"href":"http:\/\/astehshop.com\/index.php\/wp-json\/wp\/v2\/product_tag?post=11356"}],"curies":[{"name":"wp","href":"https:\/\/api.w.org\/{rel}","templated":true}]}}