{"id":11350,"date":"2025-07-23T15:45:45","date_gmt":"2025-07-23T13:45:45","guid":{"rendered":"http:\/\/astehshop.com\/?post_type=product&#038;p=11350"},"modified":"2025-07-23T15:45:47","modified_gmt":"2025-07-23T13:45:47","slug":"drzac-za-mob-tel-na-motoru-xlz-black","status":"publish","type":"product","link":"http:\/\/astehshop.com\/index.php\/product\/drzac-za-mob-tel-na-motoru-xlz-black\/","title":{"rendered":"DRZAC ZA MOB.TEL NA MOTORU XL+Z BLACK"},"content":{"rendered":"<p><strong><u>\u00a0DRZAC ZA MOB.TEL NA MOTORU XL+Z BLACK<\/u><\/strong><\/p>\n<p><u><\/u>Za sve dodatne informacije mozete nas kontaktirati na\u00a0<strong>OLX poruke, 065824333 ili Viber<\/strong><\/p>\n<p>&nbsp;<\/p>\n<p>NUDIMO KUPOVINU NOVE ROBE NA RATE:<\/p>\n<p>-DO 18 RATA PREKO MIKROFIN KREDITNA ORGANIZACIJA<\/p>\n<p>-DO 12 RATA PREKO \u0160OPING KARTICE UNICREDIT BANK<\/p>\n<p>&nbsp;<\/p>\n<p>Trgovinska Radnja TECHNO SHOP BN<\/p>\n<p>Nikole Tesle 31a, Bijeljina<\/p>\n<p>(izme\u0111u Moja Apoteka i picerije Park Ne\u0161kovi\u0107)<\/p>\n<p>055\/422-599;\u00a0<strong><u>065\/824-333<\/u><\/strong><\/p>\n<p>Radnim danima 09-19h<\/p>\n<p>Subotom 09-16h<\/p>\n<p>www.technoshopbn.com<\/p>\n<p><a href=\"https:\/\/olx.ba\/artikal\/51187537\/gaming-racunar-pc-i5-10400f-16gb-gtx-1660-ti\">info@technoshopbn.com<\/a><\/p>\n","protected":false},"excerpt":{"rendered":"<p>\u00a0DRZAC ZA MOB.TEL NA MOTORU XL+Z BLACK Za sve dodatne informacije mozete nas kontaktirati na\u00a0OLX poruke, 065824333 ili Viber &nbsp; NUDIMO KUPOVINU NOVE ROBE NA RATE: -DO 18 RATA PREKO &hellip;<\/p>\n","protected":false},"featured_media":11351,"comment_status":"open","ping_status":"closed","template":"","meta":{"_mi_skip_tracking":false,"_exactmetrics_sitenote_active":false,"_exactmetrics_sitenote_note":"","_exactmetrics_sitenote_category":0,"spay_email":""},"product_cat":[1109],"product_tag":[],"brands":[],"df_price":19.9,"df_sale_price":"","df_regular_price":19.9,"df_image_link":"https:\/\/i2.wp.com\/astehshop.com\/wp-content\/uploads\/2025\/07\/0118314_drzac-za-mobtel-na-motoru-xlz-black.jpeg?fit=450%2C450","jetpack_publicize_connections":[],"jetpack_sharing_enabled":true,"jetpack_likes_enabled":true,"jetpack-related-posts":[{"id":11354,"url":"http:\/\/astehshop.com\/index.php\/product\/drzac-za-tablet-tb01\/","url_meta":{"origin":11350,"position":0},"title":"DRZAC ZA TABLET TB01","date":"23. srpnja 2025.","format":false,"excerpt":"Za sve dodatne informacije mozete nas kontaktirati na\u00a0OLX poruke, 065824333 ili Viber \u00a0 NUDIMO KUPOVINU NOVE ROBE NA RATE: -DO 18 RATA PREKO MIKROFIN KREDITNA ORGANIZACIJA -DO 12 RATA PREKO \u0160OPING KARTICE UNICREDIT BANK \u00a0 Trgovinska Radnja TECHNO SHOP BN Nikole Tesle 31a, Bijeljina (izme\u0111u Moja Apoteka i picerije Park\u2026","rel":"","context":"Srodne objave","img":{"alt_text":"","src":"https:\/\/i0.wp.com\/astehshop.com\/wp-content\/uploads\/2025\/07\/0118387_drzac-za-tablet-tb01.jpeg?fit=900%2C900&resize=350%2C200","width":350,"height":200},"classes":[]},{"id":11356,"url":"http:\/\/astehshop.com\/index.php\/product\/auto-drzac-ch04-za-kontrolnu-plocu\/","url_meta":{"origin":11350,"position":1},"title":"AUTO DR\u017dA\u010c CH04 ZA KONTROLNU PLO\u010cU","date":"23. srpnja 2025.","format":false,"excerpt":"Za sve dodatne informacije mozete nas kontaktirati na\u00a0OLX poruke, 065824333 ili Viber \u00a0 NUDIMO KUPOVINU NOVE ROBE NA RATE: -DO 18 RATA PREKO MIKROFIN KREDITNA ORGANIZACIJA -DO 12 RATA PREKO \u0160OPING KARTICE UNICREDIT BANK \u00a0 Trgovinska Radnja TECHNO SHOP BN Nikole Tesle 31a, Bijeljina (izme\u0111u Moja Apoteka i picerije Park\u2026","rel":"","context":"Srodne objave","img":{"alt_text":"","src":"https:\/\/i2.wp.com\/astehshop.com\/wp-content\/uploads\/2025\/07\/0120880_auto-drzac-ch04-za-kontrolnu-plocu.png?fit=512%2C512&resize=350%2C200","width":350,"height":200},"classes":[]},{"id":11348,"url":"http:\/\/astehshop.com\/index.php\/product\/univerzalni-nosac-drzac-za-biciklo-esperanza-sand-l\/","url_meta":{"origin":11350,"position":2},"title":"Univerzalni nosa\u010d dr\u017ea\u010d za biciklo ESPERANZA SAND L","date":"23. srpnja 2025.","format":false,"excerpt":"Kompatibilan s ve\u0107inom biciklisti\u010dkih upravlja\u010da Rotacija: 360\u00b0 - fleksibilno pode\u0161avanje polo\u017eaja i ugla Unutarnje dimenzije: 147 \u00d7 75 mm Odgovara telefonima sli\u010dnih dimenzija: iPhone 6, Samsung Galaxy S serije, HTC One, Sony Xperia Z serije, Nokia Lumia 540, LG G serije Idealno za navigaciju, pra\u0107enje treninga ili muziku tokom vo\u017enje","rel":"","context":"Srodne objave","img":{"alt_text":"","src":"https:\/\/i2.wp.com\/astehshop.com\/wp-content\/uploads\/2025\/07\/0086227_univerzalni-nosac-drzac-za-biciklo-esperanza-sand-l-za-mobitel-vodootporan-emh115.jpeg?fit=450%2C450&resize=350%2C200","width":350,"height":200},"classes":[]},{"id":10358,"url":"http:\/\/astehshop.com\/index.php\/product\/ea-sports-fc-25-ps4\/","url_meta":{"origin":11350,"position":3},"title":"EA SPORTS FC 25 PS4","date":"12. svibnja 2025.","format":false,"excerpt":"EA SPORTS FC 25 PS4 Za sve dodatne informacije mozete nas kontaktirati na OLX poruke, 065824333 ili Viber \u00a0 \u00a0NUDIMO KUPOVINU NOVE ROBE NA RATE: -DO 18 RATA PREKO MIKROFIN KREDITNA ORGANIZACIJA -DO 12 RATA PREKO \u0160OPING KARTICE UNICREDIT BANK","rel":"","context":"Srodne objave","img":{"alt_text":"","src":"https:\/\/i2.wp.com\/astehshop.com\/wp-content\/uploads\/2025\/05\/img-1747042493-c194c99acf2f.jpg?fit=900%2C900&resize=350%2C200","width":350,"height":200},"classes":[]},{"id":5846,"url":"http:\/\/astehshop.com\/index.php\/product\/drzac-za-mobitel-za-bicikl-ads-120-crni\/","url_meta":{"origin":11350,"position":4},"title":"Dr\u017ea\u010d za mobitel za bicikl ADS-120 Crni","date":"23. sije\u010dnja 2022.","format":false,"excerpt":"Univerzalni dr\u017ea\u010d za mobitel za bicikl i motocikl Proizvo\u0111a\u010d: Addison Model: ADS-120 Boja: Crna Odgovara za sve vrste mobitela","rel":"","context":"Srodne objave","img":{"alt_text":"","src":"https:\/\/i0.wp.com\/astehshop.com\/wp-content\/uploads\/2022\/01\/rzac-za-mobitel-za-bicikl-ADS-120-Crni.jpg?fit=700%2C500&resize=350%2C200","width":350,"height":200},"classes":[]},{"id":10360,"url":"http:\/\/astehshop.com\/index.php\/product\/ea-sports-fc-25-ps5\/","url_meta":{"origin":11350,"position":5},"title":"EA SPORTS FC 25 PS5","date":"12. svibnja 2025.","format":false,"excerpt":"EA SPORTS FC 25 PS5 Za sve dodatne informacije mozete nas kontaktirati na OLX poruke, 065824333 ili Viber \u00a0 \u00a0NUDIMO KUPOVINU NOVE ROBE NA RATE: -DO 18 RATA PREKO MIKROFIN KREDITNA ORGANIZACIJA -DO 12 RATA PREKO \u0160OPING KARTICE UNICREDIT BANK","rel":"","context":"Srodne objave","img":{"alt_text":"","src":"https:\/\/i2.wp.com\/astehshop.com\/wp-content\/uploads\/2025\/05\/img-1747042602-b9c9a9a1609a.jpg?fit=900%2C900&resize=350%2C200","width":350,"height":200},"classes":[]}],"_links":{"self":[{"href":"http:\/\/astehshop.com\/index.php\/wp-json\/wp\/v2\/product\/11350"}],"collection":[{"href":"http:\/\/astehshop.com\/index.php\/wp-json\/wp\/v2\/product"}],"about":[{"href":"http:\/\/astehshop.com\/index.php\/wp-json\/wp\/v2\/types\/product"}],"replies":[{"embeddable":true,"href":"http:\/\/astehshop.com\/index.php\/wp-json\/wp\/v2\/comments?post=11350"}],"wp:featuredmedia":[{"embeddable":true,"href":"http:\/\/astehshop.com\/index.php\/wp-json\/wp\/v2\/media\/11351"}],"wp:attachment":[{"href":"http:\/\/astehshop.com\/index.php\/wp-json\/wp\/v2\/media?parent=11350"}],"wp:term":[{"taxonomy":"product_cat","embeddable":true,"href":"http:\/\/astehshop.com\/index.php\/wp-json\/wp\/v2\/product_cat?post=11350"},{"taxonomy":"product_tag","embeddable":true,"href":"http:\/\/astehshop.com\/index.php\/wp-json\/wp\/v2\/product_tag?post=11350"}],"curies":[{"name":"wp","href":"https:\/\/api.w.org\/{rel}","templated":true}]}}