{"id":11348,"date":"2025-07-23T15:41:34","date_gmt":"2025-07-23T13:41:34","guid":{"rendered":"http:\/\/astehshop.com\/?post_type=product&#038;p=11348"},"modified":"2025-07-23T15:41:35","modified_gmt":"2025-07-23T13:41:35","slug":"univerzalni-nosac-drzac-za-biciklo-esperanza-sand-l","status":"publish","type":"product","link":"http:\/\/astehshop.com\/index.php\/product\/univerzalni-nosac-drzac-za-biciklo-esperanza-sand-l\/","title":{"rendered":"Univerzalni nosa\u010d dr\u017ea\u010d za biciklo ESPERANZA SAND L"},"content":{"rendered":"<ul>\n<li>Kompatibilan s ve\u0107inom biciklisti\u010dkih upravlja\u010da<\/li>\n<li>Rotacija: 360\u00b0 &#8211; fleksibilno pode\u0161avanje polo\u017eaja i ugla<\/li>\n<li>Unutarnje dimenzije: 147 \u00d7 75 mm<\/li>\n<li>Odgovara telefonima sli\u010dnih dimenzija: iPhone 6, Samsung Galaxy S serije, HTC One, Sony Xperia Z serije, Nokia Lumia 540, LG G serije<\/li>\n<li>Idealno za navigaciju, pra\u0107enje treninga ili muziku tokom vo\u017enje<\/li>\n<\/ul>\n<p><u><\/u>Za sve dodatne informacije mozete nas kontaktirati na\u00a0<strong>OLX poruke, 065824333 ili Viber<\/strong><\/p>\n<p>&nbsp;<\/p>\n<p>NUDIMO KUPOVINU NOVE ROBE NA RATE:<\/p>\n<p>-DO 18 RATA PREKO MIKROFIN KREDITNA ORGANIZACIJA<\/p>\n<p>-DO 12 RATA PREKO \u0160OPING KARTICE UNICREDIT BANK<\/p>\n<p>&nbsp;<\/p>\n<p>Trgovinska Radnja TECHNO SHOP BN<\/p>\n<p>Nikole Tesle 31a, Bijeljina<\/p>\n<p>(izme\u0111u Moja Apoteka i picerije Park Ne\u0161kovi\u0107)<\/p>\n<p>055\/422-599;\u00a0<strong><u>065\/824-333<\/u><\/strong><\/p>\n<p>Radnim danima 09-19h<\/p>\n<p>Subotom 09-16h<\/p>\n<p>www.technoshopbn.com<\/p>\n<p><a href=\"https:\/\/olx.ba\/artikal\/51187537\/gaming-racunar-pc-i5-10400f-16gb-gtx-1660-ti\">info@technoshopbn.com<\/a><\/p>\n","protected":false},"excerpt":{"rendered":"<ul>\n<li>Kompatibilan s ve\u0107inom biciklisti\u010dkih upravlja\u010da<\/li>\n<li>Rotacija: 360\u00b0 &#8211; fleksibilno pode\u0161avanje polo\u017eaja i ugla<\/li>\n<li>Unutarnje dimenzije: 147 \u00d7 75 mm<\/li>\n<li>Odgovara telefonima sli\u010dnih dimenzija: iPhone 6, Samsung Galaxy S serije, HTC One, Sony Xperia Z serije, Nokia Lumia 540, LG G serije<\/li>\n<li>Idealno za navigaciju, pra\u0107enje treninga ili muziku tokom vo\u017enje<\/li>\n<\/ul>\n","protected":false},"featured_media":11349,"comment_status":"open","ping_status":"closed","template":"","meta":{"_mi_skip_tracking":false,"_exactmetrics_sitenote_active":false,"_exactmetrics_sitenote_note":"","_exactmetrics_sitenote_category":0,"spay_email":""},"product_cat":[1109],"product_tag":[],"brands":[],"df_price":19,"df_sale_price":"","df_regular_price":19,"df_image_link":"https:\/\/i2.wp.com\/astehshop.com\/wp-content\/uploads\/2025\/07\/0086227_univerzalni-nosac-drzac-za-biciklo-esperanza-sand-l-za-mobitel-vodootporan-emh115.jpeg?fit=450%2C450","jetpack_publicize_connections":[],"jetpack_sharing_enabled":true,"jetpack_likes_enabled":true,"jetpack-related-posts":[{"id":11641,"url":"http:\/\/astehshop.com\/index.php\/product\/platno-za-projektor-200-x-200-cm-sa-stalkom\/","url_meta":{"origin":11348,"position":0},"title":"PLATNO ZA PROJEKTOR 200 X 200 CM SA STALKOM","date":"21. kolovoza 2025.","format":false,"excerpt":"Bijela neprozirna povr\u0161ina sa crnim ivicama -> odli\u010dan kontrast Stabilan metalni stativ, rotacija 360\u00b0, podesiva visina Format slike 1:1, ugao gledanja 160\u00b0 Brzo sklapanje i lako prenosivo Idealno za prezentacije, edukaciju i ku\u0107nu upotrebu","rel":"","context":"Srodne objave","img":{"alt_text":"","src":"https:\/\/i0.wp.com\/astehshop.com\/wp-content\/uploads\/2025\/08\/17997_168625099721dhpmoyg5.png?fit=1200%2C1200&resize=350%2C200","width":350,"height":200},"classes":[]},{"id":11110,"url":"http:\/\/astehshop.com\/index.php\/product\/game-pad-gembird-jpd-ub-01-za-pc-usb\/","url_meta":{"origin":11348,"position":1},"title":"Game Pad GEMBIRD JPD-UB-01, za PC, USB","date":"16. srpnja 2025.","format":false,"excerpt":"USB 2.0 gamepad namenjen za PC poseduje 4-smerni D-pad i 10 funkcijskih tastera, pru\u017ea preciznu kontrolu i kompatibilan je sa svim igrama koje podr\u017eavaju unos preko gamepada \u2014 jednostavan za kori\u0161\u0107enje i spreman za igru odmah po priklju\u010denju.","rel":"","context":"Srodne objave","img":{"alt_text":"","src":"https:\/\/i0.wp.com\/astehshop.com\/wp-content\/uploads\/2025\/07\/0084204_game-pad-gembird-jpd-ub-01-za-pc-usb.jpeg?fit=450%2C450&resize=350%2C200","width":350,"height":200},"classes":[]},{"id":10358,"url":"http:\/\/astehshop.com\/index.php\/product\/ea-sports-fc-25-ps4\/","url_meta":{"origin":11348,"position":2},"title":"EA SPORTS FC 25 PS4","date":"12. svibnja 2025.","format":false,"excerpt":"EA SPORTS FC 25 PS4 Za sve dodatne informacije mozete nas kontaktirati na OLX poruke, 065824333 ili Viber \u00a0 \u00a0NUDIMO KUPOVINU NOVE ROBE NA RATE: -DO 18 RATA PREKO MIKROFIN KREDITNA ORGANIZACIJA -DO 12 RATA PREKO \u0160OPING KARTICE UNICREDIT BANK","rel":"","context":"Srodne objave","img":{"alt_text":"","src":"https:\/\/i2.wp.com\/astehshop.com\/wp-content\/uploads\/2025\/05\/img-1747042493-c194c99acf2f.jpg?fit=900%2C900&resize=350%2C200","width":350,"height":200},"classes":[]},{"id":8887,"url":"http:\/\/astehshop.com\/index.php\/product\/paradox-rtx3-prosirenje\/","url_meta":{"origin":11348,"position":3},"title":"Paradox RTX3 pro\u0161irenje","date":"14. sije\u010dnja 2024.","format":false,"excerpt":"Be\u017ei\u010dni modul za pro\u0161irenje, 8 zona, 3 PGM, ispunjava EN 50131 Security Grade 2 standard Dvosmerna komunikacija, ugra\u0111en primopredajnik, podr\u017eava 8\/32 be\u017ei\u010dne zone i 8\/32\/999 daljinskih upravlja\u010da, primjenljiv za centrale serije Esprit, Spectra SP i Digiplex \/ EVO, ispunjava EN 50131 Security Grade 2 standard","rel":"","context":"Srodne objave","img":{"alt_text":"","src":"https:\/\/i1.wp.com\/astehshop.com\/wp-content\/uploads\/2024\/01\/paradox-rtx3_0.jpg?fit=1200%2C675&resize=350%2C200","width":350,"height":200},"classes":[]},{"id":10360,"url":"http:\/\/astehshop.com\/index.php\/product\/ea-sports-fc-25-ps5\/","url_meta":{"origin":11348,"position":4},"title":"EA SPORTS FC 25 PS5","date":"12. svibnja 2025.","format":false,"excerpt":"EA SPORTS FC 25 PS5 Za sve dodatne informacije mozete nas kontaktirati na OLX poruke, 065824333 ili Viber \u00a0 \u00a0NUDIMO KUPOVINU NOVE ROBE NA RATE: -DO 18 RATA PREKO MIKROFIN KREDITNA ORGANIZACIJA -DO 12 RATA PREKO \u0160OPING KARTICE UNICREDIT BANK","rel":"","context":"Srodne objave","img":{"alt_text":"","src":"https:\/\/i2.wp.com\/astehshop.com\/wp-content\/uploads\/2025\/05\/img-1747042602-b9c9a9a1609a.jpg?fit=900%2C900&resize=350%2C200","width":350,"height":200},"classes":[]},{"id":12226,"url":"http:\/\/astehshop.com\/index.php\/product\/paradox-bezicni-pir-detektor-minijaturni-bijeli-pmd5m-bijeli-ili-crni\/","url_meta":{"origin":11348,"position":5},"title":"Paradox Be\u017ei\u010dni PIR detektor &#8211; minijaturni, bijeli PMD5M Bijeli ili Crni","date":"28. sije\u010dnja 2026.","format":false,"excerpt":"Be\u017ei\u010dni PIR detektor - minijaturni, bijeli Integrisan be\u017ei\u010dni primopredajnik na frekvenciji 868MHz, koristi auto learn funkciju \u0161to zna\u010di da se automatski registruje na centralu M serije, dualni PIR senzor, unutra\u0161nja monta\u017ea, domet 12m (110\u00b0), creep zona detekcije, tamper prekida\u010d, preko aplikacije BlueEye nadzor stanja baterije, temperature i RX\/TX signala, baterija\u2026","rel":"","context":"Srodne objave","img":{"alt_text":"","src":"https:\/\/i1.wp.com\/astehshop.com\/wp-content\/uploads\/2026\/01\/paradox-senzor.jpg?fit=1200%2C1200&resize=350%2C200","width":350,"height":200},"classes":[]}],"_links":{"self":[{"href":"http:\/\/astehshop.com\/index.php\/wp-json\/wp\/v2\/product\/11348"}],"collection":[{"href":"http:\/\/astehshop.com\/index.php\/wp-json\/wp\/v2\/product"}],"about":[{"href":"http:\/\/astehshop.com\/index.php\/wp-json\/wp\/v2\/types\/product"}],"replies":[{"embeddable":true,"href":"http:\/\/astehshop.com\/index.php\/wp-json\/wp\/v2\/comments?post=11348"}],"wp:featuredmedia":[{"embeddable":true,"href":"http:\/\/astehshop.com\/index.php\/wp-json\/wp\/v2\/media\/11349"}],"wp:attachment":[{"href":"http:\/\/astehshop.com\/index.php\/wp-json\/wp\/v2\/media?parent=11348"}],"wp:term":[{"taxonomy":"product_cat","embeddable":true,"href":"http:\/\/astehshop.com\/index.php\/wp-json\/wp\/v2\/product_cat?post=11348"},{"taxonomy":"product_tag","embeddable":true,"href":"http:\/\/astehshop.com\/index.php\/wp-json\/wp\/v2\/product_tag?post=11348"}],"curies":[{"name":"wp","href":"https:\/\/api.w.org\/{rel}","templated":true}]}}