{"id":11343,"date":"2025-07-23T15:31:43","date_gmt":"2025-07-23T13:31:43","guid":{"rendered":"http:\/\/astehshop.com\/?post_type=product&#038;p=11343"},"modified":"2025-08-29T03:41:34","modified_gmt":"2025-08-29T01:41:34","slug":"gaming-monitor-zakrivljen-32-samsung-odyssey-g6-qhd-240hz","status":"publish","type":"product","link":"http:\/\/astehshop.com\/index.php\/product\/gaming-monitor-zakrivljen-32-samsung-odyssey-g6-qhd-240hz\/","title":{"rendered":"GAMING MONITOR ZAKRIVLJEN 32&#8243; SAMSUNG Odyssey G6 QHD 240Hz"},"content":{"rendered":"<ul>\n<li><strong>Ekran:<\/strong>\u00a032&#8243;, VA panel<\/li>\n<li><strong>Rezolucija:<\/strong>\u00a02560 \u00d7 1440 (QHD)<\/li>\n<li><strong>Osvjetljenje:<\/strong>\u00a0350 cd\/m\u00b2<\/li>\n<li><strong>Vrijeme odziva:<\/strong>\u00a01 ms<\/li>\n<li><strong>Osvje\u017eenje:<\/strong>\u00a0240 Hz<\/li>\n<li><strong>Tehnologije prikaza:<\/strong>\u00a0AMD FreeSync Premium Pro, NVIDIA G-SYNC<\/li>\n<li><strong>Be\u017ei\u010dne funkcije:<\/strong>\u00a0Wireless LAN (WiFi 5), Bluetooth (BT 5.2)<\/li>\n<li><strong>Priklju\u010dci:<\/strong>\u00a02 \u00d7 HDMI 2.1, 1 \u00d7 DisplayPort, 2 \u00d7 USB 3.0<\/li>\n<li><strong>Zvu\u010dnici:<\/strong>\u00a0Ugra\u0111eni sa Adaptive Sound tehnologijom<\/li>\n<\/ul>\n<p><u><\/u>Za sve dodatne informacije mozete nas kontaktirati na\u00a0<strong>OLX poruke, 065824333 ili Viber<\/strong><\/p>\n<p>&nbsp;<\/p>\n<p>NUDIMO KUPOVINU NOVE ROBE NA RATE:<\/p>\n<p>-DO 18 RATA PREKO MIKROFIN KREDITNA ORGANIZACIJA<\/p>\n<p>-DO 12 RATA PREKO \u0160OPING KARTICE UNICREDIT BANK<\/p>\n<p>&nbsp;<\/p>\n<p>Trgovinska Radnja TECHNO SHOP BN<\/p>\n<p>Nikole Tesle 31a, Bijeljina<\/p>\n<p>(izme\u0111u Moja Apoteka i picerije Park Ne\u0161kovi\u0107)<\/p>\n<p>055\/422-599;\u00a0<strong><u>065\/824-333<\/u><\/strong><\/p>\n<p>Radnim danima 09-19h<\/p>\n<p>Subotom 09-16h<\/p>\n<p>www.technoshopbn.com<\/p>\n<p><a href=\"https:\/\/olx.ba\/artikal\/51187537\/gaming-racunar-pc-i5-10400f-16gb-gtx-1660-ti\">info@technoshopbn.com<\/a><\/p>\n","protected":false},"excerpt":{"rendered":"<ul>\n<li><strong>Ekran:<\/strong>\u00a032&#8243;, VA panel<\/li>\n<li><strong>Rezolucija:<\/strong>\u00a02560 \u00d7 1440 (QHD)<\/li>\n<li><strong>Osvjetljenje:<\/strong>\u00a0350 cd\/m\u00b2<\/li>\n<li><strong>Vrijeme odziva:<\/strong>\u00a01 ms<\/li>\n<li><strong>Osvje\u017eenje:<\/strong>\u00a0240 Hz<\/li>\n<li><strong>Tehnologije prikaza:<\/strong>\u00a0AMD FreeSync Premium Pro, NVIDIA G-SYNC<\/li>\n<li><strong>Be\u017ei\u010dne funkcije:<\/strong>\u00a0Wireless LAN (WiFi 5), Bluetooth (BT 5.2)<\/li>\n<li><strong>Priklju\u010dci:<\/strong>\u00a02 \u00d7 HDMI 2.1, 1 \u00d7 DisplayPort, 2 \u00d7 USB 3.0<\/li>\n<li><strong>Zvu\u010dnici:<\/strong>\u00a0Ugra\u0111eni sa Adaptive Sound tehnologijom<\/li>\n<\/ul>\n","protected":false},"featured_media":11344,"comment_status":"open","ping_status":"closed","template":"","meta":{"_mi_skip_tracking":false,"_exactmetrics_sitenote_active":false,"_exactmetrics_sitenote_note":"","_exactmetrics_sitenote_category":0,"spay_email":""},"product_cat":[1089],"product_tag":[],"brands":[{"id":5146,"name":"DELL","slug":"dell"}],"df_price":1029,"df_sale_price":"","df_regular_price":1029,"df_image_link":"https:\/\/i2.wp.com\/astehshop.com\/wp-content\/uploads\/2025\/07\/35356-32-SAMSUNG-Odyssey-LS32BG650EUXEN-G65B-QHD-240Hz-Gaming-Curved-Display-2.webp?fit=450%2C450","jetpack_publicize_connections":[],"jetpack_sharing_enabled":true,"jetpack_likes_enabled":true,"jetpack-related-posts":[{"id":11268,"url":"http:\/\/astehshop.com\/index.php\/product\/gaming-monitor-27-aoc-q27g4x-qhd-180hz\/","url_meta":{"origin":11343,"position":0},"title":"GAMING MONITOR 27&#8243; AOC Q27G4X QHD 180Hz","date":"21. srpnja 2025.","format":false,"excerpt":"Veli\u010dina ekrana:\u00a027\" Tip panela:\u00a0IPS Rezolucija:\u00a02560\u00d71440 (QHD) Osvjetljenje:\u00a0400 cd\/m\u00b2 Vrijeme odziva:\u00a01 ms Brzina osvje\u017eenja:\u00a0180 Hz Tehnologija:\u00a0Adaptive Sync Priklju\u010dci:\u00a02\u00d7HDMI 2.0, DisplayPort 1.4","rel":"","context":"Srodne objave","img":{"alt_text":"","src":"https:\/\/i2.wp.com\/astehshop.com\/wp-content\/uploads\/2025\/07\/36298-27-AOC-Q27G4X-QHD-180Hz-Gaming-Display-2.webp?fit=450%2C450&resize=350%2C200","width":350,"height":200},"classes":[]},{"id":11280,"url":"http:\/\/astehshop.com\/index.php\/product\/gaming-monitor-zakrivljen-32-samsung-odyssey-165hz\/","url_meta":{"origin":11343,"position":1},"title":"GAMING MONITOR ZAKRIVLJEN 32&#8243; SAMSUNG Odyssey 165Hz","date":"21. srpnja 2025.","format":false,"excerpt":"Veli\u010dina ekrana:\u00a032\" Tip panela:\u00a0VA Rezolucija:\u00a02560\u00d71440 (QHD) Osvjetljenje:\u00a0300 cd\/m\u00b2 Vrijeme odziva:\u00a01 ms Brzina osvje\u017eenja:\u00a0165 Hz Tehnologija:\u00a0AMD FreeSync Premium Pro Priklju\u010dci:\u00a0HDMI, DisplayPort","rel":"","context":"Srodne objave","img":{"alt_text":"","src":"https:\/\/i1.wp.com\/astehshop.com\/wp-content\/uploads\/2025\/07\/38021-27-SAMSUNG-Odyssey-LS27CG554EUXEN-G55C-165Hz-Gaming-Curved-Display-4.webp?fit=450%2C450&resize=350%2C200","width":350,"height":200},"classes":[]},{"id":11281,"url":"http:\/\/astehshop.com\/index.php\/product\/32-samsung-g5-g51c-odyssey-qhd-165hz\/","url_meta":{"origin":11343,"position":2},"title":"32&#8243; SAMSUNG G5 G51C Odyssey QHD 165Hz","date":"21. srpnja 2025.","format":false,"excerpt":"Veli\u010dina ekrana:\u00a032\" Tip panela:\u00a0VA Rezolucija:\u00a02560\u00d71440 piksela (QHD) Osvjetljenje:\u00a0240 cd\/m\u00b2 Kontrast:\u00a03000:1 Brzina osvje\u017eenja:\u00a0165 Hz Vrijeme odziva:\u00a01 ms Tehnologija:\u00a0AMD FreeSync Premium Priklju\u010dci:\u00a0DisplayPort, 2\u00d7HDMI 1.4, 1\u00d7DisplayPort 1.4, 1\u00d7Audio izlaz (Headphone jack) Garancija: 1 godina","rel":"","context":"Srodne objave","img":{"alt_text":"","src":"https:\/\/i2.wp.com\/astehshop.com\/wp-content\/uploads\/2025\/07\/37455-32-SAMSUNG-G5-G51C-Odyssey-QHD-165Hz-Gaming-Display-LS32CG510EUXEN-3.webp?fit=450%2C450&resize=350%2C200","width":350,"height":200},"classes":[]},{"id":11293,"url":"http:\/\/astehshop.com\/index.php\/product\/monitor-27-dell-p2723d-qhd-ips\/","url_meta":{"origin":11343,"position":3},"title":"MONITOR 27&#8243; DELL P2723D QHD IPS","date":"22. srpnja 2025.","format":false,"excerpt":"Ekran:\u00a027\", IPS panel, Antiglare Rezolucija:\u00a02560 \u00d7 1440 Osvetljenje:\u00a0350 cd\/m\u00b2 Vreme odziva:\u00a05 ms Osve\u017eavanje:\u00a060 Hz Priklju\u010dci:\u00a0HDMI, DisplayPort, 4 \u00d7 USB 3.2","rel":"","context":"Srodne objave","img":{"alt_text":"","src":"https:\/\/i1.wp.com\/astehshop.com\/wp-content\/uploads\/2025\/07\/31463-27-DELL-Professional-P2723D-QHD-IPS-Display-8.webp?fit=450%2C450&resize=350%2C200","width":350,"height":200},"classes":[]},{"id":11251,"url":"http:\/\/astehshop.com\/index.php\/product\/gaming-monitor-zakrivljen-27-aoc-cq27g4x-qhd-180hz\/","url_meta":{"origin":11343,"position":4},"title":"GAMING MONITOR ZAKRIVLJEN 27&#8243; AOC CQ27G4X QHD 180Hz","date":"21. srpnja 2025.","format":false,"excerpt":"Veli\u010dina ekrana:\u00a027\" Tip panela:\u00a0VA Rezolucija:\u00a02560\u00d71440 (QHD) Osvjetljenje:\u00a0300 cd\/m\u00b2 Vrijeme odziva:\u00a01 ms Brzina osvje\u017eenja:\u00a0180 Hz Tehnologija:\u00a0Adaptive Sync Priklju\u010dci:\u00a02\u00d7HDMI 2.0, DisplayPort 1.4","rel":"","context":"Srodne objave","img":{"alt_text":"","src":"https:\/\/i2.wp.com\/astehshop.com\/wp-content\/uploads\/2025\/07\/37992-27-AOC-CQ27G4X-QHD-Curved-180Hz-Gaming-Display-1.webp?fit=450%2C450&resize=350%2C200","width":350,"height":200},"classes":[]},{"id":11341,"url":"http:\/\/astehshop.com\/index.php\/product\/gaming-monitor-zakrivljen-32-dell-alienware-aw3425dwm-56-180hz\/","url_meta":{"origin":11343,"position":5},"title":"GAMING MONITOR ZAKRIVLJEN 32&#8243; DELL ALIENWARE AW3425DWM-56 180Hz","date":"23. srpnja 2025.","format":false,"excerpt":"Ekran:\u00a034\", VA panel Rezolucija:\u00a03440 \u00d7 1440 (UltraWide QHD) Osvjetljenje:\u00a0400 cd\/m\u00b2 Vrijeme odziva:\u00a04 ms Osvje\u017eenje:\u00a0180 Hz Tehnologija:\u00a0AMD FreeSync Priklju\u010dci:\u00a02 \u00d7 HDMI 2.1, 1 \u00d7 DisplayPort 1.4, 2 \u00d7 USB Type-A, 1 \u00d7 USB-B","rel":"","context":"Srodne objave","img":{"alt_text":"","src":"https:\/\/i1.wp.com\/astehshop.com\/wp-content\/uploads\/2025\/07\/39132-32-DELL-ALIENWARE-AW3425DWM-56-180Hz-Curved-Gaming-Display-1.webp?fit=450%2C450&resize=350%2C200","width":350,"height":200},"classes":[]}],"_links":{"self":[{"href":"http:\/\/astehshop.com\/index.php\/wp-json\/wp\/v2\/product\/11343"}],"collection":[{"href":"http:\/\/astehshop.com\/index.php\/wp-json\/wp\/v2\/product"}],"about":[{"href":"http:\/\/astehshop.com\/index.php\/wp-json\/wp\/v2\/types\/product"}],"replies":[{"embeddable":true,"href":"http:\/\/astehshop.com\/index.php\/wp-json\/wp\/v2\/comments?post=11343"}],"wp:featuredmedia":[{"embeddable":true,"href":"http:\/\/astehshop.com\/index.php\/wp-json\/wp\/v2\/media\/11344"}],"wp:attachment":[{"href":"http:\/\/astehshop.com\/index.php\/wp-json\/wp\/v2\/media?parent=11343"}],"wp:term":[{"taxonomy":"product_cat","embeddable":true,"href":"http:\/\/astehshop.com\/index.php\/wp-json\/wp\/v2\/product_cat?post=11343"},{"taxonomy":"product_tag","embeddable":true,"href":"http:\/\/astehshop.com\/index.php\/wp-json\/wp\/v2\/product_tag?post=11343"}],"curies":[{"name":"wp","href":"https:\/\/api.w.org\/{rel}","templated":true}]}}