{"id":11329,"date":"2025-07-23T15:04:37","date_gmt":"2025-07-23T13:04:37","guid":{"rendered":"http:\/\/astehshop.com\/?post_type=product&#038;p=11329"},"modified":"2025-07-23T15:04:39","modified_gmt":"2025-07-23T13:04:39","slug":"monitor-zakrivljen-34-samsung-odyssey-g5-165hz","status":"publish","type":"product","link":"http:\/\/astehshop.com\/index.php\/product\/monitor-zakrivljen-34-samsung-odyssey-g5-165hz\/","title":{"rendered":"MONITOR ZAKRIVLJEN 34&#8243; SAMSUNG Odyssey G5 165Hz"},"content":{"rendered":"<ul>\n<li><strong>Ekran:<\/strong>\u00a034&#8243;, VA panel<\/li>\n<li><strong>Rezolucija:<\/strong>\u00a03440 \u00d7 1440 (UltraWide QHD)<\/li>\n<li><strong>Osvetljenje:<\/strong>\u00a0250 cd\/m\u00b2<\/li>\n<li><strong>Vreme odziva:<\/strong>\u00a01 ms<\/li>\n<li><strong>Osve\u017eavanje:<\/strong>\u00a0165 Hz<\/li>\n<li><strong>Tehnologija:<\/strong>\u00a0AMD FreeSync Premium<\/li>\n<li><strong>Priklju\u010dci:<\/strong>\u00a0HDMI, DisplayPort<\/li>\n<\/ul>\n<p><u><\/u>Za sve dodatne informacije mozete nas kontaktirati na\u00a0<strong>OLX poruke, 065824333 ili Viber<\/strong><\/p>\n<p>&nbsp;<\/p>\n<p>NUDIMO KUPOVINU NOVE ROBE NA RATE:<\/p>\n<p>-DO 18 RATA PREKO MIKROFIN KREDITNA ORGANIZACIJA<\/p>\n<p>-DO 12 RATA PREKO \u0160OPING KARTICE UNICREDIT BANK<\/p>\n<p>&nbsp;<\/p>\n<p>Trgovinska Radnja TECHNO SHOP BN<\/p>\n<p>Nikole Tesle 31a, Bijeljina<\/p>\n<p>(izme\u0111u Moja Apoteka i picerije Park Ne\u0161kovi\u0107)<\/p>\n<p>055\/422-599;\u00a0<strong><u>065\/824-333<\/u><\/strong><\/p>\n<p>Radnim danima 09-19h<\/p>\n<p>Subotom 09-16h<\/p>\n<p>www.technoshopbn.com<\/p>\n<p><a href=\"https:\/\/olx.ba\/artikal\/51187537\/gaming-racunar-pc-i5-10400f-16gb-gtx-1660-ti\">info@technoshopbn.com<\/a><\/p>\n","protected":false},"excerpt":{"rendered":"<ul>\n<li><strong>Ekran:<\/strong>\u00a034&#8243;, VA panel<\/li>\n<li><strong>Rezolucija:<\/strong>\u00a03440 \u00d7 1440 (UltraWide QHD)<\/li>\n<li><strong>Osvetljenje:<\/strong>\u00a0250 cd\/m\u00b2<\/li>\n<li><strong>Vreme odziva:<\/strong>\u00a01 ms<\/li>\n<li><strong>Osve\u017eavanje:<\/strong>\u00a0165 Hz<\/li>\n<li><strong>Tehnologija:<\/strong>\u00a0AMD FreeSync Premium<\/li>\n<li><strong>Priklju\u010dci:<\/strong>\u00a0HDMI, DisplayPort<\/li>\n<\/ul>\n","protected":false},"featured_media":11330,"comment_status":"open","ping_status":"closed","template":"","meta":{"_mi_skip_tracking":false,"_exactmetrics_sitenote_active":false,"_exactmetrics_sitenote_note":"","_exactmetrics_sitenote_category":0,"spay_email":""},"product_cat":[1089],"product_tag":[],"brands":[{"id":2366,"name":"Samsung","slug":"samsung"}],"df_price":829,"df_sale_price":"","df_regular_price":829,"df_image_link":"https:\/\/i1.wp.com\/astehshop.com\/wp-content\/uploads\/2025\/07\/35987-34-SAMSUNG-LC34G55TWWPXEN-Odyssey-G5-Curved-Display-165Hz-1-1.webp?fit=450%2C450","jetpack_publicize_connections":[],"jetpack_sharing_enabled":true,"jetpack_likes_enabled":true,"jetpack-related-posts":[{"id":11295,"url":"http:\/\/astehshop.com\/index.php\/product\/monitor-ultrawide-34-lg-34wq500-b-100hz\/","url_meta":{"origin":11329,"position":0},"title":"MONITOR ULTRAWIDE 34&#8243; LG 34WQ500-B 100Hz","date":"22. srpnja 2025.","format":false,"excerpt":"Ekran:\u00a034\", IPS panel Rezolucija:\u00a02560 \u00d7 1080 Osvetljenje:\u00a0400 cd\/m\u00b2 Vreme odziva:\u00a05 ms Osve\u017eavanje:\u00a0100 Hz Tehnologija:\u00a0AMD FreeSync Priklju\u010dci:\u00a0HDMI, DisplayPort","rel":"","context":"Srodne objave","img":{"alt_text":"","src":"https:\/\/i0.wp.com\/astehshop.com\/wp-content\/uploads\/2025\/07\/38437-34-LG-34WQ500-B-UltraWide-100Hz-Display-1.webp?fit=450%2C450&resize=350%2C200","width":350,"height":200},"classes":[]},{"id":11289,"url":"http:\/\/astehshop.com\/index.php\/product\/monitor-34-samsung-s34c500gau-uwqhd\/","url_meta":{"origin":11329,"position":1},"title":"MONITOR 34&#8243; SAMSUNG S34C500GAU UWQHD","date":"22. srpnja 2025.","format":false,"excerpt":"Ekran:\u00a034\", VA panel Rezolucija:\u00a03440 \u00d7 1440 Osvetljenje:\u00a0300 cd\/m\u00b2 Vreme odziva:\u00a05 ms Osve\u017eavanje:\u00a0100 Hz Tehnologija:\u00a0AMD FreeSync Priklju\u010dci:\u00a02 \u00d7 HDMI 2.0, 1 \u00d7 DisplayPort","rel":"","context":"Srodne objave","img":{"alt_text":"","src":"https:\/\/i0.wp.com\/astehshop.com\/wp-content\/uploads\/2025\/07\/35355-34-SAMSUNG-S50GCVA-UWQHD-Display-3.webp?fit=450%2C450&resize=350%2C200","width":350,"height":200},"classes":[]},{"id":11313,"url":"http:\/\/astehshop.com\/index.php\/product\/gaming-monitor-27-aoc-q27g3xmn-180hz-qhd\/","url_meta":{"origin":11329,"position":2},"title":"GAMING MONITOR 27&#8243; AOC Q27G3XMN 180Hz QHD","date":"23. srpnja 2025.","format":false,"excerpt":"Ekran:\u00a027\", VA panel Rezolucija:\u00a02560 \u00d7 1440 Osvetljenje:\u00a0450 cd\/m\u00b2 Vreme odziva:\u00a01 ms Osve\u017eavanje:\u00a0180 Hz Tehnologija:\u00a0AMD FreeSync Priklju\u010dci:\u00a02 \u00d7 HDMI 2.0, 1 \u00d7 DisplayPort 1.4","rel":"","context":"Srodne objave","img":{"alt_text":"","src":"https:\/\/i1.wp.com\/astehshop.com\/wp-content\/uploads\/2025\/07\/38238-27-AOC-Q27G3XMN-180Hz-Gaming-Display-2.webp?fit=450%2C450&resize=350%2C200","width":350,"height":200},"classes":[]},{"id":11301,"url":"http:\/\/astehshop.com\/index.php\/product\/monitor-31-5-dell-s3222dgm-56\/","url_meta":{"origin":11329,"position":3},"title":"MONITOR 31.5&#8243; DELL S3222DGM-56","date":"22. srpnja 2025.","format":false,"excerpt":"Ekran:\u00a031.5\", IPS panel Rezolucija:\u00a0QHD 2560 \u00d7 1440 Vreme odziva:\u00a01 ms Osve\u017eavanje:\u00a0165 Hz Tehnologija:\u00a0AMD FreeSync Premium Priklju\u010dci:\u00a02 \u00d7 HDMI, 1 \u00d7 DisplayPort, USB-Hub Dodatne funkcije:\u00a0Pivot (rotacija ekrana)","rel":"","context":"Srodne objave","img":{"alt_text":"","src":"https:\/\/i0.wp.com\/astehshop.com\/wp-content\/uploads\/2025\/07\/33484-315-DELL-S3222DGM-56-Display-2.webp?fit=450%2C450&resize=350%2C200","width":350,"height":200},"classes":[]},{"id":11341,"url":"http:\/\/astehshop.com\/index.php\/product\/gaming-monitor-zakrivljen-32-dell-alienware-aw3425dwm-56-180hz\/","url_meta":{"origin":11329,"position":4},"title":"GAMING MONITOR ZAKRIVLJEN 32&#8243; DELL ALIENWARE AW3425DWM-56 180Hz","date":"23. srpnja 2025.","format":false,"excerpt":"Ekran:\u00a034\", VA panel Rezolucija:\u00a03440 \u00d7 1440 (UltraWide QHD) Osvjetljenje:\u00a0400 cd\/m\u00b2 Vrijeme odziva:\u00a04 ms Osvje\u017eenje:\u00a0180 Hz Tehnologija:\u00a0AMD FreeSync Priklju\u010dci:\u00a02 \u00d7 HDMI 2.1, 1 \u00d7 DisplayPort 1.4, 2 \u00d7 USB Type-A, 1 \u00d7 USB-B","rel":"","context":"Srodne objave","img":{"alt_text":"","src":"https:\/\/i1.wp.com\/astehshop.com\/wp-content\/uploads\/2025\/07\/39132-32-DELL-ALIENWARE-AW3425DWM-56-180Hz-Curved-Gaming-Display-1.webp?fit=450%2C450&resize=350%2C200","width":350,"height":200},"classes":[]},{"id":11311,"url":"http:\/\/astehshop.com\/index.php\/product\/gaming-monitor-zakrivljen-34-aoc-cu34g2xp-bk-wqhd-144hz\/","url_meta":{"origin":11329,"position":5},"title":"GAMING MONITOR ZAKRIVLJEN 34&#8243; AOC CU34G2XP\/BK WQHD 144Hz","date":"23. srpnja 2025.","format":false,"excerpt":"Ekran:\u00a034\", VA panel Rezolucija:\u00a03440 \u00d7 1440 Osvetljenje:\u00a0400 cd\/m\u00b2 Vreme odziva:\u00a01 ms Osve\u017eavanje:\u00a0144 Hz Priklju\u010dci:\u00a02 \u00d7 HDMI, 2 \u00d7 DisplayPort, 4 \u00d7 USB 3.0","rel":"","context":"Srodne objave","img":{"alt_text":"","src":"https:\/\/i2.wp.com\/astehshop.com\/wp-content\/uploads\/2025\/07\/37264-34-AOC-CU34G2XPBK-WQHD-180Hz-Curved-Gaming-Display-2.webp?fit=450%2C450&resize=350%2C200","width":350,"height":200},"classes":[]}],"_links":{"self":[{"href":"http:\/\/astehshop.com\/index.php\/wp-json\/wp\/v2\/product\/11329"}],"collection":[{"href":"http:\/\/astehshop.com\/index.php\/wp-json\/wp\/v2\/product"}],"about":[{"href":"http:\/\/astehshop.com\/index.php\/wp-json\/wp\/v2\/types\/product"}],"replies":[{"embeddable":true,"href":"http:\/\/astehshop.com\/index.php\/wp-json\/wp\/v2\/comments?post=11329"}],"wp:featuredmedia":[{"embeddable":true,"href":"http:\/\/astehshop.com\/index.php\/wp-json\/wp\/v2\/media\/11330"}],"wp:attachment":[{"href":"http:\/\/astehshop.com\/index.php\/wp-json\/wp\/v2\/media?parent=11329"}],"wp:term":[{"taxonomy":"product_cat","embeddable":true,"href":"http:\/\/astehshop.com\/index.php\/wp-json\/wp\/v2\/product_cat?post=11329"},{"taxonomy":"product_tag","embeddable":true,"href":"http:\/\/astehshop.com\/index.php\/wp-json\/wp\/v2\/product_tag?post=11329"}],"curies":[{"name":"wp","href":"https:\/\/api.w.org\/{rel}","templated":true}]}}