{"id":11306,"date":"2025-07-22T19:04:11","date_gmt":"2025-07-22T17:04:11","guid":{"rendered":"http:\/\/astehshop.com\/?post_type=product&#038;p=11306"},"modified":"2025-07-22T19:04:13","modified_gmt":"2025-07-22T17:04:13","slug":"gaming-monitor-27-lg-ultragear-27gs85q-b-2k-200hz","status":"publish","type":"product","link":"http:\/\/astehshop.com\/index.php\/product\/gaming-monitor-27-lg-ultragear-27gs85q-b-2k-200hz\/","title":{"rendered":"GAMING MONITOR 27&#8243; LG UltraGear 27GS85Q-B 2K 200Hz"},"content":{"rendered":"<ul>\n<li><strong>Ekran:<\/strong>\u00a027&#8243;, Nano IPS panel<\/li>\n<li><strong>Rezolucija:<\/strong>\u00a02560 \u00d7 1440<\/li>\n<li><strong>Osvetljenje:<\/strong>\u00a0400 cd\/m\u00b2<\/li>\n<li><strong>Vreme odziva:<\/strong>\u00a01 ms<\/li>\n<li><strong>Osve\u017eavanje:<\/strong>\u00a0200 Hz<\/li>\n<li><strong>Tehnologije:<\/strong>\u00a0NVIDIA G-Sync i AMD FreeSync<\/li>\n<li><strong>Priklju\u010dci:<\/strong>\u00a02 \u00d7 HDMI 2.0, 1 \u00d7 DisplayPort, 2 \u00d7 USB 2.0, 1 \u00d7 USB-B 3.0<\/li>\n<\/ul>\n<p><u><\/u>Za sve dodatne informacije mozete nas kontaktirati na\u00a0<strong>OLX poruke, 065824333 ili Viber<\/strong><\/p>\n<p>&nbsp;<\/p>\n<p>NUDIMO KUPOVINU NOVE ROBE NA RATE:<\/p>\n<p>-DO 18 RATA PREKO MIKROFIN KREDITNA ORGANIZACIJA<\/p>\n<p>-DO 12 RATA PREKO \u0160OPING KARTICE UNICREDIT BANK<\/p>\n<p>&nbsp;<\/p>\n<p>Trgovinska Radnja TECHNO SHOP BN<\/p>\n<p>Nikole Tesle 31a, Bijeljina<\/p>\n<p>(izme\u0111u Moja Apoteka i picerije Park Ne\u0161kovi\u0107)<\/p>\n<p>055\/422-599;\u00a0<strong><u>065\/824-333<\/u><\/strong><\/p>\n<p>Radnim danima 09-19h<\/p>\n<p>Subotom 09-16h<\/p>\n<p>www.technoshopbn.com<\/p>\n<p><a href=\"https:\/\/olx.ba\/artikal\/51187537\/gaming-racunar-pc-i5-10400f-16gb-gtx-1660-ti\">info@technoshopbn.com<\/a><\/p>\n","protected":false},"excerpt":{"rendered":"<ul>\n<li><strong>Ekran:<\/strong>\u00a027&#8243;, Nano IPS panel<\/li>\n<li><strong>Rezolucija:<\/strong>\u00a02560 \u00d7 1440<\/li>\n<li><strong>Osvetljenje:<\/strong>\u00a0400 cd\/m\u00b2<\/li>\n<li><strong>Vreme odziva:<\/strong>\u00a01 ms<\/li>\n<li><strong>Osve\u017eavanje:<\/strong>\u00a0200 Hz<\/li>\n<li><strong>Tehnologije:<\/strong>\u00a0NVIDIA G-Sync i AMD FreeSync<\/li>\n<li><strong>Priklju\u010dci:<\/strong>\u00a02 \u00d7 HDMI 2.0, 1 \u00d7 DisplayPort, 2 \u00d7 USB 2.0, 1 \u00d7 USB-B 3.0<\/li>\n<\/ul>\n","protected":false},"featured_media":11307,"comment_status":"open","ping_status":"closed","template":"","meta":{"_mi_skip_tracking":false,"_exactmetrics_sitenote_active":false,"_exactmetrics_sitenote_note":"","_exactmetrics_sitenote_category":0,"spay_email":""},"product_cat":[1089],"product_tag":[],"brands":[{"id":5146,"name":"DELL","slug":"dell"}],"df_price":739,"df_sale_price":"","df_regular_price":739,"df_image_link":"https:\/\/i0.wp.com\/astehshop.com\/wp-content\/uploads\/2025\/07\/38216-27-LG-UltraGear-27GS85Q-B-2K-200Hz-Gaming-Display-3.webp?fit=450%2C450","jetpack_publicize_connections":[],"jetpack_sharing_enabled":true,"jetpack_likes_enabled":true,"jetpack-related-posts":[{"id":11332,"url":"http:\/\/astehshop.com\/index.php\/product\/gaming-monitor-31-5-lg-32gp850-b-qhd-ips-180hz\/","url_meta":{"origin":11306,"position":0},"title":"GAMING MONITOR 31.5&#8243; LG 32GP850-B QHD IPS 180Hz","date":"23. srpnja 2025.","format":false,"excerpt":"Ekran:\u00a031.5\", IPS panel Rezolucija:\u00a02560 \u00d7 1440 (QHD) Osvetljenje:\u00a0350 cd\/m\u00b2 Vreme odziva:\u00a01 ms Osve\u017eavanje:\u00a0180 Hz Tehnologije:\u00a0NVIDIA G-Sync & AMD FreeSync Priklju\u010dci:\u00a02 \u00d7 HDMI, 1 \u00d7 DisplayPort, 2 \u00d7 USB 3.0, izlaz za slu\u0161alice Funkcije postolja:\u00a0Pode\u0161avanje visine, Pivot (rotacija ekrana) Garancija:\u00a03 godine","rel":"","context":"Srodne objave","img":{"alt_text":"","src":"https:\/\/i1.wp.com\/astehshop.com\/wp-content\/uploads\/2025\/07\/31333-315-LG-32GP850-B-QHD-IPS-180Hz-Gaming-Display-2.webp?fit=450%2C450&resize=350%2C200","width":350,"height":200},"classes":[]},{"id":11313,"url":"http:\/\/astehshop.com\/index.php\/product\/gaming-monitor-27-aoc-q27g3xmn-180hz-qhd\/","url_meta":{"origin":11306,"position":1},"title":"GAMING MONITOR 27&#8243; AOC Q27G3XMN 180Hz QHD","date":"23. srpnja 2025.","format":false,"excerpt":"Ekran:\u00a027\", VA panel Rezolucija:\u00a02560 \u00d7 1440 Osvetljenje:\u00a0450 cd\/m\u00b2 Vreme odziva:\u00a01 ms Osve\u017eavanje:\u00a0180 Hz Tehnologija:\u00a0AMD FreeSync Priklju\u010dci:\u00a02 \u00d7 HDMI 2.0, 1 \u00d7 DisplayPort 1.4","rel":"","context":"Srodne objave","img":{"alt_text":"","src":"https:\/\/i1.wp.com\/astehshop.com\/wp-content\/uploads\/2025\/07\/38238-27-AOC-Q27G3XMN-180Hz-Gaming-Display-2.webp?fit=450%2C450&resize=350%2C200","width":350,"height":200},"classes":[]},{"id":11298,"url":"http:\/\/astehshop.com\/index.php\/product\/gaming-monitor-27-xiaomi-g-pro-27i-mini-led-2k-180hz\/","url_meta":{"origin":11306,"position":2},"title":"GAMING MONITOR 27&#8243; XIAOMI G Pro 27i Mini Led 2K 180Hz","date":"22. srpnja 2025.","format":false,"excerpt":"Ekran:\u00a027\", IPS panel Rezolucija:\u00a02560 \u00d7 1440 Osvetljenje:\u00a01000 cd\/m\u00b2 Vreme odziva:\u00a01 ms Osve\u017eavanje:\u00a0180 Hz Tehnologija:\u00a0AMD FreeSync HDR:\u00a0HDR1000 Priklju\u010dci:\u00a02 \u00d7 HDMI 2.0, 2 \u00d7 DisplayPort","rel":"","context":"Srodne objave","img":{"alt_text":"","src":"https:\/\/i0.wp.com\/astehshop.com\/wp-content\/uploads\/2025\/07\/38214-27-XIAOMI-G-Pro-27i-Mini-Led-2K-180Hz-Gaming-Display-2.webp?fit=450%2C450&resize=350%2C200","width":350,"height":200},"classes":[]},{"id":11293,"url":"http:\/\/astehshop.com\/index.php\/product\/monitor-27-dell-p2723d-qhd-ips\/","url_meta":{"origin":11306,"position":3},"title":"MONITOR 27&#8243; DELL P2723D QHD IPS","date":"22. srpnja 2025.","format":false,"excerpt":"Ekran:\u00a027\", IPS panel, Antiglare Rezolucija:\u00a02560 \u00d7 1440 Osvetljenje:\u00a0350 cd\/m\u00b2 Vreme odziva:\u00a05 ms Osve\u017eavanje:\u00a060 Hz Priklju\u010dci:\u00a0HDMI, DisplayPort, 4 \u00d7 USB 3.2","rel":"","context":"Srodne objave","img":{"alt_text":"","src":"https:\/\/i1.wp.com\/astehshop.com\/wp-content\/uploads\/2025\/07\/31463-27-DELL-Professional-P2723D-QHD-IPS-Display-8.webp?fit=450%2C450&resize=350%2C200","width":350,"height":200},"classes":[]},{"id":11335,"url":"http:\/\/astehshop.com\/index.php\/product\/monitor-27-dell-u2724d-ultrasharp-qhd-120hz\/","url_meta":{"origin":11306,"position":4},"title":"MONITOR 27&#8243; DELL U2724D UltraSharp QHD 120Hz","date":"23. srpnja 2025.","format":false,"excerpt":"Ekran:\u00a027\", IPS panel Rezolucija:\u00a02560 \u00d7 1440 Osvetljenje:\u00a0350 cd\/m\u00b2 Vreme odziva:\u00a05 ms Osve\u017eavanje:\u00a0120 Hz Priklju\u010dci:\u00a0HDMI 2.0, 2 \u00d7 DisplayPort, 2 \u00d7 USB Type-C, 3 \u00d7 USB","rel":"","context":"Srodne objave","img":{"alt_text":"","src":"https:\/\/i1.wp.com\/astehshop.com\/wp-content\/uploads\/2025\/07\/36007-27-DELL-U2724DE-UltraSharp-QHD-120Hz-Display-2.webp?fit=450%2C450&resize=350%2C200","width":350,"height":200},"classes":[]},{"id":11295,"url":"http:\/\/astehshop.com\/index.php\/product\/monitor-ultrawide-34-lg-34wq500-b-100hz\/","url_meta":{"origin":11306,"position":5},"title":"MONITOR ULTRAWIDE 34&#8243; LG 34WQ500-B 100Hz","date":"22. srpnja 2025.","format":false,"excerpt":"Ekran:\u00a034\", IPS panel Rezolucija:\u00a02560 \u00d7 1080 Osvetljenje:\u00a0400 cd\/m\u00b2 Vreme odziva:\u00a05 ms Osve\u017eavanje:\u00a0100 Hz Tehnologija:\u00a0AMD FreeSync Priklju\u010dci:\u00a0HDMI, DisplayPort","rel":"","context":"Srodne objave","img":{"alt_text":"","src":"https:\/\/i0.wp.com\/astehshop.com\/wp-content\/uploads\/2025\/07\/38437-34-LG-34WQ500-B-UltraWide-100Hz-Display-1.webp?fit=450%2C450&resize=350%2C200","width":350,"height":200},"classes":[]}],"_links":{"self":[{"href":"http:\/\/astehshop.com\/index.php\/wp-json\/wp\/v2\/product\/11306"}],"collection":[{"href":"http:\/\/astehshop.com\/index.php\/wp-json\/wp\/v2\/product"}],"about":[{"href":"http:\/\/astehshop.com\/index.php\/wp-json\/wp\/v2\/types\/product"}],"replies":[{"embeddable":true,"href":"http:\/\/astehshop.com\/index.php\/wp-json\/wp\/v2\/comments?post=11306"}],"wp:featuredmedia":[{"embeddable":true,"href":"http:\/\/astehshop.com\/index.php\/wp-json\/wp\/v2\/media\/11307"}],"wp:attachment":[{"href":"http:\/\/astehshop.com\/index.php\/wp-json\/wp\/v2\/media?parent=11306"}],"wp:term":[{"taxonomy":"product_cat","embeddable":true,"href":"http:\/\/astehshop.com\/index.php\/wp-json\/wp\/v2\/product_cat?post=11306"},{"taxonomy":"product_tag","embeddable":true,"href":"http:\/\/astehshop.com\/index.php\/wp-json\/wp\/v2\/product_tag?post=11306"}],"curies":[{"name":"wp","href":"https:\/\/api.w.org\/{rel}","templated":true}]}}