{"id":11281,"date":"2025-07-21T20:15:24","date_gmt":"2025-07-21T18:15:24","guid":{"rendered":"http:\/\/astehshop.com\/?post_type=product&#038;p=11281"},"modified":"2025-07-21T20:15:26","modified_gmt":"2025-07-21T18:15:26","slug":"32-samsung-g5-g51c-odyssey-qhd-165hz","status":"publish","type":"product","link":"http:\/\/astehshop.com\/index.php\/product\/32-samsung-g5-g51c-odyssey-qhd-165hz\/","title":{"rendered":"32&#8243; SAMSUNG G5 G51C Odyssey QHD 165Hz"},"content":{"rendered":"<ul>\n<li><strong>Veli\u010dina ekrana:<\/strong>\u00a032&#8243;<\/li>\n<li><strong>Tip panela:<\/strong>\u00a0VA<\/li>\n<li><strong>Rezolucija:<\/strong>\u00a02560\u00d71440 piksela (QHD)<\/li>\n<li><strong>Osvjetljenje:<\/strong>\u00a0240 cd\/m\u00b2<\/li>\n<li><strong>Kontrast:<\/strong>\u00a03000:1<\/li>\n<li><strong>Brzina osvje\u017eenja:<\/strong>\u00a0165 Hz<\/li>\n<li><strong>Vrijeme odziva:<\/strong>\u00a01 ms<\/li>\n<li><strong>Tehnologija:<\/strong>\u00a0AMD FreeSync Premium<\/li>\n<li><strong>Priklju\u010dci:<\/strong>\u00a0DisplayPort, 2\u00d7HDMI 1.4, 1\u00d7DisplayPort 1.4, 1\u00d7Audio izlaz (Headphone jack)<\/li>\n<li><strong>Garancija:<\/strong> 1 godina<\/li>\n<\/ul>\n<p>&nbsp;<\/p>\n<p><u><\/u>Za sve dodatne informacije mozete nas kontaktirati na\u00a0<strong>OLX poruke, 065824333 ili Viber<\/strong><\/p>\n<p>&nbsp;<\/p>\n<p>NUDIMO KUPOVINU NOVE ROBE NA RATE:<\/p>\n<p>-DO 18 RATA PREKO MIKROFIN KREDITNA ORGANIZACIJA<\/p>\n<p>-DO 12 RATA PREKO \u0160OPING KARTICE UNICREDIT BANK<\/p>\n<p>&nbsp;<\/p>\n<p>Trgovinska Radnja TECHNO SHOP BN<\/p>\n<p>Nikole Tesle 31a, Bijeljina<\/p>\n<p>(izme\u0111u Moja Apoteka i picerije Park Ne\u0161kovi\u0107)<\/p>\n<p>055\/422-599;\u00a0<strong><u>065\/824-333<\/u><\/strong><\/p>\n<p>Radnim danima 09-19h<\/p>\n<p>Subotom 09-16h<\/p>\n<p>www.technoshopbn.com<\/p>\n<p><a href=\"https:\/\/olx.ba\/artikal\/51187537\/gaming-racunar-pc-i5-10400f-16gb-gtx-1660-ti\">info@technoshopbn.com<\/a><\/p>\n","protected":false},"excerpt":{"rendered":"<ul>\n<li><strong>Veli\u010dina ekrana:<\/strong>\u00a032&#8243;<\/li>\n<li><strong>Tip panela:<\/strong>\u00a0VA<\/li>\n<li><strong>Rezolucija:<\/strong>\u00a02560\u00d71440 piksela (QHD)<\/li>\n<li><strong>Osvjetljenje:<\/strong>\u00a0240 cd\/m\u00b2<\/li>\n<li><strong>Kontrast:<\/strong>\u00a03000:1<\/li>\n<li><strong>Brzina osvje\u017eenja:<\/strong>\u00a0165 Hz<\/li>\n<li><strong>Vrijeme odziva:<\/strong>\u00a01 ms<\/li>\n<li><strong>Tehnologija:<\/strong>\u00a0AMD FreeSync Premium<\/li>\n<li><strong>Priklju\u010dci:<\/strong>\u00a0DisplayPort, 2\u00d7HDMI 1.4, 1\u00d7DisplayPort 1.4, 1\u00d7Audio izlaz (Headphone jack)<\/li>\n<li><strong>Garancija:<\/strong> 1 godina<\/li>\n<\/ul>\n","protected":false},"featured_media":11282,"comment_status":"open","ping_status":"closed","template":"","meta":{"_mi_skip_tracking":false,"_exactmetrics_sitenote_active":false,"_exactmetrics_sitenote_note":"","_exactmetrics_sitenote_category":0,"spay_email":""},"product_cat":[1089],"product_tag":[],"brands":[{"id":2366,"name":"Samsung","slug":"samsung"}],"df_price":619,"df_sale_price":"","df_regular_price":619,"df_image_link":"https:\/\/i2.wp.com\/astehshop.com\/wp-content\/uploads\/2025\/07\/37455-32-SAMSUNG-G5-G51C-Odyssey-QHD-165Hz-Gaming-Display-LS32CG510EUXEN-3.webp?fit=450%2C450","jetpack_publicize_connections":[],"jetpack_sharing_enabled":true,"jetpack_likes_enabled":true,"jetpack-related-posts":[{"id":11268,"url":"http:\/\/astehshop.com\/index.php\/product\/gaming-monitor-27-aoc-q27g4x-qhd-180hz\/","url_meta":{"origin":11281,"position":0},"title":"GAMING MONITOR 27&#8243; AOC Q27G4X QHD 180Hz","date":"21. srpnja 2025.","format":false,"excerpt":"Veli\u010dina ekrana:\u00a027\" Tip panela:\u00a0IPS Rezolucija:\u00a02560\u00d71440 (QHD) Osvjetljenje:\u00a0400 cd\/m\u00b2 Vrijeme odziva:\u00a01 ms Brzina osvje\u017eenja:\u00a0180 Hz Tehnologija:\u00a0Adaptive Sync Priklju\u010dci:\u00a02\u00d7HDMI 2.0, DisplayPort 1.4","rel":"","context":"Srodne objave","img":{"alt_text":"","src":"https:\/\/i2.wp.com\/astehshop.com\/wp-content\/uploads\/2025\/07\/36298-27-AOC-Q27G4X-QHD-180Hz-Gaming-Display-2.webp?fit=450%2C450&resize=350%2C200","width":350,"height":200},"classes":[]},{"id":11280,"url":"http:\/\/astehshop.com\/index.php\/product\/gaming-monitor-zakrivljen-32-samsung-odyssey-165hz\/","url_meta":{"origin":11281,"position":1},"title":"GAMING MONITOR ZAKRIVLJEN 32&#8243; SAMSUNG Odyssey 165Hz","date":"21. srpnja 2025.","format":false,"excerpt":"Veli\u010dina ekrana:\u00a032\" Tip panela:\u00a0VA Rezolucija:\u00a02560\u00d71440 (QHD) Osvjetljenje:\u00a0300 cd\/m\u00b2 Vrijeme odziva:\u00a01 ms Brzina osvje\u017eenja:\u00a0165 Hz Tehnologija:\u00a0AMD FreeSync Premium Pro Priklju\u010dci:\u00a0HDMI, DisplayPort","rel":"","context":"Srodne objave","img":{"alt_text":"","src":"https:\/\/i1.wp.com\/astehshop.com\/wp-content\/uploads\/2025\/07\/38021-27-SAMSUNG-Odyssey-LS27CG554EUXEN-G55C-165Hz-Gaming-Curved-Display-4.webp?fit=450%2C450&resize=350%2C200","width":350,"height":200},"classes":[]},{"id":11270,"url":"http:\/\/astehshop.com\/index.php\/product\/gaming-monitor-27-dell-g2724d-56-qhd-165hz\/","url_meta":{"origin":11281,"position":2},"title":"GAMING MONITOR 27&#8243; DELL G2724D-56 QHD 165Hz","date":"21. srpnja 2025.","format":false,"excerpt":"Veli\u010dina ekrana:\u00a027\" Tip panela:\u00a0IPS Rezolucija:\u00a02560\u00d71440 (QHD) Osvjetljenje:\u00a0400 cd\/m\u00b2 Vrijeme odziva:\u00a01 ms Brzina osvje\u017eenja:\u00a0165 Hz Tehnologije:\u00a0NVIDIA G-SYNC, AMD FreeSync Premium Priklju\u010dci:\u00a0HDMI, 2\u00d7DisplayPort","rel":"","context":"Srodne objave","img":{"alt_text":"","src":"https:\/\/i1.wp.com\/astehshop.com\/wp-content\/uploads\/2025\/07\/34978-27-DELL-G2724D-56-Gaming-QHD-165Hz-Display-3.webp?fit=450%2C450&resize=350%2C200","width":350,"height":200},"classes":[]},{"id":11251,"url":"http:\/\/astehshop.com\/index.php\/product\/gaming-monitor-zakrivljen-27-aoc-cq27g4x-qhd-180hz\/","url_meta":{"origin":11281,"position":3},"title":"GAMING MONITOR ZAKRIVLJEN 27&#8243; AOC CQ27G4X QHD 180Hz","date":"21. srpnja 2025.","format":false,"excerpt":"Veli\u010dina ekrana:\u00a027\" Tip panela:\u00a0VA Rezolucija:\u00a02560\u00d71440 (QHD) Osvjetljenje:\u00a0300 cd\/m\u00b2 Vrijeme odziva:\u00a01 ms Brzina osvje\u017eenja:\u00a0180 Hz Tehnologija:\u00a0Adaptive Sync Priklju\u010dci:\u00a02\u00d7HDMI 2.0, DisplayPort 1.4","rel":"","context":"Srodne objave","img":{"alt_text":"","src":"https:\/\/i2.wp.com\/astehshop.com\/wp-content\/uploads\/2025\/07\/37992-27-AOC-CQ27G4X-QHD-Curved-180Hz-Gaming-Display-1.webp?fit=450%2C450&resize=350%2C200","width":350,"height":200},"classes":[]},{"id":11255,"url":"http:\/\/astehshop.com\/index.php\/product\/gaming-monitor-zakrivljen-27-samsung-odyssey-165hz\/","url_meta":{"origin":11281,"position":4},"title":"GAMING MONITOR ZAKRIVLJEN 27&#8243; SAMSUNG Odyssey 165Hz","date":"21. srpnja 2025.","format":false,"excerpt":"Veli\u010dina ekrana:\u00a027\" Tip panela:\u00a0VA Rezolucija:\u00a02560\u00d71440 (QHD) Osvjetljenje:\u00a0300 cd\/m\u00b2 Vrijeme odziva:\u00a01 ms Brzina osvje\u017eenja:\u00a0165 Hz Tehnologija:\u00a0AMD FreeSync Premium Pro Priklju\u010dci:\u00a0HDMI, DisplayPort","rel":"","context":"Srodne objave","img":{"alt_text":"","src":"https:\/\/i1.wp.com\/astehshop.com\/wp-content\/uploads\/2025\/07\/38021-27-SAMSUNG-Odyssey-LS27CG554EUXEN-G55C-165Hz-Gaming-Curved-Display-4.webp?fit=450%2C450&resize=350%2C200","width":350,"height":200},"classes":[]},{"id":11276,"url":"http:\/\/astehshop.com\/index.php\/product\/gaming-monitor-31-5-gigabyte-gs32q-2k-165hz\/","url_meta":{"origin":11281,"position":5},"title":"GAMING MONITOR 31.5&#8243; GIGABYTE GS32Q 2K 165Hz","date":"21. srpnja 2025.","format":false,"excerpt":"Veli\u010dina ekrana:\u00a031.5\" Tip panela:\u00a0IPS Rezolucija:\u00a02560\u00d71440 (QHD) Osvjetljenje:\u00a0300 cd\/m\u00b2 Vrijeme odziva:\u00a01 ms Brzina osvje\u017eenja:\u00a0165 Hz Priklju\u010dci:\u00a02\u00d7HDMI 2.0, DisplayPort","rel":"","context":"Srodne objave","img":{"alt_text":"","src":"https:\/\/i0.wp.com\/astehshop.com\/wp-content\/uploads\/2025\/07\/38153-315-GIGABYTE-GS32Q-2K-165Hz-Gaming-Display-1.webp?fit=450%2C450&resize=350%2C200","width":350,"height":200},"classes":[]}],"_links":{"self":[{"href":"http:\/\/astehshop.com\/index.php\/wp-json\/wp\/v2\/product\/11281"}],"collection":[{"href":"http:\/\/astehshop.com\/index.php\/wp-json\/wp\/v2\/product"}],"about":[{"href":"http:\/\/astehshop.com\/index.php\/wp-json\/wp\/v2\/types\/product"}],"replies":[{"embeddable":true,"href":"http:\/\/astehshop.com\/index.php\/wp-json\/wp\/v2\/comments?post=11281"}],"wp:featuredmedia":[{"embeddable":true,"href":"http:\/\/astehshop.com\/index.php\/wp-json\/wp\/v2\/media\/11282"}],"wp:attachment":[{"href":"http:\/\/astehshop.com\/index.php\/wp-json\/wp\/v2\/media?parent=11281"}],"wp:term":[{"taxonomy":"product_cat","embeddable":true,"href":"http:\/\/astehshop.com\/index.php\/wp-json\/wp\/v2\/product_cat?post=11281"},{"taxonomy":"product_tag","embeddable":true,"href":"http:\/\/astehshop.com\/index.php\/wp-json\/wp\/v2\/product_tag?post=11281"}],"curies":[{"name":"wp","href":"https:\/\/api.w.org\/{rel}","templated":true}]}}