{"id":11221,"date":"2025-07-18T17:29:46","date_gmt":"2025-07-18T15:29:46","guid":{"rendered":"http:\/\/astehshop.com\/?post_type=product&#038;p=11221"},"modified":"2025-07-18T17:29:48","modified_gmt":"2025-07-18T15:29:48","slug":"monitor-27-samsung-ls27bg400euxen-odyssey-g4-240hz","status":"publish","type":"product","link":"http:\/\/astehshop.com\/index.php\/product\/monitor-27-samsung-ls27bg400euxen-odyssey-g4-240hz\/","title":{"rendered":"MONITOR 27&#8243; SAMSUNG LS27BG400EUXEN Odyssey G4 240Hz"},"content":{"rendered":"<ul>\n<li><strong>Veli\u010dina ekrana:<\/strong>\u00a027&#8243;<\/li>\n<li><strong>Rezolucija:<\/strong>\u00a01920\u00d71080 pixels (Full HD)<\/li>\n<li><strong>Brzina osvje\u017eenja:<\/strong>\u00a0240 Hz<\/li>\n<li><strong>Tehnologije:<\/strong>\u00a0AMD FreeSync Premium, NVIDIA G-Sync<\/li>\n<li><strong>Osvjetljenje:<\/strong>\u00a0400 cd\/m\u00b2<\/li>\n<li><strong>Vrijeme odziva:<\/strong>\u00a01 ms<\/li>\n<li><strong>Priklju\u010dci:<\/strong>\u00a02\u00d7HDMI, DisplayPort<\/li>\n<\/ul>\n<p><u><\/u>Za sve dodatne informacije mozete nas kontaktirati na\u00a0<strong>OLX poruke, 065824333 ili Viber<\/strong><\/p>\n<p>&nbsp;<\/p>\n<p>NUDIMO KUPOVINU NOVE ROBE NA RATE:<\/p>\n<p>-DO 18 RATA PREKO MIKROFIN KREDITNA ORGANIZACIJA<\/p>\n<p>-DO 12 RATA PREKO \u0160OPING KARTICE UNICREDIT BANK<\/p>\n<p>&nbsp;<\/p>\n<p>Trgovinska Radnja TECHNO SHOP BN<\/p>\n<p>Nikole Tesle 31a, Bijeljina<\/p>\n<p>(izme\u0111u Moja Apoteka i picerije Park Ne\u0161kovi\u0107)<\/p>\n<p>055\/422-599;\u00a0<strong><u>065\/824-333<\/u><\/strong><\/p>\n<p>Radnim danima 09-19h<\/p>\n<p>Subotom 09-16h<\/p>\n<p>www.technoshopbn.com<\/p>\n<p><a href=\"https:\/\/olx.ba\/artikal\/51187537\/gaming-racunar-pc-i5-10400f-16gb-gtx-1660-ti\">info@technoshopbn.com<\/a><\/p>\n","protected":false},"excerpt":{"rendered":"<ul>\n<li><strong>Veli\u010dina ekrana:<\/strong>\u00a027&#8243;<\/li>\n<li><strong>Rezolucija:<\/strong>\u00a01920\u00d71080 pixels (Full HD)<\/li>\n<li><strong>Brzina osvje\u017eenja:<\/strong>\u00a0240 Hz<\/li>\n<li><strong>Tehnologije:<\/strong>\u00a0AMD FreeSync Premium, NVIDIA G-Sync<\/li>\n<li><strong>Osvjetljenje:<\/strong>\u00a0400 cd\/m\u00b2<\/li>\n<li><strong>Vrijeme odziva:<\/strong>\u00a01 ms<\/li>\n<li><strong>Priklju\u010dci:<\/strong>\u00a02\u00d7HDMI, DisplayPort<\/li>\n<\/ul>\n","protected":false},"featured_media":11222,"comment_status":"open","ping_status":"closed","template":"","meta":{"_mi_skip_tracking":false,"_exactmetrics_sitenote_active":false,"_exactmetrics_sitenote_note":"","_exactmetrics_sitenote_category":0,"spay_email":""},"product_cat":[1089],"product_tag":[],"brands":[{"id":2366,"name":"Samsung","slug":"samsung"}],"df_price":429,"df_sale_price":"","df_regular_price":429,"df_image_link":"https:\/\/i2.wp.com\/astehshop.com\/wp-content\/uploads\/2025\/07\/34666-27-SAMSUNG-LS27BG400EUXEN-Odyssey-G4-240Hz-Display-5.webp?fit=450%2C450","jetpack_publicize_connections":[],"jetpack_sharing_enabled":true,"jetpack_likes_enabled":true,"jetpack-related-posts":[{"id":11224,"url":"http:\/\/astehshop.com\/index.php\/product\/monitor-25-samsung-ls25bg400euxen-odyssey-g4-240hz\/","url_meta":{"origin":11221,"position":0},"title":"MONITOR 25&#8243; SAMSUNG LS25BG400EUXEN Odyssey G4 240Hz","date":"18. srpnja 2025.","format":false,"excerpt":"Veli\u010dina ekrana:\u00a025\" Rezolucija:\u00a01920\u00d71080 pixels (Full HD) Brzina osvje\u017eenja:\u00a0240 Hz Tehnologije:\u00a0AMD FreeSync Premium, NVIDIA G-Sync Osvjetljenje:\u00a0400 cd\/m\u00b2 Vrijeme odziva:\u00a01 ms Priklju\u010dci:\u00a02\u00d7HDMI, DisplayPort","rel":"","context":"Srodne objave","img":{"alt_text":"","src":"https:\/\/i0.wp.com\/astehshop.com\/wp-content\/uploads\/2025\/07\/38284-25-SAMSUNG-LS25BG400EUXEN-Odyssey-G4-240Hz-Display-3.webp?fit=450%2C450&resize=350%2C200","width":350,"height":200},"classes":[]},{"id":11227,"url":"http:\/\/astehshop.com\/index.php\/product\/monitor-25-samsung-ls25bg400euxen-odyssey-g4-240hz-2\/","url_meta":{"origin":11221,"position":1},"title":"MONITOR 25&#8243; SAMSUNG LS25BG400EUXEN Odyssey G4 240Hz","date":"18. srpnja 2025.","format":false,"excerpt":"Veli\u010dina ekrana:\u00a025\" Rezolucija:\u00a01920\u00d71080 pixels (Full HD) Brzina osvje\u017eenja:\u00a0240 Hz Tehnologije:\u00a0AMD FreeSync Premium, NVIDIA G-Sync Osvjetljenje:\u00a0400 cd\/m\u00b2 Vrijeme odziva:\u00a01 ms Priklju\u010dci:\u00a02\u00d7HDMI, DisplayPort","rel":"","context":"Srodne objave","img":{"alt_text":"","src":"https:\/\/i1.wp.com\/astehshop.com\/wp-content\/uploads\/2025\/07\/38284-25-SAMSUNG-LS25BG400EUXEN-Odyssey-G4-240Hz-Display-3-1.webp?fit=450%2C450&resize=350%2C200","width":350,"height":200},"classes":[]},{"id":11242,"url":"http:\/\/astehshop.com\/index.php\/product\/gaming-monitor-27-lg-27gn60r-b-144hz\/","url_meta":{"origin":11221,"position":2},"title":"GAMING MONITOR 27&#8243; LG 27GN60R-B 144Hz","date":"21. srpnja 2025.","format":false,"excerpt":"Veli\u010dina ekrana:\u00a027\" Tip panela:\u00a0IPS Rezolucija:\u00a01920\u00d71080 (Full HD) Osvjetljenje:\u00a0300 cd\/m\u00b2 Vrijeme odziva:\u00a01 ms Brzina osvje\u017eenja:\u00a0144 Hz Tehnologije:\u00a0AMD FreeSync Premium, G-SYNC Compatible Priklju\u010dci:\u00a0HDMI, DisplayPort","rel":"","context":"Srodne objave","img":{"alt_text":"","src":"https:\/\/i0.wp.com\/astehshop.com\/wp-content\/uploads\/2025\/07\/35457-27-LG-27GN60R-B-144Hz-Gaming-Display-2.webp?fit=450%2C450&resize=350%2C200","width":350,"height":200},"classes":[]},{"id":11183,"url":"http:\/\/astehshop.com\/index.php\/product\/gaming-monitor-27-xiaomi-ela5375eu-g27i\/","url_meta":{"origin":11221,"position":3},"title":"GAMING MONITOR 27&#8243; XIAOMI ELA5375EU G27i","date":"18. srpnja 2025.","format":false,"excerpt":"Veli\u010dina ekrana: 27\" Tip panela: IPS Rezolucija: 1920\u00d71080 (Full HD) Osvjetljenje: 250 cd\/m\u00b2 Vrijeme odziva: 1 ms Brzina osvje\u017eenja: 165 Hz Tehnologije: AMD FreeSync, HDR10 Priklju\u010dci: HDMI, DisplayPort","rel":"","context":"Srodne objave","img":{"alt_text":"","src":"https:\/\/i1.wp.com\/astehshop.com\/wp-content\/uploads\/2025\/07\/36533-27-XIAOMI-ELA5375EU-G27i-Gaming-Display-2.webp?fit=450%2C450&resize=350%2C200","width":350,"height":200},"classes":[]},{"id":11270,"url":"http:\/\/astehshop.com\/index.php\/product\/gaming-monitor-27-dell-g2724d-56-qhd-165hz\/","url_meta":{"origin":11221,"position":4},"title":"GAMING MONITOR 27&#8243; DELL G2724D-56 QHD 165Hz","date":"21. srpnja 2025.","format":false,"excerpt":"Veli\u010dina ekrana:\u00a027\" Tip panela:\u00a0IPS Rezolucija:\u00a02560\u00d71440 (QHD) Osvjetljenje:\u00a0400 cd\/m\u00b2 Vrijeme odziva:\u00a01 ms Brzina osvje\u017eenja:\u00a0165 Hz Tehnologije:\u00a0NVIDIA G-SYNC, AMD FreeSync Premium Priklju\u010dci:\u00a0HDMI, 2\u00d7DisplayPort","rel":"","context":"Srodne objave","img":{"alt_text":"","src":"https:\/\/i1.wp.com\/astehshop.com\/wp-content\/uploads\/2025\/07\/34978-27-DELL-G2724D-56-Gaming-QHD-165Hz-Display-3.webp?fit=450%2C450&resize=350%2C200","width":350,"height":200},"classes":[]},{"id":11198,"url":"http:\/\/astehshop.com\/index.php\/product\/gamin-monitor-27-philips-evnia-27m1n3200zs-165hz\/","url_meta":{"origin":11221,"position":5},"title":"GAMIN MONITOR 27&#8243; PHILIPS Evnia 27M1N3200ZS 165Hz","date":"18. srpnja 2025.","format":false,"excerpt":"Veli\u010dina ekrana:\u00a027\" Tip panela:\u00a0IPS Rezolucija:\u00a01920\u00d71080 (Full HD) Osvjetljenje:\u00a0250 cd\/m\u00b2 Vrijeme odziva:\u00a01 ms Brzina osvje\u017eenja:\u00a0165 Hz Tehnologija:\u00a0AMD FreeSync Premium Priklju\u010dci:\u00a0DisplayPort, 2\u00d7HDMI 2.0","rel":"","context":"Srodne objave","img":{"alt_text":"","src":"https:\/\/i1.wp.com\/astehshop.com\/wp-content\/uploads\/2025\/07\/38249-27-PHILIPS-Evnia-27M1N3200ZS-165Hz-Gaming-Display-2.webp?fit=450%2C450&resize=350%2C200","width":350,"height":200},"classes":[]}],"_links":{"self":[{"href":"http:\/\/astehshop.com\/index.php\/wp-json\/wp\/v2\/product\/11221"}],"collection":[{"href":"http:\/\/astehshop.com\/index.php\/wp-json\/wp\/v2\/product"}],"about":[{"href":"http:\/\/astehshop.com\/index.php\/wp-json\/wp\/v2\/types\/product"}],"replies":[{"embeddable":true,"href":"http:\/\/astehshop.com\/index.php\/wp-json\/wp\/v2\/comments?post=11221"}],"wp:featuredmedia":[{"embeddable":true,"href":"http:\/\/astehshop.com\/index.php\/wp-json\/wp\/v2\/media\/11222"}],"wp:attachment":[{"href":"http:\/\/astehshop.com\/index.php\/wp-json\/wp\/v2\/media?parent=11221"}],"wp:term":[{"taxonomy":"product_cat","embeddable":true,"href":"http:\/\/astehshop.com\/index.php\/wp-json\/wp\/v2\/product_cat?post=11221"},{"taxonomy":"product_tag","embeddable":true,"href":"http:\/\/astehshop.com\/index.php\/wp-json\/wp\/v2\/product_tag?post=11221"}],"curies":[{"name":"wp","href":"https:\/\/api.w.org\/{rel}","templated":true}]}}