{"id":11215,"date":"2025-07-18T17:10:55","date_gmt":"2025-07-18T15:10:55","guid":{"rendered":"http:\/\/astehshop.com\/?post_type=product&#038;p=11215"},"modified":"2025-07-21T13:42:40","modified_gmt":"2025-07-21T11:42:40","slug":"monitor-professional-24-dell-p2425h-56","status":"publish","type":"product","link":"http:\/\/astehshop.com\/index.php\/product\/monitor-professional-24-dell-p2425h-56\/","title":{"rendered":"MONITOR PROFESSIONAL 24&#8243; DELL P2425H-56"},"content":{"rendered":"<ul>\n<li><strong>Veli\u010dina ekrana:<\/strong>\u00a024&#8243;<\/li>\n<li><strong>Tip panela:<\/strong>\u00a0IPS<\/li>\n<li><strong>Rezolucija:<\/strong>\u00a01920\u00d71200 (WUXGA)<\/li>\n<li><strong>Osvjetljenje:<\/strong>\u00a0250 cd\/m\u00b2<\/li>\n<li><strong>Vrijeme odziva:<\/strong>\u00a05 ms<\/li>\n<li><strong>Brzina osvje\u017eenja:<\/strong>\u00a0100 Hz<\/li>\n<li><strong>Priklju\u010dci:<\/strong>\u00a0HDMI, DisplayPort, VGA, 3\u00d7USB-A, USB-C<\/li>\n<li><strong>Dodatne funkcije:<\/strong>\u00a0Pivot (rotacija ekrana)<\/li>\n<\/ul>\n<p><u><\/u>Za sve dodatne informacije mozete nas kontaktirati na\u00a0<strong>OLX poruke, 065824333 ili Viber<\/strong><\/p>\n<p>&nbsp;<\/p>\n<p>NUDIMO KUPOVINU NOVE ROBE NA RATE:<\/p>\n<p>-DO 18 RATA PREKO MIKROFIN KREDITNA ORGANIZACIJA<\/p>\n<p>-DO 12 RATA PREKO \u0160OPING KARTICE UNICREDIT BANK<\/p>\n<p>&nbsp;<\/p>\n<p>Trgovinska Radnja TECHNO SHOP BN<\/p>\n<p>Nikole Tesle 31a, Bijeljina<\/p>\n<p>(izme\u0111u Moja Apoteka i picerije Park Ne\u0161kovi\u0107)<\/p>\n<p>055\/422-599;\u00a0<strong><u>065\/824-333<\/u><\/strong><\/p>\n<p>Radnim danima 09-19h<\/p>\n<p>Subotom 09-16h<\/p>\n<p>www.technoshopbn.com<\/p>\n<p><a href=\"https:\/\/olx.ba\/artikal\/51187537\/gaming-racunar-pc-i5-10400f-16gb-gtx-1660-ti\">info@technoshopbn.com<\/a><\/p>\n","protected":false},"excerpt":{"rendered":"<ul>\n<li><strong>Veli\u010dina ekrana:<\/strong>\u00a024&#8243;<\/li>\n<li><strong>Tip panela:<\/strong>\u00a0IPS<\/li>\n<li><strong>Rezolucija:<\/strong>\u00a01920\u00d71200 (WUXGA)<\/li>\n<li><strong>Osvjetljenje:<\/strong>\u00a0250 cd\/m\u00b2<\/li>\n<li><strong>Vrijeme odziva:<\/strong>\u00a05 ms<\/li>\n<li><strong>Brzina osvje\u017eenja:<\/strong>\u00a0100 Hz<\/li>\n<li><strong>Priklju\u010dci:<\/strong>\u00a0HDMI, DisplayPort, VGA, 3\u00d7USB-A, USB-C<\/li>\n<li><strong>Dodatne funkcije:<\/strong>\u00a0Pivot (rotacija ekrana)<\/li>\n<\/ul>\n","protected":false},"featured_media":11216,"comment_status":"open","ping_status":"closed","template":"","meta":{"_mi_skip_tracking":false,"_exactmetrics_sitenote_active":false,"_exactmetrics_sitenote_note":"","_exactmetrics_sitenote_category":0,"spay_email":""},"product_cat":[1089],"product_tag":[],"brands":[{"id":2842,"name":"DVC","slug":"dvc"}],"df_price":359,"df_sale_price":"","df_regular_price":359,"df_image_link":"https:\/\/i2.wp.com\/astehshop.com\/wp-content\/uploads\/2025\/07\/36431-24-DELL-P2425H-56-Professional-Display-3.webp?fit=450%2C450","jetpack_publicize_connections":[],"jetpack_sharing_enabled":true,"jetpack_likes_enabled":true,"jetpack-related-posts":[{"id":11249,"url":"http:\/\/astehshop.com\/index.php\/product\/monitor-27-hp-e27-g5-6n4e2aa\/","url_meta":{"origin":11215,"position":0},"title":"MONITOR 27&#8243; HP E27 G5 6N4E2AA","date":"21. srpnja 2025.","format":false,"excerpt":"Veli\u010dina ekrana:\u00a027\" Tip panela:\u00a0IPS Rezolucija:\u00a01920\u00d71080 (Full HD) Osvjetljenje:\u00a0300 cd\/m\u00b2 Vrijeme odziva:\u00a05 ms Brzina osvje\u017eenja:\u00a075 Hz Priklju\u010dci:\u00a0HDMI, DisplayPort, 4\u00d7USB 3.2, USB-B","rel":"","context":"Srodne objave","img":{"alt_text":"","src":"https:\/\/i2.wp.com\/astehshop.com\/wp-content\/uploads\/2025\/07\/35503-27-HP-E27-G5-6N4E2AA-Display-2.webp?fit=450%2C450&resize=350%2C200","width":350,"height":200},"classes":[]},{"id":11191,"url":"http:\/\/astehshop.com\/index.php\/product\/monitor-27-dell-s2725h-56-100hz\/","url_meta":{"origin":11215,"position":1},"title":"MONITOR 27&#8243; DELL S2725H-56 100Hz","date":"18. srpnja 2025.","format":false,"excerpt":"Veli\u010dina ekrana: 27\" Tip panela: IPS Rezolucija: 1920\u00d71200 (WUXGA) Osvjetljenje: 300 cd\/m\u00b2 Vrijeme odziva: 5 ms Brzina osvje\u017eenja: 100 Hz Priklju\u010dci: HDMI Ugra\u0111eni zvu\u010dnici: 2\u00d75W","rel":"","context":"Srodne objave","img":{"alt_text":"","src":"https:\/\/i0.wp.com\/astehshop.com\/wp-content\/uploads\/2025\/07\/38154-27-DELL-S2725H-56-100Hz-Display-2.webp?fit=450%2C450&resize=350%2C200","width":350,"height":200},"classes":[]},{"id":11152,"url":"http:\/\/astehshop.com\/index.php\/product\/monitor-23-8-tesla-24mc346bf\/","url_meta":{"origin":11215,"position":2},"title":"MONITOR 23.8&#8243; TESLA 24MC346BF","date":"17. srpnja 2025.","format":false,"excerpt":"Veli\u010dina ekrana: 23.8\" Tip panela: IPS Rezolucija: 1920\u00d71080 (Full HD) Osvjetljenje: 330 cd\/m\u00b2 Kontrast: 1000:1 Vrijeme odziva: 6 ms Brzina osvje\u017eenja: 100 Hz Tehnologija: AMD FreeSync Priklju\u010dci: DisplayPort, HDMI, VGA","rel":"","context":"Srodne objave","img":{"alt_text":"","src":"https:\/\/i1.wp.com\/astehshop.com\/wp-content\/uploads\/2025\/07\/37532-215-TESLA-22MC345BF-Display-2-1.webp?fit=450%2C450&resize=350%2C200","width":350,"height":200},"classes":[]},{"id":11147,"url":"http:\/\/astehshop.com\/index.php\/product\/gaming-monitor-24-5-asrock-cl25ff-100hz\/","url_meta":{"origin":11215,"position":3},"title":"GAMING MONITOR 24.5&#8243; ASROCK CL25FF 100Hz","date":"17. srpnja 2025.","format":false,"excerpt":"Veli\u010dina ekrana: 24.5\" Tip panela: IPS Rezolucija: 1920\u00d71080 (Full HD) Osvjetljenje: 300 cd\/m\u00b2 Vrijeme odziva: 1 ms Brzina osvje\u017eenja: 100 Hz Priklju\u010dci: HDMI 1.4, VGA","rel":"","context":"Srodne objave","img":{"alt_text":"","src":"https:\/\/i0.wp.com\/astehshop.com\/wp-content\/uploads\/2025\/07\/38083-245-ASROCK-CL25FF-100Hz-Gaming-Display-6.webp?fit=450%2C450&resize=350%2C200","width":350,"height":200},"classes":[]},{"id":11188,"url":"http:\/\/astehshop.com\/index.php\/product\/monitor-24-iiyama-prolite-xub2497hsn-b1-usb-c\/","url_meta":{"origin":11215,"position":4},"title":"MONITOR 24&#8243; IIYAMA ProLite XUB2497HSN-B1 USB-C","date":"18. srpnja 2025.","format":false,"excerpt":"Veli\u010dina ekrana: 24\" Tip panela: IPS Rezolucija: 1920\u00d71080 (Full HD) Osvjetljenje: 250 cd\/m\u00b2 Vrijeme odziva: 1 ms Brzina osvje\u017eenja: 100 Hz Priklju\u010dci: HDMI, DisplayPort, USB Type-C (Power Delivery 65W) USB hub: DP output, 3\u00d7USB 3.2 Type-A, USB Type-C, LAN Ugra\u0111eni zvu\u010dnici: 2\u00d72W","rel":"","context":"Srodne objave","img":{"alt_text":"","src":"https:\/\/i2.wp.com\/astehshop.com\/wp-content\/uploads\/2025\/07\/39063-24-IIYAMA-ProLite-XUB2497HSN-B1-USB-C-Display-3.webp?fit=450%2C450&resize=350%2C200","width":350,"height":200},"classes":[]},{"id":11150,"url":"http:\/\/astehshop.com\/index.php\/product\/monitor-23-8-aoc-24b3ha2-100hz\/","url_meta":{"origin":11215,"position":5},"title":"MONITOR 23.8&#8243; AOC 24B3HA2 100Hz","date":"17. srpnja 2025.","format":false,"excerpt":"Veli\u010dina ekrana: 23.8\" Tip panela: IPS Rezolucija: 1920\u00d71080 (Full HD) Osvjetljenje: 250 cd\/m\u00b2 Vrijeme odziva: 1 ms Brzina osvje\u017eenja: 100 Hz Priklju\u010dci: HDMI, DisplayPort Ugra\u0111eni zvu\u010dnici: 2\u00d72W","rel":"","context":"Srodne objave","img":{"alt_text":"","src":"https:\/\/i0.wp.com\/astehshop.com\/wp-content\/uploads\/2025\/07\/38019-24B3HA2-1.webp?fit=450%2C450&resize=350%2C200","width":350,"height":200},"classes":[]}],"_links":{"self":[{"href":"http:\/\/astehshop.com\/index.php\/wp-json\/wp\/v2\/product\/11215"}],"collection":[{"href":"http:\/\/astehshop.com\/index.php\/wp-json\/wp\/v2\/product"}],"about":[{"href":"http:\/\/astehshop.com\/index.php\/wp-json\/wp\/v2\/types\/product"}],"replies":[{"embeddable":true,"href":"http:\/\/astehshop.com\/index.php\/wp-json\/wp\/v2\/comments?post=11215"}],"wp:featuredmedia":[{"embeddable":true,"href":"http:\/\/astehshop.com\/index.php\/wp-json\/wp\/v2\/media\/11216"}],"wp:attachment":[{"href":"http:\/\/astehshop.com\/index.php\/wp-json\/wp\/v2\/media?parent=11215"}],"wp:term":[{"taxonomy":"product_cat","embeddable":true,"href":"http:\/\/astehshop.com\/index.php\/wp-json\/wp\/v2\/product_cat?post=11215"},{"taxonomy":"product_tag","embeddable":true,"href":"http:\/\/astehshop.com\/index.php\/wp-json\/wp\/v2\/product_tag?post=11215"}],"curies":[{"name":"wp","href":"https:\/\/api.w.org\/{rel}","templated":true}]}}