{"id":11196,"date":"2025-07-18T16:35:41","date_gmt":"2025-07-18T14:35:41","guid":{"rendered":"http:\/\/astehshop.com\/?post_type=product&#038;p=11196"},"modified":"2025-07-18T16:35:43","modified_gmt":"2025-07-18T14:35:43","slug":"gaming-monitor-27-asrock-phantom-pg27ff1a-165hz","status":"publish","type":"product","link":"https:\/\/astehshop.com\/trgovina\/itshop\/novi-monitori\/gaming-monitor-27-asrock-phantom-pg27ff1a-165hz\/","title":{"rendered":"GAMING MONITOR 27&#8243; ASROCK Phantom PG27FF1A 165Hz"},"content":{"rendered":"<ul>\n<li><strong>Veli\u010dina ekrana:<\/strong>\u00a027&#8243;<\/li>\n<li><strong>Tip panela:<\/strong>\u00a0IPS<\/li>\n<li><strong>Rezolucija:<\/strong>\u00a01920\u00d71080 (Full HD)<\/li>\n<li><strong>Osvjetljenje:<\/strong>\u00a0250 cd\/m\u00b2<\/li>\n<li><strong>Vrijeme odziva:<\/strong>\u00a01 ms<\/li>\n<li><strong>Brzina osvje\u017eenja:<\/strong>\u00a0165 Hz<\/li>\n<li><strong>Priklju\u010dci:<\/strong>\u00a02\u00d7HDMI 2.0, DisplayPort<\/li>\n<li><strong>Zvu\u010dnici:<\/strong>\u00a02\u00d72W<\/li>\n<\/ul>\n<p><u><\/u>Za sve dodatne informacije mozete nas kontaktirati na\u00a0<strong>OLX poruke, 065824333 ili Viber<\/strong><\/p>\n<p>&nbsp;<\/p>\n<p>NUDIMO KUPOVINU NOVE ROBE NA RATE:<\/p>\n<p>-DO 18 RATA PREKO MIKROFIN KREDITNA ORGANIZACIJA<\/p>\n<p>-DO 12 RATA PREKO \u0160OPING KARTICE UNICREDIT BANK<\/p>\n<p>&nbsp;<\/p>\n<p>Trgovinska Radnja TECHNO SHOP BN<\/p>\n<p>Nikole Tesle 31a, Bijeljina<\/p>\n<p>(izme\u0111u Moja Apoteka i picerije Park Ne\u0161kovi\u0107)<\/p>\n<p>055\/422-599;\u00a0<strong><u>065\/824-333<\/u><\/strong><\/p>\n<p>Radnim danima 09-19h<\/p>\n<p>Subotom 09-16h<\/p>\n<p>www.technoshopbn.com<\/p>\n<p><a href=\"https:\/\/olx.ba\/artikal\/51187537\/gaming-racunar-pc-i5-10400f-16gb-gtx-1660-ti\">info@technoshopbn.com<\/a><\/p>\n","protected":false},"excerpt":{"rendered":"<ul>\n<li><strong>Veli\u010dina ekrana:<\/strong>\u00a027&#8243;<\/li>\n<li><strong>Tip panela:<\/strong>\u00a0IPS<\/li>\n<li><strong>Rezolucija:<\/strong>\u00a01920\u00d71080 (Full HD)<\/li>\n<li><strong>Osvjetljenje:<\/strong>\u00a0250 cd\/m\u00b2<\/li>\n<li><strong>Vrijeme odziva:<\/strong>\u00a01 ms<\/li>\n<li><strong>Brzina osvje\u017eenja:<\/strong>\u00a0165 Hz<\/li>\n<li><strong>Priklju\u010dci:<\/strong>\u00a02\u00d7HDMI 2.0, DisplayPort<\/li>\n<li><strong>Zvu\u010dnici:<\/strong>\u00a02\u00d72W<\/li>\n<\/ul>\n","protected":false},"featured_media":11197,"comment_status":"open","ping_status":"closed","template":"","meta":[],"product_brand":[],"product_cat":[1089],"product_tag":[],"class_list":{"0":"post-11196","1":"product","2":"type-product","3":"status-publish","4":"has-post-thumbnail","6":"product_cat-novi-monitori","8":"first","9":"instock","10":"shipping-taxable","11":"purchasable","12":"product-type-simple"},"_links":{"self":[{"href":"https:\/\/astehshop.com\/wp-json\/wp\/v2\/product\/11196","targetHints":{"allow":["GET"]}}],"collection":[{"href":"https:\/\/astehshop.com\/wp-json\/wp\/v2\/product"}],"about":[{"href":"https:\/\/astehshop.com\/wp-json\/wp\/v2\/types\/product"}],"replies":[{"embeddable":true,"href":"https:\/\/astehshop.com\/wp-json\/wp\/v2\/comments?post=11196"}],"version-history":[{"count":0,"href":"https:\/\/astehshop.com\/wp-json\/wp\/v2\/product\/11196\/revisions"}],"wp:featuredmedia":[{"embeddable":true,"href":"https:\/\/astehshop.com\/wp-json\/wp\/v2\/media\/11197"}],"wp:attachment":[{"href":"https:\/\/astehshop.com\/wp-json\/wp\/v2\/media?parent=11196"}],"wp:term":[{"taxonomy":"product_brand","embeddable":true,"href":"https:\/\/astehshop.com\/wp-json\/wp\/v2\/product_brand?post=11196"},{"taxonomy":"product_cat","embeddable":true,"href":"https:\/\/astehshop.com\/wp-json\/wp\/v2\/product_cat?post=11196"},{"taxonomy":"product_tag","embeddable":true,"href":"https:\/\/astehshop.com\/wp-json\/wp\/v2\/product_tag?post=11196"}],"curies":[{"name":"wp","href":"https:\/\/api.w.org\/{rel}","templated":true}]}}