{"id":11173,"date":"2025-07-17T21:01:22","date_gmt":"2025-07-17T19:01:22","guid":{"rendered":"http:\/\/astehshop.com\/?post_type=product&#038;p=11173"},"modified":"2025-07-17T23:24:45","modified_gmt":"2025-07-17T21:24:45","slug":"gaming-monitor-24-samsung-ls24dg300euxen-odyssey-g30d-180hz","status":"publish","type":"product","link":"http:\/\/astehshop.com\/index.php\/product\/gaming-monitor-24-samsung-ls24dg300euxen-odyssey-g30d-180hz\/","title":{"rendered":"GAMING MONITOR 24&#8243; SAMSUNG LS24DG300EUXEN Odyssey G30D 180Hz"},"content":{"rendered":"<ul>\n<li>Veli\u010dina ekrana: 24&#8243;<\/li>\n<li>Rezolucija: 1920\u00d71080 (Full HD)<\/li>\n<li>Osvjetljenje: 250 cd\/m\u00b2<\/li>\n<li>Vrijeme odziva: 1 ms<\/li>\n<li>Brzina osvje\u017eenja: 180 Hz<\/li>\n<li>Tehnologija: AMD FreeSync<\/li>\n<li>Kontrast: 3000:1<\/li>\n<li>Priklju\u010dci: HDMI 2.0, DisplayPort 1.4, USB Type-A, ulaz za slu\u0161alice<\/li>\n<li>Dodatne funkcije: Pivot (rotacija ekrana)<\/li>\n<\/ul>\n<p><u><\/u>Za sve dodatne informacije mozete nas kontaktirati na\u00a0<strong>OLX poruke, 065824333 ili Viber<\/strong><\/p>\n<p>&nbsp;<\/p>\n<p>NUDIMO KUPOVINU NOVE ROBE NA RATE:<\/p>\n<p>-DO 18 RATA PREKO MIKROFIN KREDITNA ORGANIZACIJA<\/p>\n<p>-DO 12 RATA PREKO \u0160OPING KARTICE UNICREDIT BANK<\/p>\n<p>&nbsp;<\/p>\n<p>Trgovinska Radnja TECHNO SHOP BN<\/p>\n<p>Nikole Tesle 31a, Bijeljina<\/p>\n<p>(izme\u0111u Moja Apoteka i picerije Park Ne\u0161kovi\u0107)<\/p>\n<p>055\/422-599;\u00a0<strong><u>065\/824-333<\/u><\/strong><\/p>\n<p>Radnim danima 09-19h<\/p>\n<p>Subotom 09-16h<\/p>\n<p>www.technoshopbn.com<\/p>\n<p><a href=\"https:\/\/olx.ba\/artikal\/51187537\/gaming-racunar-pc-i5-10400f-16gb-gtx-1660-ti\">info@technoshopbn.com<\/a><\/p>\n","protected":false},"excerpt":{"rendered":"<ul>\n<li>Veli\u010dina ekrana: 24&#8243;<\/li>\n<li>Rezolucija: 1920\u00d71080 (Full HD)<\/li>\n<li>Osvjetljenje: 250 cd\/m\u00b2<\/li>\n<li>Vrijeme odziva: 1 ms<\/li>\n<li>Brzina osvje\u017eenja: 180 Hz<\/li>\n<li>Tehnologija: AMD FreeSync<\/li>\n<li>Kontrast: 3000:1<\/li>\n<li>Priklju\u010dci: HDMI 2.0, DisplayPort 1.4, USB Type-A, ulaz za slu\u0161alice<\/li>\n<li>Dodatne funkcije: Pivot (rotacija ekrana)<\/li>\n<\/ul>\n","protected":false},"featured_media":11174,"comment_status":"open","ping_status":"closed","template":"","meta":{"_mi_skip_tracking":false,"_exactmetrics_sitenote_active":false,"_exactmetrics_sitenote_note":"","_exactmetrics_sitenote_category":0,"spay_email":""},"product_cat":[1089],"product_tag":[],"brands":[{"id":2366,"name":"Samsung","slug":"samsung"}],"df_price":289,"df_sale_price":"","df_regular_price":289,"df_image_link":"https:\/\/i1.wp.com\/astehshop.com\/wp-content\/uploads\/2025\/07\/37529-24-SAMSUNG-LS24DG300EUXEN-Odyssey-Gaming-G30D-180Hz-Display-3.webp?fit=450%2C450","jetpack_publicize_connections":[],"jetpack_sharing_enabled":true,"jetpack_likes_enabled":true,"jetpack-related-posts":[{"id":11150,"url":"http:\/\/astehshop.com\/index.php\/product\/monitor-23-8-aoc-24b3ha2-100hz\/","url_meta":{"origin":11173,"position":0},"title":"MONITOR 23.8&#8243; AOC 24B3HA2 100Hz","date":"17. srpnja 2025.","format":false,"excerpt":"Veli\u010dina ekrana: 23.8\" Tip panela: IPS Rezolucija: 1920\u00d71080 (Full HD) Osvjetljenje: 250 cd\/m\u00b2 Vrijeme odziva: 1 ms Brzina osvje\u017eenja: 100 Hz Priklju\u010dci: HDMI, DisplayPort Ugra\u0111eni zvu\u010dnici: 2\u00d72W","rel":"","context":"Srodne objave","img":{"alt_text":"","src":"https:\/\/i0.wp.com\/astehshop.com\/wp-content\/uploads\/2025\/07\/38019-24B3HA2-1.webp?fit=450%2C450&resize=350%2C200","width":350,"height":200},"classes":[]},{"id":11161,"url":"http:\/\/astehshop.com\/index.php\/product\/monitor-27-aoc-27b3ha2-100hz\/","url_meta":{"origin":11173,"position":1},"title":"MONITOR 27&#8243; AOC 27B3HA2 100Hz","date":"17. srpnja 2025.","format":false,"excerpt":"Veli\u010dina ekrana: 27\" Tip panela: IPS Rezolucija: 1920\u00d71080 (Full HD) Osvjetljenje: 250 cd\/m\u00b2 Vrijeme odziva: 1 ms Brzina osvje\u017eenja: 100 Hz Priklju\u010dci: HDMI, DisplayPort Ugra\u0111eni zvu\u010dnici: 2\u00d72W","rel":"","context":"Srodne objave","img":{"alt_text":"","src":"https:\/\/i2.wp.com\/astehshop.com\/wp-content\/uploads\/2025\/07\/38019-24B3HA2-1-1.webp?fit=450%2C450&resize=350%2C200","width":350,"height":200},"classes":[]},{"id":11168,"url":"http:\/\/astehshop.com\/index.php\/product\/monitor-27-lg-27mr400-b-100hz\/","url_meta":{"origin":11173,"position":2},"title":"MONITOR 27&#8243; LG 27MR400-B 100Hz","date":"17. srpnja 2025.","format":false,"excerpt":"Veli\u010dina ekrana: 27\" Tip panela: IPS Rezolucija: 1920\u00d71080 (Full HD) Osvjetljenje: 250 cd\/m\u00b2 Vrijeme odziva: 5 ms Brzina osvje\u017eenja: 100 Hz Tehnologija: AMD FreeSync Priklju\u010dci: HDMI, VGA","rel":"","context":"Srodne objave","img":{"alt_text":"","src":"https:\/\/i1.wp.com\/astehshop.com\/wp-content\/uploads\/2025\/07\/35870-27-27MR400-B-100Hz-Display-1.webp?fit=450%2C450&resize=350%2C200","width":350,"height":200},"classes":[]},{"id":11181,"url":"http:\/\/astehshop.com\/index.php\/product\/gaming-monitor-23-8-aoc-24g15n2-180hz\/","url_meta":{"origin":11173,"position":3},"title":"GAMING MONITOR 23.8&#8243; AOC 24G15N2 180Hz","date":"17. srpnja 2025.","format":false,"excerpt":"Veli\u010dina ekrana: 23.8\" Tip panela: VA Rezolucija: 1920\u00d71080 (Full HD) Osvjetljenje: 250 cd\/m\u00b2 Vrijeme odziva: 1 ms Brzina osvje\u017eenja: 180 Hz Priklju\u010dci: HDMI 2.0, DisplayPort 1.4","rel":"","context":"Srodne objave","img":{"alt_text":"","src":"https:\/\/i1.wp.com\/astehshop.com\/wp-content\/uploads\/2025\/07\/37269-238-AOC-24G15N2-180Hz-Display-1.webp?fit=450%2C450&resize=350%2C200","width":350,"height":200},"classes":[]},{"id":11183,"url":"http:\/\/astehshop.com\/index.php\/product\/gaming-monitor-27-xiaomi-ela5375eu-g27i\/","url_meta":{"origin":11173,"position":4},"title":"GAMING MONITOR 27&#8243; XIAOMI ELA5375EU G27i","date":"18. srpnja 2025.","format":false,"excerpt":"Veli\u010dina ekrana: 27\" Tip panela: IPS Rezolucija: 1920\u00d71080 (Full HD) Osvjetljenje: 250 cd\/m\u00b2 Vrijeme odziva: 1 ms Brzina osvje\u017eenja: 165 Hz Tehnologije: AMD FreeSync, HDR10 Priklju\u010dci: HDMI, DisplayPort","rel":"","context":"Srodne objave","img":{"alt_text":"","src":"https:\/\/i1.wp.com\/astehshop.com\/wp-content\/uploads\/2025\/07\/36533-27-XIAOMI-ELA5375EU-G27i-Gaming-Display-2.webp?fit=450%2C450&resize=350%2C200","width":350,"height":200},"classes":[]},{"id":11193,"url":"http:\/\/astehshop.com\/index.php\/product\/gaming-monitor-27-aoc-27g15n2-180hz\/","url_meta":{"origin":11173,"position":5},"title":"GAMING MONITOR 27&#8243; AOC 27G15N2 180Hz","date":"18. srpnja 2025.","format":false,"excerpt":"Veli\u010dina ekrana: 27\" Tip panela: VA Rezolucija: 1920\u00d71080 (Full HD) Osvjetljenje: 250 cd\/m\u00b2 Vrijeme odziva: 1 ms Brzina osvje\u017eenja: 180 Hz Priklju\u010dci: HDMI 2.0, DisplayPort 1.4","rel":"","context":"Srodne objave","img":{"alt_text":"","src":"https:\/\/i0.wp.com\/astehshop.com\/wp-content\/uploads\/2025\/07\/37270-27-AOC-27G15N2-180Hz-Display-3.webp?fit=450%2C450&resize=350%2C200","width":350,"height":200},"classes":[]}],"_links":{"self":[{"href":"http:\/\/astehshop.com\/index.php\/wp-json\/wp\/v2\/product\/11173"}],"collection":[{"href":"http:\/\/astehshop.com\/index.php\/wp-json\/wp\/v2\/product"}],"about":[{"href":"http:\/\/astehshop.com\/index.php\/wp-json\/wp\/v2\/types\/product"}],"replies":[{"embeddable":true,"href":"http:\/\/astehshop.com\/index.php\/wp-json\/wp\/v2\/comments?post=11173"}],"wp:featuredmedia":[{"embeddable":true,"href":"http:\/\/astehshop.com\/index.php\/wp-json\/wp\/v2\/media\/11174"}],"wp:attachment":[{"href":"http:\/\/astehshop.com\/index.php\/wp-json\/wp\/v2\/media?parent=11173"}],"wp:term":[{"taxonomy":"product_cat","embeddable":true,"href":"http:\/\/astehshop.com\/index.php\/wp-json\/wp\/v2\/product_cat?post=11173"},{"taxonomy":"product_tag","embeddable":true,"href":"http:\/\/astehshop.com\/index.php\/wp-json\/wp\/v2\/product_tag?post=11173"}],"curies":[{"name":"wp","href":"https:\/\/api.w.org\/{rel}","templated":true}]}}