{"id":11141,"date":"2025-07-17T14:08:25","date_gmt":"2025-07-17T12:08:25","guid":{"rendered":"http:\/\/astehshop.com\/?post_type=product&#038;p=11141"},"modified":"2025-07-17T14:08:26","modified_gmt":"2025-07-17T12:08:26","slug":"stativ-tripod-selfie-stap-za-mobitel-do-7-daljinski-bluetooth","status":"publish","type":"product","link":"http:\/\/astehshop.com\/index.php\/product\/stativ-tripod-selfie-stap-za-mobitel-do-7-daljinski-bluetooth\/","title":{"rendered":"Stativ tripod selfie stap za mobitel do 7&#8243; + daljinski bluetooth"},"content":{"rendered":"<h4>Stativ tripod selfie stap za mobitel do 7&#8243; + daljinski bluetooth BOROFONE BY11 Happy live broadcast black<\/h4>\n<p><u><\/u>Za sve dodatne informacije mozete nas kontaktirati na\u00a0<strong>OLX poruke, 065824333 ili Viber<\/strong><\/p>\n<p>&nbsp;<\/p>\n<p>NUDIMO KUPOVINU NOVE ROBE NA RATE:<\/p>\n<p>-DO 18 RATA PREKO MIKROFIN KREDITNA ORGANIZACIJA<\/p>\n<p>-DO 12 RATA PREKO \u0160OPING KARTICE UNICREDIT BANK<\/p>\n<p>&nbsp;<\/p>\n<p>Trgovinska Radnja TECHNO SHOP BN<\/p>\n<p>Nikole Tesle 31a, Bijeljina<\/p>\n<p>(izme\u0111u Moja Apoteka i picerije Park Ne\u0161kovi\u0107)<\/p>\n<p>055\/422-599;\u00a0<strong><u>065\/824-333<\/u><\/strong><\/p>\n<p>Radnim danima 09-19h<\/p>\n<p>Subotom 09-16h<\/p>\n<p>www.technoshopbn.com<\/p>\n<p><a href=\"https:\/\/olx.ba\/artikal\/51187537\/gaming-racunar-pc-i5-10400f-16gb-gtx-1660-ti\">info@technoshopbn.com<\/a><\/p>\n","protected":false},"excerpt":{"rendered":"<h4>Stativ tripod selfie stap za mobitel do 7&#8243; + daljinski bluetooth BOROFONE BY11 Happy live broadcast black<\/h4>\n","protected":false},"featured_media":11142,"comment_status":"open","ping_status":"closed","template":"","meta":{"_mi_skip_tracking":false,"_exactmetrics_sitenote_active":false,"_exactmetrics_sitenote_note":"","_exactmetrics_sitenote_category":0,"spay_email":""},"product_cat":[15],"product_tag":[],"brands":[],"df_price":29,"df_sale_price":"","df_regular_price":29,"df_image_link":"https:\/\/i2.wp.com\/astehshop.com\/wp-content\/uploads\/2025\/07\/0127103_stativ-tripod-selfie-stap-za-mobitel-do-7-daljinski-bluetooth-borofone-by11-happy-live-broadcast-bla.png?fit=450%2C450","jetpack_publicize_connections":[],"jetpack_sharing_enabled":true,"jetpack_likes_enabled":true,"jetpack-related-posts":[{"id":8248,"url":"http:\/\/astehshop.com\/index.php\/product\/bluetooth-slusalice-rampage-tron\/","url_meta":{"origin":11141,"position":0},"title":"BLUETOOTH SLU\u0160ALICE RAMPAGE TRON","date":"3. rujna 2023.","format":false,"excerpt":"Bluetooth TWS slu\u0161alice za mobitel Proizvo\u0111a\u010d: Rampage Model: RM-TWS02G TRON Boja: Sive Baterija: do 4h","rel":"","context":"Srodne objave","img":{"alt_text":"","src":"https:\/\/i1.wp.com\/astehshop.com\/wp-content\/uploads\/2023\/09\/img-1693765850-32a128c2cec5.jpg?fit=1024%2C1024&resize=350%2C200","width":350,"height":200},"classes":[]},{"id":11370,"url":"http:\/\/astehshop.com\/index.php\/product\/digitalni-sat-sa-wireless-bezicnim-punjacem-za-mobitel-gembird\/","url_meta":{"origin":11141,"position":1},"title":"Digitalni sat sa wireless be\u017ei\u010dnim punja\u010dem za mobitel GEMBIRD","date":"23. srpnja 2025.","format":false,"excerpt":"Digitalni sat sa wireless be\u017ei\u010dnim punja\u010dem za mobitel GEMBIRD, silver, DAC-WPC-01-S","rel":"","context":"Srodne objave","img":{"alt_text":"","src":"https:\/\/i1.wp.com\/astehshop.com\/wp-content\/uploads\/2025\/07\/0096258_digitelni-sat-sa-wireless-bezicnim-punjacem-za-mobitel-gembird-silver-dac-wpc-01-s.jpeg?fit=900%2C900&resize=350%2C200","width":350,"height":200},"classes":[]},{"id":11376,"url":"http:\/\/astehshop.com\/index.php\/product\/digitalni-sat-sa-wireless-bezicnim-punjacem-za-mobitel-gembird-2\/","url_meta":{"origin":11141,"position":2},"title":"Digitalni sat sa wireless be\u017ei\u010dnim punja\u010dem za mobitel GEMBIRD","date":"23. srpnja 2025.","format":false,"excerpt":"Digitalni sat sa wireless be\u017ei\u010dnim punja\u010dem za mobitel GEMBIRD, DAC-WPC-01 Za sve dodatne informacije mozete nas kontaktirati na\u00a0OLX poruke, 065824333 ili Viber \u00a0 NUDIMO KUPOVINU NOVE ROBE NA RATE: -DO 18 RATA PREKO MIKROFIN KREDITNA ORGANIZACIJA -DO 12 RATA PREKO \u0160OPING KARTICE UNICREDIT BANK \u00a0 Trgovinska Radnja TECHNO SHOP BN\u2026","rel":"","context":"Srodne objave","img":{"alt_text":"","src":"https:\/\/i2.wp.com\/astehshop.com\/wp-content\/uploads\/2025\/07\/0100909_digitalni-sat-sa-wireless-bezicnim-punjacem-za-mobitel-gembird-dac-wpc-01.jpeg?fit=900%2C900&resize=350%2C200","width":350,"height":200},"classes":[]},{"id":8163,"url":"http:\/\/astehshop.com\/index.php\/product\/android-navi-multimedia-auto-radio\/","url_meta":{"origin":11141,"position":3},"title":"ANDROID NAVI MULTIMEDIA AUTO RADIO","date":"24. kolovoza 2023.","format":false,"excerpt":"ANDROID ( MOGU\u0106NOST SKIDANA SVIH APLIKACIJA KAO NA TELEFONU ) - 7 in\u010da -GPS NAVIGACIJA - WIFI - Bluetooth - SD Card - USB - FM Radio - Daljinski - Dzekovi - 7 \"HD display osjetljiv na dodir - IZLAZI 4 x 45W, - AUX-IN, - PODR\u0160KA ZA PARKING KAMERU,\u2026","rel":"","context":"Srodne objave","img":{"alt_text":"","src":"https:\/\/i0.wp.com\/astehshop.com\/wp-content\/uploads\/2023\/08\/auto-androdi.png?fit=1062%2C782&resize=350%2C200","width":350,"height":200},"classes":[]},{"id":5846,"url":"http:\/\/astehshop.com\/index.php\/product\/drzac-za-mobitel-za-bicikl-ads-120-crni\/","url_meta":{"origin":11141,"position":4},"title":"Dr\u017ea\u010d za mobitel za bicikl ADS-120 Crni","date":"23. sije\u010dnja 2022.","format":false,"excerpt":"Univerzalni dr\u017ea\u010d za mobitel za bicikl i motocikl Proizvo\u0111a\u010d: Addison Model: ADS-120 Boja: Crna Odgovara za sve vrste mobitela","rel":"","context":"Srodne objave","img":{"alt_text":"","src":"https:\/\/i0.wp.com\/astehshop.com\/wp-content\/uploads\/2022\/01\/rzac-za-mobitel-za-bicikl-ADS-120-Crni.jpg?fit=700%2C500&resize=350%2C200","width":350,"height":200},"classes":[]},{"id":7371,"url":"http:\/\/astehshop.com\/index.php\/product\/myers-daljinski-za-kontrolu-roletni-mrc-rf\/","url_meta":{"origin":11141,"position":5},"title":"Myers Daljinski za kontrolu roletni MRC-RF","date":"10. o\u017eujka 2023.","format":false,"excerpt":"Radna frekvencija: 433.92MHz Napon: Alkaline Battery LR23A 12V (baterije ne dolaze uz daljinski) Stadnby potro\u0161nja: 10uA Radna potro\u0161nja: \u226416mA Dimenzije : 110x36x14mm, 50g Radna temperatura : -20\u00b0\u0421 ~ +60\u00b0\u0421 Komunikacija : BLE (Bluetooth Low Energy)","rel":"","context":"Srodne objave","img":{"alt_text":"","src":"https:\/\/i0.wp.com\/astehshop.com\/wp-content\/uploads\/2023\/03\/MRC-RF.jpg?fit=1000%2C1000&resize=350%2C200","width":350,"height":200},"classes":[]}],"_links":{"self":[{"href":"http:\/\/astehshop.com\/index.php\/wp-json\/wp\/v2\/product\/11141"}],"collection":[{"href":"http:\/\/astehshop.com\/index.php\/wp-json\/wp\/v2\/product"}],"about":[{"href":"http:\/\/astehshop.com\/index.php\/wp-json\/wp\/v2\/types\/product"}],"replies":[{"embeddable":true,"href":"http:\/\/astehshop.com\/index.php\/wp-json\/wp\/v2\/comments?post=11141"}],"wp:featuredmedia":[{"embeddable":true,"href":"http:\/\/astehshop.com\/index.php\/wp-json\/wp\/v2\/media\/11142"}],"wp:attachment":[{"href":"http:\/\/astehshop.com\/index.php\/wp-json\/wp\/v2\/media?parent=11141"}],"wp:term":[{"taxonomy":"product_cat","embeddable":true,"href":"http:\/\/astehshop.com\/index.php\/wp-json\/wp\/v2\/product_cat?post=11141"},{"taxonomy":"product_tag","embeddable":true,"href":"http:\/\/astehshop.com\/index.php\/wp-json\/wp\/v2\/product_tag?post=11141"}],"curies":[{"name":"wp","href":"https:\/\/api.w.org\/{rel}","templated":true}]}}