{"id":11136,"date":"2025-07-17T14:03:28","date_gmt":"2025-07-17T12:03:28","guid":{"rendered":"http:\/\/astehshop.com\/?post_type=product&#038;p=11136"},"modified":"2025-07-17T14:03:30","modified_gmt":"2025-07-17T12:03:30","slug":"zvucnici-2-0-esperanza-folk","status":"publish","type":"product","link":"http:\/\/astehshop.com\/index.php\/product\/zvucnici-2-0-esperanza-folk\/","title":{"rendered":"Zvu\u010dnici 2.0 ESPERANZA FOLK"},"content":{"rendered":"<p><u>2x3W, 3.5mm, USB power, drvene kutije, EP122<\/u><\/p>\n<p>ESPERANZA FOLK 2.0 stereo zvu\u010dnici za laptopove i desktop ra\u010dunare nude snagu od 2\u00d73W, frekvencijski opseg od 60Hz do 20kHz, impedansu 4\u2126, ugra\u0111enu kontrolu ja\u010dine zvuka, napajaju se putem 5V USB priklju\u010dka, a dolaze sa kablovima du\u017eine 1m (USB i audio 3,5 mm) i me\u0111usobnim povezivanjem zvu\u010dnika od 0,8m; kompaktnih dimenzija 187\u00d770\u00d795 mm \u2014 idealni za svakodnevnu upotrebu uz jednostavno povezivanje.<\/p>\n<p><u><\/u>Za sve dodatne informacije mozete nas kontaktirati na\u00a0<strong>OLX poruke, 065824333 ili Viber<\/strong><\/p>\n<p>&nbsp;<\/p>\n<p>NUDIMO KUPOVINU NOVE ROBE NA RATE:<\/p>\n<p>-DO 18 RATA PREKO MIKROFIN KREDITNA ORGANIZACIJA<\/p>\n<p>-DO 12 RATA PREKO \u0160OPING KARTICE UNICREDIT BANK<\/p>\n<p>&nbsp;<\/p>\n<p>Trgovinska Radnja TECHNO SHOP BN<\/p>\n<p>Nikole Tesle 31a, Bijeljina<\/p>\n<p>(izme\u0111u Moja Apoteka i picerije Park Ne\u0161kovi\u0107)<\/p>\n<p>055\/422-599;\u00a0<strong><u>065\/824-333<\/u><\/strong><\/p>\n<p>Radnim danima 09-19h<\/p>\n<p>Subotom 09-16h<\/p>\n<p>www.technoshopbn.com<\/p>\n<p><a href=\"https:\/\/olx.ba\/artikal\/51187537\/gaming-racunar-pc-i5-10400f-16gb-gtx-1660-ti\">info@technoshopbn.com<\/a><\/p>\n","protected":false},"excerpt":{"rendered":"<p><u>2x3W, 3.5mm, USB power, drvene kutije, EP122<\/u><\/p>\n","protected":false},"featured_media":11137,"comment_status":"open","ping_status":"closed","template":"","meta":{"_mi_skip_tracking":false,"_exactmetrics_sitenote_active":false,"_exactmetrics_sitenote_note":"","_exactmetrics_sitenote_category":0,"spay_email":""},"product_cat":[5174],"product_tag":[],"brands":[],"df_price":29,"df_sale_price":"","df_regular_price":29,"df_image_link":"https:\/\/i1.wp.com\/astehshop.com\/wp-content\/uploads\/2025\/07\/0079384_zvucnici-20-esperanza-folk-2x3w-35mm-usb-power-drvene-kutije-ep122.jpeg?fit=450%2C450","jetpack_publicize_connections":[],"jetpack_sharing_enabled":true,"jetpack_likes_enabled":true,"jetpack-related-posts":[{"id":11134,"url":"http:\/\/astehshop.com\/index.php\/product\/zvucnici-bluetooth-esperanza-trival\/","url_meta":{"origin":11136,"position":0},"title":"Zvu\u010dnici BLUETOOTH ESPERANZA TRIVAL","date":"17. srpnja 2025.","format":false,"excerpt":"3W, FM Radio, USB+microSD, BLACK-RED, EP117KR","rel":"","context":"Srodne objave","img":{"alt_text":"","src":"","width":0,"height":0},"classes":[]},{"id":11110,"url":"http:\/\/astehshop.com\/index.php\/product\/game-pad-gembird-jpd-ub-01-za-pc-usb\/","url_meta":{"origin":11136,"position":1},"title":"Game Pad GEMBIRD JPD-UB-01, za PC, USB","date":"16. srpnja 2025.","format":false,"excerpt":"USB 2.0 gamepad namenjen za PC poseduje 4-smerni D-pad i 10 funkcijskih tastera, pru\u017ea preciznu kontrolu i kompatibilan je sa svim igrama koje podr\u017eavaju unos preko gamepada \u2014 jednostavan za kori\u0161\u0107enje i spreman za igru odmah po priklju\u010denju.","rel":"","context":"Srodne objave","img":{"alt_text":"","src":"https:\/\/i0.wp.com\/astehshop.com\/wp-content\/uploads\/2025\/07\/0084204_game-pad-gembird-jpd-ub-01-za-pc-usb.jpeg?fit=450%2C450&resize=350%2C200","width":350,"height":200},"classes":[]},{"id":11001,"url":"http:\/\/astehshop.com\/index.php\/product\/prenaponska-zastita\/","url_meta":{"origin":11136,"position":2},"title":"PRENAPONSKA ZA\u0160TITA","date":"14. srpnja 2025.","format":false,"excerpt":"Broj elektri\u010dnih uti\u010dnica: 3 Broj USB izlaza: 4 (3x USB-A, 1x USB-C) Napajanje: AC 230V 16A, 3680W Napon (USB): ukupno 5V 3,4A","rel":"","context":"Srodne objave","img":{"alt_text":"","src":"https:\/\/i2.wp.com\/astehshop.com\/wp-content\/uploads\/2025\/07\/exts-3s3m-usbc4.jpg?fit=607%2C817&resize=350%2C200","width":350,"height":200},"classes":[]},{"id":11139,"url":"http:\/\/astehshop.com\/index.php\/product\/zvucnik-bluetooth-esperanza-fado\/","url_meta":{"origin":11136,"position":3},"title":"Zvu\u010dnik BLUETOOTH ESPERANZA FADO","date":"17. srpnja 2025.","format":false,"excerpt":"FM radio, microSD, USB, EP133K","rel":"","context":"Srodne objave","img":{"alt_text":"","src":"https:\/\/i2.wp.com\/astehshop.com\/wp-content\/uploads\/2025\/07\/0090342_zvucnik-bluetooth-esperanza-fado-fm-radio-microsd-usb-ep133k.jpeg?fit=450%2C450&resize=350%2C200","width":350,"height":200},"classes":[]},{"id":10998,"url":"http:\/\/astehshop.com\/index.php\/product\/produzni-kabl-2xsuko-2xusb-1xusb-c-bezicni-punjac\/","url_meta":{"origin":11136,"position":4},"title":"PRODU\u017dNI KABL 2x\u0160uko 2xUSB 1xUSB-C, be\u017ei\u010dni punja\u010d","date":"14. srpnja 2025.","format":false,"excerpt":"AC klasa: 230V, 16A, 3680W Broj Schuko uti\u010dnica: 2 Broj USB priklju\u010daka: 3 USB izlaz: 2x USB-A + 1x USB-C Ukupna snaga USB izlaza: 5V 2.1A Be\u017ei\u010dni punja\u010d: 10W Za\u0161tita od preoptere\u0107enja (AC uti\u010dnice, USB priklju\u010dci)","rel":"","context":"Srodne objave","img":{"alt_text":"","src":"https:\/\/i0.wp.com\/astehshop.com\/wp-content\/uploads\/2025\/07\/exts-2s2m-prot.jpg?fit=1024%2C768&resize=350%2C200","width":350,"height":200},"classes":[]},{"id":11206,"url":"http:\/\/astehshop.com\/index.php\/product\/monitor-zakrivljeni-27-iiyama-g2766hsu-b1-g-master-red-eagle\/","url_meta":{"origin":11136,"position":5},"title":"MONITOR ZAKRIVLJENI 27&#8243; IIYAMA G2766HSU-B1 G-Master Red Eagle","date":"18. srpnja 2025.","format":false,"excerpt":"Veli\u010dina ekrana:\u00a027\" Tip panela:\u00a0VA Rezolucija:\u00a01920\u00d71080 (Full HD) Osvjetljenje:\u00a0250 cd\/m\u00b2 Vrijeme odziva:\u00a01 ms Brzina osvje\u017eenja:\u00a0165 Hz Tehnologija:\u00a0AMD FreeSync Premium Priklju\u010dci:\u00a0HDMI 2.0, DisplayPort, 2\u00d7USB, USB-B Zvu\u010dnici:\u00a02\u00d72W","rel":"","context":"Srodne objave","img":{"alt_text":"","src":"https:\/\/i2.wp.com\/astehshop.com\/wp-content\/uploads\/2025\/07\/38239-27-IIYAMA-G2766HSU-B1-G-Master-Red-Eagle-Curved-Display-3.webp?fit=450%2C450&resize=350%2C200","width":350,"height":200},"classes":[]}],"_links":{"self":[{"href":"http:\/\/astehshop.com\/index.php\/wp-json\/wp\/v2\/product\/11136"}],"collection":[{"href":"http:\/\/astehshop.com\/index.php\/wp-json\/wp\/v2\/product"}],"about":[{"href":"http:\/\/astehshop.com\/index.php\/wp-json\/wp\/v2\/types\/product"}],"replies":[{"embeddable":true,"href":"http:\/\/astehshop.com\/index.php\/wp-json\/wp\/v2\/comments?post=11136"}],"wp:featuredmedia":[{"embeddable":true,"href":"http:\/\/astehshop.com\/index.php\/wp-json\/wp\/v2\/media\/11137"}],"wp:attachment":[{"href":"http:\/\/astehshop.com\/index.php\/wp-json\/wp\/v2\/media?parent=11136"}],"wp:term":[{"taxonomy":"product_cat","embeddable":true,"href":"http:\/\/astehshop.com\/index.php\/wp-json\/wp\/v2\/product_cat?post=11136"},{"taxonomy":"product_tag","embeddable":true,"href":"http:\/\/astehshop.com\/index.php\/wp-json\/wp\/v2\/product_tag?post=11136"}],"curies":[{"name":"wp","href":"https:\/\/api.w.org\/{rel}","templated":true}]}}