{"id":11132,"date":"2025-07-16T16:59:52","date_gmt":"2025-07-16T14:59:52","guid":{"rendered":"http:\/\/astehshop.com\/?post_type=product&#038;p=11132"},"modified":"2026-04-06T11:22:31","modified_gmt":"2026-04-06T09:22:31","slug":"mini-smart-wi-fi-uticnica","status":"publish","type":"product","link":"http:\/\/astehshop.com\/index.php\/product\/mini-smart-wi-fi-uticnica\/","title":{"rendered":"Mini Smart Wi-Fi uti\u010dnica"},"content":{"rendered":"<p><u>Mini Smart Wi-Fi uti\u010dnica TP-Link Tapo P115 1-pack Monitoring Energije, 100-240 V, Max Load 16A 3680W, 50\/60 Hz, 2.4 GHz Wi-Fi<\/u><\/p>\n<p>Za sve dodatne informacije mozete nas kontaktirati na\u00a0<strong>OLX poruke, 065824333 ili Viber<\/strong><\/p>\n<p>&nbsp;<\/p>\n<p>NUDIMO KUPOVINU NOVE ROBE NA RATE:<\/p>\n<p>-DO 18 RATA PREKO MIKROFIN KREDITNA ORGANIZACIJA<\/p>\n<p>-DO 12 RATA PREKO \u0160OPING KARTICE UNICREDIT BANK<\/p>\n<p>&nbsp;<\/p>\n<p>Trgovinska Radnja TECHNO SHOP BN<\/p>\n<p>Nikole Tesle 31a, Bijeljina<\/p>\n<p>(izme\u0111u Moja Apoteka i picerije Park Ne\u0161kovi\u0107)<\/p>\n<p>055\/422-599;\u00a0<strong><u>065\/824-333<\/u><\/strong><\/p>\n<p>Radnim danima 09-19h<\/p>\n<p>Subotom 09-16h<\/p>\n<p>www.technoshopbn.com<\/p>\n<p><a href=\"https:\/\/olx.ba\/artikal\/51187537\/gaming-racunar-pc-i5-10400f-16gb-gtx-1660-ti\">info@technoshopbn.com<\/a><\/p>\n","protected":false},"excerpt":{"rendered":"<p><u>Mini Smart Wi-Fi uti\u010dnica TP-Link Tapo P115 1-pack Monitoring Energije, 100-240 V, Max Load 16A 3680W, 50\/60 Hz, 2.4 GHz Wi-Fi<\/u><\/p>\n","protected":false},"featured_media":11133,"comment_status":"open","ping_status":"closed","template":"","meta":{"_mi_skip_tracking":false,"_exactmetrics_sitenote_active":false,"_exactmetrics_sitenote_note":"","_exactmetrics_sitenote_category":0,"spay_email":""},"product_cat":[4044],"product_tag":[],"brands":[],"df_price":54,"df_sale_price":"","df_regular_price":54,"df_image_link":"https:\/\/i2.wp.com\/astehshop.com\/wp-content\/uploads\/2025\/07\/0114849_tp-link-tapo-p1151-pack-mini-smart-wi-fi-socket-energy-monitoring-100-240-v-max-load-16-a-3680w-5060.jpeg?fit=450%2C450","jetpack_publicize_connections":[],"jetpack_sharing_enabled":true,"jetpack_likes_enabled":true,"jetpack-related-posts":[{"id":6785,"url":"http:\/\/astehshop.com\/index.php\/product\/tapo-pametna-uticnica\/","url_meta":{"origin":11132,"position":0},"title":"Tapo pametna uti\u010dnica","date":"21. studenoga 2022.","format":false,"excerpt":"TP-Link Tapo P100(1-pack) Mini Smart Wi-Fi Socket, 220-240 V, 50\/60 Hz, Max Load 10 A, 1200W, , 2.4 GHz Wi-Fi, Bluetooth 4.2 (onboarding only), 802.11 b\/g\/n, Amazon Certified for Humans (FFS), Voice Control (works with Amazon Alexa and Google As.) Garancija, mjesec: 36 Izvoz kartice proizvoda u .pdf format","rel":"","context":"Srodne objave","img":{"alt_text":"","src":"https:\/\/i0.wp.com\/astehshop.com\/wp-content\/uploads\/2022\/11\/210618140013553333.jpg?fit=568%2C574&resize=350%2C200","width":350,"height":200},"classes":[]},{"id":6787,"url":"http:\/\/astehshop.com\/index.php\/product\/tapo-p100-set-2-komada\/","url_meta":{"origin":11132,"position":1},"title":"TAPO-P100 set 2 komada","date":"21. studenoga 2022.","format":false,"excerpt":"TP-Link Tapo P100(2-pack) Mini Smart Wi-Fi Socket, 220-240 V, 50\/60 Hz, Max Load 10 A, 1200W, , 2.4 GHz Wi-Fi, Bluetooth 4.2 (onboarding only), 802.11 b\/g\/n, Amazon Certified for Humans (FFS), Voice Control (works with Amazon Alexa and Google As.)","rel":"","context":"Srodne objave","img":{"alt_text":"","src":"https:\/\/i0.wp.com\/astehshop.com\/wp-content\/uploads\/2022\/11\/tapo-2-kom.jpg?fit=566%2C567&resize=350%2C200","width":350,"height":200},"classes":[]},{"id":7242,"url":"http:\/\/astehshop.com\/index.php\/product\/pametna-uticnica-ezviz-cs-t30-10a-eu\/","url_meta":{"origin":11132,"position":2},"title":"Pametna uti\u010dnica ezviz CS-T30-10A-EU HikVision Ezviz","date":"15. velja\u010de 2023.","format":false,"excerpt":"\u2022 Smart Wi-Fi uti\u010dnica \u2022 Dodatne funkcije : daljinska kontrola, vremenski prekida\u010d, odbrojavanje \u2022 Pokretanje: 30 sek \u2022 Podr\u017eava 2.4 GHz WiFi \u2022 Upravljanje sa aplikacijom i glasom ( Google Assistant i Alexa) \u2022 Otpornost na po\u017ear do 750\u00b0C \u2022 Napajanje\/snaga : 220 - 240VAC\/ 2300 W \u00a0","rel":"","context":"Srodne objave","img":{"alt_text":"","src":"https:\/\/i1.wp.com\/astehshop.com\/wp-content\/uploads\/2023\/02\/0005078_cs-t30-10a-eu.jpeg?fit=1200%2C1200&resize=350%2C200","width":350,"height":200},"classes":[]},{"id":7244,"url":"http:\/\/astehshop.com\/index.php\/product\/pametna-uticnica-ezviz-cs-t30-10b-eu-hikvision-ezviz\/","url_meta":{"origin":11132,"position":3},"title":"Pametna uti\u010dnica ezviz CS-T30-10B-EU HikVision Ezviz","date":"15. velja\u010de 2023.","format":false,"excerpt":"\u00a0\u00a0Smart Wi-Fi uti\u010dnica \u00a0\u00a0\u00a0\u00a0\u00a0\u00a0\u00a0\u00a0\u00a0\u00a0 \u00a0\u00a0\u00a0Dodatne funkcije : daljinska kontrola, vremenski \u00a0\u00a0\u00a0\u00a0\u00a0\u00a0\u00a0\u00a0\u00a0\u00a0\u00a0\u00a0\u00a0\u00a0\u00a0\u00a0\u00a0\u00a0prekida\u010d, odbrojavanje, statistika \u00a0\u00a0\u00a0Pokretanje: 30 sek \u00a0\u00a0\u00a0Podr\u017eava \u00a02.4 GHz WiFi \u00a0\u00a0\u00a0Upravljanje sa aplikacijom i glasom \u00a0\u00a0\u00a0\u00a0\u00a0\u00a0\u00a0\u00a0\u00a0\u00a0\u00a0\u00a0\u00a0\u00a0\u00a0\u00a0\u00a0\u00a0\u00a0( Google Assistant i Alexa) \u00a0\u00a0\u00a0Otpornost na po\u017ear do 750\u00b0C \u00a0\u00a0\u00a0Napajanje\/snaga : \u00a0220 - 240VAC\/ 2300 W","rel":"","context":"Srodne objave","img":{"alt_text":"","src":"https:\/\/i1.wp.com\/astehshop.com\/wp-content\/uploads\/2023\/02\/0005078_cs-t30-10a-eu.jpeg?fit=1200%2C1200&resize=350%2C200","width":350,"height":200},"classes":[]},{"id":9036,"url":"http:\/\/astehshop.com\/index.php\/product\/sensbi-zocketi-usbc-pametna-uticnica\/","url_meta":{"origin":11132,"position":4},"title":"Sensbi ZOCKETI-USBC Pametna uti\u010dnica","date":"19. velja\u010de 2024.","format":false,"excerpt":"Pametna uti\u010dnica. Mogu\u0107nost povezivanja na Sensbi aplikaciju preko Zigbee gateway. Radi samo na 2.4GHz. Input voltage: AC 100-240V. Rated Frequency: 50\/60Hz. Max.Current: 16A. Max.Power: 3000W. Output: DC 20W Max. USB-A + USB-C: 5V\/2A Ma","rel":"","context":"Srodne objave","img":{"alt_text":"","src":"https:\/\/i2.wp.com\/astehshop.com\/wp-content\/uploads\/2024\/02\/sensbi-zocketi-usbc-pametna-uticnica_0.jpg?fit=1200%2C798&resize=350%2C200","width":350,"height":200},"classes":[]},{"id":6696,"url":"http:\/\/astehshop.com\/index.php\/product\/wi-fi-mrezna-kartica-2-4-ghz-4-db-150-mbps-tp-link\/","url_meta":{"origin":11132,"position":5},"title":"Wi-Fi mre\u017ena kartica, 2.4 GHz, 4 dB, 150 Mbps, TP LINK","date":"19. studenoga 2022.","format":false,"excerpt":"USB Wi-Fi mre\u017ena kartica, 150 Mbps, 4 dB, 802.11 b \/ g \/ n, frekventni opseg 2.4 GHz, 64 \/ 128-bit WPA, WPA-PSK, WPA2, WPA2-PSK, Podr\u017eano Windows XP \/ Vista \/ 7 \/ 8, Linux i Mac OS-X","rel":"","context":"Srodne objave","img":{"alt_text":"","src":"https:\/\/i0.wp.com\/astehshop.com\/wp-content\/uploads\/2022\/11\/6935364050467.jpg?fit=974%2C944&resize=350%2C200","width":350,"height":200},"classes":[]}],"_links":{"self":[{"href":"http:\/\/astehshop.com\/index.php\/wp-json\/wp\/v2\/product\/11132"}],"collection":[{"href":"http:\/\/astehshop.com\/index.php\/wp-json\/wp\/v2\/product"}],"about":[{"href":"http:\/\/astehshop.com\/index.php\/wp-json\/wp\/v2\/types\/product"}],"replies":[{"embeddable":true,"href":"http:\/\/astehshop.com\/index.php\/wp-json\/wp\/v2\/comments?post=11132"}],"wp:featuredmedia":[{"embeddable":true,"href":"http:\/\/astehshop.com\/index.php\/wp-json\/wp\/v2\/media\/11133"}],"wp:attachment":[{"href":"http:\/\/astehshop.com\/index.php\/wp-json\/wp\/v2\/media?parent=11132"}],"wp:term":[{"taxonomy":"product_cat","embeddable":true,"href":"http:\/\/astehshop.com\/index.php\/wp-json\/wp\/v2\/product_cat?post=11132"},{"taxonomy":"product_tag","embeddable":true,"href":"http:\/\/astehshop.com\/index.php\/wp-json\/wp\/v2\/product_tag?post=11132"}],"curies":[{"name":"wp","href":"https:\/\/api.w.org\/{rel}","templated":true}]}}