{"id":11130,"date":"2025-07-16T16:57:58","date_gmt":"2025-07-16T14:57:58","guid":{"rendered":"http:\/\/astehshop.com\/?post_type=product&#038;p=11130"},"modified":"2025-07-16T16:58:00","modified_gmt":"2025-07-16T14:58:00","slug":"tp-link-tapo-c320ws-tp-link-outdoor-security-wi-fi-camera","status":"publish","type":"product","link":"http:\/\/astehshop.com\/index.php\/product\/tp-link-tapo-c320ws-tp-link-outdoor-security-wi-fi-camera\/","title":{"rendered":"TP-Link Tapo C320WS TP-Link Outdoor Security Wi-Fi Camera"},"content":{"rendered":"<p>Pametna sigurnosna kamera sa 2K QHD rezolucijom (2560\u00d71440) snima kristalno \u010diste slike, podr\u017eava \u017ei\u010dano (Ethernet) i be\u017ei\u010dno (WiFi) umre\u017eavanje za fleksibilnu instalaciju, pru\u017ea no\u0107ni vid u punoj boji i Starlight Night Vision za kvalitetan prikaz pri slabom osvjetljenju, detektuje pokret i \u0161alje obavijesti, ima zvu\u010dni i svjetlosni alarm za za\u0161titu, dvosmjerni audio za komunikaciju, lokalnu pohranu do 256 GB na microSD kartici, te podr\u017eava glasovno upravljanje putem Google Assistanta i Amazon Alexe.<\/p>\n<p>Za sve dodatne informacije mozete nas kontaktirati na\u00a0<strong>OLX poruke, 065824333 ili Viber<\/strong><\/p>\n<p>&nbsp;<\/p>\n<p>NUDIMO KUPOVINU NOVE ROBE NA RATE:<\/p>\n<p>-DO 18 RATA PREKO MIKROFIN KREDITNA ORGANIZACIJA<\/p>\n<p>-DO 12 RATA PREKO \u0160OPING KARTICE UNICREDIT BANK<\/p>\n<p>&nbsp;<\/p>\n<p>Trgovinska Radnja TECHNO SHOP BN<\/p>\n<p>Nikole Tesle 31a, Bijeljina<\/p>\n<p>(izme\u0111u Moja Apoteka i picerije Park Ne\u0161kovi\u0107)<\/p>\n<p>055\/422-599;\u00a0<strong><u>065\/824-333<\/u><\/strong><\/p>\n<p>Radnim danima 09-19h<\/p>\n<p>Subotom 09-16h<\/p>\n<p>www.technoshopbn.com<\/p>\n<p><a href=\"https:\/\/olx.ba\/artikal\/51187537\/gaming-racunar-pc-i5-10400f-16gb-gtx-1660-ti\">info@technoshopbn.com<\/a><\/p>\n","protected":false},"excerpt":{"rendered":"<p>Pametna sigurnosna kamera sa 2K QHD rezolucijom (2560\u00d71440) snima kristalno \u010diste slike, podr\u017eava \u017ei\u010dano (Ethernet) i be\u017ei\u010dno (WiFi) umre\u017eavanje za fleksibilnu instalaciju, pru\u017ea no\u0107ni vid u punoj boji i Starlight Night Vision za kvalitetan prikaz pri slabom osvjetljenju, detektuje pokret i \u0161alje obavijesti, ima zvu\u010dni i svjetlosni alarm za za\u0161titu, dvosmjerni audio za komunikaciju, lokalnu pohranu do 256 GB na microSD kartici, te podr\u017eava glasovno upravljanje putem Google Assistanta i Amazon Alexe.<\/p>\n","protected":false},"featured_media":11131,"comment_status":"open","ping_status":"closed","template":"","meta":{"_mi_skip_tracking":false,"_exactmetrics_sitenote_active":false,"_exactmetrics_sitenote_note":"","_exactmetrics_sitenote_category":0,"spay_email":""},"product_cat":[130],"product_tag":[],"brands":[],"df_price":139,"df_sale_price":"","df_regular_price":139,"df_image_link":"https:\/\/i1.wp.com\/astehshop.com\/wp-content\/uploads\/2025\/07\/0109929_tapo-c320ws-tp-link-outdoor-security-wi-fi-camera-4mp-2k-qhd.jpeg?fit=450%2C450","jetpack_publicize_connections":[],"jetpack_sharing_enabled":true,"jetpack_likes_enabled":true,"jetpack-related-posts":[{"id":10358,"url":"http:\/\/astehshop.com\/index.php\/product\/ea-sports-fc-25-ps4\/","url_meta":{"origin":11130,"position":0},"title":"EA SPORTS FC 25 PS4","date":"12. svibnja 2025.","format":false,"excerpt":"EA SPORTS FC 25 PS4 Za sve dodatne informacije mozete nas kontaktirati na OLX poruke, 065824333 ili Viber \u00a0 \u00a0NUDIMO KUPOVINU NOVE ROBE NA RATE: -DO 18 RATA PREKO MIKROFIN KREDITNA ORGANIZACIJA -DO 12 RATA PREKO \u0160OPING KARTICE UNICREDIT BANK","rel":"","context":"Srodne objave","img":{"alt_text":"","src":"https:\/\/i2.wp.com\/astehshop.com\/wp-content\/uploads\/2025\/05\/img-1747042493-c194c99acf2f.jpg?fit=900%2C900&resize=350%2C200","width":350,"height":200},"classes":[]},{"id":11350,"url":"http:\/\/astehshop.com\/index.php\/product\/drzac-za-mob-tel-na-motoru-xlz-black\/","url_meta":{"origin":11130,"position":1},"title":"DRZAC ZA MOB.TEL NA MOTORU XL+Z BLACK","date":"23. srpnja 2025.","format":false,"excerpt":"\u00a0DRZAC ZA MOB.TEL NA MOTORU XL+Z BLACK Za sve dodatne informacije mozete nas kontaktirati na\u00a0OLX poruke, 065824333 ili Viber \u00a0 NUDIMO KUPOVINU NOVE ROBE NA RATE: -DO 18 RATA PREKO MIKROFIN KREDITNA ORGANIZACIJA -DO 12 RATA PREKO \u0160OPING KARTICE UNICREDIT BANK \u00a0 Trgovinska Radnja TECHNO SHOP BN Nikole Tesle 31a,\u2026","rel":"","context":"Srodne objave","img":{"alt_text":"","src":"https:\/\/i2.wp.com\/astehshop.com\/wp-content\/uploads\/2025\/07\/0118314_drzac-za-mobtel-na-motoru-xlz-black.jpeg?fit=900%2C900&resize=350%2C200","width":350,"height":200},"classes":[]},{"id":11059,"url":"http:\/\/astehshop.com\/index.php\/product\/tp-link-tl-wa855re-range-extender-n\/","url_meta":{"origin":11130,"position":2},"title":"TP-LINK TL-WA855RE Range Extender N","date":"15. srpnja 2025.","format":false,"excerpt":"Za sve dodatne informacije mozete nas kontaktirati na\u00a0OLX poruke, 065824333 ili Viber \u00a0 NUDIMO KUPOVINU NOVE ROBE NA RATE: -DO 18 RATA PREKO MIKROFIN KREDITNA ORGANIZACIJA -DO 12 RATA PREKO \u0160OPING KARTICE UNICREDIT BANK \u00a0 Trgovinska Radnja TECHNO SHOP BN Nikole Tesle 31a, Bijeljina (izme\u0111u Moja Apoteka i picerije Park\u2026","rel":"","context":"Srodne objave","img":{"alt_text":"","src":"https:\/\/i2.wp.com\/astehshop.com\/wp-content\/uploads\/2025\/07\/0088816_tp-link-tl-wa855re-range-extender-n.jpeg?fit=450%2C450&resize=350%2C200","width":350,"height":200},"classes":[]},{"id":11060,"url":"http:\/\/astehshop.com\/index.php\/product\/usb-wlan-tp-link-150mb\/","url_meta":{"origin":11130,"position":3},"title":"USB WLAN TP-Link 150Mb","date":"15. srpnja 2025.","format":false,"excerpt":"Za sve dodatne informacije mozete nas kontaktirati na\u00a0OLX poruke, 065824333 ili Viber \u00a0 NUDIMO KUPOVINU NOVE ROBE NA RATE: -DO 18 RATA PREKO MIKROFIN KREDITNA ORGANIZACIJA -DO 12 RATA PREKO \u0160OPING KARTICE UNICREDIT BANK \u00a0 Trgovinska Radnja TECHNO SHOP BN Nikole Tesle 31a, Bijeljina (izme\u0111u Moja Apoteka i picerije Park\u2026","rel":"","context":"Srodne objave","img":{"alt_text":"","src":"https:\/\/i2.wp.com\/astehshop.com\/wp-content\/uploads\/2025\/07\/0074259_usb-wlan-tp-link-150mb-tl-wn727n-lite-n-ngb.jpeg?fit=450%2C450&resize=350%2C200","width":350,"height":200},"classes":[]},{"id":11058,"url":"http:\/\/astehshop.com\/index.php\/product\/usb-wlan-tp-link\/","url_meta":{"origin":11130,"position":4},"title":"USB WLAN TP-Link","date":"15. srpnja 2025.","format":false,"excerpt":"USB WLAN TP-Link TL-WN722N Lite-N 802.11n\/g\/b, do 150Mbps","rel":"","context":"Srodne objave","img":{"alt_text":"","src":"https:\/\/i0.wp.com\/astehshop.com\/wp-content\/uploads\/2025\/07\/0060711_usb-wlan-tp-link-tl-wn722n-lite-n-80211ngb.jpeg?fit=450%2C450&resize=350%2C200","width":350,"height":200},"classes":[]},{"id":10360,"url":"http:\/\/astehshop.com\/index.php\/product\/ea-sports-fc-25-ps5\/","url_meta":{"origin":11130,"position":5},"title":"EA SPORTS FC 25 PS5","date":"12. svibnja 2025.","format":false,"excerpt":"EA SPORTS FC 25 PS5 Za sve dodatne informacije mozete nas kontaktirati na OLX poruke, 065824333 ili Viber \u00a0 \u00a0NUDIMO KUPOVINU NOVE ROBE NA RATE: -DO 18 RATA PREKO MIKROFIN KREDITNA ORGANIZACIJA -DO 12 RATA PREKO \u0160OPING KARTICE UNICREDIT BANK","rel":"","context":"Srodne objave","img":{"alt_text":"","src":"https:\/\/i2.wp.com\/astehshop.com\/wp-content\/uploads\/2025\/05\/img-1747042602-b9c9a9a1609a.jpg?fit=900%2C900&resize=350%2C200","width":350,"height":200},"classes":[]}],"_links":{"self":[{"href":"http:\/\/astehshop.com\/index.php\/wp-json\/wp\/v2\/product\/11130"}],"collection":[{"href":"http:\/\/astehshop.com\/index.php\/wp-json\/wp\/v2\/product"}],"about":[{"href":"http:\/\/astehshop.com\/index.php\/wp-json\/wp\/v2\/types\/product"}],"replies":[{"embeddable":true,"href":"http:\/\/astehshop.com\/index.php\/wp-json\/wp\/v2\/comments?post=11130"}],"wp:featuredmedia":[{"embeddable":true,"href":"http:\/\/astehshop.com\/index.php\/wp-json\/wp\/v2\/media\/11131"}],"wp:attachment":[{"href":"http:\/\/astehshop.com\/index.php\/wp-json\/wp\/v2\/media?parent=11130"}],"wp:term":[{"taxonomy":"product_cat","embeddable":true,"href":"http:\/\/astehshop.com\/index.php\/wp-json\/wp\/v2\/product_cat?post=11130"},{"taxonomy":"product_tag","embeddable":true,"href":"http:\/\/astehshop.com\/index.php\/wp-json\/wp\/v2\/product_tag?post=11130"}],"curies":[{"name":"wp","href":"https:\/\/api.w.org\/{rel}","templated":true}]}}