{"id":11102,"date":"2025-07-16T16:26:24","date_gmt":"2025-07-16T14:26:24","guid":{"rendered":"http:\/\/astehshop.com\/?post_type=product&#038;p=11102"},"modified":"2025-07-16T16:26:25","modified_gmt":"2025-07-16T14:26:25","slug":"mikrofon-gaming-rampage","status":"publish","type":"product","link":"https:\/\/astehshop.com\/trgovina\/ozvucenje\/mikrofoni\/mikrofon-gaming-rampage\/","title":{"rendered":"Mikrofon gaming RAMPAGE"},"content":{"rendered":"<p><u>Mikrofon gaming RAMPAGE Bemol RGB Black Microphone with Shock Mount and Pop Filter for Gaming, Streaming, Podcasts, 41147<\/u><\/p>\n<p>Za sve dodatne informacije mozete nas kontaktirati na\u00a0<strong>OLX poruke, 065824333 ili Viber<\/strong><\/p>\n<p>&nbsp;<\/p>\n<p>NUDIMO KUPOVINU NOVE ROBE NA RATE:<\/p>\n<p>-DO 18 RATA PREKO MIKROFIN KREDITNA ORGANIZACIJA<\/p>\n<p>-DO 12 RATA PREKO \u0160OPING KARTICE UNICREDIT BANK<\/p>\n<p>&nbsp;<\/p>\n<p>Trgovinska Radnja TECHNO SHOP BN<\/p>\n<p>Nikole Tesle 31a, Bijeljina<\/p>\n<p>(izme\u0111u Moja Apoteka i picerije Park Ne\u0161kovi\u0107)<\/p>\n<p>055\/422-599;\u00a0<strong><u>065\/824-333<\/u><\/strong><\/p>\n<p>Radnim danima 09-19h<\/p>\n<p>Subotom 09-16h<\/p>\n<p>www.technoshopbn.com<\/p>\n<p><a href=\"https:\/\/olx.ba\/artikal\/51187537\/gaming-racunar-pc-i5-10400f-16gb-gtx-1660-ti\">info@technoshopbn.com<\/a><\/p>\n","protected":false},"excerpt":{"rendered":"<p><u>Mikrofon gaming RAMPAGE Bemol RGB Black Microphone with Shock Mount and Pop Filter for Gaming, Streaming, Podcasts, 41147<\/u><\/p>\n","protected":false},"featured_media":11103,"comment_status":"open","ping_status":"closed","template":"","meta":[],"product_brand":[],"product_cat":[7557],"product_tag":[],"class_list":{"0":"post-11102","1":"product","2":"type-product","3":"status-publish","4":"has-post-thumbnail","6":"product_cat-mikrofoni","8":"first","9":"instock","10":"shipping-taxable","11":"purchasable","12":"product-type-simple"},"_links":{"self":[{"href":"https:\/\/astehshop.com\/wp-json\/wp\/v2\/product\/11102","targetHints":{"allow":["GET"]}}],"collection":[{"href":"https:\/\/astehshop.com\/wp-json\/wp\/v2\/product"}],"about":[{"href":"https:\/\/astehshop.com\/wp-json\/wp\/v2\/types\/product"}],"replies":[{"embeddable":true,"href":"https:\/\/astehshop.com\/wp-json\/wp\/v2\/comments?post=11102"}],"version-history":[{"count":0,"href":"https:\/\/astehshop.com\/wp-json\/wp\/v2\/product\/11102\/revisions"}],"wp:featuredmedia":[{"embeddable":true,"href":"https:\/\/astehshop.com\/wp-json\/wp\/v2\/media\/11103"}],"wp:attachment":[{"href":"https:\/\/astehshop.com\/wp-json\/wp\/v2\/media?parent=11102"}],"wp:term":[{"taxonomy":"product_brand","embeddable":true,"href":"https:\/\/astehshop.com\/wp-json\/wp\/v2\/product_brand?post=11102"},{"taxonomy":"product_cat","embeddable":true,"href":"https:\/\/astehshop.com\/wp-json\/wp\/v2\/product_cat?post=11102"},{"taxonomy":"product_tag","embeddable":true,"href":"https:\/\/astehshop.com\/wp-json\/wp\/v2\/product_tag?post=11102"}],"curies":[{"name":"wp","href":"https:\/\/api.w.org\/{rel}","templated":true}]}}