{"id":11097,"date":"2025-07-16T16:23:10","date_gmt":"2025-07-16T14:23:10","guid":{"rendered":"http:\/\/astehshop.com\/?post_type=product&#038;p=11097"},"modified":"2025-07-16T16:23:12","modified_gmt":"2025-07-16T14:23:12","slug":"tastatura-i-touchpad-wireless-mini-keyboard","status":"publish","type":"product","link":"http:\/\/astehshop.com\/index.php\/product\/tastatura-i-touchpad-wireless-mini-keyboard\/","title":{"rendered":"Tastatura i touchpad wireless mini keyboard"},"content":{"rendered":"<p><strong><u>Tastatura i touchpad wireless mini keyboard za TV, Android Box, PC i sl.<\/u><\/strong><\/p>\n<p>Za sve dodatne informacije mozete nas kontaktirati na\u00a0<strong>OLX poruke, 065824333 ili Viber<\/strong><\/p>\n<p>&nbsp;<\/p>\n<p>NUDIMO KUPOVINU NOVE ROBE NA RATE:<\/p>\n<p>-DO 18 RATA PREKO MIKROFIN KREDITNA ORGANIZACIJA<\/p>\n<p>-DO 12 RATA PREKO \u0160OPING KARTICE UNICREDIT BANK<\/p>\n<p>&nbsp;<\/p>\n<p>Trgovinska Radnja TECHNO SHOP BN<\/p>\n<p>Nikole Tesle 31a, Bijeljina<\/p>\n<p>(izme\u0111u Moja Apoteka i picerije Park Ne\u0161kovi\u0107)<\/p>\n<p>055\/422-599;\u00a0<strong><u>065\/824-333<\/u><\/strong><\/p>\n<p>Radnim danima 09-19h<\/p>\n<p>Subotom 09-16h<\/p>\n<p>www.technoshopbn.com<\/p>\n<p><a href=\"https:\/\/olx.ba\/artikal\/51187537\/gaming-racunar-pc-i5-10400f-16gb-gtx-1660-ti\">info@technoshopbn.com<\/a><\/p>\n","protected":false},"excerpt":{"rendered":"<p><strong><u>Tastatura i touchpad wireless mini keyboard za TV, Android Box, PC i sl.<\/u><\/strong><\/p>\n","protected":false},"featured_media":11098,"comment_status":"open","ping_status":"closed","template":"","meta":{"_mi_skip_tracking":false,"_exactmetrics_sitenote_active":false,"_exactmetrics_sitenote_note":"","_exactmetrics_sitenote_category":0,"spay_email":""},"product_cat":[777],"product_tag":[],"brands":[],"df_price":29,"df_sale_price":"","df_regular_price":29,"df_image_link":"https:\/\/i0.wp.com\/astehshop.com\/wp-content\/uploads\/2025\/07\/tastatura-i-touchpad-wireless-mini-keyboard-za-tv-android-box-pc-i-sl.jpg?fit=450%2C450","jetpack_publicize_connections":[],"jetpack_sharing_enabled":true,"jetpack_likes_enabled":true,"jetpack-related-posts":[{"id":11519,"url":"http:\/\/astehshop.com\/index.php\/product\/borg-mini-keyboard-x10\/","url_meta":{"origin":11097,"position":0},"title":"BORG MINI KEYBOARD X10","date":"19. kolovoza 2025.","format":false,"excerpt":"Bluetooth + 2.4GHz wireless dual mode, touchpad, voice search, RGB backlit, rechargeable battery (1020mAh), USB dongle and cable included","rel":"","context":"Srodne objave","img":{"alt_text":"","src":"https:\/\/i2.wp.com\/astehshop.com\/wp-content\/uploads\/2025\/08\/33792-BORG-Mini-Keyboard-X10-1.webp?fit=450%2C450&resize=350%2C200","width":350,"height":200},"classes":[]},{"id":11452,"url":"http:\/\/astehshop.com\/index.php\/product\/logitech-tastatura-slim-bluetooth\/","url_meta":{"origin":11097,"position":1},"title":"LOGITECH TASTATURA SLIM BLUETOOTH","date":"18. kolovoza 2025.","format":false,"excerpt":"Za sve dodatne informacije mozete nas kontaktirati na\u00a0OLX poruke, 065824333 ili Viber NUDIMO KUPOVINU NOVE ROBE NA RATE: -DO 18 RATA PREKO MIKROFIN KREDITNA ORGANIZACIJA -DO 12 RATA PREKO \u0160OPING KARTICE UNICREDIT BANK \u00a0 Trgovinska Radnja TECHNO SHOP BN Nikole Tesle 31a, Bijeljina (izme\u0111u Moja Apoteka i picerije Park Ne\u0161kovi\u0107)\u2026","rel":"","context":"Srodne objave","img":{"alt_text":"","src":"https:\/\/i2.wp.com\/astehshop.com\/wp-content\/uploads\/2025\/08\/E_27897_1.jpg?fit=450%2C450&resize=350%2C200","width":350,"height":200},"classes":[]},{"id":11501,"url":"http:\/\/astehshop.com\/index.php\/product\/logitech-mk235-tastatura-mis\/","url_meta":{"origin":11097,"position":2},"title":"LOGITECH MK235 TASTATURA +MI\u0160","date":"19. kolovoza 2025.","format":false,"excerpt":"Za sve dodatne informacije mozete nas kontaktirati na\u00a0OLX poruke, 065824333 ili Viber NUDIMO KUPOVINU NOVE ROBE NA RATE: -DO 18 RATA PREKO MIKROFIN KREDITNA ORGANIZACIJA -DO 12 RATA PREKO \u0160OPING KARTICE UNICREDIT BANK \u00a0 Trgovinska Radnja TECHNO SHOP BN Nikole Tesle 31a, Bijeljina (izme\u0111u Moja Apoteka i picerije Park Ne\u0161kovi\u0107)\u2026","rel":"","context":"Srodne objave","img":{"alt_text":"","src":"https:\/\/i0.wp.com\/astehshop.com\/wp-content\/uploads\/2025\/08\/25178-Logitech-Desktop-set-Wireless-MK235-1.jpg?fit=450%2C450&resize=350%2C200","width":350,"height":200},"classes":[]},{"id":12212,"url":"http:\/\/astehshop.com\/index.php\/product\/paradox-alarmna-tastatura-tm70m\/","url_meta":{"origin":11097,"position":3},"title":"Paradox alarmna Tastatura TM70M","date":"28. sije\u010dnja 2026.","format":false,"excerpt":"Touchscreen LCD tastatura Integrisan be\u017ei\u010dni primopredajnik na frekvenciji 868MHz, koristi auto learn funkciju \u0161to zna\u010di da se automatski registruje na centralu M serije, bez potrebe za ru\u010dnim unosom iste u sistem Displej 7\" osjetljiva na dodir, preko aplikacije BlueEye nadzor stanja baterije, napajanja, temperature i RX\/TX signala, baterija lithium-ion Eksterno\u2026","rel":"","context":"Srodne objave","img":{"alt_text":"","src":"https:\/\/i2.wp.com\/astehshop.com\/wp-content\/uploads\/2026\/01\/k70m-paradox.jpg?fit=1200%2C1200&resize=350%2C200","width":350,"height":200},"classes":[]},{"id":12209,"url":"http:\/\/astehshop.com\/index.php\/product\/paradox-tastatura-k38m\/","url_meta":{"origin":11097,"position":4},"title":"Paradox Tastatura K38M","date":"28. sije\u010dnja 2026.","format":false,"excerpt":"Be\u017ei\u010dna LCD tastatura za 32 zone i 2 particije Integrisan be\u017ei\u010dni primopredajnik na frekvenciji 868MHz, koristi auto learn funkciju \u0161to zna\u010di da se automatski registruje na centralu M serije, bez potrebe za ru\u010dnim unosom iste u sistem, funkcijski tasteri (DISARM, STAY, SLEEP, ARM), tasteri za kontrolu izlaza PGM1 do PGM4,\u2026","rel":"","context":"Srodne objave","img":{"alt_text":"","src":"https:\/\/i2.wp.com\/astehshop.com\/wp-content\/uploads\/2026\/01\/Tastatura-K38M.png?fit=994%2C994&resize=350%2C200","width":350,"height":200},"classes":[]},{"id":11122,"url":"http:\/\/astehshop.com\/index.php\/product\/tastatura-sa-velikim-slovima-esperanza-florida\/","url_meta":{"origin":11097,"position":5},"title":"Tastatura sa velikim slovima ESPERANZA FLORIDA","date":"16. srpnja 2025.","format":false,"excerpt":"Za sve dodatne informacije mozete nas kontaktirati na\u00a0OLX poruke, 065824333 ili Viber \u00a0 NUDIMO KUPOVINU NOVE ROBE NA RATE: -DO 18 RATA PREKO MIKROFIN KREDITNA ORGANIZACIJA -DO 12 RATA PREKO \u0160OPING KARTICE UNICREDIT BANK \u00a0 Trgovinska Radnja TECHNO SHOP BN Nikole Tesle 31a, Bijeljina (izme\u0111u Moja Apoteka i picerije Park\u2026","rel":"","context":"Srodne objave","img":{"alt_text":"","src":"https:\/\/i0.wp.com\/astehshop.com\/wp-content\/uploads\/2025\/07\/0090363_tastatura-sa-velikim-slovima-esperanza-florida-usa-layout-ek129.jpeg?fit=450%2C450&resize=350%2C200","width":350,"height":200},"classes":[]}],"_links":{"self":[{"href":"http:\/\/astehshop.com\/index.php\/wp-json\/wp\/v2\/product\/11097"}],"collection":[{"href":"http:\/\/astehshop.com\/index.php\/wp-json\/wp\/v2\/product"}],"about":[{"href":"http:\/\/astehshop.com\/index.php\/wp-json\/wp\/v2\/types\/product"}],"replies":[{"embeddable":true,"href":"http:\/\/astehshop.com\/index.php\/wp-json\/wp\/v2\/comments?post=11097"}],"wp:featuredmedia":[{"embeddable":true,"href":"http:\/\/astehshop.com\/index.php\/wp-json\/wp\/v2\/media\/11098"}],"wp:attachment":[{"href":"http:\/\/astehshop.com\/index.php\/wp-json\/wp\/v2\/media?parent=11097"}],"wp:term":[{"taxonomy":"product_cat","embeddable":true,"href":"http:\/\/astehshop.com\/index.php\/wp-json\/wp\/v2\/product_cat?post=11097"},{"taxonomy":"product_tag","embeddable":true,"href":"http:\/\/astehshop.com\/index.php\/wp-json\/wp\/v2\/product_tag?post=11097"}],"curies":[{"name":"wp","href":"https:\/\/api.w.org\/{rel}","templated":true}]}}