{"id":11095,"date":"2025-07-16T16:15:38","date_gmt":"2025-07-16T14:15:38","guid":{"rendered":"http:\/\/astehshop.com\/?post_type=product&#038;p=11095"},"modified":"2025-07-16T16:15:40","modified_gmt":"2025-07-16T14:15:40","slug":"digitalni-radio-alarm-sat-esperanza-parrot","status":"publish","type":"product","link":"http:\/\/astehshop.com\/index.php\/product\/digitalni-radio-alarm-sat-esperanza-parrot\/","title":{"rendered":"Digitalni radio + alarm + sat ESPERANZA PARROT"},"content":{"rendered":"<h4><u>Digitalni radio + alarm + sat ESPERANZA PARROT BLACK, LCD Display, na baterije, ERB101K<\/u><\/h4>\n<p>Kompaktan vi\u0161efrekventni radio prijemnik sa ugra\u0111enim budilnikom, teleskopskom antenom, kvalitetnim zvu\u010dnikom i digitalnim LCD ekranom koji prikazuje ta\u010dno vreme i frekvenciju, napaja se putem dve AAA baterije (1,5V) i idealan je za putovanja, kancelariju ili ku\u0107nu upotrebu.<\/p>\n<p>Za sve dodatne informacije mozete nas kontaktirati na\u00a0<strong>OLX poruke, 065824333 ili Viber<\/strong><\/p>\n<p>&nbsp;<\/p>\n<p>NUDIMO KUPOVINU NOVE ROBE NA RATE:<\/p>\n<p>-DO 18 RATA PREKO MIKROFIN KREDITNA ORGANIZACIJA<\/p>\n<p>-DO 12 RATA PREKO \u0160OPING KARTICE UNICREDIT BANK<\/p>\n<p>&nbsp;<\/p>\n<p>Trgovinska Radnja TECHNO SHOP BN<\/p>\n<p>Nikole Tesle 31a, Bijeljina<\/p>\n<p>(izme\u0111u Moja Apoteka i picerije Park Ne\u0161kovi\u0107)<\/p>\n<p>055\/422-599;\u00a0<strong><u>065\/824-333<\/u><\/strong><\/p>\n<p>Radnim danima 09-19h<\/p>\n<p>Subotom 09-16h<\/p>\n<p>www.technoshopbn.com<\/p>\n<p><a href=\"https:\/\/olx.ba\/artikal\/51187537\/gaming-racunar-pc-i5-10400f-16gb-gtx-1660-ti\">info@technoshopbn.com<\/a><\/p>\n","protected":false},"excerpt":{"rendered":"<h4><u>Digitalni radio + alarm + sat ESPERANZA PARROT BLACK, LCD Display, na baterije, ERB101K<\/u><\/h4>\n<p>Kompaktan vi\u0161efrekventni radio prijemnik sa ugra\u0111enim budilnikom, teleskopskom antenom, kvalitetnim zvu\u010dnikom i digitalnim LCD ekranom koji prikazuje ta\u010dno vreme i frekvenciju, napaja se putem dve AAA baterije (1,5V) i idealan je za putovanja, kancelariju ili ku\u0107nu upotrebu.<\/p>\n","protected":false},"featured_media":11096,"comment_status":"open","ping_status":"closed","template":"","meta":{"_mi_skip_tracking":false,"_exactmetrics_sitenote_active":false,"_exactmetrics_sitenote_note":"","_exactmetrics_sitenote_category":0,"spay_email":""},"product_cat":[15],"product_tag":[],"brands":[],"df_price":29,"df_sale_price":"","df_regular_price":29,"df_image_link":"https:\/\/i1.wp.com\/astehshop.com\/wp-content\/uploads\/2025\/07\/0079077_digitalni-radio-alarm-sat-esperanza-parrot-black-lcd-display-na-baterije-erb101k.jpeg?fit=450%2C450","jetpack_publicize_connections":[],"jetpack_sharing_enabled":true,"jetpack_likes_enabled":true,"jetpack-related-posts":[{"id":10315,"url":"http:\/\/astehshop.com\/index.php\/product\/digitalni-radio-alarm-sat-esperanza-parrot-black-lcd-display\/","url_meta":{"origin":11095,"position":0},"title":"Digitalni radio + alarm + sat ESPERANZA PARROT BLACK, LCD Display","date":"2. svibnja 2025.","format":false,"excerpt":"Multifrequency, portable radio receiver, with a built-in Alarm Clock Telescope Antena and a high quality speaker ensure an excellent reception of the signal and clarity of the played sound. Digital display shows the time and frequency. Ideal for travel, office or home use. Technical Specification: - LCD Display - Digital\u2026","rel":"","context":"Srodne objave","img":{"alt_text":"","src":"https:\/\/i0.wp.com\/astehshop.com\/wp-content\/uploads\/2025\/05\/0079078_digitalni-radio-alarm-sat-esperanza-parrot-black-lcd-display-na-baterije-erb101k.jpeg?fit=450%2C450&resize=350%2C200","width":350,"height":200},"classes":[]},{"id":11376,"url":"http:\/\/astehshop.com\/index.php\/product\/digitalni-sat-sa-wireless-bezicnim-punjacem-za-mobitel-gembird-2\/","url_meta":{"origin":11095,"position":1},"title":"Digitalni sat sa wireless be\u017ei\u010dnim punja\u010dem za mobitel GEMBIRD","date":"23. srpnja 2025.","format":false,"excerpt":"Digitalni sat sa wireless be\u017ei\u010dnim punja\u010dem za mobitel GEMBIRD, DAC-WPC-01 Za sve dodatne informacije mozete nas kontaktirati na\u00a0OLX poruke, 065824333 ili Viber \u00a0 NUDIMO KUPOVINU NOVE ROBE NA RATE: -DO 18 RATA PREKO MIKROFIN KREDITNA ORGANIZACIJA -DO 12 RATA PREKO \u0160OPING KARTICE UNICREDIT BANK \u00a0 Trgovinska Radnja TECHNO SHOP BN\u2026","rel":"","context":"Srodne objave","img":{"alt_text":"","src":"https:\/\/i2.wp.com\/astehshop.com\/wp-content\/uploads\/2025\/07\/0100909_digitalni-sat-sa-wireless-bezicnim-punjacem-za-mobitel-gembird-dac-wpc-01.jpeg?fit=900%2C900&resize=350%2C200","width":350,"height":200},"classes":[]},{"id":11370,"url":"http:\/\/astehshop.com\/index.php\/product\/digitalni-sat-sa-wireless-bezicnim-punjacem-za-mobitel-gembird\/","url_meta":{"origin":11095,"position":2},"title":"Digitalni sat sa wireless be\u017ei\u010dnim punja\u010dem za mobitel GEMBIRD","date":"23. srpnja 2025.","format":false,"excerpt":"Digitalni sat sa wireless be\u017ei\u010dnim punja\u010dem za mobitel GEMBIRD, silver, DAC-WPC-01-S","rel":"","context":"Srodne objave","img":{"alt_text":"","src":"https:\/\/i1.wp.com\/astehshop.com\/wp-content\/uploads\/2025\/07\/0096258_digitelni-sat-sa-wireless-bezicnim-punjacem-za-mobitel-gembird-silver-dac-wpc-01-s.jpeg?fit=900%2C900&resize=350%2C200","width":350,"height":200},"classes":[]},{"id":11362,"url":"http:\/\/astehshop.com\/index.php\/product\/punjive-baterije-esperanza-rechargeable-ni-mh-aaa-1000mah-2kom\/","url_meta":{"origin":11095,"position":3},"title":"Punjive baterije ESPERANZA RECHARGEABLE Ni-MH AAA 1000MAH 2kom.","date":"23. srpnja 2025.","format":false,"excerpt":"Za sve dodatne informacije mozete nas kontaktirati na\u00a0OLX poruke, 065824333 ili Viber \u00a0 NUDIMO KUPOVINU NOVE ROBE NA RATE: -DO 18 RATA PREKO MIKROFIN KREDITNA ORGANIZACIJA -DO 12 RATA PREKO \u0160OPING KARTICE UNICREDIT BANK \u00a0 Trgovinska Radnja TECHNO SHOP BN Nikole Tesle 31a, Bijeljina (izme\u0111u Moja Apoteka i picerije Park\u2026","rel":"","context":"Srodne objave","img":{"alt_text":"","src":"https:\/\/i0.wp.com\/astehshop.com\/wp-content\/uploads\/2025\/07\/0087495_punjive-baterije-esperanza-rechargeable-ni-mh-aaa-1000mah-2kom-white-eza101w_550-1.jpeg?fit=550%2C550&resize=350%2C200","width":350,"height":200},"classes":[]},{"id":11365,"url":"http:\/\/astehshop.com\/index.php\/product\/baterije-esperanza-alkaline-6lr61-9v-1-kom-ezb110\/","url_meta":{"origin":11095,"position":4},"title":"Baterije ESPERANZA ALKALINE 6LR61 9V 1 kom, EZB110","date":"23. srpnja 2025.","format":false,"excerpt":"Za sve dodatne informacije mozete nas kontaktirati na\u00a0OLX poruke, 065824333 ili Viber \u00a0 NUDIMO KUPOVINU NOVE ROBE NA RATE: -DO 18 RATA PREKO MIKROFIN KREDITNA ORGANIZACIJA -DO 12 RATA PREKO \u0160OPING KARTICE UNICREDIT BANK \u00a0 Trgovinska Radnja TECHNO SHOP BN Nikole Tesle 31a, Bijeljina (izme\u0111u Moja Apoteka i picerije Park\u2026","rel":"","context":"Srodne objave","img":{"alt_text":"","src":"https:\/\/i2.wp.com\/astehshop.com\/wp-content\/uploads\/2025\/07\/0115697_baterije-esperanza-alkaline-6lr61-9v-1-kom-ezb110.jpeg?fit=900%2C900&resize=350%2C200","width":350,"height":200},"classes":[]},{"id":11139,"url":"http:\/\/astehshop.com\/index.php\/product\/zvucnik-bluetooth-esperanza-fado\/","url_meta":{"origin":11095,"position":5},"title":"Zvu\u010dnik BLUETOOTH ESPERANZA FADO","date":"17. srpnja 2025.","format":false,"excerpt":"FM radio, microSD, USB, EP133K","rel":"","context":"Srodne objave","img":{"alt_text":"","src":"https:\/\/i2.wp.com\/astehshop.com\/wp-content\/uploads\/2025\/07\/0090342_zvucnik-bluetooth-esperanza-fado-fm-radio-microsd-usb-ep133k.jpeg?fit=450%2C450&resize=350%2C200","width":350,"height":200},"classes":[]}],"_links":{"self":[{"href":"http:\/\/astehshop.com\/index.php\/wp-json\/wp\/v2\/product\/11095"}],"collection":[{"href":"http:\/\/astehshop.com\/index.php\/wp-json\/wp\/v2\/product"}],"about":[{"href":"http:\/\/astehshop.com\/index.php\/wp-json\/wp\/v2\/types\/product"}],"replies":[{"embeddable":true,"href":"http:\/\/astehshop.com\/index.php\/wp-json\/wp\/v2\/comments?post=11095"}],"wp:featuredmedia":[{"embeddable":true,"href":"http:\/\/astehshop.com\/index.php\/wp-json\/wp\/v2\/media\/11096"}],"wp:attachment":[{"href":"http:\/\/astehshop.com\/index.php\/wp-json\/wp\/v2\/media?parent=11095"}],"wp:term":[{"taxonomy":"product_cat","embeddable":true,"href":"http:\/\/astehshop.com\/index.php\/wp-json\/wp\/v2\/product_cat?post=11095"},{"taxonomy":"product_tag","embeddable":true,"href":"http:\/\/astehshop.com\/index.php\/wp-json\/wp\/v2\/product_tag?post=11095"}],"curies":[{"name":"wp","href":"https:\/\/api.w.org\/{rel}","templated":true}]}}