{"id":11093,"date":"2025-07-16T16:12:33","date_gmt":"2025-07-16T14:12:33","guid":{"rendered":"http:\/\/astehshop.com\/?post_type=product&#038;p=11093"},"modified":"2025-07-16T16:12:35","modified_gmt":"2025-07-16T14:12:35","slug":"tv-box-amazon-fire-tv-stick","status":"publish","type":"product","link":"http:\/\/astehshop.com\/index.php\/product\/tv-box-amazon-fire-tv-stick\/","title":{"rendered":"TV BOX Amazon Fire TV Stick"},"content":{"rendered":"<p><u>TV BOX Amazon Fire TV Stick Firestick HD 1080p WiFi 5, 8GB<\/u><\/p>\n<p>Za sve dodatne informacije mozete nas kontaktirati na\u00a0<strong>OLX poruke, 065824333 ili Viber<\/strong><\/p>\n<p>&nbsp;<\/p>\n<p>NUDIMO KUPOVINU NOVE ROBE NA RATE:<\/p>\n<p>-DO 18 RATA PREKO MIKROFIN KREDITNA ORGANIZACIJA<\/p>\n<p>-DO 12 RATA PREKO \u0160OPING KARTICE UNICREDIT BANK<\/p>\n<p>&nbsp;<\/p>\n<p>Trgovinska Radnja TECHNO SHOP BN<\/p>\n<p>Nikole Tesle 31a, Bijeljina<\/p>\n<p>(izme\u0111u Moja Apoteka i picerije Park Ne\u0161kovi\u0107)<\/p>\n<p>055\/422-599;\u00a0<strong><u>065\/824-333<\/u><\/strong><\/p>\n<p>Radnim danima 09-19h<\/p>\n<p>Subotom 09-16h<\/p>\n<p>www.technoshopbn.com<\/p>\n<p><a href=\"https:\/\/olx.ba\/artikal\/51187537\/gaming-racunar-pc-i5-10400f-16gb-gtx-1660-ti\">info@technoshopbn.com<\/a><\/p>\n","protected":false},"excerpt":{"rendered":"<p><u>TV BOX Amazon Fire TV Stick Firestick HD 1080p WiFi 5, 8GB<\/u><\/p>\n","protected":false},"featured_media":11094,"comment_status":"open","ping_status":"closed","template":"","meta":{"_mi_skip_tracking":false,"_exactmetrics_sitenote_active":false,"_exactmetrics_sitenote_note":"","_exactmetrics_sitenote_category":0,"spay_email":""},"product_cat":[15],"product_tag":[],"brands":[],"df_price":109,"df_sale_price":"","df_regular_price":109,"df_image_link":"https:\/\/i0.wp.com\/astehshop.com\/wp-content\/uploads\/2025\/07\/0134745_tv-box-amazon-fire-tv-stick-firestick-hd-1080p-wifi-5-8gb.png?fit=450%2C450","jetpack_publicize_connections":[],"jetpack_sharing_enabled":true,"jetpack_likes_enabled":true,"jetpack-related-posts":[{"id":11085,"url":"http:\/\/astehshop.com\/index.php\/product\/tv-box-amazon-fire-tv-stick-firestick-4k-2nd-generation-8gb\/","url_meta":{"origin":11093,"position":0},"title":"TV BOX Amazon Fire TV Stick Firestick 4K, 2nd Generation, 8GB","date":"15. srpnja 2025.","format":false,"excerpt":"Za sve dodatne informacije mozete nas kontaktirati na\u00a0OLX poruke, 065824333 ili Viber \u00a0 NUDIMO KUPOVINU NOVE ROBE NA RATE: -DO 18 RATA PREKO MIKROFIN KREDITNA ORGANIZACIJA -DO 12 RATA PREKO \u0160OPING KARTICE UNICREDIT BANK \u00a0 Trgovinska Radnja TECHNO SHOP BN Nikole Tesle 31a, Bijeljina (izme\u0111u Moja Apoteka i picerije Park\u2026","rel":"","context":"Srodne objave","img":{"alt_text":"","src":"https:\/\/i1.wp.com\/astehshop.com\/wp-content\/uploads\/2025\/07\/0131354_tv-box-amazon-firestick-4k-2nd-generation.png?fit=900%2C900&resize=350%2C200","width":350,"height":200},"classes":[]},{"id":10313,"url":"http:\/\/astehshop.com\/index.php\/product\/tv-box-amazon-fire-tv-stick-firestick-hd-1080p-wifi-5-8gb\/","url_meta":{"origin":11093,"position":1},"title":"TV BOX Amazon Fire TV Stick Firestick HD 1080p WiFi 5, 8GB","date":"2. svibnja 2025.","format":false,"excerpt":"Amazon Fire TV Stick HD (2024) predstavlja novu generaciju popularnih streaming ure\u0111aja, idealnu za korisnike koji tra\u017ee pristupa\u010dno rje\u0161enje za visokokvalitetno gledanje sadr\u017eaja. Ovaj model podr\u017eava Full HD 1080p rezoluciju uz HDR10, HDR10+ i HLG za bogate boje i o\u0161tru sliku. \u00a0 Pogonjen \u010detverojezgrenim MediaTek MT8695D procesorom (1.7 GHz) i\u2026","rel":"","context":"Srodne objave","img":{"alt_text":"","src":"https:\/\/i2.wp.com\/astehshop.com\/wp-content\/uploads\/2025\/05\/0134745_tv-box-amazon-fire-tv-stick-firestick-hd-1080p-wifi-5-8gb.png?fit=900%2C900&resize=350%2C200","width":350,"height":200},"classes":[]},{"id":11091,"url":"http:\/\/astehshop.com\/index.php\/product\/tv-box-xiaomi-mi-tv-stick-4k\/","url_meta":{"origin":11093,"position":2},"title":"TV BOX Xiaomi Mi TV stick 4K","date":"16. srpnja 2025.","format":false,"excerpt":"TV BOX Xiaomi Mi TV stick 4K, 2GB\/8GB PFJ4175EU","rel":"","context":"Srodne objave","img":{"alt_text":"","src":"https:\/\/i2.wp.com\/astehshop.com\/wp-content\/uploads\/2025\/07\/0131234_tv-box-xiaomi-mi-tv-stick-4k-2gb8gb-pfj4175eu.png?fit=900%2C900&resize=350%2C200","width":350,"height":200},"classes":[]},{"id":5323,"url":"http:\/\/astehshop.com\/index.php\/product\/mi-tv-stick-tv-box-xiaomi-android-top-cijena\/","url_meta":{"origin":11093,"position":3},"title":"Mi TV Stick, TV BOX XIAOMI Android TOP CIJENA","date":"10. listopada 2021.","format":false,"excerpt":"TOP CIJENA XIAOMI KVALITET PONESITE SVOJ KOMPAKTNI TV BOX NA LJETOVANJE, VIKENDICU, KOD PRIJATELJA NA UTAKMICU.... \u00a0 Prijenosni streaming Media Player sa daljinskim upravlja\u010dem. Zaboravite na kabele, utaknite stick u bilo koji televizor, monitor ili projektor s HDMI priklju\u010dkom da biste ga pretvorili u pametni TV! Mi TV Stick pokre\u0107e\u2026","rel":"","context":"Srodne objave","img":{"alt_text":"","src":"https:\/\/i1.wp.com\/astehshop.com\/wp-content\/uploads\/2021\/10\/Stick-3__21355.1615821388.jpg?fit=1200%2C1169&resize=350%2C200","width":350,"height":200},"classes":[]},{"id":11089,"url":"http:\/\/astehshop.com\/index.php\/product\/tv-box-xiaomi-4k-android-2-gen-mi-pfj4151eu\/","url_meta":{"origin":11093,"position":4},"title":"TV BOX Xiaomi 4K Android 2 Gen Mi PFJ4151EU","date":"16. srpnja 2025.","format":false,"excerpt":"Za sve dodatne informacije mozete nas kontaktirati na\u00a0OLX poruke, 065824333 ili Viber \u00a0 NUDIMO KUPOVINU NOVE ROBE NA RATE: -DO 18 RATA PREKO MIKROFIN KREDITNA ORGANIZACIJA -DO 12 RATA PREKO \u0160OPING KARTICE UNICREDIT BANK \u00a0 Trgovinska Radnja TECHNO SHOP BN Nikole Tesle 31a, Bijeljina (izme\u0111u Moja Apoteka i picerije Park\u2026","rel":"","context":"Srodne objave","img":{"alt_text":"","src":"https:\/\/i1.wp.com\/astehshop.com\/wp-content\/uploads\/2025\/07\/0117019_tv-box-xiaomi-4k-android-2-gen-mi-pfj4151eu.jpeg?fit=900%2C900&resize=350%2C200","width":350,"height":200},"classes":[]},{"id":4411,"url":"http:\/\/astehshop.com\/index.php\/product\/android-box-special-ultrahd-4k-1-8gb-wifi\/","url_meta":{"origin":11093,"position":5},"title":"Android box special UltraHD 4K, 1\/8GB, WiFi","date":"4. travnja 2020.","format":false,"excerpt":"Set - Top Box, IPTV prijemnik , Media Player ( Media Centar ), CPU Quad Core Cortex A7, 1 GB DDR3 RAM, 8 GB flash, podr\u017eana rezolucija UltraHD 4K, ugra\u0111en WiFi, LAN RJ-45 , USB2.0, HDMI, utor za microSD , S\/PDIF, napajanje DC 5 V \/ 2 A. Stalker (MAG)\u2026","rel":"","context":"Srodne objave","img":{"alt_text":"","src":"https:\/\/i2.wp.com\/astehshop.com\/wp-content\/uploads\/2020\/04\/EXPAT-Z2020-1.png?fit=714%2C600&resize=350%2C200","width":350,"height":200},"classes":[]}],"_links":{"self":[{"href":"http:\/\/astehshop.com\/index.php\/wp-json\/wp\/v2\/product\/11093"}],"collection":[{"href":"http:\/\/astehshop.com\/index.php\/wp-json\/wp\/v2\/product"}],"about":[{"href":"http:\/\/astehshop.com\/index.php\/wp-json\/wp\/v2\/types\/product"}],"replies":[{"embeddable":true,"href":"http:\/\/astehshop.com\/index.php\/wp-json\/wp\/v2\/comments?post=11093"}],"wp:featuredmedia":[{"embeddable":true,"href":"http:\/\/astehshop.com\/index.php\/wp-json\/wp\/v2\/media\/11094"}],"wp:attachment":[{"href":"http:\/\/astehshop.com\/index.php\/wp-json\/wp\/v2\/media?parent=11093"}],"wp:term":[{"taxonomy":"product_cat","embeddable":true,"href":"http:\/\/astehshop.com\/index.php\/wp-json\/wp\/v2\/product_cat?post=11093"},{"taxonomy":"product_tag","embeddable":true,"href":"http:\/\/astehshop.com\/index.php\/wp-json\/wp\/v2\/product_tag?post=11093"}],"curies":[{"name":"wp","href":"https:\/\/api.w.org\/{rel}","templated":true}]}}