{"id":11082,"date":"2025-07-15T19:37:44","date_gmt":"2025-07-15T17:37:44","guid":{"rendered":"http:\/\/astehshop.com\/?post_type=product&#038;p=11082"},"modified":"2025-07-15T19:37:45","modified_gmt":"2025-07-15T17:37:45","slug":"audio-kabl-gembird-cca-458-2-5m","status":"publish","type":"product","link":"http:\/\/astehshop.com\/index.php\/product\/audio-kabl-gembird-cca-458-2-5m\/","title":{"rendered":"Audio kabl GEMBIRD CCA-458-2.5M"},"content":{"rendered":"<p><u>Audio kabl GEMBIRD CCA-458-2.5M, 3,5mm stereo to 2 phono, 2.5m<\/u><\/p>\n<p>Za sve dodatne informacije mozete nas kontaktirati na\u00a0<strong>OLX poruke, 065824333 ili Viber<\/strong><\/p>\n<p>&nbsp;<\/p>\n<p>NUDIMO KUPOVINU NOVE ROBE NA RATE:<\/p>\n<p>-DO 18 RATA PREKO MIKROFIN KREDITNA ORGANIZACIJA<\/p>\n<p>-DO 12 RATA PREKO \u0160OPING KARTICE UNICREDIT BANK<\/p>\n<p>&nbsp;<\/p>\n<p>Trgovinska Radnja TECHNO SHOP BN<\/p>\n<p>Nikole Tesle 31a, Bijeljina<\/p>\n<p>(izme\u0111u Moja Apoteka i picerije Park Ne\u0161kovi\u0107)<\/p>\n<p>055\/422-599;\u00a0<strong><u>065\/824-333<\/u><\/strong><\/p>\n<p>Radnim danima 09-19h<\/p>\n<p>Subotom 09-16h<\/p>\n<p>www.technoshopbn.com<\/p>\n<p><a href=\"https:\/\/olx.ba\/artikal\/51187537\/gaming-racunar-pc-i5-10400f-16gb-gtx-1660-ti\">info@technoshopbn.com<\/a><\/p>\n","protected":false},"excerpt":{"rendered":"<p><u>Audio kabl GEMBIRD CCA-458-2.5M, 3,5mm stereo to 2 phono, 2.5m<\/u><\/p>\n","protected":false},"featured_media":11083,"comment_status":"open","ping_status":"closed","template":"","meta":{"_mi_skip_tracking":false,"_exactmetrics_sitenote_active":false,"_exactmetrics_sitenote_note":"","_exactmetrics_sitenote_category":0,"spay_email":""},"product_cat":[1216],"product_tag":[],"brands":[],"df_price":8,"df_sale_price":"","df_regular_price":8,"df_image_link":"https:\/\/i0.wp.com\/astehshop.com\/wp-content\/uploads\/2025\/07\/0061994_audio-kabl-gembird-cca-458-25m-35mm-stereo-to-2-phono-25m.jpeg?fit=450%2C450","jetpack_publicize_connections":[],"jetpack_sharing_enabled":true,"jetpack_likes_enabled":true,"jetpack-related-posts":[{"id":11084,"url":"http:\/\/astehshop.com\/index.php\/product\/audio-kabl-gembird-cca-458-5m\/","url_meta":{"origin":11082,"position":0},"title":"Audio kabl GEMBIRD CCA-458-5M","date":"15. srpnja 2025.","format":false,"excerpt":"Audio kabl GEMBIRD CCA-458-5M, 3,5mm stereo to 2 phono, 5m","rel":"","context":"Srodne objave","img":{"alt_text":"","src":"https:\/\/i0.wp.com\/astehshop.com\/wp-content\/uploads\/2025\/07\/0061994_audio-kabl-gembird-cca-458-25m-35mm-stereo-to-2-phono-25m.jpeg?fit=450%2C450&resize=350%2C200","width":350,"height":200},"classes":[]},{"id":11078,"url":"http:\/\/astehshop.com\/index.php\/product\/audio-kabl-gembird-cca-406\/","url_meta":{"origin":11082,"position":1},"title":"Audio kabl GEMBIRD CCA-406","date":"15. srpnja 2025.","format":false,"excerpt":"Audio kabl GEMBIRD CCA-406, 3,5mm stereo to 2 x RCA stereo, 0,2m","rel":"","context":"Srodne objave","img":{"alt_text":"","src":"https:\/\/i0.wp.com\/astehshop.com\/wp-content\/uploads\/2025\/07\/0085062_audio-kabl-gembird-cca-406-35mm-stereo-to-2-x-rca-stereo-02m.jpeg?fit=450%2C450&resize=350%2C200","width":350,"height":200},"classes":[]},{"id":11080,"url":"http:\/\/astehshop.com\/index.php\/product\/audio-kabl-aux-spiralni-gembird\/","url_meta":{"origin":11082,"position":2},"title":"Audio kabl AUX spiralni GEMBIRD","date":"15. srpnja 2025.","format":false,"excerpt":"Audio kabl AUX spiralni GEMBIRD, 3,5mm stereo to 3,5mm stereo, 1,8m, CCA-405-6","rel":"","context":"Srodne objave","img":{"alt_text":"","src":"https:\/\/i2.wp.com\/astehshop.com\/wp-content\/uploads\/2025\/07\/0088284_audio-kabl-aux-spiralni-gembird-35mm-stereo-to-35mm-stereo-18m-cca-405-6.jpeg?fit=450%2C450&resize=350%2C200","width":350,"height":200},"classes":[]},{"id":11352,"url":"http:\/\/astehshop.com\/index.php\/product\/bluetooth-audio-receiver-black-btr-05-gembird\/","url_meta":{"origin":11082,"position":3},"title":"Bluetooth audio receiver, black BTR-05, GEMBIRD","date":"23. srpnja 2025.","format":false,"excerpt":"Za sve dodatne informacije mozete nas kontaktirati na\u00a0OLX poruke, 065824333 ili Viber \u00a0 NUDIMO KUPOVINU NOVE ROBE NA RATE: -DO 18 RATA PREKO MIKROFIN KREDITNA ORGANIZACIJA -DO 12 RATA PREKO \u0160OPING KARTICE UNICREDIT BANK \u00a0 Trgovinska Radnja TECHNO SHOP BN Nikole Tesle 31a, Bijeljina (izme\u0111u Moja Apoteka i picerije Park\u2026","rel":"","context":"Srodne objave","img":{"alt_text":"","src":"https:\/\/i0.wp.com\/astehshop.com\/wp-content\/uploads\/2025\/07\/0092741_bluetooth-audio-receiver-black-btr-05-gembird.jpeg?fit=450%2C450&resize=350%2C200","width":350,"height":200},"classes":[]},{"id":11120,"url":"http:\/\/astehshop.com\/index.php\/product\/tastaturas-gembird-multimedia-chocolate\/","url_meta":{"origin":11082,"position":4},"title":"Tastaturas GEMBIRD Multimedia chocolate","date":"16. srpnja 2025.","format":false,"excerpt":"Tastaturas GEMBIRD Multimedia chocolate, KB-MCH-04 USB, USA layout","rel":"","context":"Srodne objave","img":{"alt_text":"","src":"https:\/\/i1.wp.com\/astehshop.com\/wp-content\/uploads\/2025\/07\/0108154_tastaturas-gembird-multimedia-chocolate-kb-mch-04-usb-usa-layout.jpeg?fit=900%2C900&resize=350%2C200","width":350,"height":200},"classes":[]},{"id":11066,"url":"http:\/\/astehshop.com\/index.php\/product\/ext-dvd-rw-usb3-1-type-c-gembird\/","url_meta":{"origin":11082,"position":5},"title":"EXT.DVD RW USB3.1 + Type-C GEMBIRD","date":"15. srpnja 2025.","format":false,"excerpt":"EXT.DVD RW USB3.1 + Type-C GEMBIRD, black-white, DVD-USB-03-BW","rel":"","context":"Srodne objave","img":{"alt_text":"","src":"https:\/\/i2.wp.com\/astehshop.com\/wp-content\/uploads\/2025\/07\/0137058_extdvd-rw-usb31-type-c-gembird-black-white-dvd-usb-03-bw.png?fit=900%2C900&resize=350%2C200","width":350,"height":200},"classes":[]}],"_links":{"self":[{"href":"http:\/\/astehshop.com\/index.php\/wp-json\/wp\/v2\/product\/11082"}],"collection":[{"href":"http:\/\/astehshop.com\/index.php\/wp-json\/wp\/v2\/product"}],"about":[{"href":"http:\/\/astehshop.com\/index.php\/wp-json\/wp\/v2\/types\/product"}],"replies":[{"embeddable":true,"href":"http:\/\/astehshop.com\/index.php\/wp-json\/wp\/v2\/comments?post=11082"}],"wp:featuredmedia":[{"embeddable":true,"href":"http:\/\/astehshop.com\/index.php\/wp-json\/wp\/v2\/media\/11083"}],"wp:attachment":[{"href":"http:\/\/astehshop.com\/index.php\/wp-json\/wp\/v2\/media?parent=11082"}],"wp:term":[{"taxonomy":"product_cat","embeddable":true,"href":"http:\/\/astehshop.com\/index.php\/wp-json\/wp\/v2\/product_cat?post=11082"},{"taxonomy":"product_tag","embeddable":true,"href":"http:\/\/astehshop.com\/index.php\/wp-json\/wp\/v2\/product_tag?post=11082"}],"curies":[{"name":"wp","href":"https:\/\/api.w.org\/{rel}","templated":true}]}}